{"id":59187,"date":"2026-04-27T15:29:42","date_gmt":"2026-04-27T19:29:42","guid":{"rendered":"https:\/\/amazonia.fiocruz.br\/?page_id=59187"},"modified":"2026-04-27T15:29:43","modified_gmt":"2026-04-27T19:29:43","slug":"matricula-institucional-ppgbio-interacao-mestrado-chamada-publica-no-002-2024-2-2-2-6-2-2-2-2-2","status":"publish","type":"page","link":"https:\/\/amazonia.fiocruz.br\/?page_id=59187","title":{"rendered":"Chamada p\u00fablica n\u00ba 006\/2026 &#8211; PPGBIO-Intera\u00e7\u00e3o"},"content":{"rendered":"<div id='av_section_1'  class='avia-section main_color avia-section-default avia-no-shadow  avia-full-stretch avia-bg-style-scroll  avia-builder-el-0  el_before_av_one_full  avia-builder-el-first   av-minimum-height av-minimum-height-50  container_wrap sidebar_right' style='background-repeat: no-repeat; background-image: url(https:\/\/amazonia.fiocruz.br\/wp-content\/uploads\/2016\/07\/chamadapublica.jpg);background-attachment: scroll; background-position: top left;  '  data-section-bg-repeat='stretch' data-av_minimum_height_pc='50'><div class='container' ><main  role=\"main\" itemprop=\"mainContentOfPage\"  class='template-page content  av-content-small alpha units'><div class='post-entry post-entry-type-page post-entry-59187'><div class='entry-content-wrapper clearfix'>\n<div class=\"flex_column av_one_half  flex_column_div av-zero-column-padding first  avia-builder-el-1  avia-builder-el-no-sibling  \" style='border-radius:0px; '><div  style='padding-bottom:10px; color:#ffffff;font-size:30px;' class='av-special-heading av-special-heading-h3 custom-color-heading blockquote modern-quote  avia-builder-el-2  avia-builder-el-no-sibling  av-inherit-size '><h3 class='av-special-heading-tag '  itemprop=\"headline\"  >CHAMADAS P\u00daBLICAS<\/h3><div class ='av-subheading av-subheading_below av_custom_color ' style='font-size:18px;'><p>ILMD\/Fiocruz Amaz\u00f4nia<\/p>\n<\/div><div class='special-heading-border'><div class='special-heading-inner-border' style='border-color:#ffffff'><\/div><\/div><\/div><\/div>\n<\/div><\/div><\/main><!-- close content main element --><\/div><\/div><div id='after_section_1'  class='main_color av_default_container_wrap container_wrap sidebar_right' style=' '  ><div class='container' ><div class='template-page content  av-content-small alpha units'><div class='post-entry post-entry-type-page post-entry-59187'><div class='entry-content-wrapper clearfix'>\n<div class='flex_column_table av-equal-height-column-flextable -flextable' ><div class=\"flex_column av_one_full  av-animated-generic top-to-bottom  no_margin flex_column_table_cell av-equal-height-column av-align-top first  avia-builder-el-3  el_after_av_section  el_before_av_hr  avia-builder-el-first  \" style='padding:30px; background-color:rgba(255,255,255,0.33); border-radius:0px; '><div  style='padding-bottom:10px; font-size:30px;' class='av-special-heading av-special-heading-h3  blockquote modern-quote  avia-builder-el-4  avia-builder-el-no-sibling  av-thin-font av-inherit-size '><h3 class='av-special-heading-tag '  itemprop=\"headline\"  ><strong><b><br \/>PPGBIO-Intera\u00e7\u00e3o | Mestrado Acad\u00eamico<\/b> <\/strong> <\/h3><div class ='av-subheading av-subheading_below  ' style='font-size:15px;'><p>Chamada p\u00fablica n\u00ba 006\/2026 &#8211; PPGBIO-Intera\u00e7\u00e3o<\/p>\n<\/div><div class='special-heading-border'><div class='special-heading-inner-border' ><\/div><\/div><\/div><\/div><\/div><!--close column table wrapper. Autoclose: 1 --><div  style=' margin-top:5px; margin-bottom:30px;'  class='hr hr-custom hr-center hr-icon-yes   avia-builder-el-5  el_after_av_one_full  el_before_av_iconlist '><span class='hr-inner  inner-border-av-border-thin' style=' width:600px; border-color:#83a846; max-width:45%;' ><span class='hr-inner-style'><\/span><\/span><span class='av-seperator-icon'  aria-hidden='true' data-av_icon='\ue812' data-av_iconfont='entypo-fontello'><\/span><span class='hr-inner  inner-border-av-border-thin' style=' width:600px; border-color:#83a846; max-width:45%;' ><span class='hr-inner-style'><\/span><\/span><\/div><\/p>\n<div  class='avia-icon-list-container   avia-builder-el-6  el_after_av_hr  el_before_av_hr '><ul class='avia-icon-list avia-icon-list-left av-iconlist-big avia_animate_when_almost_visible avia-iconlist-animate'>\n<li><div  class='iconlist_icon  avia-font-entypo-fontello'><span class='iconlist-char ' aria-hidden='true' data-av_icon='\ue84d' data-av_iconfont='entypo-fontello'><\/span><\/div><article class=\"article-icon-entry \"  itemscope=\"itemscope\" itemtype=\"https:\/\/schema.org\/CreativeWork\" ><div class='iconlist_content_wrap'><header class=\"entry-content-header\"><h4 class='av_iconlist_title iconlist_title   '  itemprop=\"headline\"  ><a href='https:\/\/amazonia.fiocruz.br\/wp-content\/uploads\/2026\/04\/cp006-2026_ppgbio_ps.pdf' title='Chamada P\u00fablica n\u00ba 006\/2026'>Chamada P\u00fablica n\u00ba 006\/2026<\/a><\/h4><\/header><div class='iconlist_content  '  itemprop=\"text\"  ><p>Processo de sele\u00e7\u00e3o p\u00fablica de candidatos para ingresso no Curso de Mestrado Acad\u00eamico do Programa de P\u00f3s-Gradua\u00e7\u00e3o Stricto Sensu em Biologia da Intera\u00e7\u00e3o Pat\u00f3geno Hospedeiro \u2013 PPGBIO-Intera\u00e7\u00e3o \u2013 Turma 2026\/2<\/p>\n<\/div><\/div><footer class=\"entry-footer\"><\/footer><\/article><div class='iconlist-timeline'><\/div><\/li>\n<\/ul><\/div>\n<div  style=' margin-top:5px; margin-bottom:30px;'  class='hr hr-custom hr-center hr-icon-yes   avia-builder-el-7  el_after_av_iconlist  el_before_av_heading '><span class='hr-inner  inner-border-av-border-thin' style=' width:600px; border-color:#83a846; max-width:45%;' ><span class='hr-inner-style'><\/span><\/span><span class='av-seperator-icon'  aria-hidden='true' data-av_icon='\ue812' data-av_iconfont='entypo-fontello'><\/span><span class='hr-inner  inner-border-av-border-thin' style=' width:600px; border-color:#83a846; max-width:45%;' ><span class='hr-inner-style'><\/span><\/span><\/div>\n<div  style='padding-bottom:10px; font-size:30px;' class='av-special-heading av-special-heading-h3  blockquote modern-quote  avia-builder-el-8  el_after_av_hr  el_before_av_iconlist  av-thin-font av-inherit-size '><h3 class='av-special-heading-tag '  itemprop=\"headline\"  ><strong><b><br \/>ANEXOS<\/b> <\/strong> <\/h3><div class='special-heading-border'><div class='special-heading-inner-border' ><\/div><\/div><\/div>\n<div  class='avia-icon-list-container   avia-builder-el-9  el_after_av_heading  avia-builder-el-last '><ul class='avia-icon-list avia-icon-list-left av-iconlist-big avia_animate_when_almost_visible avia-iconlist-animate'>\n<li><div  class='iconlist_icon  avia-font-entypo-fontello'><span class='iconlist-char ' aria-hidden='true' data-av_icon='\ue84d' data-av_iconfont='entypo-fontello'><\/span><\/div><article class=\"article-icon-entry \"  itemscope=\"itemscope\" itemtype=\"https:\/\/schema.org\/CreativeWork\" ><div class='iconlist_content_wrap'><header class=\"entry-content-header\"><h4 class='av_iconlist_title iconlist_title   '  itemprop=\"headline\"  ><a href='https:\/\/amazonia.fiocruz.br\/wp-content\/uploads\/2026\/04\/cp006-2026_ppgbio_anexo4.docx' title='ANEXO IV'>ANEXO IV<\/a><\/h4><\/header><div class='iconlist_content  '  itemprop=\"text\"  ><p>Formul\u00e1rio complementar de inscri\u00e7\u00e3o<\/p>\n<\/div><\/div><footer class=\"entry-footer\"><\/footer><\/article><div class='iconlist-timeline'><\/div><\/li>\n<li><div  class='iconlist_icon  avia-font-entypo-fontello'><span class='iconlist-char ' aria-hidden='true' data-av_icon='\ue84d' data-av_iconfont='entypo-fontello'><\/span><\/div><article class=\"article-icon-entry \"  itemscope=\"itemscope\" itemtype=\"https:\/\/schema.org\/CreativeWork\" ><div class='iconlist_content_wrap'><header class=\"entry-content-header\"><h4 class='av_iconlist_title iconlist_title   '  itemprop=\"headline\"  ><a href='https:\/\/amazonia.fiocruz.br\/wp-content\/uploads\/2026\/04\/cp006-2026_ppgbio_anexo5.docx' title='ANEXO V'>ANEXO V<\/a><\/h4><\/header><div class='iconlist_content  '  itemprop=\"text\"  ><p>Formul\u00e1rio de isen\u00e7\u00e3o de taxa de inscri\u00e7\u00e3o<\/p>\n<\/div><\/div><footer class=\"entry-footer\"><\/footer><\/article><div class='iconlist-timeline'><\/div><\/li>\n<li><div  class='iconlist_icon  avia-font-entypo-fontello'><span class='iconlist-char ' aria-hidden='true' data-av_icon='\ue84d' data-av_iconfont='entypo-fontello'><\/span><\/div><article class=\"article-icon-entry \"  itemscope=\"itemscope\" itemtype=\"https:\/\/schema.org\/CreativeWork\" ><div class='iconlist_content_wrap'><header class=\"entry-content-header\"><h4 class='av_iconlist_title iconlist_title   '  itemprop=\"headline\"  ><a href='https:\/\/amazonia.fiocruz.br\/wp-content\/uploads\/2026\/04\/cp006-2026_ppgbio_anexo8.docx' title='ANEXO VIII'>ANEXO VIII<\/a><\/h4><\/header><div class='iconlist_content  '  itemprop=\"text\"  ><p>Carta de aceite de orienta\u00e7\u00e3o<\/p>\n<\/div><\/div><footer class=\"entry-footer\"><\/footer><\/article><div class='iconlist-timeline'><\/div><\/li>\n<li><div  class='iconlist_icon  avia-font-entypo-fontello'><span class='iconlist-char ' aria-hidden='true' data-av_icon='\ue84d' data-av_iconfont='entypo-fontello'><\/span><\/div><article class=\"article-icon-entry \"  itemscope=\"itemscope\" itemtype=\"https:\/\/schema.org\/CreativeWork\" ><div class='iconlist_content_wrap'><header class=\"entry-content-header\"><h4 class='av_iconlist_title iconlist_title   '  itemprop=\"headline\"  ><a href='https:\/\/amazonia.fiocruz.br\/wp-content\/uploads\/2026\/04\/cp006-2026_ppgbio_anexo9.docx' title='ANEXO IX'>ANEXO IX<\/a><\/h4><\/header><div class='iconlist_content  '  itemprop=\"text\"  ><p>Modelo de projeto de pesquisa<\/p>\n<\/div><\/div><footer class=\"entry-footer\"><\/footer><\/article><div class='iconlist-timeline'><\/div><\/li>\n<li><div  class='iconlist_icon  avia-font-entypo-fontello'><span class='iconlist-char ' aria-hidden='true' data-av_icon='\ue84d' data-av_iconfont='entypo-fontello'><\/span><\/div><article class=\"article-icon-entry \"  itemscope=\"itemscope\" itemtype=\"https:\/\/schema.org\/CreativeWork\" ><div class='iconlist_content_wrap'><header class=\"entry-content-header\"><h4 class='av_iconlist_title iconlist_title   '  itemprop=\"headline\"  ><a href='https:\/\/amazonia.fiocruz.br\/wp-content\/uploads\/2026\/04\/cp006-2026_ppgbio_anexo10.docx' title='ANEXO X'>ANEXO X<\/a><\/h4><\/header><div class='iconlist_content  '  itemprop=\"text\"  ><p>Pontua\u00e7\u00e3o Curr\u00edculo Lattes<\/p>\n<\/div><\/div><footer class=\"entry-footer\"><\/footer><\/article><div class='iconlist-timeline'><\/div><\/li>\n<li><div  class='iconlist_icon  avia-font-entypo-fontello'><span class='iconlist-char ' aria-hidden='true' data-av_icon='\ue84d' data-av_iconfont='entypo-fontello'><\/span><\/div><article class=\"article-icon-entry \"  itemscope=\"itemscope\" itemtype=\"https:\/\/schema.org\/CreativeWork\" ><div class='iconlist_content_wrap'><header class=\"entry-content-header\"><h4 class='av_iconlist_title iconlist_title   '  itemprop=\"headline\"  ><a href='https:\/\/amazonia.fiocruz.br\/wp-content\/uploads\/2026\/04\/cp006-2026_ppgbio_anexo11.docx' title='ANEXO XI'>ANEXO XI<\/a><\/h4><\/header><div class='iconlist_content  '  itemprop=\"text\"  ><p>Autodeclara\u00e7\u00e3o para pessoas negras<\/p>\n<\/div><\/div><footer class=\"entry-footer\"><\/footer><\/article><div class='iconlist-timeline'><\/div><\/li>\n<li><div  class='iconlist_icon  avia-font-entypo-fontello'><span class='iconlist-char ' aria-hidden='true' data-av_icon='\ue84d' data-av_iconfont='entypo-fontello'><\/span><\/div><article class=\"article-icon-entry \"  itemscope=\"itemscope\" itemtype=\"https:\/\/schema.org\/CreativeWork\" ><div class='iconlist_content_wrap'><header class=\"entry-content-header\"><h4 class='av_iconlist_title iconlist_title   '  itemprop=\"headline\"  ><a href='https:\/\/amazonia.fiocruz.br\/wp-content\/uploads\/2026\/04\/cp006-2026_ppgbio_anexo12.docx' title='ANEXO XII'>ANEXO XII<\/a><\/h4><\/header><div class='iconlist_content  '  itemprop=\"text\"  ><p>Declara\u00e7\u00e3o &#8211; Pessoa com defici\u00eancia<\/p>\n<\/div><\/div><footer class=\"entry-footer\"><\/footer><\/article><div class='iconlist-timeline'><\/div><\/li>\n<li><div  class='iconlist_icon  avia-font-entypo-fontello'><span class='iconlist-char ' aria-hidden='true' data-av_icon='\ue84d' data-av_iconfont='entypo-fontello'><\/span><\/div><article class=\"article-icon-entry \"  itemscope=\"itemscope\" itemtype=\"https:\/\/schema.org\/CreativeWork\" ><div class='iconlist_content_wrap'><header class=\"entry-content-header\"><h4 class='av_iconlist_title iconlist_title   '  itemprop=\"headline\"  ><a href='https:\/\/amazonia.fiocruz.br\/wp-content\/uploads\/2026\/04\/cp006-2026_ppgbio_anexo13.docx' title='ANEXO XIII'>ANEXO XIII<\/a><\/h4><\/header><div class='iconlist_content  '  itemprop=\"text\"  ><p>Autodeclara\u00e7\u00e3o para pessoas ind\u00edgenas<\/p>\n<\/div><\/div><footer class=\"entry-footer\"><\/footer><\/article><div class='iconlist-timeline'><\/div><\/li>\n<li><div  class='iconlist_icon  avia-font-entypo-fontello'><span class='iconlist-char ' aria-hidden='true' data-av_icon='\ue84d' data-av_iconfont='entypo-fontello'><\/span><\/div><article class=\"article-icon-entry \"  itemscope=\"itemscope\" itemtype=\"https:\/\/schema.org\/CreativeWork\" ><div class='iconlist_content_wrap'><header class=\"entry-content-header\"><h4 class='av_iconlist_title iconlist_title   '  itemprop=\"headline\"  ><a href='https:\/\/amazonia.fiocruz.br\/wp-content\/uploads\/2026\/04\/cp006-2026_ppgbio_anexo14.docx' title='ANEXO XIV'>ANEXO XIV<\/a><\/h4><\/header><div class='iconlist_content  '  itemprop=\"text\"  ><p>Autodeclara\u00e7\u00e3o para pessoas quilombolas<\/p>\n<\/div><\/div><footer class=\"entry-footer\"><\/footer><\/article><div class='iconlist-timeline'><\/div><\/li>\n<li><div  class='iconlist_icon  avia-font-entypo-fontello'><span class='iconlist-char ' aria-hidden='true' data-av_icon='\ue84d' data-av_iconfont='entypo-fontello'><\/span><\/div><article class=\"article-icon-entry \"  itemscope=\"itemscope\" itemtype=\"https:\/\/schema.org\/CreativeWork\" ><div class='iconlist_content_wrap'><header class=\"entry-content-header\"><h4 class='av_iconlist_title iconlist_title   '  itemprop=\"headline\"  ><a href='https:\/\/amazonia.fiocruz.br\/wp-content\/uploads\/2026\/04\/cp006-2026_ppgbio_anexo15.docx' title='ANEXO XV'>ANEXO XV<\/a><\/h4><\/header><div class='iconlist_content  '  itemprop=\"text\"  ><p>Autodeclara\u00e7\u00e3o para pessoas trans e travestis<\/p>\n<\/div><\/div><footer class=\"entry-footer\"><\/footer><\/article><div class='iconlist-timeline'><\/div><\/li>\n<li><div  class='iconlist_icon  avia-font-entypo-fontello'><span class='iconlist-char ' aria-hidden='true' data-av_icon='\ue84d' data-av_iconfont='entypo-fontello'><\/span><\/div><article class=\"article-icon-entry \"  itemscope=\"itemscope\" itemtype=\"https:\/\/schema.org\/CreativeWork\" ><div class='iconlist_content_wrap'><header class=\"entry-content-header\"><h4 class='av_iconlist_title iconlist_title   '  itemprop=\"headline\"  ><a href='https:\/\/amazonia.fiocruz.br\/wp-content\/uploads\/2026\/04\/cp006-2026_ppgbio_anexo16.docx' title='ANEXO XVI'>ANEXO XVI<\/a><\/h4><\/header><div class='iconlist_content  '  itemprop=\"text\"  ><p>Requerimento de condi\u00e7\u00f5es espec\u00edficas para realiza\u00e7\u00e3o da prova escrita<\/p>\n<\/div><\/div><footer class=\"entry-footer\"><\/footer><\/article><div class='iconlist-timeline'><\/div><\/li>\n<li><div  class='iconlist_icon  avia-font-entypo-fontello'><span class='iconlist-char ' aria-hidden='true' data-av_icon='\ue84d' data-av_iconfont='entypo-fontello'><\/span><\/div><article class=\"article-icon-entry \"  itemscope=\"itemscope\" itemtype=\"https:\/\/schema.org\/CreativeWork\" ><div class='iconlist_content_wrap'><header class=\"entry-content-header\"><h4 class='av_iconlist_title iconlist_title   '  itemprop=\"headline\"  ><a href='https:\/\/amazonia.fiocruz.br\/wp-content\/uploads\/2026\/04\/cp006-2026_ppgbio_anexo18.docx' title='ANEXO XVIII'>ANEXO XVIII<\/a><\/h4><\/header><div class='iconlist_content  '  itemprop=\"text\"  ><p>Pedido de recurso<\/p>\n<\/div><\/div><footer class=\"entry-footer\"><\/footer><\/article><div class='iconlist-timeline'><\/div><\/li>\n<\/ul><\/div>\n","protected":false},"excerpt":{"rendered":"","protected":false},"author":78,"featured_media":0,"parent":0,"menu_order":0,"comment_status":"closed","ping_status":"closed","template":"","meta":{"footnotes":""},"class_list":["post-59187","page","type-page","status-publish","hentry"],"_links":{"self":[{"href":"https:\/\/amazonia.fiocruz.br\/index.php?rest_route=\/wp\/v2\/pages\/59187","targetHints":{"allow":["GET"]}}],"collection":[{"href":"https:\/\/amazonia.fiocruz.br\/index.php?rest_route=\/wp\/v2\/pages"}],"about":[{"href":"https:\/\/amazonia.fiocruz.br\/index.php?rest_route=\/wp\/v2\/types\/page"}],"author":[{"embeddable":true,"href":"https:\/\/amazonia.fiocruz.br\/index.php?rest_route=\/wp\/v2\/users\/78"}],"replies":[{"embeddable":true,"href":"https:\/\/amazonia.fiocruz.br\/index.php?rest_route=%2Fwp%2Fv2%2Fcomments&post=59187"}],"version-history":[{"count":1,"href":"https:\/\/amazonia.fiocruz.br\/index.php?rest_route=\/wp\/v2\/pages\/59187\/revisions"}],"predecessor-version":[{"id":59201,"href":"https:\/\/amazonia.fiocruz.br\/index.php?rest_route=\/wp\/v2\/pages\/59187\/revisions\/59201"}],"wp:attachment":[{"href":"https:\/\/amazonia.fiocruz.br\/index.php?rest_route=%2Fwp%2Fv2%2Fmedia&parent=59187"}],"curies":[{"name":"wp","href":"https:\/\/api.w.org\/{rel}","templated":true}]}}