{"id":53350,"date":"2025-02-26T14:16:47","date_gmt":"2025-02-26T18:16:47","guid":{"rendered":"https:\/\/amazonia.fiocruz.br\/?page_id=53350"},"modified":"2025-06-05T14:22:36","modified_gmt":"2025-06-05T18:22:36","slug":"biblioteca-dr-antonio-levino-3-3-2-2","status":"publish","type":"page","link":"https:\/\/amazonia.fiocruz.br\/?page_id=53350","title":{"rendered":"ILMD (FIOCRUZ\/AMAZONIA) ELEI\u00c7\u00c3O DIRETOR(A) QUADRI\u00caNIO 2025-2029"},"content":{"rendered":"<div id='av_section_1'  class='avia-section main_color avia-section-no-padding avia-no-border-styling  avia-bg-style-scroll  avia-builder-el-0  el_before_av_one_full  avia-builder-el-first   av-mini-hide av-minimum-height av-minimum-height-custom  container_wrap sidebar_right' style=' '  ><div class='container' style='height:321px'><main  role=\"main\" itemprop=\"mainContentOfPage\"  class='template-page content  av-content-small alpha units'><div class='post-entry post-entry-type-page post-entry-53350'><div class='entry-content-wrapper clearfix'><\/div><\/div><\/main><!-- close content main element --><\/div><\/div><div id='after_section_1'  class='main_color av_default_container_wrap container_wrap sidebar_right' style=' '  ><div class='container' ><div class='template-page content  av-content-small alpha units'><div class='post-entry post-entry-type-page post-entry-53350'><div class='entry-content-wrapper clearfix'>\n<div class=\"flex_column av_one_full  flex_column_div first  avia-builder-el-1  el_after_av_section  el_before_av_one_full  avia-builder-el-first  \" style='margin-top:0px; margin-bottom:0px; padding:0 px; border-radius:0px; '><div  style='padding-bottom:10px; margin:0px 0px 0px 0px; ' class='av-special-heading av-special-heading-h2    avia-builder-el-2  avia-builder-el-no-sibling  '><h2 class='av-special-heading-tag '  itemprop=\"headline\"  >ILMD (FIOCRUZ\/AMAZONIA) ELEI\u00c7\u00c3O DIRETOR(A) QUADRI\u00caNIO 2025-2029<\/h2><div class='special-heading-border'><div class='special-heading-inner-border' ><\/div><\/div><\/div><\/div>\n<div class=\"flex_column av_one_full  flex_column_div av-zero-column-padding first  avia-builder-el-3  el_after_av_one_full  avia-builder-el-last  column-top-margin\" style='border-radius:0px; '><p><div  style=' margin-top:10px; margin-bottom:10px;'  class='hr hr-custom hr-center hr-icon-yes   avia-builder-el-4  el_before_av_textblock  avia-builder-el-first '><span class='hr-inner  inner-border-av-border-fat' style=' width:800px; max-width:45%;' ><span class='hr-inner-style'><\/span><\/span><span class='av-seperator-icon'  aria-hidden='true' data-av_icon='\ue823' data-av_iconfont='entypo-fontello'><\/span><span class='hr-inner  inner-border-av-border-fat' style=' width:800px; max-width:45%;' ><span class='hr-inner-style'><\/span><\/span><\/div><br \/>\n<section class=\"av_textblock_section \"  itemscope=\"itemscope\" itemtype=\"https:\/\/schema.org\/CreativeWork\" ><div class='avia_textblock  '  style='font-size:15px; '  itemprop=\"text\" ><p style=\"text-align: justify;\">A Comiss\u00e3o Eleitoral, composta pelos servidores Williams Cavalcante de Oliveira (Presidente), Luciene Pereira de Ara\u00fajo (Vice-Presidente), Ycaro Ver\u00e7osa dos Santos, Flor Ernestina Martinez Espinosa e Fabiane Vinente dos Santos (membros), foi homologada pelo Conselho Deliberativo do ILMD\/Fiocruz Amaz\u00f4nia e institu\u00edda pela Resolu\u00e7\u00e3o n\u00ba001\/2025 \u2013 GAB\/ILMD, de 26\/02\/2025.<\/p>\n<p style=\"text-align: justify;\">Confira os documentos do processo eleitoral e clique em cima do documento para fazer download:<\/p>\n<ol>\n<li><a href=\"..\/wp-content\/uploads\/2025\/02\/Diretrizes-eleic\u0327o\u0303es-Unidades-2025-pos-CD-enviado-19022025.pdf\">Diretrizes para a Elabora\u00e7\u00e3o dos Regulamentos Eleitorais das Unidades<\/a>;<\/li>\n<li><a href=\"..\/wp-content\/uploads\/2025\/02\/Resolucao-no-001-2025-Institui-Comissao-Eleitoral-Diretor-ILMD-bienio-2025-2029.pdf\">Resolu\u00e7\u00e3o n\u00ba001\/2025 &#8211; Institui a Comiss\u00e3o Eleitoral respons\u00e1vel pela condu\u00e7\u00e3o do processo eleitoral de Dire\u00e7\u00e3o do ILMD\/Fiocruz Amaz\u00f4nia<\/a>;<\/li>\n<li><a href=\"https:\/\/amazonia.fiocruz.br\/wp-content\/uploads\/2025\/03\/Resolucao-no-002-2025-Aprova-Regulamento-Eleitoral-Eleicao-Diretor-do-LMD-Quadrienio-2025-2029.pdf\">Resolu\u00e7\u00e3o n\u00ba002\/2025 &#8211; Aprova o Edital de Convoca\u00e7\u00e3o e Regulamento Eleitoral (anexos); <\/a><\/li>\n<li><a href=\"https:\/\/amazonia.fiocruz.br\/wp-content\/uploads\/2025\/03\/Calendario-Eleitoral-Quadrienio-2025-2029.pdf\">Calend\u00e1rio Eleitoral &#8211; Elei\u00e7\u00e3o para Dire\u00e7\u00e3o do Instituto Le\u00f4nidas &amp; Maria Deane-ILMD\/Fiocruz Amaz\u00f4nia, quadri\u00eanio 2025-2029<\/a>;<\/li>\n<li><a href=\"https:\/\/amazonia.fiocruz.br\/wp-content\/uploads\/2025\/03\/Ficha-de-inscricao-Eleicao-Quadrienio-2025-2029.pdf\">Ficha de inscri\u00e7\u00e3o<\/a>;<\/li>\n<li><a href=\"https:\/\/amazonia.fiocruz.br\/wp-content\/uploads\/2025\/04\/Calendario-Eleitoral-Quadrienio-2025-2029-Ajustado.pdf\">Calend\u00e1rio Eleitoral Ajustado &#8211; Elei\u00e7\u00e3o para Dire\u00e7\u00e3o do Instituto Le\u00f4nidas &amp; Maria Deane-ILMD\/Fiocruz Amaz\u00f4nia, quadri\u00eanio 2025-2029<\/a>;<\/li>\n<li><a href=\"https:\/\/amazonia.fiocruz.br\/wp-content\/uploads\/2025\/04\/Curriculo-Lattes-Priscila-Ferreira-de-Aquino.pdf\">Curr\u00edculo Lattes &#8211; Priscila Ferreira de Aquino<\/a>;<\/li>\n<li><a href=\"https:\/\/amazonia.fiocruz.br\/wp-content\/uploads\/2025\/04\/Curriculo-do-Sistema-de-Curriculos-Lattes-Stefanie-Costa-Pinto-Lopes_1.pdf\">Curr\u00edculo Lattes &#8211; Stefanie Costa Pinto Lopes<\/a>;<\/li>\n<li><a href=\"https:\/\/amazonia.fiocruz.br\/wp-content\/uploads\/2025\/04\/PROGRAMA-DE-GESTAO-2025-2029-Final-Priscila-Aquino.pdf\">Plano de Gest\u00e3o 2025 &#8211; 2029 &#8211; Priscila Ferreira de Aquino<\/a>;<\/li>\n<li><a href=\"https:\/\/amazonia.fiocruz.br\/wp-content\/uploads\/2025\/04\/Plano_Gestao_2025_2029-Stefanie-Lopes.pdf\">Plano de Gest\u00e3o 2025 &#8211; 2029 &#8211; Stefanie Costa Pinto Lopes<\/a>;<\/li>\n<li><a href=\"https:\/\/amazonia.fiocruz.br\/wp-content\/uploads\/2025\/04\/MEMORIAL_Priscila_Aquino-Final.pdf\">Memorial &#8211; Priscila Ferreira de Aquino<\/a>;<\/li>\n<li><a href=\"https:\/\/amazonia.fiocruz.br\/wp-content\/uploads\/2025\/04\/Memorial_Stefanie_Lopes.pdf\">Memorial &#8211; Stefanie Costa Pinto Lopes<\/a>;<\/li>\n<li><a href=\"https:\/\/amazonia.fiocruz.br\/wp-content\/uploads\/2025\/04\/Lista-de-eleitores-servidores-2025-2029.pdf\">Lista dos eleitores &#8211; Servidores (Quadri\u00eanio 2025-2029)<\/a>;<\/li>\n<li><a href=\"https:\/\/amazonia.fiocruz.br\/wp-content\/uploads\/2025\/04\/Lista-Discentes-Colegio-Eleitoral-ILMD-2025-analisada-e-atualizada-11-abril.pdf\">Lista de eleitores &#8211; Discentes (Quadri\u00eanio 2025 &#8211; 2029)<\/a>;<\/li>\n<li><a href=\"https:\/\/amazonia.fiocruz.br\/wp-content\/uploads\/2025\/04\/Boletim-Priscila-Aquino.pdf\">Boletim &#8211; Priscila Ferreira de Aquino;<\/a><\/li>\n<li><a href=\"https:\/\/amazonia.fiocruz.br\/wp-content\/uploads\/2025\/04\/Boletim-Stefanie-Lopes.pdf\">Boletim &#8211; Stefanie Costa Pinto Lopes;<\/a><\/li>\n<li><a href=\"https:\/\/amazonia.fiocruz.br\/wp-content\/uploads\/2025\/06\/09___Ata_Resultado_Eleicao_Diretor_ILMD_2025_2029_com_todos.pdf\">ATA da Comiss\u00e3o Eleitoral<\/a>;<\/li>\n<li><a href=\"https:\/\/amazonia.fiocruz.br\/wp-content\/uploads\/2025\/06\/ATA-da-Reuniao-Extraordinaria-do-Conselho-Deliberativo-do-ILMD-29.04.2025-ASSINADA.pdf\">ATA da Reuni\u00e3o Extraordin\u00e1ria do Conselho Deliberativo do ILMD\/Fiocruz Amaz\u00f4nia<\/a>;<\/li>\n<li><a href=\"https:\/\/amazonia.fiocruz.br\/wp-content\/uploads\/2025\/06\/Resolucao-no-003-2025-Homolacao-da-eleicao-para-o-cargo-de-Dirertor-do-ILMD-Quadrienio-2025-2029.pdf\">Resolu\u00e7\u00e3o n\u00ba 003-2025 &#8211; Homologa\u00e7\u00e3o da elei\u00e7\u00e3o para o cargo de Dirertor do ILMD &#8211; Quadri\u00eanio 2025-2029<\/a>;<\/li>\n<\/ol>\n<p style=\"text-align: justify;\"><em>SEGTI-ILMD\/Fiocruz Amaz\u00f4nia<\/em><\/p>\n<\/div><\/section><\/p><\/div>\n","protected":false},"excerpt":{"rendered":"","protected":false},"author":56,"featured_media":0,"parent":0,"menu_order":0,"comment_status":"closed","ping_status":"closed","template":"","meta":{"footnotes":""},"class_list":["post-53350","page","type-page","status-publish","hentry"],"_links":{"self":[{"href":"https:\/\/amazonia.fiocruz.br\/index.php?rest_route=\/wp\/v2\/pages\/53350","targetHints":{"allow":["GET"]}}],"collection":[{"href":"https:\/\/amazonia.fiocruz.br\/index.php?rest_route=\/wp\/v2\/pages"}],"about":[{"href":"https:\/\/amazonia.fiocruz.br\/index.php?rest_route=\/wp\/v2\/types\/page"}],"author":[{"embeddable":true,"href":"https:\/\/amazonia.fiocruz.br\/index.php?rest_route=\/wp\/v2\/users\/56"}],"replies":[{"embeddable":true,"href":"https:\/\/amazonia.fiocruz.br\/index.php?rest_route=%2Fwp%2Fv2%2Fcomments&post=53350"}],"version-history":[{"count":19,"href":"https:\/\/amazonia.fiocruz.br\/index.php?rest_route=\/wp\/v2\/pages\/53350\/revisions"}],"predecessor-version":[{"id":54686,"href":"https:\/\/amazonia.fiocruz.br\/index.php?rest_route=\/wp\/v2\/pages\/53350\/revisions\/54686"}],"wp:attachment":[{"href":"https:\/\/amazonia.fiocruz.br\/index.php?rest_route=%2Fwp%2Fv2%2Fmedia&parent=53350"}],"curies":[{"name":"wp","href":"https:\/\/api.w.org\/{rel}","templated":true}]}}