{"id":52561,"date":"2025-02-03T10:15:57","date_gmt":"2025-02-03T14:15:57","guid":{"rendered":"https:\/\/amazonia.fiocruz.br\/?page_id=52561"},"modified":"2025-05-21T15:11:35","modified_gmt":"2025-05-21T19:11:35","slug":"programadeiniciacaocientifica-3-2-2-2","status":"publish","type":"page","link":"https:\/\/amazonia.fiocruz.br\/?page_id=52561","title":{"rendered":"Regulamento da Pesquisa ILMD"},"content":{"rendered":"<div id='av_section_1'  class='avia-section main_color avia-section-default avia-no-shadow  avia-full-stretch avia-bg-style-scroll  avia-builder-el-0  el_before_av_section  avia-builder-el-first   av-minimum-height av-minimum-height-50  container_wrap sidebar_right' style='background-repeat: no-repeat; background-image: url(https:\/\/amazonia.fiocruz.br\/wp-content\/uploads\/2025\/02\/testeira_regulamento_d_pesquisa_Prancheta-1-scaled.jpg);background-attachment: scroll; background-position: center center;  '  data-section-bg-repeat='stretch' data-av_minimum_height_pc='50'><div class='container' ><main  role=\"main\" itemprop=\"mainContentOfPage\"  class='template-page content  av-content-small alpha units'><div class='post-entry post-entry-type-page post-entry-52561'><div class='entry-content-wrapper clearfix'>\n<div class=\"flex_column av_two_third  flex_column_div av-zero-column-padding first  avia-builder-el-1  avia-builder-el-no-sibling  \" style='margin-top:0px; margin-bottom:0px; border-radius:0px; '><section class=\"av_textblock_section \"  itemscope=\"itemscope\" itemtype=\"https:\/\/schema.org\/CreativeWork\" ><div class='avia_textblock  av_inherit_color '  style='color:#ffffff; '  itemprop=\"text\" ><h3>REGULAMENTO DA<\/h3>\n<h1 style=\"font-size: 50px;\">PESQUISA E INOVA\u00c7\u00c3O<\/h1>\n<h5>Instituto Le\u00f4nidas &#038; Maria Deane \u2013 ILMD\/Fiocruz Amaz\u00f4nia<\/h5>\n<\/div><\/section><\/div>\n\n<\/div><\/div><\/main><!-- close content main element --><\/div><\/div><div id='linhaspesquisas'  class='avia-section alternate_color avia-section-default avia-no-border-styling  avia-bg-style-scroll  avia-builder-el-3  el_after_av_section  el_before_av_section   av-minimum-height av-minimum-height-25  container_wrap sidebar_right' style=' '   data-av_minimum_height_pc='25'><div class='container' ><div class='template-page content  av-content-small alpha units'><div class='post-entry post-entry-type-page post-entry-52561'><div class='entry-content-wrapper clearfix'>\n<div class=\"flex_column av_one_full  flex_column_div av-zero-column-padding first  avia-builder-el-4  avia-builder-el-no-sibling  \" style='border-radius:0px; '><div  style='padding-bottom:10px; font-size:50px;' class='av-special-heading av-special-heading-h6  blockquote modern-quote modern-centered  avia-builder-el-5  avia-builder-el-no-sibling  av-inherit-size '><h6 class='av-special-heading-tag '  itemprop=\"headline\"  >Resolu\u00e7\u00e3o<\/h6><div class='special-heading-border'><div class='special-heading-inner-border' ><\/div><\/div><\/div><\/div>\n\n<\/div><\/div><\/div><!-- close content main div --><\/div><\/div><div id='av_section_3'  class='avia-section main_color avia-section-default avia-no-shadow  avia-bg-style-scroll  avia-builder-el-6  el_after_av_section  el_before_av_section   container_wrap sidebar_right' style=' '  ><div class='container' ><div class='template-page content  av-content-small alpha units'><div class='post-entry post-entry-type-page post-entry-52561'><div class='entry-content-wrapper clearfix'>\n<div class=\"flex_column av_two_third  flex_column_div av-zero-column-padding first  avia-builder-el-7  el_before_av_one_third  avia-builder-el-first  \" style='border-radius:0px; '><section class=\"av_textblock_section \"  itemscope=\"itemscope\" itemtype=\"https:\/\/schema.org\/CreativeWork\" ><div class='avia_textblock  '   itemprop=\"text\" ><p>Aprovado pelo conselho deliberativo do ILMD\/FIOCRUZ Amaz\u00f4nia em reuni\u00e3o realizada em 27 de agosto de 2024.<\/p>\n<p>Resolu\u00e7\u00e3o N\u00ba 011\/2024<\/p>\n<p>Vice Diretoria de Pesquisa e Inova\u00e7\u00e3o \u2013 VDPI \/ Ano 2024<\/p>\n<\/div><\/section><\/div><div class=\"flex_column av_one_third  flex_column_div av-zero-column-padding   avia-builder-el-9  el_after_av_two_third  avia-builder-el-last  \" style='border-radius:0px; '><div  class='avia-image-container  av-styling-    avia-builder-el-10  avia-builder-el-no-sibling  avia-align-center '  itemprop=\"image\" itemscope=\"itemscope\" itemtype=\"https:\/\/schema.org\/ImageObject\"  ><div class='avia-image-container-inner'><div class='avia-image-overlay-wrap'><a href='https:\/\/amazonia.fiocruz.br\/wp-content\/uploads\/2025\/02\/Regulamento-da-Pesquisa-1.pdf' class='avia_image'   target=\"_blank\"  rel=\"noopener noreferrer\"><img decoding=\"async\" width=\"495\" height=\"400\" class='wp-image-53321 avia-img-lazy-loading-not-53321 avia_image' src=\"https:\/\/amazonia.fiocruz.br\/wp-content\/uploads\/2025\/02\/Capa_Regulamento-da-Pesquisa-01-495x400.jpg\" alt='' title=''  itemprop=\"thumbnailUrl\" srcset=\"https:\/\/amazonia.fiocruz.br\/wp-content\/uploads\/2025\/02\/Capa_Regulamento-da-Pesquisa-01-495x400.jpg 495w, https:\/\/amazonia.fiocruz.br\/wp-content\/uploads\/2025\/02\/Capa_Regulamento-da-Pesquisa-01-300x242.jpg 300w, https:\/\/amazonia.fiocruz.br\/wp-content\/uploads\/2025\/02\/Capa_Regulamento-da-Pesquisa-01-1030x832.jpg 1030w, https:\/\/amazonia.fiocruz.br\/wp-content\/uploads\/2025\/02\/Capa_Regulamento-da-Pesquisa-01-768x621.jpg 768w, https:\/\/amazonia.fiocruz.br\/wp-content\/uploads\/2025\/02\/Capa_Regulamento-da-Pesquisa-01-1536x1241.jpg 1536w, https:\/\/amazonia.fiocruz.br\/wp-content\/uploads\/2025\/02\/Capa_Regulamento-da-Pesquisa-01-1500x1212.jpg 1500w, https:\/\/amazonia.fiocruz.br\/wp-content\/uploads\/2025\/02\/Capa_Regulamento-da-Pesquisa-01-845x684.jpg 845w, https:\/\/amazonia.fiocruz.br\/wp-content\/uploads\/2025\/02\/Capa_Regulamento-da-Pesquisa-01-705x570.jpg 705w, https:\/\/amazonia.fiocruz.br\/wp-content\/uploads\/2025\/02\/Capa_Regulamento-da-Pesquisa-01.jpg 2047w\" sizes=\"(max-width: 495px) 100vw, 495px\" \/><\/a><\/div><\/div><\/div><\/div>\n\n<\/div><\/div><\/div><!-- close content main div --><\/div><\/div><div id='av_section_4'  class='avia-section main_color avia-section-default avia-no-shadow  avia-bg-style-scroll  avia-builder-el-11  el_after_av_section  el_before_av_section   container_wrap sidebar_right' style='background-color: #f2f2f2;  '  ><div class='container' ><div class='template-page content  av-content-small alpha units'><div class='post-entry post-entry-type-page post-entry-52561'><div class='entry-content-wrapper clearfix'>\n<div class=\"flex_column av_one_full  flex_column_div av-zero-column-padding first  avia-builder-el-12  avia-builder-el-no-sibling  \" style='border-radius:0px; '><p><br \/>\n<div  class=\"tabcontainer   top_tab   avia-builder-el-14  el_after_av_heading  avia-builder-el-last \" role=\"tablist\">\n\n<section class=\"av_tab_section\"  itemscope=\"itemscope\" itemtype=\"https:\/\/schema.org\/CreativeWork\" ><div aria-controls=\"tab-id-1-content\" role=\"tab\" tabindex=\"0\" data-fake-id=\"#tab-id-1\" class=\"tab active_tab\"  itemprop=\"headline\" ><span class='tab_icon' aria-hidden='true' data-av_icon='\ue8b5' data-av_iconfont='fontello'><\/span>Resolu\u00e7\u00e3o <\/div>\n<div id=\"tab-id-1-content\" class=\"tab_content active_tab_content\" aria-hidden=\"false\">\n<div class=\"tab_inner_content invers-color\"  itemprop=\"text\" >\n<p><a href=\"https:\/\/amazonia.fiocruz.br\/wp-content\/uploads\/2025\/02\/Resolucao-no011-2024-Regulamento-da-Pesquisa-e-Inovacao-do-ILMD-Fiocruz-Amazonia.pdf\" target=\"_blank\" rel=\"noopener\"><span style=\"vertical-align: inherit;\"><span style=\"vertical-align: inherit; color: #808080;\">Resolu\u00e7\u00e3o n\u00ba 011\/2024 &#8211; Aprova o Regulamento da Pesquisa e Inova\u00e7\u00e3odo Instituto Le\u00f4nidas &amp; Maria Deane &#8211; ILMD\/Fiocruz Amaz\u00f4nia<\/span><\/span><\/a><\/p>\n\n<\/div>\n<\/div>\n<\/section>\n\n<section class=\"av_tab_section\"  itemscope=\"itemscope\" itemtype=\"https:\/\/schema.org\/CreativeWork\" ><div aria-controls=\"tab-id-2-content\" role=\"tab\" tabindex=\"0\" data-fake-id=\"#tab-id-2\" class=\"tab \"  itemprop=\"headline\" ><span class='tab_icon' aria-hidden='true' data-av_icon='\ue82d' data-av_iconfont='entypo-fontello'><\/span>Regulamento da Pesquisa <\/div>\n<div id=\"tab-id-2-content\" class=\"tab_content \" aria-hidden=\"true\">\n<div class=\"tab_inner_content invers-color\"  itemprop=\"text\" >\n<p><a href=\"https:\/\/amazonia.fiocruz.br\/wp-content\/uploads\/2025\/02\/Regulamento-da-Pesquisa.pdf\" target=\"_blank\" rel=\"noopener\"><span style=\"vertical-align: inherit;\"><span style=\"vertical-align: inherit; color: #808080;\">Regulamento da Pesquisa<\/span><\/span><\/a><\/p>\n\n<\/div>\n<\/div>\n<\/section>\n\n<\/div>\n<\/p><\/div><\/div><\/div><\/div><!-- close content main div --><\/div><\/div><div id='av_section_5'  class='avia-section main_color avia-section-default avia-no-shadow  avia-bg-style-scroll  avia-builder-el-15  el_after_av_section  el_before_av_slideshow_full   container_wrap sidebar_right' style=' '  ><div class='container' ><div class='template-page content  av-content-small alpha units'><div class='post-entry post-entry-type-page post-entry-52561'><div class='entry-content-wrapper clearfix'>\n<div  style='padding-bottom:10px; font-size:30px;' class='av-special-heading av-special-heading-h6  blockquote modern-quote modern-centered  avia-builder-el-16  el_before_av_image  avia-builder-el-first  av-inherit-size '><h6 class='av-special-heading-tag '  itemprop=\"headline\"  >Realizador <\/h6><div class='special-heading-border'><div class='special-heading-inner-border' ><\/div><\/div><\/div>\n<div  class='avia-image-container  av-styling-    avia-builder-el-17  el_after_av_heading  el_before_av_heading  avia-align-center '  itemprop=\"image\" itemscope=\"itemscope\" itemtype=\"https:\/\/schema.org\/ImageObject\"  ><div class='avia-image-container-inner'><div class='avia-image-overlay-wrap'><img decoding=\"async\" class='wp-image-52757 avia-img-lazy-loading-not-52757 avia_image' src=\"https:\/\/amazonia.fiocruz.br\/wp-content\/uploads\/2025\/02\/Assinatura-conjunta-2024-Nova-Marca-Fiocruz_GovFederal_preta.png\" alt='' title='' height=\"442\" width=\"3255\"  itemprop=\"thumbnailUrl\" srcset=\"https:\/\/amazonia.fiocruz.br\/wp-content\/uploads\/2025\/02\/Assinatura-conjunta-2024-Nova-Marca-Fiocruz_GovFederal_preta.png 3255w, https:\/\/amazonia.fiocruz.br\/wp-content\/uploads\/2025\/02\/Assinatura-conjunta-2024-Nova-Marca-Fiocruz_GovFederal_preta-300x41.png 300w, https:\/\/amazonia.fiocruz.br\/wp-content\/uploads\/2025\/02\/Assinatura-conjunta-2024-Nova-Marca-Fiocruz_GovFederal_preta-1030x140.png 1030w, https:\/\/amazonia.fiocruz.br\/wp-content\/uploads\/2025\/02\/Assinatura-conjunta-2024-Nova-Marca-Fiocruz_GovFederal_preta-768x104.png 768w, https:\/\/amazonia.fiocruz.br\/wp-content\/uploads\/2025\/02\/Assinatura-conjunta-2024-Nova-Marca-Fiocruz_GovFederal_preta-1536x209.png 1536w, https:\/\/amazonia.fiocruz.br\/wp-content\/uploads\/2025\/02\/Assinatura-conjunta-2024-Nova-Marca-Fiocruz_GovFederal_preta-2048x278.png 2048w, https:\/\/amazonia.fiocruz.br\/wp-content\/uploads\/2025\/02\/Assinatura-conjunta-2024-Nova-Marca-Fiocruz_GovFederal_preta-1500x204.png 1500w, https:\/\/amazonia.fiocruz.br\/wp-content\/uploads\/2025\/02\/Assinatura-conjunta-2024-Nova-Marca-Fiocruz_GovFederal_preta-705x96.png 705w\" sizes=\"(max-width: 3255px) 100vw, 3255px\" \/><\/div><\/div><\/div>\n<div  style='padding-bottom:10px; font-size:30px;' class='av-special-heading av-special-heading-h6  blockquote modern-quote modern-centered  avia-builder-el-18  el_after_av_image  el_before_av_partner  av-inherit-size '><h6 class='av-special-heading-tag '  itemprop=\"headline\"  >Parceiros<\/h6><div class='special-heading-border'><div class='special-heading-inner-border' ><\/div><\/div><\/div>\n<div   data-autoplay='false'  data-interval='5'  data-animation='slide'  class='avia-logo-element-container av-border-deactivate avia-logo-grid avia-content-slider avia-smallarrow-slider avia-content-grid-active noHover avia-content-slider1 avia-content-slider-even  avia-builder-el-19  el_after_av_heading  el_before_av_partner  ' ><div class='avia-smallarrow-slider-heading  no-logo-slider-heading '><div class='new-special-heading'>&nbsp;<\/div><\/div><div class='avia-content-slider-inner'><div class='slide-entry-wrap' ><div  class='slide-entry flex_column no_margin post-entry slide-entry-overview slide-loop-1 slide-parity-odd  av_one_sixth first real-thumbnail'><span class='av-partner-fake-img' style='padding-bottom:25.423728813559%; background-image:url(https:\/\/amazonia.fiocruz.br\/wp-content\/uploads\/2025\/02\/LOGO-FVS-1.png);'><\/span><\/div><div  class='slide-entry flex_column no_margin post-entry slide-entry-overview slide-loop-2 slide-parity-even  av_one_sixth  real-thumbnail'><span class='av-partner-fake-img' style='padding-bottom:25.423728813559%; background-image:url(https:\/\/amazonia.fiocruz.br\/wp-content\/uploads\/2025\/02\/LOGO-FAPEAM.png);'><\/span><\/div><div  class='slide-entry flex_column no_margin post-entry slide-entry-overview slide-loop-3 slide-parity-odd  av_one_sixth  real-thumbnail'><span class='av-partner-fake-img' style='padding-bottom:25.423728813559%; background-image:url(https:\/\/amazonia.fiocruz.br\/wp-content\/uploads\/2020\/06\/uea120x120.jpg);'><\/span><\/div><div  class='slide-entry flex_column no_margin post-entry slide-entry-overview slide-loop-4 slide-parity-even  av_one_sixth  real-thumbnail'><span class='av-partner-fake-img' style='padding-bottom:25.423728813559%; background-image:url(https:\/\/amazonia.fiocruz.br\/wp-content\/uploads\/2020\/06\/ufam120x120.jpg);'><\/span><\/div><div  class='slide-entry flex_column no_margin post-entry slide-entry-overview slide-loop-5 slide-parity-odd  av_one_sixth  real-thumbnail'><span class='av-partner-fake-img' style='padding-bottom:25.423728813559%; background-image:url(https:\/\/amazonia.fiocruz.br\/wp-content\/uploads\/2025\/02\/LOGO-MS.png);'><\/span><\/div><div  class='slide-entry flex_column no_margin post-entry slide-entry-overview slide-loop-6 slide-parity-even  post-entry-last  av_one_sixth  real-thumbnail'><span class='av-partner-fake-img' style='padding-bottom:25.423728813559%; background-image:url(https:\/\/amazonia.fiocruz.br\/wp-content\/uploads\/2025\/02\/logo-da-funasa-.jpg);'><\/span><\/div><\/div><\/div><\/div>\n<div   data-autoplay='false'  data-interval='5'  data-animation='slide'  class='avia-logo-element-container av-border-deactivate avia-logo-grid avia-content-slider avia-smallarrow-slider avia-content-grid-active noHover avia-content-slider2 avia-content-slider-odd  avia-builder-el-20  el_after_av_partner  avia-builder-el-last  ' ><div class='avia-smallarrow-slider-heading  no-logo-slider-heading '><div class='new-special-heading'>&nbsp;<\/div><\/div><div class='avia-content-slider-inner'><div class='slide-entry-wrap' ><div  class='slide-entry flex_column no_margin post-entry slide-entry-overview slide-loop-1 slide-parity-odd  av_one_fifth first real-thumbnail'><span class='av-partner-fake-img' style='padding-bottom:25.78125%; background-image:url(https:\/\/amazonia.fiocruz.br\/wp-content\/uploads\/2025\/02\/LOGO-FIEAM-1.png);'><\/span><\/div><div  class='slide-entry flex_column no_margin post-entry slide-entry-overview slide-loop-2 slide-parity-even  av_one_fifth  real-thumbnail'><span class='av-partner-fake-img' style='padding-bottom:25.78125%; background-image:url(https:\/\/amazonia.fiocruz.br\/wp-content\/uploads\/2025\/02\/logo-SEDUC-AM-1.jpg);'><\/span><\/div><div  class='slide-entry flex_column no_margin post-entry slide-entry-overview slide-loop-3 slide-parity-odd  av_one_fifth  real-thumbnail'><span class='av-partner-fake-img' style='padding-bottom:25.78125%; background-image:url(https:\/\/amazonia.fiocruz.br\/wp-content\/uploads\/2025\/02\/SEMSA-SGC.jpg);'><\/span><\/div><div  class='slide-entry flex_column no_margin post-entry slide-entry-overview slide-loop-4 slide-parity-even  av_one_fifth  real-thumbnail'><span class='av-partner-fake-img' style='padding-bottom:25.78125%; background-image:url(https:\/\/amazonia.fiocruz.br\/wp-content\/uploads\/2025\/02\/PREFEITURA_E_SEMSA_SGC.png);'><\/span><\/div><div  class='slide-entry flex_column no_margin post-entry slide-entry-overview slide-loop-5 slide-parity-odd  post-entry-last  av_one_fifth  real-thumbnail'><span class='av-partner-fake-img' style='padding-bottom:25.78125%; background-image:url(https:\/\/amazonia.fiocruz.br\/wp-content\/uploads\/2025\/02\/LOGO-CMA.png);'><\/span><\/div><\/div><\/div><\/div>\n<\/p>\n<\/div><\/div><\/div><!-- close content main div --><\/div><\/div><div id='full_slider_1'  class='avia-fullwidth-slider main_color avia-shadow   avia-builder-el-21  el_after_av_section  el_before_av_video   slider-not-first container_wrap sidebar_right' style=' '  ><\/div><div id='after_full_slider_1'  class='main_color av_default_container_wrap container_wrap sidebar_right' style=' '  ><div class='container' ><div class='template-page content  av-content-small alpha units'><div class='post-entry post-entry-type-page post-entry-52561'><div class='entry-content-wrapper clearfix'>\n<div  class='avia-video avia-video-16:9   av-lazyload-immediate  av-lazyload-video-embed  '   itemprop=\"video\" itemtype=\"https:\/\/schema.org\/VideoObject\"  data-original_url='' ><script type='text\/html' class='av-video-tmpl'><\/script><div class='av-click-to-play-overlay'><div class=\"avia_playpause_icon\"><\/div><\/div><\/div>\n<\/div><\/div><\/div><!-- close content main div --><\/div><\/div><div id='fullscreen_slider_1'  class='avia-fullscreen-slider main_color   avia-builder-el-23  el_after_av_video  avia-builder-el-last   slider-not-first container_wrap sidebar_right' style=' '  ><\/div>\n","protected":false},"excerpt":{"rendered":"","protected":false},"author":56,"featured_media":0,"parent":0,"menu_order":0,"comment_status":"closed","ping_status":"closed","template":"","meta":{"footnotes":""},"class_list":["post-52561","page","type-page","status-publish","hentry"],"_links":{"self":[{"href":"https:\/\/amazonia.fiocruz.br\/index.php?rest_route=\/wp\/v2\/pages\/52561","targetHints":{"allow":["GET"]}}],"collection":[{"href":"https:\/\/amazonia.fiocruz.br\/index.php?rest_route=\/wp\/v2\/pages"}],"about":[{"href":"https:\/\/amazonia.fiocruz.br\/index.php?rest_route=\/wp\/v2\/types\/page"}],"author":[{"embeddable":true,"href":"https:\/\/amazonia.fiocruz.br\/index.php?rest_route=\/wp\/v2\/users\/56"}],"replies":[{"embeddable":true,"href":"https:\/\/amazonia.fiocruz.br\/index.php?rest_route=%2Fwp%2Fv2%2Fcomments&post=52561"}],"version-history":[{"count":4,"href":"https:\/\/amazonia.fiocruz.br\/index.php?rest_route=\/wp\/v2\/pages\/52561\/revisions"}],"predecessor-version":[{"id":54590,"href":"https:\/\/amazonia.fiocruz.br\/index.php?rest_route=\/wp\/v2\/pages\/52561\/revisions\/54590"}],"wp:attachment":[{"href":"https:\/\/amazonia.fiocruz.br\/index.php?rest_route=%2Fwp%2Fv2%2Fmedia&parent=52561"}],"curies":[{"name":"wp","href":"https:\/\/api.w.org\/{rel}","templated":true}]}}