{"id":52239,"date":"2025-01-06T15:10:48","date_gmt":"2025-01-06T19:10:48","guid":{"rendered":"https:\/\/amazonia.fiocruz.br\/?page_id=52239"},"modified":"2025-08-22T08:38:30","modified_gmt":"2025-08-22T12:38:30","slug":"area-do-aluno-2-6-4","status":"publish","type":"page","link":"https:\/\/amazonia.fiocruz.br\/?page_id=52239","title":{"rendered":"Educa\u00e7\u00e3o &#8211; Manual do Aluno"},"content":{"rendered":"<div id='av_section_1'  class='avia-section main_color avia-section-no-padding avia-no-shadow  avia-full-stretch avia-bg-style-scroll  avia-builder-el-0  el_before_av_submenu  avia-builder-el-first   av-minimum-height av-minimum-height-50  container_wrap sidebar_right' style='background-repeat: no-repeat; background-image: url(https:\/\/amazonia.fiocruz.br\/wp-content\/uploads\/2024\/12\/generico-2.jpg);background-attachment: scroll; background-position: top left;  '  data-section-bg-repeat='stretch' data-av_minimum_height_pc='50'><div class='container' ><main  role=\"main\" itemprop=\"mainContentOfPage\"  class='template-page content  av-content-small alpha units'><div class='post-entry post-entry-type-page post-entry-52239'><div class='entry-content-wrapper clearfix'>\n<div class=\"flex_column av_one_half  flex_column_div av-zero-column-padding first  avia-builder-el-1  avia-builder-el-no-sibling  \" style='border-radius:0px; '><div  style='padding-bottom:10px; color:#ffffff;font-size:30px;' class='av-special-heading av-special-heading-h3 custom-color-heading blockquote modern-quote  avia-builder-el-2  avia-builder-el-no-sibling  av-inherit-size '><h3 class='av-special-heading-tag '  itemprop=\"headline\"  >Manuais do Aluno<\/h3><div class ='av-subheading av-subheading_below av_custom_color ' style='font-size:18px;'><p>Educa\u00e7\u00e3o &#8211; ILMD\/Fiocruz Amaz\u00f4nia<\/p>\n<\/div><div class='special-heading-border'><div class='special-heading-inner-border' style='border-color:#ffffff'><\/div><\/div><\/div><\/div>\n\n<\/div><\/div><\/main><!-- close content main element --><\/div><\/div><div class='clear'><\/div><div id='sub_menu1'  class='av-submenu-container header_color  avia-builder-el-3  el_after_av_section  el_before_av_two_third  av-sticky-submenu  submenu-not-first container_wrap sidebar_right' style='  z-index:301' ><div class='container av-menu-mobile-disabled '><ul id=\"menu-educacao\" class=\"av-subnav-menu av-submenu-pos-center\"><li id=\"menu-item-49955\" class=\"menu-item menu-item-type-custom menu-item-object-custom menu-item-top-level menu-item-top-level-1\"><a href=\"https:\/\/amazonia.fiocruz.br\/?page_id=15858\" itemprop=\"url\"><span class=\"avia-bullet\"><\/span><span class=\"avia-menu-text\">In\u00edcio<\/span><span class=\"avia-menu-fx\"><span class=\"avia-arrow-wrap\"><span class=\"avia-arrow\"><\/span><\/span><\/span><\/a><\/li>\n<li id=\"menu-item-49953\" class=\"menu-item menu-item-type-custom menu-item-object-custom menu-item-has-children menu-item-top-level menu-item-top-level-2\"><a href=\"https:\/\/amazonia.fiocruz.br\/?page_id=49950\" itemprop=\"url\"><span class=\"avia-bullet\"><\/span><span class=\"avia-menu-text\">Apresenta\u00e7\u00e3o<\/span><span class=\"avia-menu-fx\"><span class=\"avia-arrow-wrap\"><span class=\"avia-arrow\"><\/span><\/span><\/span><\/a>\n\n\n<ul class=\"sub-menu\">\n\t<li id=\"menu-item-49989\" class=\"menu-item menu-item-type-custom menu-item-object-custom\"><a href=\"https:\/\/amazonia.fiocruz.br\/?page_id=49987\" itemprop=\"url\"><span class=\"avia-bullet\"><\/span><span class=\"avia-menu-text\">Estrutura Administrativa e Or\u00e7amento<\/span><\/a><\/li>\n\t<li id=\"menu-item-52299\" class=\"menu-item menu-item-type-custom menu-item-object-custom\"><a href=\"https:\/\/amazonia.fiocruz.br\/?page_id=52297\" itemprop=\"url\"><span class=\"avia-bullet\"><\/span><span class=\"avia-menu-text\">Planos e Manuais<\/span><\/a><\/li>\n\t<li id=\"menu-item-50009\" class=\"menu-item menu-item-type-custom menu-item-object-custom\"><a href=\"https:\/\/amazonia.fiocruz.br\/?page_id=50007\" itemprop=\"url\"><span class=\"avia-bullet\"><\/span><span class=\"avia-menu-text\">Regimentos, Regulamentos e Resolu\u00e7\u00f5es<\/span><\/a><\/li>\n\t<li id=\"menu-item-50017\" class=\"menu-item menu-item-type-custom menu-item-object-custom\"><a href=\"https:\/\/amazonia.fiocruz.br\/?page_id=50015\" itemprop=\"url\"><span class=\"avia-bullet\"><\/span><span class=\"avia-menu-text\">Relat\u00f3rios e Revistas<\/span><\/a><\/li>\n<\/ul>\n<\/li>\n<li id=\"menu-item-49967\" class=\"menu-item menu-item-type-custom menu-item-object-custom menu-item-has-children menu-item-top-level menu-item-top-level-3\"><a href=\"https:\/\/amazonia.fiocruz.br\/?page_id=50359\" itemprop=\"url\"><span class=\"avia-bullet\"><\/span><span class=\"avia-menu-text\">\u00c1rea do Discente<\/span><span class=\"avia-menu-fx\"><span class=\"avia-arrow-wrap\"><span class=\"avia-arrow\"><\/span><\/span><\/span><\/a>\n\n\n<ul class=\"sub-menu\">\n\t<li id=\"menu-item-50114\" class=\"menu-item menu-item-type-custom menu-item-object-custom\"><a href=\"https:\/\/amazonia.fiocruz.br\/?page_id=41689\" itemprop=\"url\"><span class=\"avia-bullet\"><\/span><span class=\"avia-menu-text\">Secretaria Acad\u00eamica &#8211; SECA<\/span><\/a><\/li>\n\t<li id=\"menu-item-50115\" class=\"menu-item menu-item-type-custom menu-item-object-custom\"><a href=\"https:\/\/amazonia.fiocruz.br\/?page_id=41734\" itemprop=\"url\"><span class=\"avia-bullet\"><\/span><span class=\"avia-menu-text\">Servi\u00e7o de P\u00f3s-gradua\u00e7\u00e3o -POSGRAD<\/span><\/a><\/li>\n\t<li id=\"menu-item-50116\" class=\"menu-item menu-item-type-custom menu-item-object-custom\"><a href=\"https:\/\/amazonia.fiocruz.br\/?page_id=41333\" itemprop=\"url\"><span class=\"avia-bullet\"><\/span><span class=\"avia-menu-text\">Biblioteca<\/span><\/a><\/li>\n\t<li id=\"menu-item-50840\" class=\"menu-item menu-item-type-custom menu-item-object-custom\"><a href=\"https:\/\/amazonia.fiocruz.br\/?page_id=43883\" itemprop=\"url\"><span class=\"avia-bullet\"><\/span><span class=\"avia-menu-text\">Calend\u00e1rio Acad\u00eamico<\/span><\/a><\/li>\n\t<li id=\"menu-item-50142\" class=\"menu-item menu-item-type-custom menu-item-object-custom\"><a href=\"https:\/\/amazonia.fiocruz.br\/?page_id=27035\" itemprop=\"url\"><span class=\"avia-bullet\"><\/span><span class=\"avia-menu-text\">Defesas e Qualifica\u00e7\u00f5es<\/span><\/a><\/li>\n\t<li id=\"menu-item-50118\" class=\"menu-item menu-item-type-custom menu-item-object-custom\"><a href=\"https:\/\/amazonia.fiocruz.br\/?page_id=41689#regulamentos\" itemprop=\"url\"><span class=\"avia-bullet\"><\/span><span class=\"avia-menu-text\">Regulamentos dos Cursos<\/span><\/a><\/li>\n\t<li id=\"menu-item-51889\" class=\"menu-item menu-item-type-custom menu-item-object-custom\"><a href=\"https:\/\/amazonia.fiocruz.br\/?page_id=51882\" itemprop=\"url\"><span class=\"avia-bullet\"><\/span><span class=\"avia-menu-text\">Apoio ao Estudante<\/span><\/a><\/li>\n\t<li id=\"menu-item-52253\" class=\"menu-item menu-item-type-custom menu-item-object-custom\"><a href=\"https:\/\/amazonia.fiocruz.br\/?page_id=52239\" itemprop=\"url\"><span class=\"avia-bullet\"><\/span><span class=\"avia-menu-text\">Manual do Aluno<\/span><\/a><\/li>\n\t<li id=\"menu-item-50143\" class=\"menu-item menu-item-type-custom menu-item-object-custom\"><a href=\"https:\/\/amazonia.fiocruz.br\/?page_id=42865\" itemprop=\"url\"><span class=\"avia-bullet\"><\/span><span class=\"avia-menu-text\">Perguntas Frequentes<\/span><\/a><\/li>\n<\/ul>\n<\/li>\n<li id=\"menu-item-49958\" class=\"menu-item menu-item-type-custom menu-item-object-custom menu-item-has-children menu-item-top-level menu-item-top-level-4\"><a href=\"https:\/\/amazonia.fiocruz.br\/?page_id=49956\" itemprop=\"url\"><span class=\"avia-bullet\"><\/span><span class=\"avia-menu-text\">Cursos<\/span><span class=\"avia-menu-fx\"><span class=\"avia-arrow-wrap\"><span class=\"avia-arrow\"><\/span><\/span><\/span><\/a>\n\n\n<ul class=\"sub-menu\">\n\t<li id=\"menu-item-50158\" class=\"menu-item menu-item-type-custom menu-item-object-custom menu-item-has-children\"><a href=\"https:\/\/amazonia.fiocruz.br\/?page_id=15915\" itemprop=\"url\"><span class=\"avia-bullet\"><\/span><span class=\"avia-menu-text\">Doutorado<\/span><\/a>\n\t<ul class=\"sub-menu\">\n\t\t<li id=\"menu-item-50161\" class=\"menu-item menu-item-type-custom menu-item-object-custom\"><a href=\"https:\/\/amazonia.fiocruz.br\/?page_id=46033\" itemprop=\"url\"><span class=\"avia-bullet\"><\/span><span class=\"avia-menu-text\">Sa\u00fade P\u00fablica na Amaz\u00f4nia \u2013 DASPAM<\/span><\/a><\/li>\n\t\t<li id=\"menu-item-50162\" class=\"menu-item menu-item-type-custom menu-item-object-custom\"><a href=\"https:\/\/amazonia.fiocruz.br\/?page_id=44273\" itemprop=\"url\"><span class=\"avia-bullet\"><\/span><span class=\"avia-menu-text\">Biologia da Intera\u00e7\u00e3o Pat\u00f3geno Hospedeiro &#8211; PPGBIO-Intera\u00e7\u00e3o<\/span><\/a><\/li>\n\t\t<li id=\"menu-item-50159\" class=\"menu-item menu-item-type-custom menu-item-object-custom\"><a href=\"https:\/\/amazonia.fiocruz.br\/?page_id=22404\" itemprop=\"url\"><span class=\"avia-bullet\"><\/span><span class=\"avia-menu-text\">Ci\u00eancia (Encerrado)<\/span><\/a><\/li>\n\t\t<li id=\"menu-item-50160\" class=\"menu-item menu-item-type-custom menu-item-object-custom\"><a href=\"https:\/\/amazonia.fiocruz.br\/?page_id=22411\" itemprop=\"url\"><span class=\"avia-bullet\"><\/span><span class=\"avia-menu-text\">Sa\u00fade P\u00fablica (Encerrado)<\/span><\/a><\/li>\n\t<\/ul>\n<\/li>\n\t<li id=\"menu-item-50163\" class=\"menu-item menu-item-type-custom menu-item-object-custom menu-item-has-children\"><a href=\"https:\/\/amazonia.fiocruz.br\/?page_id=20466\" itemprop=\"url\"><span class=\"avia-bullet\"><\/span><span class=\"avia-menu-text\">Mestrado<\/span><\/a>\n\t<ul class=\"sub-menu\">\n\t\t<li id=\"menu-item-50164\" class=\"menu-item menu-item-type-custom menu-item-object-custom\"><a href=\"https:\/\/amazonia.fiocruz.br\/?page_id=47536\" itemprop=\"url\"><span class=\"avia-bullet\"><\/span><span class=\"avia-menu-text\">Profissional em Sa\u00fade da Fam\u00edlia &#8211; PROFSA\u00daDE<\/span><\/a><\/li>\n\t\t<li id=\"menu-item-50165\" class=\"menu-item menu-item-type-custom menu-item-object-custom\"><a href=\"https:\/\/amazonia.fiocruz.br\/?page_id=46054\" itemprop=\"url\"><span class=\"avia-bullet\"><\/span><span class=\"avia-menu-text\">Acad\u00eamico em Condi\u00e7\u00f5es de Vida e Situa\u00e7\u00f5es de Sa\u00fade na Amaz\u00f4nia &#8211; PPGVIDA<\/span><\/a><\/li>\n\t\t<li id=\"menu-item-50026\" class=\"menu-item menu-item-type-custom menu-item-object-custom\"><a href=\"https:\/\/amazonia.fiocruz.br\/?page_id=50553\" itemprop=\"url\"><span class=\"avia-bullet\"><\/span><span class=\"avia-menu-text\">Acad\u00eamico em Condi\u00e7\u00f5es de Vida e Situa\u00e7\u00f5es de Sa\u00fade na Amaz\u00f4nia &#8211; PPGVIDA: Sanitarista Ind\u00edgena<\/span><\/a><\/li>\n\t\t<li id=\"menu-item-50326\" class=\"menu-item menu-item-type-custom menu-item-object-custom\"><a href=\"https:\/\/amazonia.fiocruz.br\/?page_id=50555\" itemprop=\"url\"><span class=\"avia-bullet\"><\/span><span class=\"avia-menu-text\">Acad\u00eamico em Condi\u00e7\u00f5es de Vida e Situa\u00e7\u00f5es de Sa\u00fade na Amaz\u00f4nia &#8211; PPGVIDA: VIGIFRONTEIRAS<\/span><\/a><\/li>\n\t\t<li id=\"menu-item-50166\" class=\"menu-item menu-item-type-custom menu-item-object-custom\"><a href=\"https:\/\/amazonia.fiocruz.br\/?page_id=44273\" itemprop=\"url\"><span class=\"avia-bullet\"><\/span><span class=\"avia-menu-text\">Acad\u00eamico em Biologia da Intera\u00e7\u00e3o Pat\u00f3geno Hospedeiro &#8211; PPGBIO-Intera\u00e7\u00e3o<\/span><\/a><\/li>\n\t<\/ul>\n<\/li>\n\t<li id=\"menu-item-50066\" class=\"menu-item menu-item-type-custom menu-item-object-custom\"><a href=\"https:\/\/amazonia.fiocruz.br\/?page_id=50061\" itemprop=\"url\"><span class=\"avia-bullet\"><\/span><span class=\"avia-menu-text\">Est\u00e1gio P\u00f3s Doutoral<\/span><\/a><\/li>\n\t<li id=\"menu-item-50167\" class=\"menu-item menu-item-type-custom menu-item-object-custom\"><a href=\"https:\/\/amazonia.fiocruz.br\/?page_id=15875\" itemprop=\"url\"><span class=\"avia-bullet\"><\/span><span class=\"avia-menu-text\">Especializa\u00e7\u00e3o Lato Sensu<\/span><\/a><\/li>\n\t<li id=\"menu-item-50049\" class=\"menu-item menu-item-type-custom menu-item-object-custom\"><a href=\"https:\/\/amazonia.fiocruz.br\/?page_id=50047\" itemprop=\"url\"><span class=\"avia-bullet\"><\/span><span class=\"avia-menu-text\">Qualifica\u00e7\u00e3o Profissional<\/span><\/a><\/li>\n\t<li id=\"menu-item-50038\" class=\"menu-item menu-item-type-custom menu-item-object-custom\"><a href=\"https:\/\/amazonia.fiocruz.br\/?page_id=43523\" itemprop=\"url\"><span class=\"avia-bullet\"><\/span><span class=\"avia-menu-text\">Projeto QUALIFICASUS<\/span><\/a><\/li>\n<\/ul>\n<\/li>\n<li id=\"menu-item-49961\" class=\"menu-item menu-item-type-custom menu-item-object-custom menu-item-top-level menu-item-top-level-5\"><a href=\"https:\/\/amazonia.fiocruz.br\/?page_id=37110\" itemprop=\"url\"><span class=\"avia-bullet\"><\/span><span class=\"avia-menu-text\">Planejamento Estrat\u00e9gico e Autoavalia\u00e7\u00e3o<\/span><span class=\"avia-menu-fx\"><span class=\"avia-arrow-wrap\"><span class=\"avia-arrow\"><\/span><\/span><\/span><\/a><\/li>\n<li id=\"menu-item-49964\" class=\"menu-item menu-item-type-custom menu-item-object-custom menu-item-top-level menu-item-top-level-6\"><a href=\"https:\/\/amazonia.fiocruz.br\/?page_id=16314\" itemprop=\"url\"><span class=\"avia-bullet\"><\/span><span class=\"avia-menu-text\">Chamadas P\u00fablicas<\/span><span class=\"avia-menu-fx\"><span class=\"avia-arrow-wrap\"><span class=\"avia-arrow\"><\/span><\/span><\/span><\/a><\/li>\n<li id=\"menu-item-50105\" class=\"menu-item menu-item-type-custom menu-item-object-custom menu-item-top-level menu-item-top-level-7\"><a href=\"https:\/\/amazonia.fiocruz.br\/?page_id=50103\" itemprop=\"url\"><span class=\"avia-bullet\"><\/span><span class=\"avia-menu-text\">Acompanhamento de Egressos<\/span><span class=\"avia-menu-fx\"><span class=\"avia-arrow-wrap\"><span class=\"avia-arrow\"><\/span><\/span><\/span><\/a><\/li>\n<li id=\"menu-item-49970\" class=\"menu-item menu-item-type-custom menu-item-object-custom menu-item-top-level menu-item-top-level-8\"><a href=\"https:\/\/amazonia.fiocruz.br\/?page_id=49968\" itemprop=\"url\"><span class=\"avia-bullet\"><\/span><span class=\"avia-menu-text\">Fale Conosco<\/span><span class=\"avia-menu-fx\"><span class=\"avia-arrow-wrap\"><span class=\"avia-arrow\"><\/span><\/span><\/span><\/a><\/li>\n<\/ul><\/div><\/div><div class='sticky_placeholder'><\/div><div id='after_submenu'  class='main_color av_default_container_wrap container_wrap sidebar_right' style=' '  ><div class='container' ><div class='template-page content  av-content-small alpha units'><div class='post-entry post-entry-type-page post-entry-52239'><div class='entry-content-wrapper clearfix'>\n<div class=\"flex_column av_two_third  flex_column_div av-zero-column-padding first  avia-builder-el-4  el_after_av_submenu  el_before_av_one_third  avia-builder-el-first  \" style='border-radius:0px; '><section class=\"av_textblock_section \"  itemscope=\"itemscope\" itemtype=\"https:\/\/schema.org\/CreativeWork\" ><div class='avia_textblock  '   itemprop=\"text\" ><div>\n<h4><strong>\u00a0<\/strong><\/h4>\n<\/div>\n<\/div><\/section><br \/>\n<section class=\"av_textblock_section \"  itemscope=\"itemscope\" itemtype=\"https:\/\/schema.org\/CreativeWork\" ><div class='avia_textblock  '   itemprop=\"text\" ><div>\n<h2><span style=\"color: #000000;\">Manual do aluno<br \/>\n<\/span><\/h2>\n<hr \/>\n<h2><\/h2>\n<\/div>\n<\/div><\/section><br \/>\n<section class=\"av_textblock_section \"  itemscope=\"itemscope\" itemtype=\"https:\/\/schema.org\/CreativeWork\" ><div class='avia_textblock  '   itemprop=\"text\" ><p style=\"text-align: justify;\"><span style=\"color: #000000;\">Bem-vindo ao Instituto Le\u00f4nidas &amp; Maria Deane (ILMD\/Fiocruz)!<\/span><\/p>\n<p style=\"text-align: justify;\"><span style=\"color: #808080;\">Desde 2001, o ILMD\/Fiocruz Amaz\u00f4nia atua na forma\u00e7\u00e3o de profissionais voltados para a pesquisa,<br \/>\ndesenvolvimento tecnol\u00f3gico, gest\u00e3o e assist\u00eancia em sa\u00fade na Amaz\u00f4nia. O componente social da forma\u00e7\u00e3o em sa\u00fade sempre ultrapassou a vis\u00e3o da forma\u00e7\u00e3o acad\u00eamica e aquela direcionada apenas para servidores e gestores p\u00fablicos, e voltando-se tamb\u00e9m para a forma\u00e7\u00e3o de for\u00e7a de trabalho apta para atuar e mobilizar a sociedade em defesa da sa\u00fade p\u00fablica e universal, alcan\u00e7ando, assim, a sociedade civil.<\/span><\/p>\n<p style=\"text-align: justify;\"><span style=\"color: #808080;\">Para facilitar o entendimento da din\u00e2mica educacional do Instituto elaboramos estes manuais de acordo com o n\u00edvel de forma\u00e7\u00e3o (<em>Stricto Sensu e Lato Sensu<\/em>) para orientar e apoiar os alunos durante sua jornada acad\u00eamica, reunindo informa\u00e7\u00f5es essenciais sobre os cursos, direitos, deveres e servi\u00e7os oferecidos pelo ILMD\/Fiocruz Amaz\u00f4nia.<\/span><\/p>\n<p style=\"text-align: justify;\"><span style=\"color: #808080;\">Os manuais s\u00e3o ferramentas indispens\u00e1veis para que cada estudante conhe\u00e7a as diretrizes acad\u00eamicas, os procedimentos administrativos e as normas que regem os programas educacionais do ILMD\/Fiocruz Amaz\u00f4nia. Eles tamb\u00e9m proporcionam um guia completo para facilitar o acesso aos recursos institucionais e assegurar que o aluno aproveite ao m\u00e1ximo sua experi\u00eancia acad\u00eamica.<br \/>\n<\/span><\/p>\n<p style=\"text-align: justify;\"><span style=\"color: #000000;\">Para que serve o Manual do Aluno?<\/span><\/p>\n<p style=\"text-align: justify;\"><span style=\"color: #808080;\">O manual tem como prop\u00f3sito principal garantir que os alunos do ILMD\/Fiocruz compreendam e sigam os padr\u00f5es acad\u00eamicos e administrativos da institui\u00e7\u00e3o. Ele tamb\u00e9m funciona como um recurso de consulta r\u00e1pida para esclarecer d\u00favidas e orientar quanto \u00e0s etapas necess\u00e1rias para o sucesso nas forma\u00e7\u00f5es L<em>ato Sensu e Stricto Sensu<\/em>.<\/span><\/p>\n<p style=\"text-align: justify;\"><span style=\"color: #808080;\">Al\u00e9m disso, o manual refor\u00e7a o compromisso do ILMD\/Fiocruz com a qualidade do ensino e o suporte aos seus estudantes, promovendo uma experi\u00eancia acad\u00eamica enriquecedora e alinhada aos valores da institui\u00e7\u00e3o.<\/span><\/p>\n<p style=\"text-align: justify;\"><span style=\"color: #000000;\">Acesse os Manuais do Aluno e tenha em m\u00e3os todas as informa\u00e7\u00f5es necess\u00e1rias para trilhar uma trajet\u00f3ria acad\u00eamica organizada e bem-sucedida no ILMD\/Fiocruz Amaz\u00f4nia!<\/span><\/p>\n<p style=\"text-align: justify;\"><span style=\"color: #000000;\">Manual do aluno <em>Lato Sensu<\/em>:<br \/>\n<a href=\"https:\/\/amazonia.fiocruz.br\/wp-content\/uploads\/2018\/01\/Manual-do-Aluno-LATO-SENSU-16-10-2017.pdf\">https:\/\/amazonia.fiocruz.br\/wp-content\/uploads\/2018\/01\/Manual-do-Aluno-LATO-SENSU-16-10-2017.pdf<\/a><br \/>\n<\/span><\/p>\n<p style=\"text-align: justify;\"><span style=\"color: #808080;\">Voltado para os cursos de especializa\u00e7\u00e3o e aperfei\u00e7oamento, este documento traz informa\u00e7\u00f5es espec\u00edficas sobre a estrutura, objetivos, cronograma e requisitos de conclus\u00e3o desses programas.<br \/>\n<\/span><\/p>\n<p style=\"text-align: justify;\"><span style=\"color: #000000;\">Manual do aluno <em>Stricto Sensu<\/em>:<br \/>\n<a href=\"https:\/\/amazonia.fiocruz.br\/wp-content\/uploads\/2025\/08\/Manual_Aluno_Stricto_2025.pdf\">https:\/\/amazonia.fiocruz.br\/wp-content\/uploads\/2025\/08\/Manual_Aluno_Stricto_2025.pdf<\/a><br \/>\n<\/span><\/p>\n<p style=\"text-align: justify;\"><span style=\"color: #808080;\">Direcionado aos programas de Mestrado e Doutorado, este documento aborda as normas e procedimentos relacionados \u00e0 pesquisa, produ\u00e7\u00e3o acad\u00eamica e defesa de trabalhos.<br \/>\n<\/span><\/p>\n<p style=\"text-align: justify;\">\n<\/div><\/section><br \/>\n<section class=\"av_textblock_section \"  itemscope=\"itemscope\" itemtype=\"https:\/\/schema.org\/CreativeWork\" ><div class='avia_textblock  '   itemprop=\"text\" ><div>\n<h4><strong>\u00a0<\/strong><\/h4>\n<\/div>\n<\/div><\/section><\/p><\/div><div class=\"flex_column av_one_third  flex_column_div av-zero-column-padding   avia-builder-el-9  el_after_av_two_third  avia-builder-el-last  \" style='border-radius:0px; '><section class=\"av_textblock_section \"  itemscope=\"itemscope\" itemtype=\"https:\/\/schema.org\/CreativeWork\" ><div class='avia_textblock  '   itemprop=\"text\" ><div>\n<h4><strong>\u00a0<\/strong><\/h4>\n<\/div>\n<\/div><\/section><br \/>\n<section class=\"av_textblock_section \"  itemscope=\"itemscope\" itemtype=\"https:\/\/schema.org\/CreativeWork\" ><div class='avia_textblock  '   itemprop=\"text\" ><div>\n<h4><strong>\u00a0<\/strong><\/h4>\n<\/div>\n<\/div><\/section><br \/>\n<section class=\"av_textblock_section \"  itemscope=\"itemscope\" itemtype=\"https:\/\/schema.org\/CreativeWork\" ><div class='avia_textblock  '   itemprop=\"text\" ><div>\n<h4><strong>\u00a0<\/strong><\/h4>\n<\/div>\n<\/div><\/section><br \/>\n<section class=\"av_textblock_section \"  itemscope=\"itemscope\" itemtype=\"https:\/\/schema.org\/CreativeWork\" ><div class='avia_textblock  '   itemprop=\"text\" ><div><img decoding=\"async\" class=\"wp-image-55515 alignnone\" src=\"https:\/\/amazonia.fiocruz.br\/wp-content\/uploads\/2025\/08\/manual-do-aluno-2025-212x300.jpeg\" alt=\"\" width=\"238\" height=\"336\" srcset=\"https:\/\/amazonia.fiocruz.br\/wp-content\/uploads\/2025\/08\/manual-do-aluno-2025-212x300.jpeg 212w, https:\/\/amazonia.fiocruz.br\/wp-content\/uploads\/2025\/08\/manual-do-aluno-2025-768x1086.jpeg 768w, https:\/\/amazonia.fiocruz.br\/wp-content\/uploads\/2025\/08\/manual-do-aluno-2025-1086x1536.jpeg 1086w, https:\/\/amazonia.fiocruz.br\/wp-content\/uploads\/2025\/08\/manual-do-aluno-2025-1060x1500.jpeg 1060w, https:\/\/amazonia.fiocruz.br\/wp-content\/uploads\/2025\/08\/manual-do-aluno-2025-498x705.jpeg 498w, https:\/\/amazonia.fiocruz.br\/wp-content\/uploads\/2025\/08\/manual-do-aluno-2025.jpeg 1131w\" sizes=\"(max-width: 238px) 100vw, 238px\" \/><\/div>\n<div><\/div>\n<div><\/div>\n<div>\n<p><img decoding=\"async\" class=\"alignnone wp-image-52248\" src=\"https:\/\/amazonia.fiocruz.br\/wp-content\/uploads\/2025\/01\/Screenshot-2025-01-06-at-15-15-31-MANUAL-DO-ALUNO-Manual-do-Aluno-LATO-SENSU-16-10-2017.pdf.png\" alt=\"\" width=\"237\" height=\"334\" srcset=\"https:\/\/amazonia.fiocruz.br\/wp-content\/uploads\/2025\/01\/Screenshot-2025-01-06-at-15-15-31-MANUAL-DO-ALUNO-Manual-do-Aluno-LATO-SENSU-16-10-2017.pdf.png 594w, https:\/\/amazonia.fiocruz.br\/wp-content\/uploads\/2025\/01\/Screenshot-2025-01-06-at-15-15-31-MANUAL-DO-ALUNO-Manual-do-Aluno-LATO-SENSU-16-10-2017.pdf-213x300.png 213w, https:\/\/amazonia.fiocruz.br\/wp-content\/uploads\/2025\/01\/Screenshot-2025-01-06-at-15-15-31-MANUAL-DO-ALUNO-Manual-do-Aluno-LATO-SENSU-16-10-2017.pdf-500x705.png 500w\" sizes=\"(max-width: 237px) 100vw, 237px\" \/><\/p>\n<h4><strong>\u00a0<\/strong><\/h4>\n<\/div>\n<\/div><\/section><\/p><\/div><\/p>\n","protected":false},"excerpt":{"rendered":"","protected":false},"author":69,"featured_media":0,"parent":0,"menu_order":0,"comment_status":"closed","ping_status":"closed","template":"","meta":{"footnotes":""},"class_list":["post-52239","page","type-page","status-publish","hentry"],"_links":{"self":[{"href":"https:\/\/amazonia.fiocruz.br\/index.php?rest_route=\/wp\/v2\/pages\/52239","targetHints":{"allow":["GET"]}}],"collection":[{"href":"https:\/\/amazonia.fiocruz.br\/index.php?rest_route=\/wp\/v2\/pages"}],"about":[{"href":"https:\/\/amazonia.fiocruz.br\/index.php?rest_route=\/wp\/v2\/types\/page"}],"author":[{"embeddable":true,"href":"https:\/\/amazonia.fiocruz.br\/index.php?rest_route=\/wp\/v2\/users\/69"}],"replies":[{"embeddable":true,"href":"https:\/\/amazonia.fiocruz.br\/index.php?rest_route=%2Fwp%2Fv2%2Fcomments&post=52239"}],"version-history":[{"count":4,"href":"https:\/\/amazonia.fiocruz.br\/index.php?rest_route=\/wp\/v2\/pages\/52239\/revisions"}],"predecessor-version":[{"id":55585,"href":"https:\/\/amazonia.fiocruz.br\/index.php?rest_route=\/wp\/v2\/pages\/52239\/revisions\/55585"}],"wp:attachment":[{"href":"https:\/\/amazonia.fiocruz.br\/index.php?rest_route=%2Fwp%2Fv2%2Fmedia&parent=52239"}],"curies":[{"name":"wp","href":"https:\/\/api.w.org\/{rel}","templated":true}]}}