{"id":46414,"date":"2024-06-21T16:28:15","date_gmt":"2024-06-21T20:28:15","guid":{"rendered":"https:\/\/amazonia.fiocruz.br\/?page_id=46414"},"modified":"2025-06-17T10:39:50","modified_gmt":"2025-06-17T14:39:50","slug":"mestrado-profissional-em-saude-publica-projeto-qualificasus-2-2","status":"publish","type":"page","link":"https:\/\/amazonia.fiocruz.br\/?page_id=46414","title":{"rendered":"Cursos de Atualiza\u00e7\u00e3o &#8211; Projeto QualificaSUS"},"content":{"rendered":"<div id='av_section_1'  class='avia-section main_color avia-section-default avia-no-shadow  avia-full-stretch avia-bg-style-scroll  avia-builder-el-0  el_before_av_submenu  avia-builder-el-first   av-minimum-height av-minimum-height-50  container_wrap sidebar_right' style='background-repeat: no-repeat; background-image: url(https:\/\/amazonia.fiocruz.br\/wp-content\/uploads\/2024\/04\/scv-wevwd-1.png);background-attachment: scroll; background-position: top left;  '  data-section-bg-repeat='stretch' data-av_minimum_height_pc='50'><div class='container' ><main  role=\"main\" itemprop=\"mainContentOfPage\"  class='template-page content  av-content-small alpha units'><div class='post-entry post-entry-type-page post-entry-46414'><div class='entry-content-wrapper clearfix'>\n<div class=\"flex_column av_one_half  flex_column_div av-zero-column-padding first  avia-builder-el-1  avia-builder-el-no-sibling  \" style='border-radius:0px; '><div  style='padding-bottom:10px; color:#ffffff;font-size:30px;' class='av-special-heading av-special-heading-h3 custom-color-heading blockquote modern-quote  avia-builder-el-2  avia-builder-el-no-sibling  av-inherit-size '><h3 class='av-special-heading-tag '  itemprop=\"headline\"  >CURSOS DE ATUALIZA\u00c7\u00c3O<\/h3><div class ='av-subheading av-subheading_below av_custom_color ' style='font-size:18px;'><p>Stricto Sensu<\/p>\n<\/div><div class='special-heading-border'><div class='special-heading-inner-border' style='border-color:#ffffff'><\/div><\/div><\/div><\/div>\n\n<\/div><\/div><\/main><!-- close content main element --><\/div><\/div><div class='clear'><\/div><div id='sub_menu1'  class='av-submenu-container header_color  avia-builder-el-3  el_after_av_section  el_before_av_section  av-sticky-submenu  submenu-not-first container_wrap sidebar_right' style='  z-index:301' ><div class='container av-menu-mobile-disabled '><ul id='av-custom-submenu-1' class='av-subnav-menu av-submenu-pos-center'>\n<li class='menu-item menu-item-top-level  menu-item-top-level-1'><a href='https:\/\/amazonia.fiocruz.br\/?page_id=43523' ><span class='avia-bullet'><\/span><span class='avia-menu-text'>O projeto<\/span><\/a><\/li>\n<li class='menu-item menu-item-top-level  menu-item-top-level-2'><a href='https:\/\/amazonia.fiocruz.br\/?page_id=46364' ><span class='avia-bullet'><\/span><span class='avia-menu-text'>Qualifica\u00e7\u00f5es<\/span><\/a><\/li>\n<li class='menu-item menu-item-top-level  menu-item-top-level-3'><a href='https:\/\/amazonia.fiocruz.br\/?page_id=43551' ><span class='avia-bullet'><\/span><span class='avia-menu-text'>Mestrado<\/span><\/a><\/li>\n<li class='menu-item menu-item-top-level  menu-item-top-level-4'><a href='https:\/\/amazonia.fiocruz.br\/?page_id=43584' ><span class='avia-bullet'><\/span><span class='avia-menu-text'>Especializa\u00e7\u00e3o<\/span><\/a><\/li>\n<li class='menu-item menu-item-top-level  menu-item-top-level-5'><a href='https:\/\/amazonia.fiocruz.br\/?page_id=46414' ><span class='avia-bullet'><\/span><span class='avia-menu-text'>Curso de Atualiza\u00e7\u00e3o<\/span><\/a><\/li>\n<\/ul><\/div><\/div><div class='sticky_placeholder'><\/div>\n<div id='av_section_2'  class='avia-section main_color avia-section-small avia-no-border-styling  avia-bg-style-scroll  avia-builder-el-4  el_after_av_submenu  avia-builder-el-last   container_wrap sidebar_right' style=' '  ><div class='container' ><div class='template-page content  av-content-small alpha units'><div class='post-entry post-entry-type-page post-entry-46414'><div class='entry-content-wrapper clearfix'>\n<section class=\"av_textblock_section \"  itemscope=\"itemscope\" itemtype=\"https:\/\/schema.org\/CreativeWork\" ><div class='avia_textblock  '   itemprop=\"text\" ><p>\u2800\u2800\u2800\u2800\u2800\u2800\u2800\u2800\u2800<\/p>\n<\/div><\/section>\n<div class=\"flex_column av_two_third  flex_column_div av-zero-column-padding first  avia-builder-el-6  el_after_av_textblock  el_before_av_iconlist  column-top-margin\" style='border-radius:0px; '><section class=\"av_textblock_section \"  itemscope=\"itemscope\" itemtype=\"https:\/\/schema.org\/CreativeWork\" ><div class='avia_textblock  '   itemprop=\"text\" ><h2>SOBRE O CURSO<\/h2>\n<hr \/>\n<h2><\/h2>\n<\/div><\/section><br \/>\n<section class=\"av_textblock_section \"  itemscope=\"itemscope\" itemtype=\"https:\/\/schema.org\/CreativeWork\" ><div class='avia_textblock  '   itemprop=\"text\" ><p style=\"text-align: justify;\"><span style=\"color: #808080;\">Em parceria com o Conselho dos Secret\u00e1rios Municipais de Sa\u00fade do Amazonas \u2013 COSEMS\/AM, o ILMD\/Fiocruz Amaz\u00f4nia promoveu a oferta de 6 cursos de atualiza\u00e7\u00e3o durante o per\u00edodo de 2019 a 2023 em todos os 62 munic\u00edpios do Estado do Amazonas.<\/span><\/p>\n<\/div><\/section><br \/>\n<section class=\"av_textblock_section \"  itemscope=\"itemscope\" itemtype=\"https:\/\/schema.org\/CreativeWork\" ><div class='avia_textblock  '   itemprop=\"text\" ><p>\u2800\u2800\u2800\u2800\u2800\u2800\u2800\u2800\u2800<\/p>\n<\/div><\/section><br \/>\n<section class=\"av_textblock_section \"  itemscope=\"itemscope\" itemtype=\"https:\/\/schema.org\/CreativeWork\" ><div class='avia_textblock  '   itemprop=\"text\" ><p>\u2800\u2800\u2800\u2800\u2800\u2800\u2800\u2800\u2800<\/p>\n<\/div><\/section><br \/>\n<section class=\"av_textblock_section \"  itemscope=\"itemscope\" itemtype=\"https:\/\/schema.org\/CreativeWork\" ><div class='avia_textblock  '   itemprop=\"text\" ><h2>P\u00daBLICO-ALVO<\/h2>\n<hr \/>\n<h2><\/h2>\n<\/div><\/section><br \/>\n<section class=\"av_textblock_section \"  itemscope=\"itemscope\" itemtype=\"https:\/\/schema.org\/CreativeWork\" ><div class='avia_textblock  '   itemprop=\"text\" ><p style=\"text-align: justify;\"><span style=\"color: #808080;\">As ofertas foram direcionadas aos Agentes Comunit\u00e1rios de Sa\u00fade &#8211; ACS e Agentes de Combate a Endemias &#8211; ACE, de todos os munic\u00edpios do Amazonas, vinculados \u00e0s respectivas Secretarias Municipais de Sa\u00fade, e que desempenhavam suas fun\u00e7\u00f5es e\/ou atividades no cuidado prim\u00e1rio \u00e0 sa\u00fade da popula\u00e7\u00e3o do munic\u00edpio.<\/span><\/p>\n<\/div><\/section><br \/>\n<section class=\"av_textblock_section \"  itemscope=\"itemscope\" itemtype=\"https:\/\/schema.org\/CreativeWork\" ><div class='avia_textblock  '   itemprop=\"text\" ><p>\u2800\u2800\u2800\u2800\u2800\u2800\u2800\u2800\u2800<\/p>\n<\/div><\/section><br \/>\n<section class=\"av_textblock_section \"  itemscope=\"itemscope\" itemtype=\"https:\/\/schema.org\/CreativeWork\" ><div class='avia_textblock  '   itemprop=\"text\" ><p>\u2800\u2800\u2800\u2800\u2800\u2800\u2800\u2800\u2800<\/p>\n<\/div><\/section><br \/>\n<section class=\"av_textblock_section \"  itemscope=\"itemscope\" itemtype=\"https:\/\/schema.org\/CreativeWork\" ><div class='avia_textblock  '   itemprop=\"text\" ><h2>CURSOS OFERTADOS<\/h2>\n<hr \/>\n<h2><\/h2>\n<\/div><\/section><br \/>\n<section class=\"av_textblock_section \"  itemscope=\"itemscope\" itemtype=\"https:\/\/schema.org\/CreativeWork\" ><div class='avia_textblock  '   itemprop=\"text\" ><ol>\n<li><span style=\"color: #808080;\">Organiza\u00e7\u00e3o de A\u00e7\u00f5es de Vigil\u00e2ncia, Preven\u00e7\u00e3o e Controle de Agravos Notific\u00e1veis<br \/>\na. 64 turmas ofertadas em 38 munic\u00edpios<br \/>\nb. 3074 profissionais capacitados<\/span><\/li>\n<li><span style=\"color: #808080;\">Organiza\u00e7\u00e3o de A\u00e7\u00f5es de Monitoramento de Agravos Imunopreven\u00edveis<br \/>\na. 22 turmas ofertadas em 16 munic\u00edpios<br \/>\nb. 1077 profissionais capacitados<\/span><\/li>\n<li><span style=\"color: #808080;\">Organiza\u00e7\u00e3o de Protocolo para Coleta de TR DPP Covid-19 em \u00e1rea ind\u00edgena<br \/>\na. 8 turmas ofertadas em 7 munic\u00edpios<br \/>\nb. 192 profissionais capacitados<\/span><\/li>\n<li><span style=\"color: #808080;\">Organiza\u00e7\u00e3o de Protocolo para Coleta de Swab para RT-PCR Covid-19 em \u00e1rea ind\u00edgena<br \/>\na. 2 turmas ofertadas em 2 munic\u00edpios<br \/>\nb. 30 profissionais capacitados<\/span><\/li>\n<li><span style=\"color: #808080;\">Organiza\u00e7\u00e3o de Protocolo para o Combate \u00e0 Covid-19: oximetria para diagn\u00f3stico de agravamento<br \/>\na. 37 turmas ofertadas em 21 munic\u00edpios<br \/>\nb. 741 profissionais capacitados<\/span><\/li>\n<li><span style=\"color: #808080;\">Estrat\u00e9gias para o combate \u00e0 COVID-19: Teste de ant\u00edgeno e uso da oximetria<br \/>\na. 3 turmas ofertadas em 2 munic\u00edpios<br \/>\nb. 62 profissionais capacitados<\/span><br class=\"avia-permanent-lb\" \/><span style=\"color: #808080;\">Ao todo, mais de 5 mil profissionais ACS e ACE foram capacitados atrav\u00e9s das mais de 130 turmas realizadas.<\/span><\/li>\n<\/ol>\n<\/div><\/section><br \/>\n<section class=\"av_textblock_section \"  itemscope=\"itemscope\" itemtype=\"https:\/\/schema.org\/CreativeWork\" ><div class='avia_textblock  '   itemprop=\"text\" ><p>\u2800\u2800\u2800\u2800\u2800\u2800\u2800\u2800\u2800<\/p>\n<\/div><\/section><br \/>\n<section class=\"av_textblock_section \"  itemscope=\"itemscope\" itemtype=\"https:\/\/schema.org\/CreativeWork\" ><div class='avia_textblock  '   itemprop=\"text\" ><p>\u2800\u2800\u2800\u2800\u2800\u2800\u2800\u2800\u2800<\/p>\n<\/div><\/section><br \/>\n<section class=\"av_textblock_section \"  itemscope=\"itemscope\" itemtype=\"https:\/\/schema.org\/CreativeWork\" ><div class='avia_textblock  '   itemprop=\"text\" ><h2>COORDENADORES<\/h2>\n<hr \/>\n<h2><\/h2>\n<\/div><\/section><br \/>\n<section class=\"av_textblock_section \"  itemscope=\"itemscope\" itemtype=\"https:\/\/schema.org\/CreativeWork\" ><div class='avia_textblock  '   itemprop=\"text\" ><ol>\n<li><span style=\"color: #808080;\">Rosana Cristina Pereira Parente<\/li>\n<li><span style=\"color: #808080;\">Sully de Souza Sampaio<\/li>\n<\/ol>\n<\/div><\/section><br \/>\n<section class=\"av_textblock_section \"  itemscope=\"itemscope\" itemtype=\"https:\/\/schema.org\/CreativeWork\" ><div class='avia_textblock  '   itemprop=\"text\" ><p>\u2800\u2800\u2800\u2800\u2800\u2800\u2800\u2800\u2800<\/p>\n<\/div><\/section><br \/>\n<section class=\"av_textblock_section \"  itemscope=\"itemscope\" itemtype=\"https:\/\/schema.org\/CreativeWork\" ><div class='avia_textblock  '   itemprop=\"text\" ><p>\u2800\u2800\u2800\u2800\u2800\u2800\u2800\u2800\u2800<\/p>\n<\/div><\/section><br \/>\n<section class=\"av_textblock_section \"  itemscope=\"itemscope\" itemtype=\"https:\/\/schema.org\/CreativeWork\" ><div class='avia_textblock  '   itemprop=\"text\" ><h2>FACILITADORES<\/h2>\n<hr \/>\n<h2><\/h2>\n<\/div><\/section><br \/>\n<section class=\"av_textblock_section \"  itemscope=\"itemscope\" itemtype=\"https:\/\/schema.org\/CreativeWork\" ><div class='avia_textblock  '   itemprop=\"text\" ><ol>\n<li><span style=\"color: #808080;\">Ant\u00f4nia Eliene Rodrigues Pereira<\/li>\n<li><span style=\"color: #808080;\">Bruna Cauassa Diniz<\/li>\n<li><span style=\"color: #808080;\">Elciane Santos Vasconcelos<\/li>\n<li><span style=\"color: #808080;\">Juliane Silva Bel\u00e9m<\/li>\n<li><span style=\"color: #808080;\">Klicia Martiniano Remigio<\/li>\n<li><span style=\"color: #808080;\">Luana da Silva Praia<\/li>\n<li><span style=\"color: #808080;\">Mariza Quercio Machado<\/li>\n<li><span style=\"color: #808080;\">Rangel Mayesk Soares Moraes<\/li>\n<li><span style=\"color: #808080;\">Sully de Souza Sampaio<\/li>\n<li><span style=\"color: #808080;\">Uziel Ferreira Suwa<\/li>\n<li><span style=\"color: #808080;\">Yasmim Ribeiro Fontenele<\/li>\n<\/ol>\n<\/div><\/section><br \/>\n<section class=\"av_textblock_section \"  itemscope=\"itemscope\" itemtype=\"https:\/\/schema.org\/CreativeWork\" ><div class='avia_textblock  '   itemprop=\"text\" ><p>\u2800\u2800\u2800\u2800\u2800\u2800\u2800\u2800\u2800<\/p>\n<\/div><\/section><br \/>\n<section class=\"av_textblock_section \"  itemscope=\"itemscope\" itemtype=\"https:\/\/schema.org\/CreativeWork\" ><div class='avia_textblock  '   itemprop=\"text\" ><h2>RELAT\u00d3RIOS<\/h2>\n<hr \/>\n<h2><\/h2>\n<\/div><\/section><\/p><\/div><div  class='avia-icon-list-container   avia-builder-el-27  el_after_av_two_third  el_before_av_one_full '><ul class='avia-icon-list avia-icon-list-left av-iconlist-big avia_animate_when_almost_visible avia-iconlist-animate'>\n<li><div  class='iconlist_icon  avia-font-entypo-fontello'><span class='iconlist-char ' aria-hidden='true' data-av_icon='\ue84d' data-av_iconfont='entypo-fontello'><\/span><\/div><article class=\"article-icon-entry \"  itemscope=\"itemscope\" itemtype=\"https:\/\/schema.org\/CreativeWork\" ><div class='iconlist_content_wrap'><header class=\"entry-content-header\"><h4 class='av_iconlist_title iconlist_title   '  itemprop=\"headline\"  ><a href='https:\/\/amazonia.fiocruz.br\/wp-content\/uploads\/2025\/06\/000_Relatorio_QualificaSUSII_Curso-de-Formacao-Inicial-de-Agente-Comunitario-de-Saude_Turmas-2024-a-Maio-2025.pdf' title='Curso de Forma\u00e7\u00e3o Inicial para  Agentes Comunit\u00e1rios de Sa\u00fade'>Curso de Forma\u00e7\u00e3o Inicial para  Agentes Comunit\u00e1rios de Sa\u00fade<\/a><\/h4><\/header><div class='iconlist_content  '  itemprop=\"text\"  ><p>Turmas 2024 a maio de 2025<\/p>\n<\/div><\/div><footer class=\"entry-footer\"><\/footer><\/article><div class='iconlist-timeline'><\/div><\/li>\n<\/ul><\/div>\n<div class=\"flex_column av_one_full  flex_column_div av-zero-column-padding first  avia-builder-el-28  el_after_av_iconlist  avia-builder-el-last  \" style='border-radius:0px; '><div  class='avia-image-container  av-styling-    avia-builder-el-29  avia-builder-el-no-sibling  avia-align-center '  itemprop=\"image\" itemscope=\"itemscope\" itemtype=\"https:\/\/schema.org\/ImageObject\"  ><div class='avia-image-container-inner'><div class='avia-image-overlay-wrap'><img decoding=\"async\" class='wp-image-0 avia-img-lazy-loading-not-0 avia_image' src=\"http:\/\/fiocruz2.amaloka.com.br\/wp-content\/uploads\/2016\/06\/bannerscurso9.jpg\" alt='' title=''   itemprop=\"thumbnailUrl\"  \/><\/div><\/div><\/div><\/div><\/div><\/div><\/div><!-- close content main div --><\/div><\/div><div id='after_section_2'  class='main_color av_default_container_wrap container_wrap sidebar_right' style=' '  ><div class='container' ><div class='template-page content  av-content-small alpha units'><div class='post-entry post-entry-type-page post-entry-46414'><div class='entry-content-wrapper clearfix'>\n","protected":false},"excerpt":{"rendered":"","protected":false},"author":69,"featured_media":0,"parent":0,"menu_order":0,"comment_status":"closed","ping_status":"closed","template":"","meta":{"footnotes":""},"class_list":["post-46414","page","type-page","status-publish","hentry"],"_links":{"self":[{"href":"https:\/\/amazonia.fiocruz.br\/index.php?rest_route=\/wp\/v2\/pages\/46414","targetHints":{"allow":["GET"]}}],"collection":[{"href":"https:\/\/amazonia.fiocruz.br\/index.php?rest_route=\/wp\/v2\/pages"}],"about":[{"href":"https:\/\/amazonia.fiocruz.br\/index.php?rest_route=\/wp\/v2\/types\/page"}],"author":[{"embeddable":true,"href":"https:\/\/amazonia.fiocruz.br\/index.php?rest_route=\/wp\/v2\/users\/69"}],"replies":[{"embeddable":true,"href":"https:\/\/amazonia.fiocruz.br\/index.php?rest_route=%2Fwp%2Fv2%2Fcomments&post=46414"}],"version-history":[{"count":16,"href":"https:\/\/amazonia.fiocruz.br\/index.php?rest_route=\/wp\/v2\/pages\/46414\/revisions"}],"predecessor-version":[{"id":54888,"href":"https:\/\/amazonia.fiocruz.br\/index.php?rest_route=\/wp\/v2\/pages\/46414\/revisions\/54888"}],"wp:attachment":[{"href":"https:\/\/amazonia.fiocruz.br\/index.php?rest_route=%2Fwp%2Fv2%2Fmedia&parent=46414"}],"curies":[{"name":"wp","href":"https:\/\/api.w.org\/{rel}","templated":true}]}}