{"id":46364,"date":"2024-06-21T11:59:32","date_gmt":"2024-06-21T15:59:32","guid":{"rendered":"https:\/\/amazonia.fiocruz.br\/?page_id=46364"},"modified":"2025-06-16T14:32:59","modified_gmt":"2025-06-16T18:32:59","slug":"doutorado-2-2-2","status":"publish","type":"page","link":"https:\/\/amazonia.fiocruz.br\/?page_id=46364","title":{"rendered":"Projeto QualificaSUS"},"content":{"rendered":"<div id='av_section_1'  class='avia-section main_color avia-section-default avia-no-shadow  avia-full-stretch avia-bg-style-scroll  avia-builder-el-0  el_before_av_submenu  avia-builder-el-first   av-minimum-height av-minimum-height-50  container_wrap sidebar_right' style='background-repeat: no-repeat; background-image: url(https:\/\/amazonia.fiocruz.br\/wp-content\/uploads\/2024\/04\/scv-wevw.png);background-attachment: scroll; background-position: top left;  '  data-section-bg-repeat='stretch' data-av_minimum_height_pc='50'><div class='container' ><main  role=\"main\" itemprop=\"mainContentOfPage\"  class='template-page content  av-content-small alpha units'><div class='post-entry post-entry-type-page post-entry-46364'><div class='entry-content-wrapper clearfix'>\n<div class=\"flex_column av_one_half  flex_column_div av-zero-column-padding first  avia-builder-el-1  avia-builder-el-no-sibling  \" style='border-radius:0px; '><div  style='padding-bottom:10px; color:#ffffff;font-size:30px;' class='av-special-heading av-special-heading-h3 custom-color-heading blockquote modern-quote  avia-builder-el-2  avia-builder-el-no-sibling  av-inherit-size '><h3 class='av-special-heading-tag '  itemprop=\"headline\"  >PROJETO QUALIFICASUS<\/h3><div class ='av-subheading av-subheading_below av_custom_color ' style='font-size:18px;'><p>ILMD\/Fiocruz Amaz\u00f4nia<\/p>\n<\/div><div class='special-heading-border'><div class='special-heading-inner-border' style='border-color:#ffffff'><\/div><\/div><\/div><\/div>\n\n<\/div><\/div><\/main><!-- close content main element --><\/div><\/div><div class='clear'><\/div><div id='sub_menu1'  class='av-submenu-container header_color  avia-builder-el-3  el_after_av_section  el_before_av_section  av-sticky-submenu  submenu-not-first container_wrap sidebar_right' style='  z-index:301' ><div class='container av-menu-mobile-disabled '><ul id='av-custom-submenu-1' class='av-subnav-menu av-submenu-pos-center'>\n<li class='menu-item menu-item-top-level  menu-item-top-level-1'><a href='https:\/\/amazonia.fiocruz.br\/?page_id=43523' ><span class='avia-bullet'><\/span><span class='avia-menu-text'>O projeto<\/span><\/a><\/li>\n<li class='menu-item menu-item-top-level  menu-item-top-level-2'><a href='https:\/\/amazonia.fiocruz.br\/?page_id=46364' ><span class='avia-bullet'><\/span><span class='avia-menu-text'>Qualifica\u00e7\u00f5es<\/span><\/a><\/li>\n<li class='menu-item menu-item-top-level  menu-item-top-level-3'><a href='https:\/\/amazonia.fiocruz.br\/?page_id=43551' ><span class='avia-bullet'><\/span><span class='avia-menu-text'>Mestrado<\/span><\/a><\/li>\n<li class='menu-item menu-item-top-level  menu-item-top-level-4'><a href='https:\/\/amazonia.fiocruz.br\/?page_id=43584' ><span class='avia-bullet'><\/span><span class='avia-menu-text'>Especializa\u00e7\u00e3o<\/span><\/a><\/li>\n<li class='menu-item menu-item-top-level  menu-item-top-level-5'><a href='https:\/\/amazonia.fiocruz.br\/?page_id=46414' ><span class='avia-bullet'><\/span><span class='avia-menu-text'>Cursos de Atualiza\u00e7\u00e3o<\/span><\/a><\/li>\n<\/ul><\/div><\/div><div class='sticky_placeholder'><\/div>\n<div id='cursos'  class='avia-section alternate_color avia-section-default avia-no-border-styling  avia-bg-style-scroll  avia-builder-el-4  el_after_av_submenu  avia-builder-el-last   av-minimum-height av-minimum-height-50  container_wrap sidebar_right' style=' '   data-av_minimum_height_pc='50'><div class='container' ><div class='template-page content  av-content-small alpha units'><div class='post-entry post-entry-type-page post-entry-46364'><div class='entry-content-wrapper clearfix'>\n<section class=\"av_textblock_section \"  itemscope=\"itemscope\" itemtype=\"https:\/\/schema.org\/CreativeWork\" ><div class='avia_textblock  '   itemprop=\"text\" ><h2><span style=\"color: #000000;\">Qualifica\u00e7\u00f5es Oferecidas<\/h2>\n<hr \/>\n<h2><\/h2>\n<\/div><\/section>\n<section class=\"av_textblock_section \"  itemscope=\"itemscope\" itemtype=\"https:\/\/schema.org\/CreativeWork\" ><div class='avia_textblock  '   itemprop=\"text\" ><p style=\"text-align: justify;\"><span style=\"color: #808080;\">No projeto QualificaSUS, acreditamos que a excel\u00eancia na sa\u00fade p\u00fablica come\u00e7a com a forma\u00e7\u00e3o cont\u00ednua e de qualidade dos seus profissionais. Por isso, oferecemos diversas oportunidades de qualifica\u00e7\u00e3o que atendem \u00e0s necessidades variadas dos trabalhadores do Sistema \u00danico de Sa\u00fade (SUS). As nossas qualifica\u00e7\u00f5es incluem:<\/p>\n<\/div><\/section>\n<div class=\"flex_column av_one_third  flex_column_div first  avia-builder-el-7  el_after_av_textblock  el_before_av_one_third  column-top-margin\" ><section class=\"av_textblock_section \"  itemscope=\"itemscope\" itemtype=\"https:\/\/schema.org\/CreativeWork\" ><div class='avia_textblock  '   itemprop=\"text\" ><h3><span style=\"color: #000000;\"><strong>Mestrado Profissional em Sa\u00fade P\u00fablica<\/strong><\/h3>\n<h4><\/h4>\n<\/div><\/section><br \/>\n<section class=\"av_textblock_section \"  itemscope=\"itemscope\" itemtype=\"https:\/\/schema.org\/CreativeWork\" ><div class='avia_textblock  '   itemprop=\"text\" ><p style=\"text-align: justify;\"><span style=\"color: #808080;\">O Mestrado Profissional em Sa\u00fade P\u00fablica \u00e9 voltado para aqueles que desejam aprofundar seus conhecimentos te\u00f3ricos e pr\u00e1ticos, desenvolvendo compet\u00eancias avan\u00e7adas na \u00e1rea da sa\u00fade p\u00fablica. Este programa oferece uma forma\u00e7\u00e3o robusta, com foco na aplica\u00e7\u00e3o pr\u00e1tica do conhecimento cient\u00edfico para a melhoria das pol\u00edticas e pr\u00e1ticas de sa\u00fade. Os alunos ter\u00e3o a oportunidade de participar de pesquisas relevantes e inovadoras, contribuindo diretamente para o fortalecimento do SUS.<\/p>\n<\/div><\/section><br \/>\n<div  class='avia-icon-list-container   avia-builder-el-10  el_after_av_textblock  avia-builder-el-last '><ul class='avia-icon-list avia-icon-list-left av-iconlist-small avia_animate_when_almost_visible avia-iconlist-animate'>\n<li><div  class='iconlist_icon  avia-font-entypo-fontello'><span class='iconlist-char ' aria-hidden='true' data-av_icon='\ue84f' data-av_iconfont='entypo-fontello'><\/span><\/div><article class=\"article-icon-entry av-iconlist-empty\"  itemscope=\"itemscope\" itemtype=\"https:\/\/schema.org\/CreativeWork\" ><div class='iconlist_content_wrap'><header class=\"entry-content-header\"><div class='av_iconlist_title iconlist_title_small   '  itemprop=\"headline\"  ><a href='https:\/\/amazonia.fiocruz.br\/?page_id=43551' title='Mestrado Profissional em Sa\u00fade P\u00fablica'>Mestrado Profissional em Sa\u00fade P\u00fablica<\/a><\/div><\/header><div class='iconlist_content  '  itemprop=\"text\"  ><\/div><\/div><footer class=\"entry-footer\"><\/footer><\/article><div class='iconlist-timeline'><\/div><\/li>\n<\/ul><\/div><\/p><\/div><div class=\"flex_column av_one_third  flex_column_div   avia-builder-el-11  el_after_av_one_third  el_before_av_one_third  column-top-margin\" ><section class=\"av_textblock_section \"  itemscope=\"itemscope\" itemtype=\"https:\/\/schema.org\/CreativeWork\" ><div class='avia_textblock  '   itemprop=\"text\" ><h3><strong><span style=\"color: #000000;\">Especializa\u00e7\u00e3o <em>Lato Sensu<\/em><\/span><\/strong><\/h3>\n<\/div><\/section><br \/>\n<section class=\"av_textblock_section \"  itemscope=\"itemscope\" itemtype=\"https:\/\/schema.org\/CreativeWork\" ><div class='avia_textblock  '   itemprop=\"text\" ><p style=\"text-align: justify;\"><span style=\"color: #808080;\">Nossa Especializa\u00e7\u00e3o Lato Sensu \u00e9 ideal para profissionais que buscam se especializar em \u00e1reas espec\u00edficas da sa\u00fade p\u00fablica. Este curso oferece uma forma\u00e7\u00e3o de alta qualidade, com foco em temas relevantes e atuais, proporcionando uma base s\u00f3lida de conhecimento e habilidades pr\u00e1ticas. Os programas de especializa\u00e7\u00e3o s\u00e3o desenhados para atender \u00e0s demandas do mercado de trabalho, preparando os profissionais para enfrentar os desafios di\u00e1rios da sa\u00fade p\u00fablica com compet\u00eancia e inova\u00e7\u00e3o.<\/p>\n<\/div><\/section><br \/>\n<div  class='avia-icon-list-container   avia-builder-el-14  el_after_av_textblock  avia-builder-el-last '><ul class='avia-icon-list avia-icon-list-left av-iconlist-small avia_animate_when_almost_visible avia-iconlist-animate'>\n<li><div  class='iconlist_icon  avia-font-entypo-fontello'><span class='iconlist-char ' aria-hidden='true' data-av_icon='\ue84d' data-av_iconfont='entypo-fontello'><\/span><\/div><article class=\"article-icon-entry av-iconlist-empty\"  itemscope=\"itemscope\" itemtype=\"https:\/\/schema.org\/CreativeWork\" ><div class='iconlist_content_wrap'><header class=\"entry-content-header\"><div class='av_iconlist_title iconlist_title_small   '  itemprop=\"headline\"  ><a href='https:\/\/amazonia.fiocruz.br\/?page_id=43584' title='Especializa\u00e7\u00e3o Lato Sensu '>Especializa\u00e7\u00e3o Lato Sensu <\/a><\/div><\/header><div class='iconlist_content  '  itemprop=\"text\"  ><\/div><\/div><footer class=\"entry-footer\"><\/footer><\/article><div class='iconlist-timeline'><\/div><\/li>\n<\/ul><\/div><\/p><\/div><div class=\"flex_column av_one_third  flex_column_div   avia-builder-el-15  el_after_av_one_third  el_before_av_one_third  column-top-margin\" ><section class=\"av_textblock_section \"  itemscope=\"itemscope\" itemtype=\"https:\/\/schema.org\/CreativeWork\" ><div class='avia_textblock  '   itemprop=\"text\" ><h3><strong><span style=\"color: #000000;\">Cursos de Atualiza\u00e7\u00e3o<\/strong><\/h3>\n<\/div><\/section><br \/>\n<section class=\"av_textblock_section \"  itemscope=\"itemscope\" itemtype=\"https:\/\/schema.org\/CreativeWork\" ><div class='avia_textblock  '   itemprop=\"text\" ><p style=\"text-align: justify;\"><span style=\"color: #808080;\">Os Cursos de Atualiza\u00e7\u00e3o s\u00e3o desenvolvidos para profissionais que precisam se manter atualizados com as \u00faltimas tend\u00eancias e pr\u00e1ticas na \u00e1rea da sa\u00fade p\u00fablica. Estes cursos de curta dura\u00e7\u00e3o s\u00e3o altamente focados, permitindo que os participantes adquiram novos conhecimentos e habilidades de forma r\u00e1pida e eficaz. Oferecemos uma variedade de temas para garantir que os profissionais do SUS possam encontrar cursos que atendam \u00e0s suas necessidades espec\u00edficas e \u00e1reas de interesse.<\/p>\n<\/div><\/section><br \/>\n<div  class='avia-icon-list-container   avia-builder-el-18  el_after_av_textblock  avia-builder-el-last '><ul class='avia-icon-list avia-icon-list-left av-iconlist-small avia_animate_when_almost_visible avia-iconlist-animate'>\n<li><div  class='iconlist_icon  avia-font-entypo-fontello'><span class='iconlist-char ' aria-hidden='true' data-av_icon='\ue8c9' data-av_iconfont='entypo-fontello'><\/span><\/div><article class=\"article-icon-entry av-iconlist-empty\"  itemscope=\"itemscope\" itemtype=\"https:\/\/schema.org\/CreativeWork\" ><div class='iconlist_content_wrap'><header class=\"entry-content-header\"><div class='av_iconlist_title iconlist_title_small   '  itemprop=\"headline\"  ><a href='https:\/\/amazonia.fiocruz.br\/?page_id=46414&preview_id=46414' title='Cursos de Atualiza\u00e7\u00e3o'>Cursos de Atualiza\u00e7\u00e3o<\/a><\/div><\/header><div class='iconlist_content  '  itemprop=\"text\"  ><\/div><\/div><footer class=\"entry-footer\"><\/footer><\/article><div class='iconlist-timeline'><\/div><\/li>\n<\/ul><\/div><\/p><\/div><div class=\"flex_column av_one_third  flex_column_div first  avia-builder-el-19  el_after_av_one_third  el_before_av_one_third  column-top-margin\" ><\/div><div class=\"flex_column av_one_third  flex_column_div   avia-builder-el-20  el_after_av_one_third  el_before_av_one_third  column-top-margin\" ><\/div><div class=\"flex_column av_one_third  flex_column_div   avia-builder-el-21  el_after_av_one_third  avia-builder-el-last  column-top-margin\" ><\/div>\n<\/div><\/div><\/div><!-- close content main div --><\/div><\/div><div id='after_section_2'  class='main_color av_default_container_wrap container_wrap sidebar_right' style=' '  ><div class='container' ><div class='template-page content  av-content-small alpha units'><div class='post-entry post-entry-type-page post-entry-46364'><div class='entry-content-wrapper clearfix'>\n","protected":false},"excerpt":{"rendered":"","protected":false},"author":69,"featured_media":0,"parent":0,"menu_order":0,"comment_status":"closed","ping_status":"closed","template":"","meta":{"footnotes":""},"class_list":["post-46364","page","type-page","status-publish","hentry"],"_links":{"self":[{"href":"https:\/\/amazonia.fiocruz.br\/index.php?rest_route=\/wp\/v2\/pages\/46364","targetHints":{"allow":["GET"]}}],"collection":[{"href":"https:\/\/amazonia.fiocruz.br\/index.php?rest_route=\/wp\/v2\/pages"}],"about":[{"href":"https:\/\/amazonia.fiocruz.br\/index.php?rest_route=\/wp\/v2\/types\/page"}],"author":[{"embeddable":true,"href":"https:\/\/amazonia.fiocruz.br\/index.php?rest_route=\/wp\/v2\/users\/69"}],"replies":[{"embeddable":true,"href":"https:\/\/amazonia.fiocruz.br\/index.php?rest_route=%2Fwp%2Fv2%2Fcomments&post=46364"}],"version-history":[{"count":11,"href":"https:\/\/amazonia.fiocruz.br\/index.php?rest_route=\/wp\/v2\/pages\/46364\/revisions"}],"predecessor-version":[{"id":54846,"href":"https:\/\/amazonia.fiocruz.br\/index.php?rest_route=\/wp\/v2\/pages\/46364\/revisions\/54846"}],"wp:attachment":[{"href":"https:\/\/amazonia.fiocruz.br\/index.php?rest_route=%2Fwp%2Fv2%2Fmedia&parent=46364"}],"curies":[{"name":"wp","href":"https:\/\/api.w.org\/{rel}","templated":true}]}}