{"id":45914,"date":"2024-06-07T21:28:47","date_gmt":"2024-06-08T01:28:47","guid":{"rendered":"https:\/\/amazonia.fiocruz.br\/?page_id=45914"},"modified":"2024-06-13T20:56:00","modified_gmt":"2024-06-14T00:56:00","slug":"doutorado-em-ciencias-2-3","status":"publish","type":"page","link":"https:\/\/amazonia.fiocruz.br\/?page_id=45914","title":{"rendered":"PPGBIO MESTRADO"},"content":{"rendered":"<div id='av_section_1'  class='avia-section main_color avia-section-default avia-no-shadow  avia-full-stretch avia-bg-style-scroll  avia-builder-el-0  el_before_av_submenu  avia-builder-el-first   av-minimum-height av-minimum-height-50  container_wrap sidebar_right' style='background-repeat: no-repeat; background-image: url(https:\/\/amazonia.fiocruz.br\/wp-content\/uploads\/2024\/06\/Capa-FotoDestaque_2.png);background-attachment: scroll; background-position: top left;  '  data-section-bg-repeat='stretch' data-av_minimum_height_pc='50'><div class='container' ><main  role=\"main\" itemprop=\"mainContentOfPage\"  class='template-page content  av-content-small alpha units'><div class='post-entry post-entry-type-page post-entry-45914'><div class='entry-content-wrapper clearfix'>\n<\/div><\/div><\/main><!-- close content main element --><\/div><\/div><div class='clear'><\/div><div id='sub_menu1'  class='av-submenu-container header_color  avia-builder-el-1  el_after_av_section  el_before_av_section  av-sticky-submenu  submenu-not-first container_wrap sidebar_right' style='  z-index:301' ><div class='container av-menu-mobile-disabled '><ul id=\"menu-menu-ppgbio\" class=\"av-subnav-menu av-submenu-pos-center\"><li id=\"menu-item-44532\" class=\"menu-item menu-item-type-custom menu-item-object-custom menu-item-has-children menu-item-top-level menu-item-top-level-1\"><a href=\"https:\/\/amazonia.fiocruz.br\/?page_id=44273#oprograma\" itemprop=\"url\"><span class=\"avia-bullet\"><\/span><span class=\"avia-menu-text\">Programa<\/span><span class=\"avia-menu-fx\"><span class=\"avia-arrow-wrap\"><span class=\"avia-arrow\"><\/span><\/span><\/span><\/a>\n\n\n<ul class=\"sub-menu\">\n\t<li id=\"menu-item-44543\" class=\"menu-item menu-item-type-custom menu-item-object-custom\"><a href=\"https:\/\/amazonia.fiocruz.br\/?page_id=44273#historico\" itemprop=\"url\"><span class=\"avia-bullet\"><\/span><span class=\"avia-menu-text\">Hist\u00f3rico<\/span><\/a><\/li>\n\t<li id=\"menu-item-44544\" class=\"menu-item menu-item-type-custom menu-item-object-custom\"><a href=\"https:\/\/amazonia.fiocruz.br\/?page_id=44273#area\" itemprop=\"url\"><span class=\"avia-bullet\"><\/span><span class=\"avia-menu-text\">\u00c1rea de Concentra\u00e7\u00e3o e Linhas de Pesquisa<\/span><\/a><\/li>\n\t<li id=\"menu-item-44545\" class=\"menu-item menu-item-type-custom menu-item-object-custom\"><a href=\"https:\/\/amazonia.fiocruz.br\/?page_id=44273#coordenacao\" itemprop=\"url\"><span class=\"avia-bullet\"><\/span><span class=\"avia-menu-text\">Coordena\u00e7\u00e3o e Secretaria<\/span><\/a><\/li>\n\t<li id=\"menu-item-44546\" class=\"menu-item menu-item-type-custom menu-item-object-custom\"><a href=\"https:\/\/amazonia.fiocruz.br\/?page_id=44273#marca\" itemprop=\"url\"><span class=\"avia-bullet\"><\/span><span class=\"avia-menu-text\">Marca do Programa<\/span><\/a><\/li>\n\t<li id=\"menu-item-44547\" class=\"menu-item menu-item-type-custom menu-item-object-custom\"><a href=\"https:\/\/amazonia.fiocruz.br\/?page_id=41689#documentos\" itemprop=\"url\"><span class=\"avia-bullet\"><\/span><span class=\"avia-menu-text\">Regimento e Regulamento<\/span><\/a><\/li>\n\t<li id=\"menu-item-44548\" class=\"menu-item menu-item-type-custom menu-item-object-custom\"><a href=\"https:\/\/amazonia.fiocruz.br\/?page_id=44273#projetopesquisa\" itemprop=\"url\"><span class=\"avia-bullet\"><\/span><span class=\"avia-menu-text\">Projetos de Pesquisa<\/span><\/a><\/li>\n\t<li id=\"menu-item-44549\" class=\"menu-item menu-item-type-custom menu-item-object-custom\"><a href=\"https:\/\/amazonia.fiocruz.br\/?page_id=44273#portarias\" itemprop=\"url\"><span class=\"avia-bullet\"><\/span><span class=\"avia-menu-text\">Portarias e Legisla\u00e7\u00e3o<\/span><\/a><\/li>\n\t<li id=\"menu-item-44550\" class=\"menu-item menu-item-type-custom menu-item-object-custom\"><a href=\"https:\/\/amazonia.fiocruz.br\/?page_id=44273#atas\" itemprop=\"url\"><span class=\"avia-bullet\"><\/span><span class=\"avia-menu-text\">Atas de Reuni\u00e3o<\/span><\/a><\/li>\n\t<li id=\"menu-item-44551\" class=\"menu-item menu-item-type-custom menu-item-object-custom\"><a href=\"https:\/\/amazonia.fiocruz.br\/?page_id=44273#calendario\" itemprop=\"url\"><span class=\"avia-bullet\"><\/span><span class=\"avia-menu-text\">Calend\u00e1rio \u2013 Reuni\u00e3o Coordena\u00e7\u00e3o e Colegiado<\/span><\/a><\/li>\n\t<li id=\"menu-item-44552\" class=\"menu-item menu-item-type-custom menu-item-object-custom\"><a href=\"https:\/\/amazonia.fiocruz.br\/?page_id=44273#comissoes\" itemprop=\"url\"><span class=\"avia-bullet\"><\/span><span class=\"avia-menu-text\">Comiss\u00f5es\/Grupos de trabalho<\/span><\/a><\/li>\n<\/ul>\n<\/li>\n<li id=\"menu-item-44581\" class=\"menu-item menu-item-type-custom menu-item-object-custom menu-item-has-children menu-item-top-level menu-item-top-level-2\"><a href=\"https:\/\/amazonia.fiocruz.br\/?page_id=44569\" itemprop=\"url\"><span class=\"avia-bullet\"><\/span><span class=\"avia-menu-text\">Estrutura e Organiza\u00e7\u00e3o<\/span><span class=\"avia-menu-fx\"><span class=\"avia-arrow-wrap\"><span class=\"avia-arrow\"><\/span><\/span><\/span><\/a>\n\n\n<ul class=\"sub-menu\">\n\t<li id=\"menu-item-44601\" class=\"menu-item menu-item-type-custom menu-item-object-custom menu-item-has-children\"><a href=\"https:\/\/amazonia.fiocruz.br\/?page_id=44569#1\" itemprop=\"url\"><span class=\"avia-bullet\"><\/span><span class=\"avia-menu-text\">Cursos<\/span><\/a>\n\t<ul class=\"sub-menu\">\n\t\t<li id=\"menu-item-44585\" class=\"menu-item menu-item-type-custom menu-item-object-custom\"><a href=\"https:\/\/amazonia.fiocruz.br\/?page_id=44569\" itemprop=\"url\"><span class=\"avia-bullet\"><\/span><span class=\"avia-menu-text\">Mestrado<\/span><\/a><\/li>\n\t\t<li id=\"menu-item-44586\" class=\"menu-item menu-item-type-custom menu-item-object-custom\"><a href=\"https:\/\/amazonia.fiocruz.br\/?page_id=32125\" itemprop=\"url\"><span class=\"avia-bullet\"><\/span><span class=\"avia-menu-text\">Doutorado<\/span><\/a><\/li>\n\t<\/ul>\n<\/li>\n\t<li id=\"menu-item-44587\" class=\"menu-item menu-item-type-custom menu-item-object-custom\"><a href=\"https:\/\/amazonia.fiocruz.br\/?page_id=44569\" itemprop=\"url\"><span class=\"avia-bullet\"><\/span><span class=\"avia-menu-text\">Objetivo do curso \/ Miss\u00e3o<\/span><\/a><\/li>\n\t<li id=\"menu-item-44588\" class=\"menu-item menu-item-type-custom menu-item-object-custom\"><a href=\"https:\/\/amazonia.fiocruz.br\/?page_id=44569\" itemprop=\"url\"><span class=\"avia-bullet\"><\/span><span class=\"avia-menu-text\">Estrutura Curricular<\/span><\/a><\/li>\n\t<li id=\"menu-item-44590\" class=\"menu-item menu-item-type-custom menu-item-object-custom\"><a href=\"https:\/\/amazonia.fiocruz.br\/?page_id=44569\" itemprop=\"url\"><span class=\"avia-bullet\"><\/span><span class=\"avia-menu-text\">Ementas \u2013 Disciplinas ofertadas<\/span><\/a><\/li>\n\t<li id=\"menu-item-44591\" class=\"menu-item menu-item-type-custom menu-item-object-custom\"><a href=\"https:\/\/amazonia.fiocruz.br\/?page_id=44569\" itemprop=\"url\"><span class=\"avia-bullet\"><\/span><span class=\"avia-menu-text\">Est\u00e1gio Doc\u00eancia (Requerimento)<\/span><\/a><\/li>\n\t<li id=\"menu-item-44592\" class=\"menu-item menu-item-type-custom menu-item-object-custom\"><a href=\"http:\/\/Est\u00e1gio%20Doc\u00eancia%20(requerimento)\" itemprop=\"url\"><span class=\"avia-bullet\"><\/span><span class=\"avia-menu-text\">ACC<\/span><\/a><\/li>\n\t<li id=\"menu-item-44593\" class=\"menu-item menu-item-type-custom menu-item-object-custom\"><a href=\"https:\/\/amazonia.fiocruz.br\/?page_id=44569\" itemprop=\"url\"><span class=\"avia-bullet\"><\/span><span class=\"avia-menu-text\">Infraestrutura<\/span><\/a><\/li>\n\t<li id=\"menu-item-44594\" class=\"menu-item menu-item-type-custom menu-item-object-custom\"><a href=\"https:\/\/amazonia.fiocruz.br\/?page_id=44569\" itemprop=\"url\"><span class=\"avia-bullet\"><\/span><span class=\"avia-menu-text\">Pesquisadores Visitantes<\/span><\/a><\/li>\n\t<li id=\"menu-item-44595\" class=\"menu-item menu-item-type-custom menu-item-object-custom\"><a href=\"https:\/\/amazonia.fiocruz.br\/?page_id=44569\" itemprop=\"url\"><span class=\"avia-bullet\"><\/span><span class=\"avia-menu-text\">Colaboradores \u2013 Ag\u00eancias de fomento (Bolsas e PDPG)<\/span><\/a><\/li>\n\t<li id=\"menu-item-44596\" class=\"menu-item menu-item-type-custom menu-item-object-custom\"><a href=\"https:\/\/amazonia.fiocruz.br\/?page_id=44569\" itemprop=\"url\"><span class=\"avia-bullet\"><\/span><span class=\"avia-menu-text\">Recursos captados \u2013 Pesquisadores<\/span><\/a><\/li>\n\t<li id=\"menu-item-44597\" class=\"menu-item menu-item-type-custom menu-item-object-custom\"><a href=\"https:\/\/amazonia.fiocruz.br\/?page_id=44569\" itemprop=\"url\"><span class=\"avia-bullet\"><\/span><span class=\"avia-menu-text\">Coopera\u00e7\u00e3o cient\u00edfica<\/span><\/a><\/li>\n\t<li id=\"menu-item-44598\" class=\"menu-item menu-item-type-custom menu-item-object-custom\"><a href=\"https:\/\/amazonia.fiocruz.br\/?page_id=44569\" itemprop=\"url\"><span class=\"avia-bullet\"><\/span><span class=\"avia-menu-text\">P\u00f3s-doutoramento<\/span><\/a><\/li>\n\t<li id=\"menu-item-44599\" class=\"menu-item menu-item-type-custom menu-item-object-custom\"><a href=\"https:\/\/amazonia.fiocruz.br\/?page_id=44569\" itemprop=\"url\"><span class=\"avia-bullet\"><\/span><span class=\"avia-menu-text\">Avalia\u00e7\u00e3o CAPES<\/span><\/a><\/li>\n<\/ul>\n<\/li>\n<li id=\"menu-item-44433\" class=\"menu-item menu-item-type-custom menu-item-object-custom menu-item-top-level menu-item-top-level-3\"><a href=\"https:\/\/amazonia.fiocruz.br\/?page_id=20049\" itemprop=\"url\"><span class=\"avia-bullet\"><\/span><span class=\"avia-menu-text\">Docentes<\/span><span class=\"avia-menu-fx\"><span class=\"avia-arrow-wrap\"><span class=\"avia-arrow\"><\/span><\/span><\/span><\/a><\/li>\n<li id=\"menu-item-44434\" class=\"menu-item menu-item-type-custom menu-item-object-custom menu-item-has-children menu-item-top-level menu-item-top-level-4\"><a href=\"https:\/\/amazonia.fiocruz.br\/?page_id=44574\" itemprop=\"url\"><span class=\"avia-bullet\"><\/span><span class=\"avia-menu-text\">Discentes<\/span><span class=\"avia-menu-fx\"><span class=\"avia-arrow-wrap\"><span class=\"avia-arrow\"><\/span><\/span><\/span><\/a>\n\n\n<ul class=\"sub-menu\">\n\t<li id=\"menu-item-44723\" class=\"menu-item menu-item-type-custom menu-item-object-custom\"><a href=\"https:\/\/amazonia.fiocruz.br\/?page_id=44574#mestrado\" itemprop=\"url\"><span class=\"avia-bullet\"><\/span><span class=\"avia-menu-text\">Mestrado<\/span><\/a><\/li>\n\t<li id=\"menu-item-44724\" class=\"menu-item menu-item-type-custom menu-item-object-custom\"><a href=\"https:\/\/amazonia.fiocruz.br\/?page_id=44574#doutorado\" itemprop=\"url\"><span class=\"avia-bullet\"><\/span><span class=\"avia-menu-text\">Doutorado<\/span><\/a><\/li>\n\t<li id=\"menu-item-44729\" class=\"menu-item menu-item-type-custom menu-item-object-custom\"><a href=\"https:\/\/amazonia.fiocruz.br\/?page_id=44574#egressos\" itemprop=\"url\"><span class=\"avia-bullet\"><\/span><span class=\"avia-menu-text\">Alunos Egressos<\/span><\/a><\/li>\n\t<li id=\"menu-item-44726\" class=\"menu-item menu-item-type-custom menu-item-object-custom\"><a href=\"https:\/\/amazonia.fiocruz.br\/?page_id=44574#links\" itemprop=\"url\"><span class=\"avia-bullet\"><\/span><span class=\"avia-menu-text\">Prazos Importantes<\/span><\/a><\/li>\n\t<li id=\"menu-item-44730\" class=\"menu-item menu-item-type-custom menu-item-object-custom\"><a href=\"https:\/\/amazonia.fiocruz.br\/?page_id=44574#links\" itemprop=\"url\"><span class=\"avia-bullet\"><\/span><span class=\"avia-menu-text\">Manual do aluno<\/span><\/a><\/li>\n\t<li id=\"menu-item-44731\" class=\"menu-item menu-item-type-custom menu-item-object-custom\"><a href=\"https:\/\/amazonia.fiocruz.br\/?page_id=44574#links\" itemprop=\"url\"><span class=\"avia-bullet\"><\/span><span class=\"avia-menu-text\">Pol\u00edtica de apoio ao estudante<\/span><\/a><\/li>\n<\/ul>\n<\/li>\n<li id=\"menu-item-44820\" class=\"menu-item menu-item-type-custom menu-item-object-custom menu-item-top-level menu-item-top-level-5\"><a href=\"https:\/\/amazonia.fiocruz.br\/?page_id=44566\" itemprop=\"url\"><span class=\"avia-bullet\"><\/span><span class=\"avia-menu-text\">Editais e Ingresso<\/span><span class=\"avia-menu-fx\"><span class=\"avia-arrow-wrap\"><span class=\"avia-arrow\"><\/span><\/span><\/span><\/a><\/li>\n<li id=\"menu-item-44436\" class=\"menu-item menu-item-type-custom menu-item-object-custom menu-item-top-level menu-item-top-level-6\"><a href=\"https:\/\/amazonia.fiocruz.br\/?page_id=44858\" itemprop=\"url\"><span class=\"avia-bullet\"><\/span><span class=\"avia-menu-text\">Publica\u00e7\u00e3o Cient\u00edfica<\/span><span class=\"avia-menu-fx\"><span class=\"avia-arrow-wrap\"><span class=\"avia-arrow\"><\/span><\/span><\/span><\/a><\/li>\n<li id=\"menu-item-44438\" class=\"menu-item menu-item-type-custom menu-item-object-custom menu-item-top-level menu-item-top-level-7\"><a href=\"https:\/\/amazonia.fiocruz.br\/?page_id=44877\" itemprop=\"url\"><span class=\"avia-bullet\"><\/span><span class=\"avia-menu-text\">Divulga\u00e7\u00e3o Cient\u00edfica<\/span><span class=\"avia-menu-fx\"><span class=\"avia-arrow-wrap\"><span class=\"avia-arrow\"><\/span><\/span><\/span><\/a><\/li>\n<li id=\"menu-item-44439\" class=\"menu-item menu-item-type-custom menu-item-object-custom menu-item-top-level menu-item-top-level-8\"><a href=\"https:\/\/amazonia.fiocruz.br\/?page_id=44887\" itemprop=\"url\"><span class=\"avia-bullet\"><\/span><span class=\"avia-menu-text\">Planejamento Estrat\u00e9gico<\/span><span class=\"avia-menu-fx\"><span class=\"avia-arrow-wrap\"><span class=\"avia-arrow\"><\/span><\/span><\/span><\/a><\/li>\n<li id=\"menu-item-44440\" class=\"menu-item menu-item-type-custom menu-item-object-custom menu-item-top-level menu-item-top-level-9\"><a href=\"https:\/\/amazonia.fiocruz.br\/?page_id=44893\" itemprop=\"url\"><span class=\"avia-bullet\"><\/span><span class=\"avia-menu-text\">Internacionaliza\u00e7\u00e3o<\/span><span class=\"avia-menu-fx\"><span class=\"avia-arrow-wrap\"><span class=\"avia-arrow\"><\/span><\/span><\/span><\/a><\/li>\n<li id=\"menu-item-44441\" class=\"menu-item menu-item-type-custom menu-item-object-custom menu-item-top-level menu-item-top-level-10\"><a href=\"https:\/\/amazonia.fiocruz.br\/?page_id=44895\" itemprop=\"url\"><span class=\"avia-bullet\"><\/span><span class=\"avia-menu-text\">Fale Conosco<\/span><span class=\"avia-menu-fx\"><span class=\"avia-arrow-wrap\"><span class=\"avia-arrow\"><\/span><\/span><\/span><\/a><\/li>\n<li id=\"menu-item-52263\" class=\"menu-item menu-item-type-custom menu-item-object-custom menu-item-top-level menu-item-top-level-11\"><a href=\"https:\/\/amazonia.fiocruz.br\/?page_id=52260\" itemprop=\"url\"><span class=\"avia-bullet\"><\/span><span class=\"avia-menu-text\">Not\u00edcias<\/span><span class=\"avia-menu-fx\"><span class=\"avia-arrow-wrap\"><span class=\"avia-arrow\"><\/span><\/span><\/span><\/a><\/li>\n<\/ul><\/div><\/div><div class='sticky_placeholder'><\/div><\/p>\n<div id='pos'  class='avia-section main_color avia-section-default avia-no-border-styling  av-section-color-overlay-active avia-bg-style-fixed  avia-builder-el-2  el_after_av_submenu  el_before_av_one_full   container_wrap sidebar_right' style=' '  ><div class='av-section-color-overlay-wrap'><div class='av-section-color-overlay' style='opacity: 0.5; '><\/div><div class='container' ><div class='template-page content  av-content-small alpha units'><div class='post-entry post-entry-type-page post-entry-45914'><div class='entry-content-wrapper clearfix'>\n<div class=\"flex_column av_one_full  flex_column_div av-zero-column-padding first  avia-builder-el-3  el_before_av_heading  avia-builder-el-first  \" style='border-radius:0px; '><\/div><div  style='padding-bottom:10px; font-size:40px;' class='av-special-heading av-special-heading-h4  blockquote modern-quote  avia-builder-el-4  el_after_av_one_full  el_before_av_one_full  av-thin-font av-inherit-size '><h4 class='av-special-heading-tag '  itemprop=\"headline\"  ><strong>Mestrado<\/strong><\/h4><div class='special-heading-border'><div class='special-heading-inner-border' ><\/div><\/div><\/div>\n<div class=\"flex_column av_one_full  flex_column_div av-zero-column-padding first  avia-builder-el-5  el_after_av_heading  el_before_av_hr  \" style='border-radius:0px; '><\/div><div   class='hr hr-short hr-left   avia-builder-el-6  el_after_av_one_full  el_before_av_one_half '><span class='hr-inner ' ><span class='hr-inner-style'><\/span><\/span><\/div>\n<div class=\"flex_column av_one_half  flex_column_div first  avia-builder-el-7  el_after_av_hr  el_before_av_one_half  \" ><section class=\"av_textblock_section \"  itemscope=\"itemscope\" itemtype=\"https:\/\/schema.org\/CreativeWork\" ><div class='avia_textblock  '  style='font-size:15px; '  itemprop=\"text\" ><ul>\n<li style=\"text-align: justify;\"><b>Objetivo:<\/b><\/li>\n<\/ul>\n<p>Forma\u00e7\u00e3o de recurso humano qualificado para o exerc\u00edcio das atividades de pesquisa e de magist\u00e9rio de ensino superior, e de profissionais nos campos das ci\u00eancias e tecnologias em sa\u00fade.<\/p>\n<ul>\n<li class=\"av-special-heading-tag\" style=\"text-align: justify;\"><b>Dura\u00e7\u00e3o<\/b><\/li>\n<\/ul>\n<div class=\"av-subheading av-subheading_below \">\n<p>Ter\u00e1 a dura\u00e7\u00e3o m\u00ednima de 12 meses e m\u00e1xima de 24 meses.<\/p>\n<ul>\n<li><strong>Cr\u00e9ditos \/ Carga Hor\u00e1ria<br \/>\n<\/strong><\/li>\n<\/ul>\n<p>O n\u00famero total de cr\u00e9ditos para conclus\u00e3o do curso de Mestrado \u00e9 104 (cento e quatro cr\u00e9ditos) em disciplinas obrigat\u00f3rias, eletivas e outras atividades (atividade curricular complementar, desenvolvimento da pesquisa, est\u00e1gio doc\u00eancia e desenvolvimento e apresenta\u00e7\u00e3o de disserta\u00e7\u00e3o), com no m\u00ednimo de 1560 de carga hor\u00e1ria, conforme figura abaixo, onde cada cr\u00e9dito corresponde a 15 (quinze) horas.<\/p>\n<\/div>\n<div class=\"av-subheading av-subheading_below \"><\/div>\n<\/div><\/section><\/div><div class=\"flex_column av_one_half  flex_column_div av-zero-column-padding   avia-builder-el-9  el_after_av_one_half  avia-builder-el-last  \" style='border-radius:0px; '><p><section class=\"av_textblock_section \"  itemscope=\"itemscope\" itemtype=\"https:\/\/schema.org\/CreativeWork\" ><div class='avia_textblock  '  style='font-size:15px; '  itemprop=\"text\" ><p>\u2800\u2800\u2800\u2800\u2800\u2800\u2800\u2800\u2800<\/p>\n<\/div><\/section><br \/>\n<div  class='avia-image-container  av-styling-    avia-builder-el-11  el_after_av_textblock  el_before_av_textblock  avia-align-center '  itemprop=\"image\" itemscope=\"itemscope\" itemtype=\"https:\/\/schema.org\/ImageObject\"  ><div class='avia-image-container-inner'><div class='avia-image-overlay-wrap'><img decoding=\"async\" class='wp-image-45898 avia-img-lazy-loading-not-45898 avia_image' src=\"https:\/\/amazonia.fiocruz.br\/wp-content\/uploads\/2024\/06\/Imagem1-2.jpg\" alt='' title='Imagem1' height=\"231\" width=\"567\"  itemprop=\"thumbnailUrl\" srcset=\"https:\/\/amazonia.fiocruz.br\/wp-content\/uploads\/2024\/06\/Imagem1-2.jpg 567w, https:\/\/amazonia.fiocruz.br\/wp-content\/uploads\/2024\/06\/Imagem1-2-300x122.jpg 300w\" sizes=\"(max-width: 567px) 100vw, 567px\" \/><\/div><\/div><\/div><br \/>\n<section class=\"av_textblock_section \"  itemscope=\"itemscope\" itemtype=\"https:\/\/schema.org\/CreativeWork\" ><div class='avia_textblock  '  style='font-size:15px; '  itemprop=\"text\" ><p>Descri\u00e7\u00e3o da quantidade m\u00ednima de cr\u00e9ditos necess\u00e1rios para o mestrado do PPGBIO-Intera\u00e7\u00e3o<\/p>\n<\/div><\/section><\/p><\/div>\n<\/div><\/div><\/div><!-- close content main div --><\/div><\/div><\/div><div id='after_section_2'  class='main_color av_default_container_wrap container_wrap sidebar_right' style=' '  ><div class='container' ><div class='template-page content  av-content-small alpha units'><div class='post-entry post-entry-type-page post-entry-45914'><div class='entry-content-wrapper clearfix'>\n<div class=\"flex_column av_one_full  flex_column_div first  avia-builder-el-13  el_after_av_section  el_before_av_one_half  avia-builder-el-first  \" ><div  style='padding-bottom:10px; font-size:40px;' class='av-special-heading av-special-heading-h4  blockquote modern-quote  avia-builder-el-14  avia-builder-el-no-sibling  av-thin-font av-inherit-size '><h4 class='av-special-heading-tag '  itemprop=\"headline\"  ><strong>Requisitos para obten\u00e7\u00e3o do t\u00edtulo de mestre e a expedi\u00e7\u00e3o do respectivo diploma<\/strong><\/h4><div class='special-heading-border'><div class='special-heading-inner-border' ><\/div><\/div><\/div><\/div>\n<div class=\"flex_column av_one_half  flex_column_div av-zero-column-padding first  avia-builder-el-15  el_after_av_one_full  el_before_av_one_half  column-top-margin\" style='border-radius:0px; '><section class=\"av_textblock_section \"  itemscope=\"itemscope\" itemtype=\"https:\/\/schema.org\/CreativeWork\" ><div class='avia_textblock  '  style='font-size:15px; '  itemprop=\"text\" ><ul>\n<li>Ter cumprido o prazo m\u00ednimo de um ano de curso;<\/li>\n<li>Ter integralizado o n\u00famero m\u00ednimo de cr\u00e9ditos em disciplinas (obrigat\u00f3rias e eletivas);<\/li>\n<li>Ter sido aprovado no exame de profici\u00eancia em l\u00edngua estrangeira;<\/li>\n<li>Ter cumprido Est\u00e1gio Doc\u00eancia;<\/li>\n<li>Ter sido aprovado em Exame de Qualifica\u00e7\u00e3o;<\/li>\n<li>Ter integralizado a carga hor\u00e1ria de Atividade Curricular Complementar e Desenvolvimento da Pesquisa;<\/li>\n<li>Apresentar comprovante de envio para publica\u00e7\u00e3o em revista indexada, de artigo proveniente da disserta\u00e7\u00e3o para publica\u00e7\u00e3o;<\/li>\n<\/ul>\n<\/div><\/section><\/div>\n<div class=\"flex_column av_one_half  flex_column_div av-zero-column-padding   avia-builder-el-17  el_after_av_one_half  avia-builder-el-last  column-top-margin\" style='border-radius:0px; '><section class=\"av_textblock_section \"  itemscope=\"itemscope\" itemtype=\"https:\/\/schema.org\/CreativeWork\" ><div class='avia_textblock  '  style='font-size:15px; '  itemprop=\"text\" ><ul>\n<li>Ter sido aprovado na defesa p\u00fablica de disserta\u00e7\u00e3o;<\/li>\n<li>Ter entregado a vers\u00e3o definitiva da disserta\u00e7\u00e3o;<\/li>\n<li>Apresentar declara\u00e7\u00e3o &#8220;Nada Consta&#8221; da Biblioteca do Instituto;<\/li>\n<li>Haver cumprido as demais exig\u00eancias do Programa de P\u00f3s &#8211; Gradua\u00e7\u00e3o.<br \/>\n1\u00ba. A soma da carga hor\u00e1ria relativa aos itens II, IV, VI e VIII n\u00e3o poder\u00e1 ser inferior a 1.560 horas.<br \/>\n2\u00ba. Nenhum aluno ser\u00e1 admitido \u00e0 defesa de disserta\u00e7\u00e3o, antes de cumprir os itens de I a VI exigidos para a obten\u00e7\u00e3o do respectivo grau e de atender \u00e0s exig\u00eancias previstas no Regimento do Programa<\/li>\n<\/ul>\n<\/div><\/section><\/div>\n","protected":false},"excerpt":{"rendered":"","protected":false},"author":69,"featured_media":0,"parent":0,"menu_order":0,"comment_status":"closed","ping_status":"closed","template":"","meta":{"footnotes":""},"class_list":["post-45914","page","type-page","status-publish","hentry"],"_links":{"self":[{"href":"https:\/\/amazonia.fiocruz.br\/index.php?rest_route=\/wp\/v2\/pages\/45914","targetHints":{"allow":["GET"]}}],"collection":[{"href":"https:\/\/amazonia.fiocruz.br\/index.php?rest_route=\/wp\/v2\/pages"}],"about":[{"href":"https:\/\/amazonia.fiocruz.br\/index.php?rest_route=\/wp\/v2\/types\/page"}],"author":[{"embeddable":true,"href":"https:\/\/amazonia.fiocruz.br\/index.php?rest_route=\/wp\/v2\/users\/69"}],"replies":[{"embeddable":true,"href":"https:\/\/amazonia.fiocruz.br\/index.php?rest_route=%2Fwp%2Fv2%2Fcomments&post=45914"}],"version-history":[{"count":3,"href":"https:\/\/amazonia.fiocruz.br\/index.php?rest_route=\/wp\/v2\/pages\/45914\/revisions"}],"predecessor-version":[{"id":46015,"href":"https:\/\/amazonia.fiocruz.br\/index.php?rest_route=\/wp\/v2\/pages\/45914\/revisions\/46015"}],"wp:attachment":[{"href":"https:\/\/amazonia.fiocruz.br\/index.php?rest_route=%2Fwp%2Fv2%2Fmedia&parent=45914"}],"curies":[{"name":"wp","href":"https:\/\/api.w.org\/{rel}","templated":true}]}}