{"id":43883,"date":"2024-04-22T16:42:44","date_gmt":"2024-04-22T20:42:44","guid":{"rendered":"https:\/\/amazonia.fiocruz.br\/?page_id=43883"},"modified":"2026-03-26T11:46:38","modified_gmt":"2026-03-26T15:46:38","slug":"43883-2-2","status":"publish","type":"page","link":"https:\/\/amazonia.fiocruz.br\/?page_id=43883","title":{"rendered":"Calend\u00e1rio Acad\u00eamico"},"content":{"rendered":"<div id='av_section_1'  class='avia-section main_color avia-section-default avia-no-shadow  avia-full-stretch avia-bg-style-scroll  avia-builder-el-0  el_before_av_submenu  avia-builder-el-first   av-minimum-height av-minimum-height-50  container_wrap sidebar_right' style='background-repeat: no-repeat; background-image: url(https:\/\/amazonia.fiocruz.br\/wp-content\/uploads\/2024\/12\/Chamadas-Publicas2-1.jpg);background-attachment: scroll; background-position: top left;  '  data-section-bg-repeat='stretch' data-av_minimum_height_pc='50'><div class='container' ><main  role=\"main\" itemprop=\"mainContentOfPage\"  class='template-page content  av-content-small alpha units'><div class='post-entry post-entry-type-page post-entry-43883'><div class='entry-content-wrapper clearfix'>\n<div class=\"flex_column av_one_half  flex_column_div av-zero-column-padding first  avia-builder-el-1  avia-builder-el-no-sibling  \" style='border-radius:0px; '><div  style='padding-bottom:10px; color:#ffffff;font-size:30px;' class='av-special-heading av-special-heading-h3 custom-color-heading blockquote modern-quote  avia-builder-el-2  avia-builder-el-no-sibling  av-inherit-size '><h3 class='av-special-heading-tag '  itemprop=\"headline\"  >Calend\u00e1rio Acad\u00eamico<\/h3><div class ='av-subheading av-subheading_below av_custom_color ' style='font-size:18px;'><p>Educa\u00e7\u00e3o \u2013 ILMD\/Fiocruz Amaz\u00f4nia<\/p>\n<\/div><div class='special-heading-border'><div class='special-heading-inner-border' style='border-color:#ffffff'><\/div><\/div><\/div><\/div>\n\n<\/div><\/div><\/main><!-- close content main element --><\/div><\/div><div class='clear'><\/div><div id='sub_menu1'  class='av-submenu-container header_color  avia-builder-el-3  el_after_av_section  el_before_av_one_full  av-sticky-submenu  submenu-not-first container_wrap sidebar_right' style='  z-index:301' ><div class='container av-menu-mobile-disabled '><ul id=\"menu-educacao\" class=\"av-subnav-menu av-submenu-pos-center\"><li id=\"menu-item-49955\" class=\"menu-item menu-item-type-custom menu-item-object-custom menu-item-top-level menu-item-top-level-1\"><a href=\"https:\/\/amazonia.fiocruz.br\/?page_id=15858\" itemprop=\"url\"><span class=\"avia-bullet\"><\/span><span class=\"avia-menu-text\">In\u00edcio<\/span><span class=\"avia-menu-fx\"><span class=\"avia-arrow-wrap\"><span class=\"avia-arrow\"><\/span><\/span><\/span><\/a><\/li>\n<li id=\"menu-item-49953\" class=\"menu-item menu-item-type-custom menu-item-object-custom menu-item-has-children menu-item-top-level menu-item-top-level-2\"><a href=\"https:\/\/amazonia.fiocruz.br\/?page_id=49950\" itemprop=\"url\"><span class=\"avia-bullet\"><\/span><span class=\"avia-menu-text\">Apresenta\u00e7\u00e3o<\/span><span class=\"avia-menu-fx\"><span class=\"avia-arrow-wrap\"><span class=\"avia-arrow\"><\/span><\/span><\/span><\/a>\n\n\n<ul class=\"sub-menu\">\n\t<li id=\"menu-item-49989\" class=\"menu-item menu-item-type-custom menu-item-object-custom\"><a href=\"https:\/\/amazonia.fiocruz.br\/?page_id=49987\" itemprop=\"url\"><span class=\"avia-bullet\"><\/span><span class=\"avia-menu-text\">Estrutura Administrativa e Or\u00e7amento<\/span><\/a><\/li>\n\t<li id=\"menu-item-52299\" class=\"menu-item menu-item-type-custom menu-item-object-custom\"><a href=\"https:\/\/amazonia.fiocruz.br\/?page_id=52297\" itemprop=\"url\"><span class=\"avia-bullet\"><\/span><span class=\"avia-menu-text\">Planos e Manuais<\/span><\/a><\/li>\n\t<li id=\"menu-item-50009\" class=\"menu-item menu-item-type-custom menu-item-object-custom\"><a href=\"https:\/\/amazonia.fiocruz.br\/?page_id=50007\" itemprop=\"url\"><span class=\"avia-bullet\"><\/span><span class=\"avia-menu-text\">Regimentos, Regulamentos e Resolu\u00e7\u00f5es<\/span><\/a><\/li>\n\t<li id=\"menu-item-50017\" class=\"menu-item menu-item-type-custom menu-item-object-custom\"><a href=\"https:\/\/amazonia.fiocruz.br\/?page_id=50015\" itemprop=\"url\"><span class=\"avia-bullet\"><\/span><span class=\"avia-menu-text\">Relat\u00f3rios e Revistas<\/span><\/a><\/li>\n<\/ul>\n<\/li>\n<li id=\"menu-item-49967\" class=\"menu-item menu-item-type-custom menu-item-object-custom menu-item-has-children menu-item-top-level menu-item-top-level-3\"><a href=\"https:\/\/amazonia.fiocruz.br\/?page_id=50359\" itemprop=\"url\"><span class=\"avia-bullet\"><\/span><span class=\"avia-menu-text\">\u00c1rea do Discente<\/span><span class=\"avia-menu-fx\"><span class=\"avia-arrow-wrap\"><span class=\"avia-arrow\"><\/span><\/span><\/span><\/a>\n\n\n<ul class=\"sub-menu\">\n\t<li id=\"menu-item-50114\" class=\"menu-item menu-item-type-custom menu-item-object-custom\"><a href=\"https:\/\/amazonia.fiocruz.br\/?page_id=41689\" itemprop=\"url\"><span class=\"avia-bullet\"><\/span><span class=\"avia-menu-text\">Secretaria Acad\u00eamica &#8211; SECA<\/span><\/a><\/li>\n\t<li id=\"menu-item-50115\" class=\"menu-item menu-item-type-custom menu-item-object-custom\"><a href=\"https:\/\/amazonia.fiocruz.br\/?page_id=41734\" itemprop=\"url\"><span class=\"avia-bullet\"><\/span><span class=\"avia-menu-text\">Servi\u00e7o de P\u00f3s-gradua\u00e7\u00e3o -POSGRAD<\/span><\/a><\/li>\n\t<li id=\"menu-item-50116\" class=\"menu-item menu-item-type-custom menu-item-object-custom\"><a href=\"https:\/\/amazonia.fiocruz.br\/?page_id=41333\" itemprop=\"url\"><span class=\"avia-bullet\"><\/span><span class=\"avia-menu-text\">Biblioteca<\/span><\/a><\/li>\n\t<li id=\"menu-item-50840\" class=\"menu-item menu-item-type-custom menu-item-object-custom\"><a href=\"https:\/\/amazonia.fiocruz.br\/?page_id=43883\" itemprop=\"url\"><span class=\"avia-bullet\"><\/span><span class=\"avia-menu-text\">Calend\u00e1rio Acad\u00eamico<\/span><\/a><\/li>\n\t<li id=\"menu-item-50142\" class=\"menu-item menu-item-type-custom menu-item-object-custom\"><a href=\"https:\/\/amazonia.fiocruz.br\/?page_id=27035\" itemprop=\"url\"><span class=\"avia-bullet\"><\/span><span class=\"avia-menu-text\">Defesas e Qualifica\u00e7\u00f5es<\/span><\/a><\/li>\n\t<li id=\"menu-item-50118\" class=\"menu-item menu-item-type-custom menu-item-object-custom\"><a href=\"https:\/\/amazonia.fiocruz.br\/?page_id=41689#regulamentos\" itemprop=\"url\"><span class=\"avia-bullet\"><\/span><span class=\"avia-menu-text\">Regulamentos dos Cursos<\/span><\/a><\/li>\n\t<li id=\"menu-item-51889\" class=\"menu-item menu-item-type-custom menu-item-object-custom\"><a href=\"https:\/\/amazonia.fiocruz.br\/?page_id=51882\" itemprop=\"url\"><span class=\"avia-bullet\"><\/span><span class=\"avia-menu-text\">Apoio ao Estudante<\/span><\/a><\/li>\n\t<li id=\"menu-item-52253\" class=\"menu-item menu-item-type-custom menu-item-object-custom\"><a href=\"https:\/\/amazonia.fiocruz.br\/?page_id=52239\" itemprop=\"url\"><span class=\"avia-bullet\"><\/span><span class=\"avia-menu-text\">Manual do Aluno<\/span><\/a><\/li>\n\t<li id=\"menu-item-50143\" class=\"menu-item menu-item-type-custom menu-item-object-custom\"><a href=\"https:\/\/amazonia.fiocruz.br\/?page_id=42865\" itemprop=\"url\"><span class=\"avia-bullet\"><\/span><span class=\"avia-menu-text\">Perguntas Frequentes<\/span><\/a><\/li>\n<\/ul>\n<\/li>\n<li id=\"menu-item-49958\" class=\"menu-item menu-item-type-custom menu-item-object-custom menu-item-has-children menu-item-top-level menu-item-top-level-4\"><a href=\"https:\/\/amazonia.fiocruz.br\/?page_id=49956\" itemprop=\"url\"><span class=\"avia-bullet\"><\/span><span class=\"avia-menu-text\">Cursos<\/span><span class=\"avia-menu-fx\"><span class=\"avia-arrow-wrap\"><span class=\"avia-arrow\"><\/span><\/span><\/span><\/a>\n\n\n<ul class=\"sub-menu\">\n\t<li id=\"menu-item-50158\" class=\"menu-item menu-item-type-custom menu-item-object-custom menu-item-has-children\"><a href=\"https:\/\/amazonia.fiocruz.br\/?page_id=15915\" itemprop=\"url\"><span class=\"avia-bullet\"><\/span><span class=\"avia-menu-text\">Doutorado<\/span><\/a>\n\t<ul class=\"sub-menu\">\n\t\t<li id=\"menu-item-50161\" class=\"menu-item menu-item-type-custom menu-item-object-custom\"><a href=\"https:\/\/amazonia.fiocruz.br\/?page_id=46033\" itemprop=\"url\"><span class=\"avia-bullet\"><\/span><span class=\"avia-menu-text\">Sa\u00fade P\u00fablica na Amaz\u00f4nia \u2013 DASPAM<\/span><\/a><\/li>\n\t\t<li id=\"menu-item-50162\" class=\"menu-item menu-item-type-custom menu-item-object-custom\"><a href=\"https:\/\/amazonia.fiocruz.br\/?page_id=44273\" itemprop=\"url\"><span class=\"avia-bullet\"><\/span><span class=\"avia-menu-text\">Biologia da Intera\u00e7\u00e3o Pat\u00f3geno Hospedeiro &#8211; PPGBIO-Intera\u00e7\u00e3o<\/span><\/a><\/li>\n\t\t<li id=\"menu-item-50159\" class=\"menu-item menu-item-type-custom menu-item-object-custom\"><a href=\"https:\/\/amazonia.fiocruz.br\/?page_id=22404\" itemprop=\"url\"><span class=\"avia-bullet\"><\/span><span class=\"avia-menu-text\">Ci\u00eancia (Encerrado)<\/span><\/a><\/li>\n\t\t<li id=\"menu-item-50160\" class=\"menu-item menu-item-type-custom menu-item-object-custom\"><a href=\"https:\/\/amazonia.fiocruz.br\/?page_id=22411\" itemprop=\"url\"><span class=\"avia-bullet\"><\/span><span class=\"avia-menu-text\">Sa\u00fade P\u00fablica (Encerrado)<\/span><\/a><\/li>\n\t<\/ul>\n<\/li>\n\t<li id=\"menu-item-50163\" class=\"menu-item menu-item-type-custom menu-item-object-custom menu-item-has-children\"><a href=\"https:\/\/amazonia.fiocruz.br\/?page_id=20466\" itemprop=\"url\"><span class=\"avia-bullet\"><\/span><span class=\"avia-menu-text\">Mestrado<\/span><\/a>\n\t<ul class=\"sub-menu\">\n\t\t<li id=\"menu-item-50164\" class=\"menu-item menu-item-type-custom menu-item-object-custom\"><a href=\"https:\/\/amazonia.fiocruz.br\/?page_id=47536\" itemprop=\"url\"><span class=\"avia-bullet\"><\/span><span class=\"avia-menu-text\">Profissional em Sa\u00fade da Fam\u00edlia &#8211; PROFSA\u00daDE<\/span><\/a><\/li>\n\t\t<li id=\"menu-item-50165\" class=\"menu-item menu-item-type-custom menu-item-object-custom\"><a href=\"https:\/\/amazonia.fiocruz.br\/?page_id=46054\" itemprop=\"url\"><span class=\"avia-bullet\"><\/span><span class=\"avia-menu-text\">Acad\u00eamico em Condi\u00e7\u00f5es de Vida e Situa\u00e7\u00f5es de Sa\u00fade na Amaz\u00f4nia &#8211; PPGVIDA<\/span><\/a><\/li>\n\t\t<li id=\"menu-item-50026\" class=\"menu-item menu-item-type-custom menu-item-object-custom\"><a href=\"https:\/\/amazonia.fiocruz.br\/?page_id=50553\" itemprop=\"url\"><span class=\"avia-bullet\"><\/span><span class=\"avia-menu-text\">Acad\u00eamico em Condi\u00e7\u00f5es de Vida e Situa\u00e7\u00f5es de Sa\u00fade na Amaz\u00f4nia &#8211; PPGVIDA: Sanitarista Ind\u00edgena<\/span><\/a><\/li>\n\t\t<li id=\"menu-item-50326\" class=\"menu-item menu-item-type-custom menu-item-object-custom\"><a href=\"https:\/\/amazonia.fiocruz.br\/?page_id=50555\" itemprop=\"url\"><span class=\"avia-bullet\"><\/span><span class=\"avia-menu-text\">Acad\u00eamico em Condi\u00e7\u00f5es de Vida e Situa\u00e7\u00f5es de Sa\u00fade na Amaz\u00f4nia &#8211; PPGVIDA: VIGIFRONTEIRAS<\/span><\/a><\/li>\n\t\t<li id=\"menu-item-50166\" class=\"menu-item menu-item-type-custom menu-item-object-custom\"><a href=\"https:\/\/amazonia.fiocruz.br\/?page_id=44273\" itemprop=\"url\"><span class=\"avia-bullet\"><\/span><span class=\"avia-menu-text\">Acad\u00eamico em Biologia da Intera\u00e7\u00e3o Pat\u00f3geno Hospedeiro &#8211; PPGBIO-Intera\u00e7\u00e3o<\/span><\/a><\/li>\n\t<\/ul>\n<\/li>\n\t<li id=\"menu-item-50066\" class=\"menu-item menu-item-type-custom menu-item-object-custom\"><a href=\"https:\/\/amazonia.fiocruz.br\/?page_id=50061\" itemprop=\"url\"><span class=\"avia-bullet\"><\/span><span class=\"avia-menu-text\">Est\u00e1gio P\u00f3s Doutoral<\/span><\/a><\/li>\n\t<li id=\"menu-item-50167\" class=\"menu-item menu-item-type-custom menu-item-object-custom\"><a href=\"https:\/\/amazonia.fiocruz.br\/?page_id=15875\" itemprop=\"url\"><span class=\"avia-bullet\"><\/span><span class=\"avia-menu-text\">Especializa\u00e7\u00e3o Lato Sensu<\/span><\/a><\/li>\n\t<li id=\"menu-item-50049\" class=\"menu-item menu-item-type-custom menu-item-object-custom\"><a href=\"https:\/\/amazonia.fiocruz.br\/?page_id=50047\" itemprop=\"url\"><span class=\"avia-bullet\"><\/span><span class=\"avia-menu-text\">Qualifica\u00e7\u00e3o Profissional<\/span><\/a><\/li>\n\t<li id=\"menu-item-50038\" class=\"menu-item menu-item-type-custom menu-item-object-custom\"><a href=\"https:\/\/amazonia.fiocruz.br\/?page_id=43523\" itemprop=\"url\"><span class=\"avia-bullet\"><\/span><span class=\"avia-menu-text\">Projeto QUALIFICASUS<\/span><\/a><\/li>\n<\/ul>\n<\/li>\n<li id=\"menu-item-49961\" class=\"menu-item menu-item-type-custom menu-item-object-custom menu-item-top-level menu-item-top-level-5\"><a href=\"https:\/\/amazonia.fiocruz.br\/?page_id=37110\" itemprop=\"url\"><span class=\"avia-bullet\"><\/span><span class=\"avia-menu-text\">Planejamento Estrat\u00e9gico e Autoavalia\u00e7\u00e3o<\/span><span class=\"avia-menu-fx\"><span class=\"avia-arrow-wrap\"><span class=\"avia-arrow\"><\/span><\/span><\/span><\/a><\/li>\n<li id=\"menu-item-49964\" class=\"menu-item menu-item-type-custom menu-item-object-custom menu-item-top-level menu-item-top-level-6\"><a href=\"https:\/\/amazonia.fiocruz.br\/?page_id=16314\" itemprop=\"url\"><span class=\"avia-bullet\"><\/span><span class=\"avia-menu-text\">Chamadas P\u00fablicas<\/span><span class=\"avia-menu-fx\"><span class=\"avia-arrow-wrap\"><span class=\"avia-arrow\"><\/span><\/span><\/span><\/a><\/li>\n<li id=\"menu-item-50105\" class=\"menu-item menu-item-type-custom menu-item-object-custom menu-item-top-level menu-item-top-level-7\"><a href=\"https:\/\/amazonia.fiocruz.br\/?page_id=50103\" itemprop=\"url\"><span class=\"avia-bullet\"><\/span><span class=\"avia-menu-text\">Acompanhamento de Egressos<\/span><span class=\"avia-menu-fx\"><span class=\"avia-arrow-wrap\"><span class=\"avia-arrow\"><\/span><\/span><\/span><\/a><\/li>\n<li id=\"menu-item-49970\" class=\"menu-item menu-item-type-custom menu-item-object-custom menu-item-top-level menu-item-top-level-8\"><a href=\"https:\/\/amazonia.fiocruz.br\/?page_id=49968\" itemprop=\"url\"><span class=\"avia-bullet\"><\/span><span class=\"avia-menu-text\">Fale Conosco<\/span><span class=\"avia-menu-fx\"><span class=\"avia-arrow-wrap\"><span class=\"avia-arrow\"><\/span><\/span><\/span><\/a><\/li>\n<\/ul><\/div><\/div><div class='sticky_placeholder'><\/div><div id='after_submenu'  class='main_color av_default_container_wrap container_wrap sidebar_right' style=' '  ><div class='container' ><div class='template-page content  av-content-small alpha units'><div class='post-entry post-entry-type-page post-entry-43883'><div class='entry-content-wrapper clearfix'>\n<div class=\"flex_column av_one_full  flex_column_div av-zero-column-padding first  avia-builder-el-4  el_after_av_submenu  el_before_av_three_fifth  avia-builder-el-first  \" style='border-radius:0px; '><\/div>\n<div class=\"flex_column av_three_fifth  flex_column_div av-zero-column-padding first  avia-builder-el-5  el_after_av_one_full  el_before_av_three_fifth  column-top-margin\" style='border-radius:0px; '><\/div>\n<div class=\"flex_column av_three_fifth  flex_column_div av-zero-column-padding first  avia-builder-el-6  el_after_av_three_fifth  el_before_av_two_fifth  \" style='border-radius:0px; '><section class=\"av_textblock_section \"  itemscope=\"itemscope\" itemtype=\"https:\/\/schema.org\/CreativeWork\" ><div class='avia_textblock  '   itemprop=\"text\" ><h2><span style=\"color: #000000;\">CALEND\u00c1RIO ACAD\u00caMICO<\/span><\/h2>\n<hr \/>\n<h2><\/h2>\n<\/div><\/section><br \/>\n<section class=\"av_textblock_section \"  itemscope=\"itemscope\" itemtype=\"https:\/\/schema.org\/CreativeWork\" ><div class='avia_textblock  '   itemprop=\"text\" ><p style=\"text-align: justify;\"><span style=\"color: #808080;\">Aqui voc\u00ea encontrar\u00e1 todas as datas importantes relacionadas aos cursos, eventos e atividades acad\u00eamicas. <\/span><span style=\"color: #808080;\">O Calend\u00e1rio Acad\u00eamico est\u00e1 dispon\u00edvel para consulta em formato PDF, facilitando o acesso e o planejamento de suas atividades. Voc\u00ea pode baixar o Calend\u00e1rio completo clicando no link abaixo ou, se preferir, integrar as datas diretamente \u00e0 sua agenda digital.<\/span><\/p>\n<p><span style=\"color: #808080;\"> Acesse o Calend\u00e1rio, fa\u00e7a o download ou adicione \u00e0 sua agenda digital, e mantenha-se atualizado com as atividades!<\/span><\/p>\n<p style=\"text-align: justify;\">\n<\/div><\/section><br \/>\n<section class=\"av_textblock_section \"  itemscope=\"itemscope\" itemtype=\"https:\/\/schema.org\/CreativeWork\" ><div class='avia_textblock  '   itemprop=\"text\" ><h2><span style=\"color: #ffffff;\">.<\/span><\/h2>\n<\/div><\/section><br \/>\n<div  class='avia-icon-list-container   avia-builder-el-10  el_after_av_textblock  el_before_av_iconlist '><ul class='avia-icon-list avia-icon-list-left av-iconlist-big avia_animate_when_almost_visible avia-iconlist-animate'>\n<li><div  class='iconlist_icon  avia-font-entypo-fontello'><span class='iconlist-char ' aria-hidden='true' data-av_icon='\ue84e' data-av_iconfont='entypo-fontello'><\/span><\/div><article class=\"article-icon-entry \"  itemscope=\"itemscope\" itemtype=\"https:\/\/schema.org\/CreativeWork\" ><div class='iconlist_content_wrap'><header class=\"entry-content-header\"><h4 class='av_iconlist_title iconlist_title   '  itemprop=\"headline\"  ><a href='https:\/\/amazonia.fiocruz.br\/wp-content\/uploads\/2026\/03\/Calendario-Academico-VDEIC-2026-expandido_atualizado.pdf' title='Calend\u00e1rio Acad\u00eamico - 2026 - Expandido'>Calend\u00e1rio Acad\u00eamico - 2026 - Expandido<\/a><\/h4><\/header><div class='iconlist_content  '  itemprop=\"text\"  ><p><span style=\"color: #99cc00;\"><a style=\"color: #99cc00;\" href=\"https:\/\/amazonia.fiocruz.br\/wp-content\/uploads\/2026\/03\/Calendario-Academico-VDEIC-2026-expandido_atualizado.pdf\"><span style=\"color: #99cc00;\">Baixe aqui o Calend\u00e1rio Acad\u00eamico em PDF<\/span><\/a><\/span><\/p>\n<\/div><\/div><footer class=\"entry-footer\"><\/footer><\/article><div class='iconlist-timeline'><\/div><\/li>\n<\/ul><\/div><br \/>\n<div  class='avia-icon-list-container   avia-builder-el-11  el_after_av_iconlist  el_before_av_iconlist '><ul class='avia-icon-list avia-icon-list-left av-iconlist-big avia_animate_when_almost_visible avia-iconlist-animate'>\n<li><div  class='iconlist_icon  avia-font-entypo-fontello'><span class='iconlist-char ' aria-hidden='true' data-av_icon='\ue84e' data-av_iconfont='entypo-fontello'><\/span><\/div><article class=\"article-icon-entry \"  itemscope=\"itemscope\" itemtype=\"https:\/\/schema.org\/CreativeWork\" ><div class='iconlist_content_wrap'><header class=\"entry-content-header\"><h4 class='av_iconlist_title iconlist_title   '  itemprop=\"headline\"  ><a href='https:\/\/amazonia.fiocruz.br\/wp-content\/uploads\/2026\/03\/Calendario-Academico-VDEIC-2026-resumido_atualizado.pdf' title='Calend\u00e1rio Acad\u00eamico - 2026 - Resumido'>Calend\u00e1rio Acad\u00eamico - 2026 - Resumido<\/a><\/h4><\/header><div class='iconlist_content  '  itemprop=\"text\"  ><p><span style=\"color: #99cc00;\"><a style=\"color: #99cc00;\" href=\"https:\/\/amazonia.fiocruz.br\/wp-content\/uploads\/2026\/03\/Calendario-Academico-VDEIC-2026-resumido_atualizado.pdf\"><span style=\"color: #99cc00;\">Baixe aqui o Calend\u00e1rio Acad\u00eamico em PDF<\/span><\/a><\/span><\/p>\n<\/div><\/div><footer class=\"entry-footer\"><\/footer><\/article><div class='iconlist-timeline'><\/div><\/li>\n<\/ul><\/div><br \/>\n<div  class='avia-icon-list-container   avia-builder-el-12  el_after_av_iconlist  el_before_av_iconlist '><ul class='avia-icon-list avia-icon-list-left av-iconlist-big avia_animate_when_almost_visible avia-iconlist-animate'>\n<li><div  class='iconlist_icon  avia-font-entypo-fontello'><span class='iconlist-char ' aria-hidden='true' data-av_icon='\ue84e' data-av_iconfont='entypo-fontello'><\/span><\/div><article class=\"article-icon-entry \"  itemscope=\"itemscope\" itemtype=\"https:\/\/schema.org\/CreativeWork\" ><div class='iconlist_content_wrap'><header class=\"entry-content-header\"><h4 class='av_iconlist_title iconlist_title   '  itemprop=\"headline\"  ><a href='https:\/\/amazonia.fiocruz.br\/wp-content\/uploads\/2025\/07\/CALENDARIO_ACADEMICO_25_07_25.pdf' title='Calend\u00e1rio Acad\u00eamico - 2025 - Download'>Calend\u00e1rio Acad\u00eamico - 2025 - Download<\/a><\/h4><\/header><div class='iconlist_content  '  itemprop=\"text\"  ><p><span style=\"color: #99cc00;\"><a style=\"color: #99cc00;\" href=\"https:\/\/amazonia.fiocruz.br\/wp-content\/uploads\/2025\/07\/CALENDARIO_ACADEMICO_25_07_25.pdf\"><span style=\"color: #99cc00;\">Baixe aqui o Calend\u00e1rio Acad\u00eamico em PDF<\/span><\/a><\/span><\/p>\n<\/div><\/div><footer class=\"entry-footer\"><\/footer><\/article><div class='iconlist-timeline'><\/div><\/li>\n<\/ul><\/div><br \/>\n<div  class='avia-icon-list-container   avia-builder-el-13  el_after_av_iconlist  el_before_av_iconlist '><ul class='avia-icon-list avia-icon-list-left av-iconlist-big avia_animate_when_almost_visible avia-iconlist-animate'>\n<li><div  class='iconlist_icon  avia-font-entypo-fontello'><span class='iconlist-char ' aria-hidden='true' data-av_icon='\ue84e' data-av_iconfont='entypo-fontello'><\/span><\/div><article class=\"article-icon-entry \"  itemscope=\"itemscope\" itemtype=\"https:\/\/schema.org\/CreativeWork\" ><div class='iconlist_content_wrap'><header class=\"entry-content-header\"><h4 class='av_iconlist_title iconlist_title   '  itemprop=\"headline\"  ><a href='https:\/\/amazonia.fiocruz.br\/wp-content\/uploads\/2024\/04\/calendarioacademico_10_04_24.pdf' title='Calend\u00e1rio Acad\u00eamico - 2024 - Download'>Calend\u00e1rio Acad\u00eamico - 2024 - Download<\/a><\/h4><\/header><div class='iconlist_content  '  itemprop=\"text\"  ><p><span style=\"color: #99cc00;\"><a style=\"color: #99cc00;\" href=\"https:\/\/amazonia.fiocruz.br\/wp-content\/uploads\/2024\/04\/calendarioacademico_10_04_24.pdf\"><span style=\"color: #99cc00;\">Baixe aqui o Calend\u00e1rio Acad\u00eamico em PDF<\/span><\/a><\/span><\/p>\n<\/div><\/div><footer class=\"entry-footer\"><\/footer><\/article><div class='iconlist-timeline'><\/div><\/li>\n<\/ul><\/div><br \/>\n<div  class='avia-icon-list-container   avia-builder-el-14  el_after_av_iconlist  avia-builder-el-last '><ul class='avia-icon-list avia-icon-list-left av-iconlist-big avia_animate_when_almost_visible avia-iconlist-animate'>\n<li><div  class='iconlist_icon  avia-font-fontello'><span class='iconlist-char ' aria-hidden='true' data-av_icon='\ue9d6' data-av_iconfont='fontello'><\/span><\/div><article class=\"article-icon-entry \"  itemscope=\"itemscope\" itemtype=\"https:\/\/schema.org\/CreativeWork\" ><div class='iconlist_content_wrap'><header class=\"entry-content-header\"><h4 class='av_iconlist_title iconlist_title   '  itemprop=\"headline\"  ><a href='https:\/\/calendar.google.com\/calendar\/u\/0?cid=Y19saTQ5NTFwYnZvaTJ2ZjFjOW5odXAxOGU2Y0Bncm91cC5jYWxlbmRhci5nb29nbGUuY29t' title='Calend\u00e1rio Acad\u00eamico - 2024 - Google Agenda'>Calend\u00e1rio Acad\u00eamico - 2024 - Google Agenda<\/a><\/h4><\/header><div class='iconlist_content  '  itemprop=\"text\"  ><p><a href=\"https:\/\/calendar.google.com\/calendar\/u\/0?cid=Y19saTQ5NTFwYnZvaTJ2ZjFjOW5odXAxOGU2Y0Bncm91cC5jYWxlbmRhci5nb29nbGUuY29t\"><span style=\"color: #99cc00;\">Adicione o Calend\u00e1rio Acad\u00eamico em sua Google Agenda<\/span><\/a><\/p>\n<\/div><\/div><footer class=\"entry-footer\"><\/footer><\/article><div class='iconlist-timeline'><\/div><\/li>\n<\/ul><\/div><\/p><\/div><div class=\"flex_column av_two_fifth  flex_column_div av-zero-column-padding   avia-builder-el-15  el_after_av_three_fifth  el_before_av_one_full  \" style='border-radius:0px; '><section class=\"av_textblock_section \"  itemscope=\"itemscope\" itemtype=\"https:\/\/schema.org\/CreativeWork\" ><div class='avia_textblock  '   itemprop=\"text\" ><h2><span style=\"color: #000000;\">Google Agenda<\/span><\/h2>\n<hr \/>\n<h2><\/h2>\n<\/div><\/section><br \/>\n<\/p><\/div><\/p>\n<div class=\"flex_column av_one_full  flex_column_div av-zero-column-padding first  avia-builder-el-18  el_after_av_two_fifth  avia-builder-el-last  \" style='border-radius:0px; '><\/div>\n","protected":false},"excerpt":{"rendered":"","protected":false},"author":69,"featured_media":0,"parent":0,"menu_order":0,"comment_status":"closed","ping_status":"closed","template":"","meta":{"footnotes":""},"class_list":["post-43883","page","type-page","status-publish","hentry"],"_links":{"self":[{"href":"https:\/\/amazonia.fiocruz.br\/index.php?rest_route=\/wp\/v2\/pages\/43883","targetHints":{"allow":["GET"]}}],"collection":[{"href":"https:\/\/amazonia.fiocruz.br\/index.php?rest_route=\/wp\/v2\/pages"}],"about":[{"href":"https:\/\/amazonia.fiocruz.br\/index.php?rest_route=\/wp\/v2\/types\/page"}],"author":[{"embeddable":true,"href":"https:\/\/amazonia.fiocruz.br\/index.php?rest_route=\/wp\/v2\/users\/69"}],"replies":[{"embeddable":true,"href":"https:\/\/amazonia.fiocruz.br\/index.php?rest_route=%2Fwp%2Fv2%2Fcomments&post=43883"}],"version-history":[{"count":66,"href":"https:\/\/amazonia.fiocruz.br\/index.php?rest_route=\/wp\/v2\/pages\/43883\/revisions"}],"predecessor-version":[{"id":58375,"href":"https:\/\/amazonia.fiocruz.br\/index.php?rest_route=\/wp\/v2\/pages\/43883\/revisions\/58375"}],"wp:attachment":[{"href":"https:\/\/amazonia.fiocruz.br\/index.php?rest_route=%2Fwp%2Fv2%2Fmedia&parent=43883"}],"curies":[{"name":"wp","href":"https:\/\/api.w.org\/{rel}","templated":true}]}}