{"id":43592,"date":"2024-04-16T18:57:02","date_gmt":"2024-04-16T22:57:02","guid":{"rendered":"https:\/\/amazonia.fiocruz.br\/?page_id=43592"},"modified":"2024-12-27T19:06:39","modified_gmt":"2024-12-27T23:06:39","slug":"vigilancia-em-saude-na-rede-de-atencao-primaria-a-saude-projeto-qualificasus-2","status":"publish","type":"page","link":"https:\/\/amazonia.fiocruz.br\/?page_id=43592","title":{"rendered":"Projeto QualificaSUS &#8211; Vigil\u00e2ncia em Sa\u00fade na Rede de Aten\u00e7\u00e3o Prim\u00e1ria \u00e0 Sa\u00fade"},"content":{"rendered":"<div id='av_section_1'  class='avia-section main_color avia-section-default avia-no-shadow  avia-full-stretch avia-bg-style-scroll  avia-builder-el-0  el_before_av_submenu  avia-builder-el-first   av-minimum-height av-minimum-height-50  container_wrap sidebar_right' style='background-repeat: no-repeat; background-image: url(https:\/\/amazonia.fiocruz.br\/wp-content\/uploads\/2024\/04\/scv-wevwd-3.png);background-attachment: scroll; background-position: top left;  '  data-section-bg-repeat='stretch' data-av_minimum_height_pc='50'><div class='container' ><main  role=\"main\" itemprop=\"mainContentOfPage\"  class='template-page content  av-content-small alpha units'><div class='post-entry post-entry-type-page post-entry-43592'><div class='entry-content-wrapper clearfix'>\n<div class=\"flex_column av_one_half  flex_column_div av-zero-column-padding first  avia-builder-el-1  avia-builder-el-no-sibling  \" style='border-radius:0px; '><div  style='padding-bottom:10px; color:#ffffff;font-size:30px;' class='av-special-heading av-special-heading-h3 custom-color-heading blockquote modern-quote  avia-builder-el-2  avia-builder-el-no-sibling  av-inherit-size '><h3 class='av-special-heading-tag '  itemprop=\"headline\"  >Vigil\u00e2ncia em Sa\u00fade na Rede de Aten\u00e7\u00e3o Prim\u00e1ria \u00e0 Sa\u00fade<\/h3><div class ='av-subheading av-subheading_below av_custom_color ' style='font-size:18px;'><p>Especializa\u00e7\u00e3o<\/p>\n<\/div><div class='special-heading-border'><div class='special-heading-inner-border' style='border-color:#ffffff'><\/div><\/div><\/div><\/div>\n\n<\/div><\/div><\/main><!-- close content main element --><\/div><\/div><div class='clear'><\/div><div id='sub_menu1'  class='av-submenu-container header_color  avia-builder-el-3  el_after_av_section  el_before_av_textblock  av-sticky-submenu  submenu-not-first container_wrap sidebar_right' style='  z-index:301' ><div class='container av-menu-mobile-disabled '><ul id=\"menu-qualifica-sus\" class=\"av-subnav-menu av-submenu-pos-center\"><li id=\"menu-item-46362\" class=\"menu-item menu-item-type-custom menu-item-object-custom menu-item-top-level menu-item-top-level-1\"><a href=\"https:\/\/amazonia.fiocruz.br\/?page_id=43523\" itemprop=\"url\"><span class=\"avia-bullet\"><\/span><span class=\"avia-menu-text\">O Projeto<\/span><span class=\"avia-menu-fx\"><span class=\"avia-arrow-wrap\"><span class=\"avia-arrow\"><\/span><\/span><\/span><\/a><\/li>\n<li id=\"menu-item-46366\" class=\"menu-item menu-item-type-custom menu-item-object-custom menu-item-top-level menu-item-top-level-2\"><a href=\"https:\/\/amazonia.fiocruz.br\/?page_id=46364\" itemprop=\"url\"><span class=\"avia-bullet\"><\/span><span class=\"avia-menu-text\">Qualifica\u00e7\u00f5es<\/span><span class=\"avia-menu-fx\"><span class=\"avia-arrow-wrap\"><span class=\"avia-arrow\"><\/span><\/span><\/span><\/a><\/li>\n<li id=\"menu-item-46370\" class=\"menu-item menu-item-type-custom menu-item-object-custom menu-item-top-level menu-item-top-level-3\"><a href=\"https:\/\/amazonia.fiocruz.br\/?page_id=43551\" itemprop=\"url\"><span class=\"avia-bullet\"><\/span><span class=\"avia-menu-text\">Mestrado<\/span><span class=\"avia-menu-fx\"><span class=\"avia-arrow-wrap\"><span class=\"avia-arrow\"><\/span><\/span><\/span><\/a><\/li>\n<li id=\"menu-item-46371\" class=\"menu-item menu-item-type-custom menu-item-object-custom menu-item-top-level menu-item-top-level-4\"><a href=\"https:\/\/amazonia.fiocruz.br\/?page_id=43584\" itemprop=\"url\"><span class=\"avia-bullet\"><\/span><span class=\"avia-menu-text\">Especializa\u00e7\u00e3o<\/span><span class=\"avia-menu-fx\"><span class=\"avia-arrow-wrap\"><span class=\"avia-arrow\"><\/span><\/span><\/span><\/a><\/li>\n<li id=\"menu-item-46436\" class=\"menu-item menu-item-type-custom menu-item-object-custom menu-item-top-level menu-item-top-level-5\"><a href=\"https:\/\/amazonia.fiocruz.br\/?page_id=46414&amp;preview_id=46414\" itemprop=\"url\"><span class=\"avia-bullet\"><\/span><span class=\"avia-menu-text\">Cursos de Atualiza\u00e7\u00e3o<\/span><span class=\"avia-menu-fx\"><span class=\"avia-arrow-wrap\"><span class=\"avia-arrow\"><\/span><\/span><\/span><\/a><\/li>\n<\/ul><\/div><\/div><div class='sticky_placeholder'><\/div><div id='after_submenu'  class='main_color av_default_container_wrap container_wrap sidebar_right' style=' '  ><div class='container' ><div class='template-page content  av-content-small alpha units'><div class='post-entry post-entry-type-page post-entry-43592'><div class='entry-content-wrapper clearfix'>\n<section class=\"av_textblock_section \"  itemscope=\"itemscope\" itemtype=\"https:\/\/schema.org\/CreativeWork\" ><div class='avia_textblock  '   itemprop=\"text\" ><p>\u2800\u2800\u2800\u2800\u2800\u2800\u2800\u2800\u2800<\/p>\n<\/div><\/section>\n<\/div><\/div><\/div><!-- close content main div --><\/div><\/div><div id='av_section_2'  class='avia-section main_color avia-section-small avia-no-border-styling  avia-bg-style-scroll  avia-builder-el-5  el_after_av_textblock  avia-builder-el-last   container_wrap sidebar_right' style=' '  ><div class='container' ><div class='template-page content  av-content-small alpha units'><div class='post-entry post-entry-type-page post-entry-43592'><div class='entry-content-wrapper clearfix'>\n<div class=\"flex_column av_four_fifth  flex_column_div av-zero-column-padding first  avia-builder-el-6  el_before_av_one_fifth  avia-builder-el-first  \" style='border-radius:0px; '><section class=\"av_textblock_section \"  itemscope=\"itemscope\" itemtype=\"https:\/\/schema.org\/CreativeWork\" ><div class='avia_textblock  '   itemprop=\"text\" ><h2><span style=\"color: #000000;\">SOBRE O CURSO<\/h2>\n<hr \/>\n<h2><\/h2>\n<\/div><\/section><br \/>\n<section class=\"av_textblock_section \"  itemscope=\"itemscope\" itemtype=\"https:\/\/schema.org\/CreativeWork\" ><div class='avia_textblock  '   itemprop=\"text\" ><p style=\"text-align: justify;\"><span style=\"color: #808080;\">O Curso tem como objetivo qualificar profissionais que atuam em cuidados prim\u00e1rios de sa\u00fade para implanta\u00e7\u00e3o e desenvolvimento de a\u00e7\u00f5es de Vigil\u00e2ncia em Sa\u00fade no plano territorial-local, promovendo a integra\u00e7\u00e3o entre oferta de cuidados de APS e a\u00e7\u00f5es de vigil\u00e2ncia na rede b\u00e1sica de servi\u00e7os de sa\u00fade.<\/span><\/p>\n<p style=\"text-align: justify;\"><span style=\"color: #808080;\">A turma de Tabatinga \u00e9 uma oferta do Instituto Le\u00f4nidas &amp; Maria Deane (ILMD\/Fiocruz Amaz\u00f4nia) em parceria com a Assessoria de Assuntos Internacionais de Sa\u00fade do Minist\u00e9rio da Sa\u00fade (AISA), com a Organiza\u00e7\u00e3o do Tratado de Coopera\u00e7\u00e3o Amaz\u00f4nica (OTCA) e com a Organiza\u00e7\u00e3o Panamericana de Sa\u00fade (OPAS), e iniciou as suas atividades acad\u00eamicas em agosto de 2019. O curso conta tamb\u00e9m com o apoio log\u00edstico prestado pelo Instituto Federal do Amazonas (IFAM-Tabatinga), que disponibiliza suas instala\u00e7\u00f5es f\u00edsicas para a realiza\u00e7\u00e3o das aulas.<br \/>\nJ\u00e1 a turma de Tef\u00e9 \u00e9 uma oferta do Instituto Le\u00f4nidas &amp; Maria Deane (ILMD\/Fiocruz Amaz\u00f4nia) em parceria com o Conselho de Secret\u00e1rios Municipais de Sa\u00fade do Amazonas (Cosems-AM), e iniciou as suas atividades acad\u00eamicas em novembro de 2019.<\/span><\/p>\n<p style=\"text-align: justify;\"><span style=\"color: #808080;\">O curso possui uma carga hor\u00e1ria total de 460 horas. Aos egressos ser\u00e1 concedido o t\u00edtulo de Especialista em Vigil\u00e2ncia em Sa\u00fade.<\/span><\/p>\n<\/div><\/section><br \/>\n<section class=\"av_textblock_section \"  itemscope=\"itemscope\" itemtype=\"https:\/\/schema.org\/CreativeWork\" ><div class='avia_textblock  '   itemprop=\"text\" ><p>\u2800\u2800\u2800\u2800\u2800\u2800\u2800\u2800\u2800<\/p>\n<\/div><\/section><br \/>\n<section class=\"av_textblock_section \"  itemscope=\"itemscope\" itemtype=\"https:\/\/schema.org\/CreativeWork\" ><div class='avia_textblock  '   itemprop=\"text\" ><h2><span style=\"color: #000000;\">P\u00daBLICO-ALVO<\/h2>\n<hr \/>\n<h2><\/h2>\n<\/div><\/section><br \/>\n<section class=\"av_textblock_section \"  itemscope=\"itemscope\" itemtype=\"https:\/\/schema.org\/CreativeWork\" ><div class='avia_textblock  '   itemprop=\"text\" ><p style=\"text-align: justify;\"><span style=\"color: #808080;\">Profissionais com n\u00edvel superior das Secretarias Municipais de Sa\u00fade dos munic\u00edpios sede (Tabatinga e Tef\u00e9) e munic\u00edpios vizinhos a estes, que desempenham suas fun\u00e7\u00f5es e\/ou atividades na \u00e1rea de Vigil\u00e2ncia em Sa\u00fade. Tamb\u00e9m foram contemplados, na turma de Tabatinga, profissionais de sa\u00fade da Col\u00f4mbia e do Peru, residentes dos munic\u00edpios da regi\u00e3o da tr\u00edplice fronteira.<\/p>\n<\/div><\/section><br \/>\n<section class=\"av_textblock_section \"  itemscope=\"itemscope\" itemtype=\"https:\/\/schema.org\/CreativeWork\" ><div class='avia_textblock  '   itemprop=\"text\" ><p>\u2800\u2800\u2800\u2800\u2800\u2800\u2800\u2800\u2800<\/p>\n<\/div><\/section><br \/>\n<section class=\"av_textblock_section \"  itemscope=\"itemscope\" itemtype=\"https:\/\/schema.org\/CreativeWork\" ><div class='avia_textblock  '   itemprop=\"text\" ><h2><span style=\"color: #000000;\">COORDENADORES<\/h2>\n<hr \/>\n<h2><\/h2>\n<\/div><\/section><br \/>\n<section class=\"av_textblock_section \"  itemscope=\"itemscope\" itemtype=\"https:\/\/schema.org\/CreativeWork\" ><div class='avia_textblock  '   itemprop=\"text\" ><p style=\"text-align: justify;\"><span style=\"color: #808080;\">Tiziana Bezerra Gerbaldo &#8211; Turma de Tabatinga<br \/>\nBernardino Cl\u00e1udio de Albuquerque &#8211; Turma de Tef\u00e9<\/span><\/p>\n<\/div><\/section><br \/>\n<section class=\"av_textblock_section \"  itemscope=\"itemscope\" itemtype=\"https:\/\/schema.org\/CreativeWork\" ><div class='avia_textblock  '   itemprop=\"text\" ><p>\u2800\u2800\u2800\u2800\u2800\u2800\u2800\u2800\u2800<\/p>\n<\/div><\/section><br \/>\n<section class=\"av_textblock_section \"  itemscope=\"itemscope\" itemtype=\"https:\/\/schema.org\/CreativeWork\" ><div class='avia_textblock  '   itemprop=\"text\" ><h2><span style=\"color: #000000;\">EGRESSO<\/h2>\n<hr \/>\n<h2><\/h2>\n<\/div><\/section><br \/>\n<div   class=\"togglecontainer   toggle_close_all  avia-builder-el-17  el_after_av_textblock  avia-builder-el-last \" >\n<section class=\"av_toggle_section\"  itemscope=\"itemscope\" itemtype=\"https:\/\/schema.org\/CreativeWork\"  >    <div role=\"tablist\" class=\"single_toggle\" data-tags=\"{Todos} \"  >        <p data-fake-id=\"#toggle-id-1\" class=\"toggler \"  itemprop=\"headline\"    role=\"tab\" tabindex=\"0\" aria-controls=\"toggle-id-1\">Tabatinga<span class=\"toggle_icon\" >        <span class=\"vert_icon\"><\/span><span class=\"hor_icon\"><\/span><\/span><\/p>        <div id=\"toggle-id-1\" class=\"toggle_wrap \"   >            <div class=\"toggle_content invers-color \"  itemprop=\"text\"   ><table width=\"567\">\n<tbody>\n<tr>\n<td width=\"567\">Angelo Daniel Benaun Rios<\/td>\n<\/tr>\n<tr>\n<td width=\"567\">Carol Viviana Araque Sarmiento<\/td>\n<\/tr>\n<tr>\n<td width=\"567\">Cinthia Maribel G\u00f3mez Vela<\/td>\n<\/tr>\n<tr>\n<td width=\"567\">Cristiane Ferreira da Silva<\/td>\n<\/tr>\n<tr>\n<td width=\"567\">Cyntia Clecia Tenazor Ferreira<\/td>\n<\/tr>\n<tr>\n<td width=\"567\">Darciney da Silva Obando<\/td>\n<\/tr>\n<tr>\n<td width=\"567\">Edilaine Rucaglia Rizzo<\/td>\n<\/tr>\n<tr>\n<td width=\"567\">France Carla Souza da Silva<\/td>\n<\/tr>\n<tr>\n<td width=\"567\">Gerson Clay da Silva Lopez<\/td>\n<\/tr>\n<tr>\n<td width=\"567\">Henry Alberto Sanchez Hoyos<\/td>\n<\/tr>\n<tr>\n<td width=\"567\">Ingrid Herculano de Assis<\/td>\n<\/tr>\n<tr>\n<td width=\"567\">Jaclene Tenazor Ferreira<\/td>\n<\/tr>\n<tr>\n<td width=\"567\">Jenny V\u00e1squez Valderrama<\/td>\n<\/tr>\n<tr>\n<td width=\"567\">Josivane Reis Nogueira<\/td>\n<\/tr>\n<tr>\n<td width=\"567\">Jo\u00e3o Batista de Freitas Neto<\/td>\n<\/tr>\n<tr>\n<td width=\"567\">Jos\u00e9 Francisco Zamora Del Castillo<\/td>\n<\/tr>\n<tr>\n<td width=\"567\">Juana Elvira Valera P\u00e9rez<\/td>\n<\/tr>\n<tr>\n<td width=\"567\">Karina Liliana Cueva Pabon<\/td>\n<\/tr>\n<tr>\n<td width=\"567\">Kelly Natalia Romero Vesga<\/td>\n<\/tr>\n<tr>\n<td width=\"567\">Kilyam Yurany Gomez Ramos<\/td>\n<\/tr>\n<tr>\n<td width=\"567\">Klaus Estivens Lima Salazar<\/td>\n<\/tr>\n<tr>\n<td width=\"567\">Leea Amalecita Cuenca P\u00e9rez<\/td>\n<\/tr>\n<tr>\n<td width=\"567\">Lizeth Alexandra Sanchez Suarez<\/td>\n<\/tr>\n<tr>\n<td width=\"567\">Manuel Albeiro Zuluaga Garcia<\/td>\n<\/tr>\n<tr>\n<td width=\"567\">Maximiliano Monge Villacrez<\/td>\n<\/tr>\n<tr>\n<td width=\"567\">Mercedes Natividad Valles Flores<\/td>\n<\/tr>\n<tr>\n<td width=\"567\">M\u00f4nika Silva dos Santos<\/td>\n<\/tr>\n<tr>\n<td width=\"567\">Nadia Lizbeth Iriarte Souza<\/td>\n<\/tr>\n<tr>\n<td width=\"567\">Nildete Geissler Ribeiro<\/td>\n<\/tr>\n<tr>\n<td width=\"567\">Prisila Asprilla Jordan<\/td>\n<\/tr>\n<tr>\n<td width=\"567\">Thaciane da Silva Ferreira<\/td>\n<\/tr>\n<tr>\n<td width=\"567\">Vanessa del Pilar Sangama Lozano<\/td>\n<\/tr>\n<tr>\n<td width=\"567\">Warney Pinto Jean<\/td>\n<\/tr>\n<tr>\n<td width=\"567\">Yeimy Alejandra Piraneque Gonzalez<\/td>\n<\/tr>\n<tr>\n<td width=\"567\">Yelicza Cabrera Inuma<\/td>\n<\/tr>\n<tr>\n<td width=\"567\">Carla Serpa Stein Assun\u00e7\u00e3o<\/td>\n<\/tr>\n<\/tbody>\n<\/table>\n            <\/div>        <\/div>    <\/div><\/section>\n<section class=\"av_toggle_section\"  itemscope=\"itemscope\" itemtype=\"https:\/\/schema.org\/CreativeWork\"  >    <div role=\"tablist\" class=\"single_toggle\" data-tags=\"{Todos} \"  >        <p data-fake-id=\"#toggle-id-2\" class=\"toggler \"  itemprop=\"headline\"    role=\"tab\" tabindex=\"0\" aria-controls=\"toggle-id-2\">Tef\u00e9<span class=\"toggle_icon\" >        <span class=\"vert_icon\"><\/span><span class=\"hor_icon\"><\/span><\/span><\/p>        <div id=\"toggle-id-2\" class=\"toggle_wrap \"   >            <div class=\"toggle_content invers-color \"  itemprop=\"text\"   ><table width=\"491\">\n<tbody>\n<tr>\n<td width=\"491\">Adrien<strong>e<\/strong> Ara\u00fajo Fernandes<\/td>\n<\/tr>\n<tr>\n<td width=\"491\">Adriano Ara\u00fajo Fernandes<\/td>\n<\/tr>\n<tr>\n<td width=\"491\">Ana Caroline da Silva Concei\u00e7\u00e3o<\/td>\n<\/tr>\n<tr>\n<td width=\"491\">Andr\u00e9 Gustavo Lira Albuquerque<\/td>\n<\/tr>\n<tr>\n<td width=\"491\">Andreza D&#8217;avila Ferreira Marinho<\/td>\n<\/tr>\n<tr>\n<td width=\"491\">Antonia Naida Pereira do Nascimento<\/td>\n<\/tr>\n<tr>\n<td width=\"491\">Assunta Maria Bacelar<\/td>\n<\/tr>\n<tr>\n<td width=\"491\">Bruna da Silva Pereira<\/td>\n<\/tr>\n<tr>\n<td width=\"491\">Camila Sardinha de Amorim<\/td>\n<\/tr>\n<tr>\n<td width=\"491\">Carlos Cesar Aguiar de Freitas<\/td>\n<\/tr>\n<tr>\n<td width=\"491\">Dalva Rodrigues Nascimento<\/td>\n<\/tr>\n<tr>\n<td width=\"491\">Dandara Lima Evangelista<\/td>\n<\/tr>\n<tr>\n<td width=\"491\">Deborah da Silva Neves<\/td>\n<\/tr>\n<tr>\n<td width=\"491\">Denise de Castro Rodrigues<\/td>\n<\/tr>\n<tr>\n<td width=\"491\">Elinei Alves de Moura<\/td>\n<\/tr>\n<tr>\n<td width=\"491\">Francisca Silmara Amorim de Lima<\/td>\n<\/tr>\n<tr>\n<td width=\"491\">Geimisson de Amorim Gil<\/td>\n<\/tr>\n<tr>\n<td width=\"491\">Genilce Maria Alves Ferreira<\/td>\n<\/tr>\n<tr>\n<td width=\"491\">Giselle Barros Batalha<\/td>\n<\/tr>\n<tr>\n<td width=\"491\">Izauro Freitas Carvalho<\/td>\n<\/tr>\n<tr>\n<td width=\"491\">Jacira Babilonia Sales de Sousa<\/td>\n<\/tr>\n<tr>\n<td width=\"491\">Janine Ara\u00fajo da Costa<\/td>\n<\/tr>\n<tr>\n<td width=\"491\">Jo\u00e3o Paulo Barreto de Alencar<\/td>\n<\/tr>\n<tr>\n<td width=\"491\">Joelma Cec\u00edlia Bacelar da Silva<\/td>\n<\/tr>\n<tr>\n<td width=\"491\">Joyce Karolyne Rodrigues de Oliveira<\/td>\n<\/tr>\n<tr>\n<td width=\"491\">Kamilly Eduarda Fraz\u00e3o Lopes<\/td>\n<\/tr>\n<tr>\n<td width=\"491\">K\u00easia da Mata Batalha<\/td>\n<\/tr>\n<tr>\n<td width=\"491\">Larissa de Souza Matos<\/td>\n<\/tr>\n<tr>\n<td width=\"491\">Larissa Marjorie de Sousa Almeida<\/td>\n<\/tr>\n<tr>\n<td width=\"491\">Lidiana Cordeiro Dias<\/td>\n<\/tr>\n<tr>\n<td width=\"491\">Luc\u00e9lia Ferreira Barroso<\/td>\n<\/tr>\n<tr>\n<td width=\"491\">Lucilane da Silva Souza<\/td>\n<\/tr>\n<tr>\n<td width=\"491\">Lucy Ana do Amazonas Lopes Feliciano<\/td>\n<\/tr>\n<tr>\n<td width=\"491\">M\u00e1rcio da Silva Chagas<\/td>\n<\/tr>\n<tr>\n<td width=\"491\">Maria de F\u00e1tima Brand\u00e3o do Nascimento<\/td>\n<\/tr>\n<tr>\n<td width=\"491\">Mayana Barbosa da Silva Queiroz<\/td>\n<\/tr>\n<tr>\n<td width=\"491\">Michelle Apar\u00edcio dos Santos<\/td>\n<\/tr>\n<tr>\n<td width=\"491\">Nayandra Pollyana Torres de Lima<\/td>\n<\/tr>\n<tr>\n<td width=\"491\">Nirleane da Silva Lima<\/td>\n<\/tr>\n<tr>\n<td width=\"491\">Renata Kamile de Sousa<\/td>\n<\/tr>\n<tr>\n<td width=\"491\">Roberto Divino Batista Cabral<\/td>\n<\/tr>\n<tr>\n<td width=\"491\">Rosiele da Silva Co\u00ealho<\/td>\n<\/tr>\n<tr>\n<td width=\"491\">Sebasti\u00e3o Rodrigo Gomes de Sousa<\/td>\n<\/tr>\n<tr>\n<td width=\"491\">Siloni Pinheiro do Nascimento<\/td>\n<\/tr>\n<tr>\n<td width=\"491\">Silvana Cavalcante Gomes<\/td>\n<\/tr>\n<tr>\n<td width=\"491\">Terezinha Oliveira Ara\u00fajo<\/td>\n<\/tr>\n<tr>\n<td width=\"491\">Valcinei Silva Amorim<\/td>\n<\/tr>\n<tr>\n<td width=\"491\">Wanderley Nogueira<\/td>\n<\/tr>\n<\/tbody>\n<\/table>\n            <\/div>        <\/div>    <\/div><\/section>\n<\/div><\/p><\/div><div class=\"flex_column av_one_fifth  flex_column_div av-zero-column-padding   avia-builder-el-18  el_after_av_four_fifth  el_before_av_four_fifth  \" style='border-radius:0px; '><p><span  class=\"av_font_icon avia_animate_when_visible avia-icon-animate  av-icon-style-border  av-no-color avia-icon-pos-center \" style=\"\"><a href='https:\/\/amazonia.fiocruz.br\/?page_id=41689\/#documentos'   class='av-icon-char' style='font-size:40px;line-height:40px;width:40px;' aria-hidden='true' data-av_icon='\ue84e' data-av_iconfont='entypo-fontello' ><\/a><span class='av_icon_caption av-special-font'>Manual do Aluno \u2013 Lato Sensu<\/span><\/span><br \/>\n<section class=\"av_textblock_section \"  itemscope=\"itemscope\" itemtype=\"https:\/\/schema.org\/CreativeWork\" ><div class='avia_textblock  '   itemprop=\"text\" ><p>\u2800\u2800\u2800\u2800\u2800\u2800\u2800\u2800\u2800<\/p>\n<\/div><\/section><br \/>\n<span  class=\"av_font_icon avia_animate_when_visible avia-icon-animate  av-icon-style-border  av-no-color avia-icon-pos-center \" style=\"\"><a href='https:\/\/amazonia.fiocruz.br\/?page_id=41689\/#documentos'   class='av-icon-char' style='font-size:40px;line-height:40px;width:40px;' aria-hidden='true' data-av_icon='\ue84b' data-av_iconfont='entypo-fontello' ><\/a><span class='av_icon_caption av-special-font'>Regulamento do TCC<\/span><\/span><br \/>\n<section class=\"av_textblock_section \"  itemscope=\"itemscope\" itemtype=\"https:\/\/schema.org\/CreativeWork\" ><div class='avia_textblock  '   itemprop=\"text\" ><p>\u2800\u2800\u2800\u2800\u2800\u2800\u2800\u2800\u2800<\/p>\n<\/div><\/section><br \/>\n<span  class=\"av_font_icon avia_animate_when_visible avia-icon-animate  av-icon-style-border  av-no-color avia-icon-pos-center \" style=\"\"><a href='http:\/\/www.amazonia.fiocruz.br\/wp-content\/uploads\/2021\/03\/VS_ConteudoProgramatico11.03.21.pdf'   class='av-icon-char' style='font-size:40px;line-height:40px;width:40px;' aria-hidden='true' data-av_icon='\ue8a5' data-av_iconfont='entypo-fontello' ><\/a><span class='av_icon_caption av-special-font'>Matriz Pedag\u00f3gica<\/span><\/span><br \/>\n<section class=\"av_textblock_section \"  itemscope=\"itemscope\" itemtype=\"https:\/\/schema.org\/CreativeWork\" ><div class='avia_textblock  '   itemprop=\"text\" ><p>\u2800\u2800\u2800\u2800\u2800\u2800\u2800\u2800\u2800<\/p>\n<\/div><\/section><br \/>\n<span  class=\"av_font_icon avia_animate_when_visible avia-icon-animate  av-icon-style-border  av-no-color avia-icon-pos-center \" style=\"\"><a href='https:\/\/amazonia.fiocruz.br\/?page_id=41689\/#documentos'   class='av-icon-char' style='font-size:40px;line-height:40px;width:40px;' aria-hidden='true' data-av_icon='\ue838' data-av_iconfont='entypo-fontello' ><\/a><span class='av_icon_caption av-special-font'>Formul\u00e1rios<\/span><\/span><\/p><\/div><div class=\"flex_column av_four_fifth  flex_column_div av-zero-column-padding first  avia-builder-el-26  el_after_av_one_fifth  avia-builder-el-last  column-top-margin\" style='border-radius:0px; '><section class=\"av_textblock_section \"  itemscope=\"itemscope\" itemtype=\"https:\/\/schema.org\/CreativeWork\" ><div class='avia_textblock  '   itemprop=\"text\" ><p>\u2800\u2800\u2800\u2800\u2800\u2800\u2800\u2800\u2800<\/p>\n<\/div><\/section><\/div><\/div><\/div><\/div><!-- close content main div --><\/div><\/div><div id='after_section_2'  class='main_color av_default_container_wrap container_wrap sidebar_right' style=' '  ><div class='container' ><div class='template-page content  av-content-small alpha units'><div class='post-entry post-entry-type-page post-entry-43592'><div class='entry-content-wrapper clearfix'>\n","protected":false},"excerpt":{"rendered":"","protected":false},"author":69,"featured_media":0,"parent":0,"menu_order":0,"comment_status":"closed","ping_status":"closed","template":"","meta":{"footnotes":""},"class_list":["post-43592","page","type-page","status-publish","hentry"],"_links":{"self":[{"href":"https:\/\/amazonia.fiocruz.br\/index.php?rest_route=\/wp\/v2\/pages\/43592","targetHints":{"allow":["GET"]}}],"collection":[{"href":"https:\/\/amazonia.fiocruz.br\/index.php?rest_route=\/wp\/v2\/pages"}],"about":[{"href":"https:\/\/amazonia.fiocruz.br\/index.php?rest_route=\/wp\/v2\/types\/page"}],"author":[{"embeddable":true,"href":"https:\/\/amazonia.fiocruz.br\/index.php?rest_route=\/wp\/v2\/users\/69"}],"replies":[{"embeddable":true,"href":"https:\/\/amazonia.fiocruz.br\/index.php?rest_route=%2Fwp%2Fv2%2Fcomments&post=43592"}],"version-history":[{"count":16,"href":"https:\/\/amazonia.fiocruz.br\/index.php?rest_route=\/wp\/v2\/pages\/43592\/revisions"}],"predecessor-version":[{"id":52088,"href":"https:\/\/amazonia.fiocruz.br\/index.php?rest_route=\/wp\/v2\/pages\/43592\/revisions\/52088"}],"wp:attachment":[{"href":"https:\/\/amazonia.fiocruz.br\/index.php?rest_route=%2Fwp%2Fv2%2Fmedia&parent=43592"}],"curies":[{"name":"wp","href":"https:\/\/api.w.org\/{rel}","templated":true}]}}