{"id":43584,"date":"2024-04-16T18:55:12","date_gmt":"2024-04-16T22:55:12","guid":{"rendered":"https:\/\/amazonia.fiocruz.br\/?page_id=43584"},"modified":"2024-12-27T18:56:42","modified_gmt":"2024-12-27T22:56:42","slug":"especializacao-projeto-qualificasus-2","status":"publish","type":"page","link":"https:\/\/amazonia.fiocruz.br\/?page_id=43584","title":{"rendered":"Projeto QualificaSUS &#8211; Especializa\u00e7\u00e3o"},"content":{"rendered":"<div id='av_section_1'  class='avia-section main_color avia-section-default avia-no-shadow  avia-full-stretch avia-bg-style-scroll  avia-builder-el-0  el_before_av_submenu  avia-builder-el-first   av-minimum-height av-minimum-height-50  container_wrap sidebar_right' style='background-repeat: no-repeat; background-image: url(https:\/\/amazonia.fiocruz.br\/wp-content\/uploads\/2024\/04\/scv-wevwd-2.png);background-attachment: scroll; background-position: top left;  '  data-section-bg-repeat='stretch' data-av_minimum_height_pc='50'><div class='container' ><main  role=\"main\" itemprop=\"mainContentOfPage\"  class='template-page content  av-content-small alpha units'><div class='post-entry post-entry-type-page post-entry-43584'><div class='entry-content-wrapper clearfix'>\n<div class=\"flex_column av_two_fifth  flex_column_div av-zero-column-padding first  avia-builder-el-1  avia-builder-el-no-sibling  \" style='border-radius:0px; '><div  style='padding-bottom:10px; color:#ffffff;font-size:30px;' class='av-special-heading av-special-heading-h3 custom-color-heading blockquote modern-quote  avia-builder-el-2  avia-builder-el-no-sibling  av-inherit-size '><h3 class='av-special-heading-tag '  itemprop=\"headline\"  >ESPECIALIZA\u00c7\u00c3O &#8211; PROJETO QUALIFICASUS<\/h3><div class ='av-subheading av-subheading_below av_custom_color ' style='font-size:18px;'><p>Lato Sensu<\/p>\n<\/div><div class='special-heading-border'><div class='special-heading-inner-border' style='border-color:#ffffff'><\/div><\/div><\/div><\/div>\n\n<\/div><\/div><\/main><!-- close content main element --><\/div><\/div><div class='clear'><\/div><div id='sub_menu1'  class='av-submenu-container header_color  avia-builder-el-3  el_after_av_section  el_before_av_one_full  av-sticky-submenu  submenu-not-first container_wrap sidebar_right' style='  z-index:301' ><div class='container av-menu-mobile-disabled '><ul id=\"menu-qualifica-sus\" class=\"av-subnav-menu av-submenu-pos-center\"><li id=\"menu-item-46362\" class=\"menu-item menu-item-type-custom menu-item-object-custom menu-item-top-level menu-item-top-level-1\"><a href=\"https:\/\/amazonia.fiocruz.br\/?page_id=43523\" itemprop=\"url\"><span class=\"avia-bullet\"><\/span><span class=\"avia-menu-text\">O Projeto<\/span><span class=\"avia-menu-fx\"><span class=\"avia-arrow-wrap\"><span class=\"avia-arrow\"><\/span><\/span><\/span><\/a><\/li>\n<li id=\"menu-item-46366\" class=\"menu-item menu-item-type-custom menu-item-object-custom menu-item-top-level menu-item-top-level-2\"><a href=\"https:\/\/amazonia.fiocruz.br\/?page_id=46364\" itemprop=\"url\"><span class=\"avia-bullet\"><\/span><span class=\"avia-menu-text\">Qualifica\u00e7\u00f5es<\/span><span class=\"avia-menu-fx\"><span class=\"avia-arrow-wrap\"><span class=\"avia-arrow\"><\/span><\/span><\/span><\/a><\/li>\n<li id=\"menu-item-46370\" class=\"menu-item menu-item-type-custom menu-item-object-custom menu-item-top-level menu-item-top-level-3\"><a href=\"https:\/\/amazonia.fiocruz.br\/?page_id=43551\" itemprop=\"url\"><span class=\"avia-bullet\"><\/span><span class=\"avia-menu-text\">Mestrado<\/span><span class=\"avia-menu-fx\"><span class=\"avia-arrow-wrap\"><span class=\"avia-arrow\"><\/span><\/span><\/span><\/a><\/li>\n<li id=\"menu-item-46371\" class=\"menu-item menu-item-type-custom menu-item-object-custom menu-item-top-level menu-item-top-level-4\"><a href=\"https:\/\/amazonia.fiocruz.br\/?page_id=43584\" itemprop=\"url\"><span class=\"avia-bullet\"><\/span><span class=\"avia-menu-text\">Especializa\u00e7\u00e3o<\/span><span class=\"avia-menu-fx\"><span class=\"avia-arrow-wrap\"><span class=\"avia-arrow\"><\/span><\/span><\/span><\/a><\/li>\n<li id=\"menu-item-46436\" class=\"menu-item menu-item-type-custom menu-item-object-custom menu-item-top-level menu-item-top-level-5\"><a href=\"https:\/\/amazonia.fiocruz.br\/?page_id=46414&amp;preview_id=46414\" itemprop=\"url\"><span class=\"avia-bullet\"><\/span><span class=\"avia-menu-text\">Cursos de Atualiza\u00e7\u00e3o<\/span><span class=\"avia-menu-fx\"><span class=\"avia-arrow-wrap\"><span class=\"avia-arrow\"><\/span><\/span><\/span><\/a><\/li>\n<\/ul><\/div><\/div><div class='sticky_placeholder'><\/div><div id='after_submenu'  class='main_color av_default_container_wrap container_wrap sidebar_right' style=' '  ><div class='container' ><div class='template-page content  av-content-small alpha units'><div class='post-entry post-entry-type-page post-entry-43584'><div class='entry-content-wrapper clearfix'>\n<div class=\"flex_column av_one_full  flex_column_div av-zero-column-padding first  avia-builder-el-4  el_after_av_submenu  el_before_av_section  avia-builder-el-no-sibling  \" style='border-radius:0px; '><\/div>\n<\/div><\/div><\/div><!-- close content main div --><\/div><\/div><div id='cursos'  class='avia-section alternate_color avia-section-default avia-no-border-styling  avia-bg-style-scroll  avia-builder-el-5  el_after_av_one_full  avia-builder-el-last   av-minimum-height av-minimum-height-50  container_wrap sidebar_right' style=' '   data-av_minimum_height_pc='50'><div class='container' ><div class='template-page content  av-content-small alpha units'><div class='post-entry post-entry-type-page post-entry-43584'><div class='entry-content-wrapper clearfix'>\n<div class=\"flex_column av_three_fifth  flex_column_div first  avia-builder-el-6  el_before_av_two_fifth  avia-builder-el-first  \" ><section class=\"av_textblock_section \"  itemscope=\"itemscope\" itemtype=\"https:\/\/schema.org\/CreativeWork\" ><div class='avia_textblock  '   itemprop=\"text\" ><h2 class=\"av-special-heading-tag \"><span class=\"heading-wrap\">Cursos de Especializa\u00e7\u00e3o Lato Sensu<\/span><\/h2>\n<div class=\"av-subheading av-subheading_below \">\n<p class=\"av-special-heading-tag \"><span class=\"heading-wrap\">Projeto QualificaSUS<br \/>\n<\/span><\/p>\n<hr \/>\n<h2><\/h2>\n<\/div>\n<\/div><\/section><br \/>\n<section class=\"av_textblock_section \"  itemscope=\"itemscope\" itemtype=\"https:\/\/schema.org\/CreativeWork\" ><div class='avia_textblock  '   itemprop=\"text\" ><p style=\"text-align: justify;\"><span style=\"color: #808080;\">Estamos comprometidos em proporcionar oportunidades de desenvolvimento profissional de alta qualidade para os trabalhadores da sa\u00fade, visando fortalecer o Sistema \u00danico de Sa\u00fade (SUS) e promover uma aten\u00e7\u00e3o prim\u00e1ria cada vez mais eficaz e integrada.<\/p>\n<p style=\"text-align: justify;\"><span style=\"color: #808080;\">Especializa\u00e7\u00e3o em Vigil\u00e2ncia em Sa\u00fade na Rede de Aten\u00e7\u00e3o Prim\u00e1ria \u00e0 Sa\u00fade:<\/p>\n<p style=\"text-align: justify;\"><span style=\"color: #808080;\">Este curso oferece uma abordagem abrangente e pr\u00e1tica da vigil\u00e2ncia em sa\u00fade, especialmente voltada para a rede de aten\u00e7\u00e3o prim\u00e1ria. Os participantes ter\u00e3o a oportunidade de aprofundar seus conhecimentos em epidemiologia, sa\u00fade coletiva, gest\u00e3o de servi\u00e7os de sa\u00fade, entre outros temas relevantes. Com isso, estar\u00e3o capacitados para atuar na preven\u00e7\u00e3o, controle e promo\u00e7\u00e3o da sa\u00fade dentro da comunidade, contribuindo para a melhoria dos indicadores de sa\u00fade e qualidade de vida.<\/p>\n<p style=\"text-align: justify;\"><span style=\"color: #808080;\">Especializa\u00e7\u00e3o em Gest\u00e3o das Organiza\u00e7\u00f5es P\u00fablicas de Sa\u00fade:<\/p>\n<p style=\"text-align: justify;\"><span style=\"color: #808080;\">Para os profissionais interessados em aprimorar suas habilidades de gest\u00e3o e lideran\u00e7a no contexto das organiza\u00e7\u00f5es p\u00fablicas de sa\u00fade, este curso oferece uma forma\u00e7\u00e3o s\u00f3lida e atualizada. Atrav\u00e9s de uma abordagem pr\u00e1tica e orientada para resultados, os participantes ir\u00e3o desenvolver compet\u00eancias em planejamento estrat\u00e9gico, gest\u00e3o de pessoas, finan\u00e7as p\u00fablicas, pol\u00edticas de sa\u00fade, entre outros aspectos fundamentais para a efic\u00e1cia e sustentabilidade das organiza\u00e7\u00f5es do setor p\u00fablico.<\/p>\n<\/div><\/section><\/p><\/div><div class=\"flex_column av_two_fifth  flex_column_div   avia-builder-el-9  el_after_av_three_fifth  el_before_av_hr  \" ><div  class='avia-icon-list-container   avia-builder-el-10  avia-builder-el-no-sibling '><ul class='avia-icon-list avia-icon-list-left av-iconlist-small avia_animate_when_almost_visible avia-iconlist-animate'>\n<li><div  class='iconlist_icon  avia-font-fontello'><span class='iconlist-char ' aria-hidden='true' data-av_icon='\ue987' data-av_iconfont='fontello'><\/span><\/div><article class=\"article-icon-entry \"  itemscope=\"itemscope\" itemtype=\"https:\/\/schema.org\/CreativeWork\" ><div class='iconlist_content_wrap'><header class=\"entry-content-header\"><div class='av_iconlist_title iconlist_title_small   '  itemprop=\"headline\"  >Especializa\u00e7\u00e3o em Vigil\u00e2ncia em Sa\u00fade na Rede de Aten\u00e7\u00e3o Prim\u00e1ria \u00e0 Sa\u00fade<\/div><\/header><div class='iconlist_content  '  itemprop=\"text\"  ><p><a href=\"https:\/\/amazonia.fiocruz.br\/?page_id=43592\">https:\/\/amazonia.fiocruz.br\/?page_id=43592<\/a><\/p>\n<\/div><\/div><footer class=\"entry-footer\"><\/footer><\/article><div class='iconlist-timeline'><\/div><\/li>\n<li><div  class='iconlist_icon  avia-font-fontello'><span class='iconlist-char ' aria-hidden='true' data-av_icon='\ue987' data-av_iconfont='fontello'><\/span><\/div><article class=\"article-icon-entry \"  itemscope=\"itemscope\" itemtype=\"https:\/\/schema.org\/CreativeWork\" ><div class='iconlist_content_wrap'><header class=\"entry-content-header\"><div class='av_iconlist_title iconlist_title_small   '  itemprop=\"headline\"  >Especializa\u00e7\u00e3o em Gest\u00e3o das Organiza\u00e7\u00f5es P\u00fablicas de Sa\u00fade<\/div><\/header><div class='iconlist_content  '  itemprop=\"text\"  ><p><a href=\"https:\/\/amazonia.fiocruz.br\/?page_id=33675\">https:\/\/amazonia.fiocruz.br\/?page_id=33675<\/a><\/p>\n<\/div><\/div><footer class=\"entry-footer\"><\/footer><\/article><div class='iconlist-timeline'><\/div><\/li>\n<li><div  class='iconlist_icon  avia-font-fontello'><span class='iconlist-char ' aria-hidden='true' data-av_icon='\ue987' data-av_iconfont='fontello'><\/span><\/div><article class=\"article-icon-entry \"  itemscope=\"itemscope\" itemtype=\"https:\/\/schema.org\/CreativeWork\" ><div class='iconlist_content_wrap'><header class=\"entry-content-header\"><div class='av_iconlist_title iconlist_title_small   '  itemprop=\"headline\"  >Especializa\u00e7\u00e3o em Sa\u00fade P\u00fablica<\/div><\/header><div class='iconlist_content  '  itemprop=\"text\"  ><p><a href=\"https:\/\/amazonia.fiocruz.br\/?page_id=46401\">https:\/\/amazonia.fiocruz.br\/?page_id=46401<\/a><\/p>\n<\/div><\/div><footer class=\"entry-footer\"><\/footer><\/article><div class='iconlist-timeline'><\/div><\/li>\n<\/ul><\/div><\/div><div  style='height:100px' class='hr hr-invisible   avia-builder-el-11  el_after_av_two_fifth  avia-builder-el-last '><span class='hr-inner ' ><span class='hr-inner-style'><\/span><\/span><\/div>\n<\/div><\/div><\/div><!-- close content main div --><\/div><\/div><div id='after_section_2'  class='main_color av_default_container_wrap container_wrap sidebar_right' style=' '  ><div class='container' ><div class='template-page content  av-content-small alpha units'><div class='post-entry post-entry-type-page post-entry-43584'><div class='entry-content-wrapper clearfix'>\n","protected":false},"excerpt":{"rendered":"","protected":false},"author":69,"featured_media":0,"parent":0,"menu_order":0,"comment_status":"closed","ping_status":"closed","template":"","meta":{"footnotes":""},"class_list":["post-43584","page","type-page","status-publish","hentry"],"_links":{"self":[{"href":"https:\/\/amazonia.fiocruz.br\/index.php?rest_route=\/wp\/v2\/pages\/43584","targetHints":{"allow":["GET"]}}],"collection":[{"href":"https:\/\/amazonia.fiocruz.br\/index.php?rest_route=\/wp\/v2\/pages"}],"about":[{"href":"https:\/\/amazonia.fiocruz.br\/index.php?rest_route=\/wp\/v2\/types\/page"}],"author":[{"embeddable":true,"href":"https:\/\/amazonia.fiocruz.br\/index.php?rest_route=\/wp\/v2\/users\/69"}],"replies":[{"embeddable":true,"href":"https:\/\/amazonia.fiocruz.br\/index.php?rest_route=%2Fwp%2Fv2%2Fcomments&post=43584"}],"version-history":[{"count":19,"href":"https:\/\/amazonia.fiocruz.br\/index.php?rest_route=\/wp\/v2\/pages\/43584\/revisions"}],"predecessor-version":[{"id":52072,"href":"https:\/\/amazonia.fiocruz.br\/index.php?rest_route=\/wp\/v2\/pages\/43584\/revisions\/52072"}],"wp:attachment":[{"href":"https:\/\/amazonia.fiocruz.br\/index.php?rest_route=%2Fwp%2Fv2%2Fmedia&parent=43584"}],"curies":[{"name":"wp","href":"https:\/\/api.w.org\/{rel}","templated":true}]}}