{"id":43551,"date":"2024-04-16T18:56:12","date_gmt":"2024-04-16T22:56:12","guid":{"rendered":"https:\/\/amazonia.fiocruz.br\/?page_id=43551"},"modified":"2024-12-27T18:41:11","modified_gmt":"2024-12-27T22:41:11","slug":"mestrado-profissional-em-saude-publica-projeto-qualificasus-2","status":"publish","type":"page","link":"https:\/\/amazonia.fiocruz.br\/?page_id=43551","title":{"rendered":"Projeto QualificaSUS &#8211; Mestrado Profissional em Sa\u00fade P\u00fablica"},"content":{"rendered":"<div id='av_section_1'  class='avia-section main_color avia-section-default avia-no-shadow  avia-full-stretch avia-bg-style-scroll  avia-builder-el-0  el_before_av_submenu  avia-builder-el-first   av-minimum-height av-minimum-height-50  container_wrap sidebar_right' style='background-repeat: no-repeat; background-image: url(https:\/\/amazonia.fiocruz.br\/wp-content\/uploads\/2024\/04\/scv-wevwd-1.png);background-attachment: scroll; background-position: top left;  '  data-section-bg-repeat='stretch' data-av_minimum_height_pc='50'><div class='container' ><main  role=\"main\" itemprop=\"mainContentOfPage\"  class='template-page content  av-content-small alpha units'><div class='post-entry post-entry-type-page post-entry-43551'><div class='entry-content-wrapper clearfix'>\n<div class=\"flex_column av_one_half  flex_column_div av-zero-column-padding first  avia-builder-el-1  avia-builder-el-no-sibling  \" style='border-radius:0px; '><div  style='padding-bottom:10px; color:#ffffff;font-size:30px;' class='av-special-heading av-special-heading-h3 custom-color-heading blockquote modern-quote  avia-builder-el-2  avia-builder-el-no-sibling  av-inherit-size '><h3 class='av-special-heading-tag '  itemprop=\"headline\"  >MESTRADO PROFISSIONAL EM SA\u00daDE P\u00daBLICA<\/h3><div class ='av-subheading av-subheading_below av_custom_color ' style='font-size:18px;'><p> Stricto Sensu<\/p>\n<\/div><div class='special-heading-border'><div class='special-heading-inner-border' style='border-color:#ffffff'><\/div><\/div><\/div><\/div>\n\n<\/div><\/div><\/main><!-- close content main element --><\/div><\/div><div class='clear'><\/div><div id='sub_menu1'  class='av-submenu-container header_color  avia-builder-el-3  el_after_av_section  el_before_av_section  av-sticky-submenu  submenu-not-first container_wrap sidebar_right' style='  z-index:301' ><div class='container av-menu-mobile-disabled '><ul id=\"menu-qualifica-sus\" class=\"av-subnav-menu av-submenu-pos-center\"><li id=\"menu-item-46362\" class=\"menu-item menu-item-type-custom menu-item-object-custom menu-item-top-level menu-item-top-level-1\"><a href=\"https:\/\/amazonia.fiocruz.br\/?page_id=43523\" itemprop=\"url\"><span class=\"avia-bullet\"><\/span><span class=\"avia-menu-text\">O Projeto<\/span><span class=\"avia-menu-fx\"><span class=\"avia-arrow-wrap\"><span class=\"avia-arrow\"><\/span><\/span><\/span><\/a><\/li>\n<li id=\"menu-item-46366\" class=\"menu-item menu-item-type-custom menu-item-object-custom menu-item-top-level menu-item-top-level-2\"><a href=\"https:\/\/amazonia.fiocruz.br\/?page_id=46364\" itemprop=\"url\"><span class=\"avia-bullet\"><\/span><span class=\"avia-menu-text\">Qualifica\u00e7\u00f5es<\/span><span class=\"avia-menu-fx\"><span class=\"avia-arrow-wrap\"><span class=\"avia-arrow\"><\/span><\/span><\/span><\/a><\/li>\n<li id=\"menu-item-46370\" class=\"menu-item menu-item-type-custom menu-item-object-custom menu-item-top-level menu-item-top-level-3\"><a href=\"https:\/\/amazonia.fiocruz.br\/?page_id=43551\" itemprop=\"url\"><span class=\"avia-bullet\"><\/span><span class=\"avia-menu-text\">Mestrado<\/span><span class=\"avia-menu-fx\"><span class=\"avia-arrow-wrap\"><span class=\"avia-arrow\"><\/span><\/span><\/span><\/a><\/li>\n<li id=\"menu-item-46371\" class=\"menu-item menu-item-type-custom menu-item-object-custom menu-item-top-level menu-item-top-level-4\"><a href=\"https:\/\/amazonia.fiocruz.br\/?page_id=43584\" itemprop=\"url\"><span class=\"avia-bullet\"><\/span><span class=\"avia-menu-text\">Especializa\u00e7\u00e3o<\/span><span class=\"avia-menu-fx\"><span class=\"avia-arrow-wrap\"><span class=\"avia-arrow\"><\/span><\/span><\/span><\/a><\/li>\n<li id=\"menu-item-46436\" class=\"menu-item menu-item-type-custom menu-item-object-custom menu-item-top-level menu-item-top-level-5\"><a href=\"https:\/\/amazonia.fiocruz.br\/?page_id=46414&amp;preview_id=46414\" itemprop=\"url\"><span class=\"avia-bullet\"><\/span><span class=\"avia-menu-text\">Cursos de Atualiza\u00e7\u00e3o<\/span><span class=\"avia-menu-fx\"><span class=\"avia-arrow-wrap\"><span class=\"avia-arrow\"><\/span><\/span><\/span><\/a><\/li>\n<\/ul><\/div><\/div><div class='sticky_placeholder'><\/div>\n<div id='av_section_2'  class='avia-section main_color avia-section-small avia-no-border-styling  avia-bg-style-scroll  avia-builder-el-4  el_after_av_submenu  avia-builder-el-last   container_wrap sidebar_right' style=' '  ><div class='container' ><div class='template-page content  av-content-small alpha units'><div class='post-entry post-entry-type-page post-entry-43551'><div class='entry-content-wrapper clearfix'>\n<section class=\"av_textblock_section \"  itemscope=\"itemscope\" itemtype=\"https:\/\/schema.org\/CreativeWork\" ><div class='avia_textblock  '   itemprop=\"text\" ><p>\u2800\u2800\u2800\u2800\u2800\u2800\u2800\u2800\u2800<\/p>\n<\/div><\/section>\n<div class=\"flex_column av_two_third  flex_column_div av-zero-column-padding first  avia-builder-el-6  el_after_av_textblock  el_before_av_one_third  column-top-margin\" style='border-radius:0px; '><section class=\"av_textblock_section \"  itemscope=\"itemscope\" itemtype=\"https:\/\/schema.org\/CreativeWork\" ><div class='avia_textblock  '   itemprop=\"text\" ><h2><span style=\"color: #000000;\">SOBRE O CURSO<\/h2>\n<hr \/>\n<h2><\/h2>\n<\/div><\/section><br \/>\n<section class=\"av_textblock_section \"  itemscope=\"itemscope\" itemtype=\"https:\/\/schema.org\/CreativeWork\" ><div class='avia_textblock  '   itemprop=\"text\" ><p style=\"text-align: justify;\"><span style=\"color: #808080;\">Fruto da parceria entre o Instituto Aggeu Magalh\u00e3es (IAM\/Fiocruz Pernambuco), o Instituto Le\u00f4nidas &amp; Maria Deane (ILMD\/Fiocruz Amaz\u00f4nia) e o Conselho de Secret\u00e1rios Municipais de Sa\u00fade do Amazonas (Cosems-AM), o curso de Mestrado Profissional em Sa\u00fade P\u00fablica \u00e9 parte integrante do pacote de a\u00e7\u00f5es educacionais do Projeto QualificaSUS. Tem como principal objetivo preparar profissionais para atuar como formadores e indutores de processos de mudan\u00e7a em seus espa\u00e7os de trabalho, mediante a ado\u00e7\u00e3o de novos conceitos e pr\u00e1ticas, desenvolvendo produtos de alta aplicabilidade ao desenvolvimento do Sistema \u00danico de Sa\u00fade (SUS). O curso iniciou suas atividades acad\u00eamicas em dezembro de 2019 e disp\u00f4s, inicialmente, de 20 vagas.<\/p>\n<\/div><\/section><br \/>\n<section class=\"av_textblock_section \"  itemscope=\"itemscope\" itemtype=\"https:\/\/schema.org\/CreativeWork\" ><div class='avia_textblock  '   itemprop=\"text\" ><p>\u2800\u2800\u2800\u2800\u2800\u2800\u2800\u2800\u2800<\/p>\n<\/div><\/section><br \/>\n<section class=\"av_textblock_section \"  itemscope=\"itemscope\" itemtype=\"https:\/\/schema.org\/CreativeWork\" ><div class='avia_textblock  '   itemprop=\"text\" ><h2><span style=\"color: #000000;\">P\u00daBLICO-ALVO<\/span><\/h2>\n<hr \/>\n<h2><\/h2>\n<\/div><\/section><br \/>\n<section class=\"av_textblock_section \"  itemscope=\"itemscope\" itemtype=\"https:\/\/schema.org\/CreativeWork\" ><div class='avia_textblock  '   itemprop=\"text\" ><p style=\"text-align: justify;\"><span style=\"color: #808080;\">Profissionais de n\u00edvel superior, com diploma de gradua\u00e7\u00e3o, que atuem em Secretarias Municipais de Sa\u00fade do Estado do Amazonas e servidores do Instituto Le\u00f4nidas &amp; Maria Deane (ILMD\/Fiocruz Amaz\u00f4nia), cuja participa\u00e7\u00e3o conte com o apoio institucional, a partir de suas contribui\u00e7\u00f5es para inova\u00e7\u00f5es na institui\u00e7\u00e3o de origem.<\/p>\n<\/div><\/section><br \/>\n<section class=\"av_textblock_section \"  itemscope=\"itemscope\" itemtype=\"https:\/\/schema.org\/CreativeWork\" ><div class='avia_textblock  '   itemprop=\"text\" ><p>\u2800\u2800\u2800\u2800\u2800\u2800\u2800\u2800\u2800<\/p>\n<\/div><\/section><br \/>\n<section class=\"av_textblock_section \"  itemscope=\"itemscope\" itemtype=\"https:\/\/schema.org\/CreativeWork\" ><div class='avia_textblock  '   itemprop=\"text\" ><h2><span style=\"color: #000000;\">COORDENADORES<\/span><\/h2>\n<hr \/>\n<h2><\/h2>\n<\/div><\/section><br \/>\n<section class=\"av_textblock_section \"  itemscope=\"itemscope\" itemtype=\"https:\/\/schema.org\/CreativeWork\" ><div class='avia_textblock  '   itemprop=\"text\" ><p><span style=\"color: #808080;\">VProf\u00aa Dr\u00aa Id\u00ea Gomes Dantas Gurgel (IAM\/Fiocruz Pernambuco)<br \/>\n<span style=\"color: #808080;\">Prof. Dr. Pedro Miguel dos Santos Neto (IAM\/Fiocruz Pernambuco)<\/p>\n<\/div><\/section><br \/>\n<section class=\"av_textblock_section \"  itemscope=\"itemscope\" itemtype=\"https:\/\/schema.org\/CreativeWork\" ><div class='avia_textblock  '   itemprop=\"text\" ><p>\u2800\u2800\u2800\u2800\u2800\u2800\u2800\u2800\u2800<\/p>\n<\/div><\/section><br \/>\n<section class=\"av_textblock_section \"  itemscope=\"itemscope\" itemtype=\"https:\/\/schema.org\/CreativeWork\" ><div class='avia_textblock  '   itemprop=\"text\" ><h2><span style=\"color: #000000;\">\u00c1REA DE CONCENTRA\u00c7\u00c3O E LINHA DE PESQUISA<br \/>\n<\/span><\/h2>\n<hr \/>\n<h2><\/h2>\n<\/div><\/section><br \/>\n<section class=\"av_textblock_section \"  itemscope=\"itemscope\" itemtype=\"https:\/\/schema.org\/CreativeWork\" ><div class='avia_textblock  '   itemprop=\"text\" ><p><span style=\"color: #808080;\">\u00c1rea de Concentra\u00e7\u00e3o: Gest\u00e3o em Sa\u00fade P\u00fablica<br \/>\nLinhas de Pesquisa:<br \/>\na) Pol\u00edtica de Sa\u00fade, Gest\u00e3o, Planejamento, Governan\u00e7a e Avalia\u00e7\u00e3o dos Servi\u00e7os de Sa\u00fade P\u00fablica<br \/>\nb) Epidemiologia, Vigil\u00e2ncia e Controle de Doen\u00e7as e Agravos em Sa\u00fade<\/span><\/p>\n<\/div><\/section><br \/>\n<section class=\"av_textblock_section \"  itemscope=\"itemscope\" itemtype=\"https:\/\/schema.org\/CreativeWork\" ><div class='avia_textblock  '   itemprop=\"text\" ><p>\u2800\u2800\u2800\u2800\u2800\u2800\u2800\u2800\u2800<\/p>\n<\/div><\/section><br \/>\n<section class=\"av_textblock_section \"  itemscope=\"itemscope\" itemtype=\"https:\/\/schema.org\/CreativeWork\" ><div class='avia_textblock  '   itemprop=\"text\" ><h2><span style=\"color: #000000;\">EGRESSO<br \/>\n<\/span><\/h2>\n<hr \/>\n<h2><\/h2>\n<\/div><\/section><br \/>\n<div class='avia-data-table-wrap avia_responsive_table'><table  class='avia-table avia-data-table avia-table-1  avia-builder-el-20  el_after_av_textblock  avia-builder-el-last  avia_pricing_minimal '  itemscope=\"itemscope\" itemtype=\"https:\/\/schema.org\/Table\" ><tbody><tr class='avia-heading-row'><th class=''>DATA<\/th><th class=''>NOME<\/th><th class=''>T\u00cdTULO DA DISERTA\u00c7\u00c3O<\/th><\/tr><tr class=''><td class=''>09\/03\/2023<\/td><td class=''>Aldemir Lima Maquine<\/td><td class=''>INSER\u00c7\u00c3O DOS ASPECTOS<br \/>\nRELATIVOS \u00c0 SA\u00daDE NOS RELAT\u00d3RIOS DE<br \/>\nIMPACTOS AO MEIO AMBIENTE DE ATIVIDADES<br \/>\nAGR\u00cdCOLAS NO ESTADO DO AMAZONAS<\/td><\/tr><tr class=''><td class=''>07\/12\/2022<\/td><td class=''>Alessandro Par\u00e1 Pinheiro<\/td><td class=''>AVALIA\u00c7\u00c3O DA IMPLANTA\u00c7\u00c3O DO<br \/>\nPRONTU\u00c1RIO ELETR\u00d4NICO DO CIDAD\u00c3O NA<br \/>\nATEN\u00c7\u00c3O B\u00c1SICA DE ITACOATIARA-AMAZONAS.<\/td><\/tr><tr class=''><td class=''>09\/09\/2022<\/td><td class=''>Andr\u00e9 Ivan Lopes de Oliveira<\/td><td class=''>AN\u00c1LISE DO PROCESSO DE<br \/>\nCOMPRAS DO INSTITUTO LE\u00d4NIDAS E MARIA DEANE<br \/>\n\u2013 ILMD\/FIOCRUZ AMAZ\u00d4NIA NA PERSPECTIVA DA<br \/>\nGEST\u00c3O DE RISCOS<\/td><\/tr><tr class=''><td class=''>28\/02\/2023<\/td><td class=''>Antonio Charles de Oliveira Nogueira<\/td><td class=''>QUALIDADE DE VIDA NO<br \/>\nTRABALHO DE PROFISSIONAIS DA ATEN\u00c7\u00c3O<br \/>\nB\u00c1SICA: REVIS\u00c3O INTEGRATIVA DE LITERATURA<\/td><\/tr><tr class=''><td class=''>05\/01\/2023<\/td><td class=''>Carlos Fabr\u00edcio Marques da Silva<\/td><td class=''>GOVERNAN\u00c7A EM TECNOLOGIA<br \/>\nDA INFORMA\u00c7\u00c3O: UMA AN\u00c1LISE DE PERCEP\u00c7\u00c3O NA<br \/>\nIMPLEMENTA\u00c7\u00c3O DAS BOAS PR\u00c1TICAS NO<br \/>\nINSTITUTO LE\u00d4NIDAS E MARIA DEANE \u2013 ILMD \/<br \/>\nFIOCRUZ\/AMAZ\u00d4NIA<\/td><\/tr><tr class=''><td class=''>28\/03\/2023<\/td><td class=''>Circe N\u00f3brega Ribeiro<\/td><td class=''>A PARTICIPA\u00c7\u00c3O SOCIAL NA FORMA<br \/>\nTELEPRESENCIAL: UMA AN\u00c1LISE DA EXPERI\u00caNCIA<br \/>\nNO CONSELHO MUNICIPAL DE SA\u00daDE DE MANAUS<br \/>\nNO CONTEXTO DA PANDEMIA DA COVID-19<\/td><\/tr><tr class=''><td class=''>03\/03\/2023<\/td><td class=''>Fabiana de Souza Canto<\/td><td class=''>INIQUIDADE DE G\u00caNERO E SUA<br \/>\nINFLU\u00caNCIA NAS PR\u00c1TICAS DE PLANEJMENTO<br \/>\nFAMILIAR BRASILEIRAS: AN\u00c1LISE DA LEGISLA\u00c7\u00c3O<\/td><\/tr><tr class=''><td class=''>15\/03\/2023<\/td><td class=''>Fabio Rocha Cabral<\/td><td class=''>A GEST\u00c3O DE RISCO E O<br \/>\nAPRIMORAMENTO DOS CONTROLES NOS<br \/>\nCONTRATOS DE TERCEIRIZA\u00c7\u00c3O DE M\u00c3O DE OBRA<br \/>\nDO INSTITUTO LE\u00d4NIDAS E MARIA DEANE \u2013 FIOCRUZ<br \/>\nAMAZ\u00d4NIA<\/td><\/tr><tr class=''><td class=''>27\/06\/2023<\/td><td class=''>Gilce Reis Dias da Silva<\/td><td class=''>PLANO DE SA\u00daDE DE MANAUS-<br \/>\nAM: AVALIA\u00c7\u00c3O DE DESEMPENHO DAS METAS<br \/>\nPACTUADAS PARA O QUADRI\u00caNIO 2018 \u00c1 2021<\/td><\/tr><tr class=''><td class=''>22\/08\/2023<\/td><td class=''>Janu\u00e1rio Carneiro da Cunha Neto<\/td><td class=''>PREVINE BRASIL NO CONTEXTO<br \/>\nDO AMAZ\u00d4NIA: UMA AN\u00c1LISE DOCUMENTAL DAS<br \/>\nINSTANCIAS DELIBERATIVAS DO SUS<\/td><\/tr><tr class=''><td class=''>31\/10\/2022<\/td><td class=''>Luciene Pereira de Ara\u00fajo<\/td><td class=''>GEST\u00c3O DO TRABALHO CIENT\u00cdFICO<br \/>\nEM SA\u00daDE SOB A \u00d3TICA DAS COMPET\u00caNCIAS<br \/>\nGERENCIAIS: OPOTURNIDADES E DESAFIOS<\/td><\/tr><tr class=''><td class=''>09\/03\/2023<\/td><td class=''>Lyeny Alc\u00e2ntara Barroso Dias<\/td><td class=''>AVALIA\u00c7\u00c3O DOS RISCOS<br \/>\nPOTENCIAIS SANIT\u00c1RIOS NOS SERVI\u00c7OS<br \/>\nHOSPITALARES DA CIDADE DE MANAUS\/AM<\/td><\/tr><tr class=''><td class=''>30\/03\/2023<\/td><td class=''>Nara Maria Reis Carneiro Koide<\/td><td class=''>REGIONALIZA\u00c7\u00c3O E REDES DE<br \/>\nATEN\u00c7\u00c3O: APRECIA\u00c7\u00c3O DA ORGANIZA\u00c7\u00c3O DA REDE<br \/>\nDE URG\u00caNCIA E EMERG\u00caNCIA, NA REGI\u00c3O DE<br \/>\nSA\u00daDE DO BAIXO AMAZONAS\/AM E MUNIC\u00cdPIO DE<br \/>\nREFER~ENCIA PARINTINS<\/td><\/tr><tr class=''><td class=''>22\/03\/2023<\/td><td class=''>Olivam Silva Concei\u00e7\u00e3o<\/td><td class=''>ASPECTOS<br \/>\nSOCIODEMOGR\u00c1FICOS E ESPACIAIS DA COVID-19<br \/>\nNO ESTADO DO AMAZONAS NO PER\u00cdODO DE 2020 A<br \/>\n2021<\/td><\/tr><tr class=''><td class=''>24\/03\/2023<\/td><td class=''>Rangel Mayesk Soares Moraes<\/td><td class=''>REPERCUSS\u00d5ES DO PAGAMENTO<br \/>\nPOR DESEMPENHO DA APS NA TRANSI\u00c7\u00c3O DO<br \/>\nPMAQ-AB AO PROGRAMA PREVINE BRASIL EM UM<br \/>\nMUNIC\u00cdPIO DO AMAZONAS<\/td><\/tr><tr class=''><td class=''>28\/09\/2022<\/td><td class=''>Raylson Emanuel Dutra da N\u00f3brega<\/td><td class=''>PLANEJAMENTO DA TESTAGEM \u00c0<br \/>\nCOVID-19 NO ESTADO DO AMAZONAS<\/td><\/tr><tr class=''><td class=''>07\/03\/2023<\/td><td class=''>Samara Motter Detoni da Silva<\/td><td class=''>AN\u00c1LISE DA SEGURAN\u00c7A DO<br \/>\nPACIENTE NA ADMINISTRA\u00c7\u00c3O DE MEDICAMENTOS<br \/>\nEM UM HOSPITAL NO INTERIOR DO AMAZONAS<\/td><\/tr><tr class=''><td class=''>22\/08\/2023<\/td><td class=''>Sanay Souza Pedrosa<\/td><td class=''>O FORTALECIMENTO DA GEST\u00c3O<br \/>\nDA INFORMA\u00c7\u00c3O ESTRAT\u00c9GICA NA SECRETARIA<br \/>\nMUNICIPAL DE SA\u00daDE DE MANAUS A PARTIR DO O<br \/>\nPROGRAMA PREVINE-BRASIL<\/td><\/tr><tr class=''><td class=''>29\/03\/2023<\/td><td class=''>Yuri Ayala Salda\u00f1a<\/td><td class=''>AN\u00c1LISE DA QUALIDADE DO PR\u00c9-<br \/>\nNATAL NA REDE P\u00daBLICA DE SA\u00daDE DE MANAUS A<br \/>\nPARTIR DAS PERCEP\u00c7\u00d5ES DAS GESTANTES<\/td><\/tr><\/tbody><\/table><\/div><style type='text\/css'>.avia-table-1 td:nth-of-type(1):before { content: 'DATA'; } .avia-table-1 td:nth-of-type(2):before { content: 'NOME'; } .avia-table-1 td:nth-of-type(3):before { content: 'T\u00cdTULO DA DISERTA\u00c7\u00c3O'; } <\/style><\/p><\/div><div class=\"flex_column av_one_third  flex_column_div av-zero-column-padding   avia-builder-el-21  el_after_av_two_third  el_before_av_one_full  column-top-margin\" style='border-radius:0px; '><p><span  class=\"av_font_icon avia_animate_when_visible avia-icon-animate  av-icon-style-border  av-no-color avia-icon-pos-center \" style=\"\"><a href='https:\/\/www.cpqam.fiocruz.br\/ensino\/strictosensuiam\/spmp'   class='av-icon-char' style='font-size:40px;line-height:40px;width:40px;' aria-hidden='true' data-av_icon='\ue835' data-av_iconfont='entypo-fontello' ><\/a><span class='av_icon_caption av-special-font'>Site do Programa<\/span><\/span><br \/>\n<section class=\"av_textblock_section \"  itemscope=\"itemscope\" itemtype=\"https:\/\/schema.org\/CreativeWork\" ><div class='avia_textblock  '   itemprop=\"text\" ><p>\u2800\u2800\u2800\u2800\u2800\u2800\u2800\u2800\u2800<\/p>\n<\/div><\/section><br \/>\n<span  class=\"av_font_icon avia_animate_when_visible avia-icon-animate  av-icon-style-border  av-no-color avia-icon-pos-center \" style=\"\"><a href='http:\/\/www.amazonia.fiocruz.br\/wp-content\/uploads\/2021\/03\/MPSP_MatrizPedagogica11.03.21.pdf'   class='av-icon-char' style='font-size:40px;line-height:40px;width:40px;' aria-hidden='true' data-av_icon='\ue8a5' data-av_iconfont='entypo-fontello' ><\/a><span class='av_icon_caption av-special-font'>Matriz Pedag\u00f3gica<\/span><\/span><\/p><\/div><div class=\"flex_column av_one_full  flex_column_div av-zero-column-padding first  avia-builder-el-25  el_after_av_one_third  avia-builder-el-last  column-top-margin\" style='border-radius:0px; '><div  class='avia-image-container  av-styling-    avia-builder-el-26  avia-builder-el-no-sibling  avia-align-center '  itemprop=\"image\" itemscope=\"itemscope\" itemtype=\"https:\/\/schema.org\/ImageObject\"  ><div class='avia-image-container-inner'><div class='avia-image-overlay-wrap'><img decoding=\"async\" class='wp-image-0 avia-img-lazy-loading-not-0 avia_image' src=\"http:\/\/fiocruz2.amaloka.com.br\/wp-content\/uploads\/2016\/06\/bannerscurso9.jpg\" alt='' title=''   itemprop=\"thumbnailUrl\"  \/><\/div><\/div><\/div><\/div><\/div><\/div><\/div><!-- close content main div --><\/div><\/div><div id='after_section_2'  class='main_color av_default_container_wrap container_wrap sidebar_right' style=' '  ><div class='container' ><div class='template-page content  av-content-small alpha units'><div class='post-entry post-entry-type-page post-entry-43551'><div class='entry-content-wrapper clearfix'>\n","protected":false},"excerpt":{"rendered":"","protected":false},"author":69,"featured_media":0,"parent":0,"menu_order":0,"comment_status":"closed","ping_status":"closed","template":"","meta":{"footnotes":""},"class_list":["post-43551","page","type-page","status-publish","hentry"],"_links":{"self":[{"href":"https:\/\/amazonia.fiocruz.br\/index.php?rest_route=\/wp\/v2\/pages\/43551","targetHints":{"allow":["GET"]}}],"collection":[{"href":"https:\/\/amazonia.fiocruz.br\/index.php?rest_route=\/wp\/v2\/pages"}],"about":[{"href":"https:\/\/amazonia.fiocruz.br\/index.php?rest_route=\/wp\/v2\/types\/page"}],"author":[{"embeddable":true,"href":"https:\/\/amazonia.fiocruz.br\/index.php?rest_route=\/wp\/v2\/users\/69"}],"replies":[{"embeddable":true,"href":"https:\/\/amazonia.fiocruz.br\/index.php?rest_route=%2Fwp%2Fv2%2Fcomments&post=43551"}],"version-history":[{"count":21,"href":"https:\/\/amazonia.fiocruz.br\/index.php?rest_route=\/wp\/v2\/pages\/43551\/revisions"}],"predecessor-version":[{"id":54842,"href":"https:\/\/amazonia.fiocruz.br\/index.php?rest_route=\/wp\/v2\/pages\/43551\/revisions\/54842"}],"wp:attachment":[{"href":"https:\/\/amazonia.fiocruz.br\/index.php?rest_route=%2Fwp%2Fv2%2Fmedia&parent=43551"}],"curies":[{"name":"wp","href":"https:\/\/api.w.org\/{rel}","templated":true}]}}