{"id":40214,"date":"2023-10-18T14:57:02","date_gmt":"2023-10-18T18:57:02","guid":{"rendered":"https:\/\/amazonia.fiocruz.br\/?page_id=40214"},"modified":"2023-10-27T14:46:18","modified_gmt":"2023-10-27T18:46:18","slug":"biblioteca-dr-antonio-levino-3-3","status":"publish","type":"page","link":"https:\/\/amazonia.fiocruz.br\/?page_id=40214","title":{"rendered":"ILMD (FIOCRUZ\/AMAZONIA) ELEI\u00c7\u00c3O DIRETOR(A) BI\u00caNIO 2023-2025"},"content":{"rendered":"<div id='av_section_1'  class='avia-section main_color avia-section-no-padding avia-no-border-styling  avia-bg-style-scroll  avia-builder-el-0  el_before_av_one_full  avia-builder-el-first   av-minimum-height av-minimum-height-custom  container_wrap sidebar_right' style='background-repeat: no-repeat; background-image: url(https:\/\/amazonia.fiocruz.br\/wp-content\/uploads\/2023\/10\/cabecalho-pagina-1.jpg);background-attachment: scroll; background-position: top center;  '  data-section-bg-repeat='no-repeat'><div class='container' style='height:321px'><main  role=\"main\" itemprop=\"mainContentOfPage\"  class='template-page content  av-content-small alpha units'><div class='post-entry post-entry-type-page post-entry-40214'><div class='entry-content-wrapper clearfix'><\/div><\/div><\/main><!-- close content main element --><\/div><\/div><div id='after_section_1'  class='main_color av_default_container_wrap container_wrap sidebar_right' style=' '  ><div class='container' ><div class='template-page content  av-content-small alpha units'><div class='post-entry post-entry-type-page post-entry-40214'><div class='entry-content-wrapper clearfix'>\n<div class=\"flex_column av_one_full  flex_column_div first  avia-builder-el-1  el_after_av_section  el_before_av_one_full  avia-builder-el-first  \" ><div  style='padding-bottom:10px; font-size:55px;' class='av-special-heading av-special-heading-h3  blockquote modern-quote modern-centered  avia-builder-el-2  avia-builder-el-no-sibling  av-thin-font av-inherit-size '><h3 class='av-special-heading-tag '  itemprop=\"headline\"  ><strong><b>ILMD (FIOCRUZ\/AMAZONIA) ELEI\u00c7\u00c3O DIRETOR(A) BI\u00caNIO 2023-2025<\/b><\/strong><\/h3><div class='special-heading-border'><div class='special-heading-inner-border' ><\/div><\/div><\/div><\/div>\n<div class=\"flex_column av_one_full  flex_column_div av-zero-column-padding first  avia-builder-el-3  el_after_av_one_full  avia-builder-el-last  column-top-margin\" style='border-radius:0px; '><p><div  style=' margin-top:10px; margin-bottom:10px;'  class='hr hr-custom hr-center hr-icon-yes   avia-builder-el-4  el_before_av_textblock  avia-builder-el-first '><span class='hr-inner  inner-border-av-border-fat' style=' width:800px; max-width:45%;' ><span class='hr-inner-style'><\/span><\/span><span class='av-seperator-icon'  aria-hidden='true' data-av_icon='\ue823' data-av_iconfont='entypo-fontello'><\/span><span class='hr-inner  inner-border-av-border-fat' style=' width:800px; max-width:45%;' ><span class='hr-inner-style'><\/span><\/span><\/div><br \/>\n<section class=\"av_textblock_section \"  itemscope=\"itemscope\" itemtype=\"https:\/\/schema.org\/CreativeWork\" ><div class='avia_textblock  '  style='font-size:15px; '  itemprop=\"text\" ><p>A Comiss\u00e3o Eleitoral, institu\u00edda pela Resolu\u00e7\u00e3o n\u00ba 003\/2023 \u2013 GAB\/ILMD\/Fiocruz Amaz\u00f4nia, para organizar e coordenar os trabalhos relativos \u00e0 elei\u00e7\u00e3o para o Cargo de Diretor(a) para o bi\u00eanio 2023-2025, disponibiliza formul\u00e1rios para inscri\u00e7\u00e3o dos candidatos.<\/p>\n<p>Confira os documentos do processo eleitoral e clique em cima do documento para fazer download:<\/p>\n<p>1. <a href=\"https:\/\/amazonia.fiocruz.br\/wp-content\/uploads\/2023\/10\/Edital-de-Convocacao-e-Regulamento-Eleitoral-para-Diretor-2023-2025-APROVADO-CD-05-10-2023-1.pdf\" target=\"_blank\" rel=\"noopener\">Edital de Convoca\u00e7\u00e3o &#038; Regulamento Eleitoral<\/a><\/p>\n<p>2. <a href=\"https:\/\/amazonia.fiocruz.br\/wp-content\/uploads\/2023\/10\/Resolucao-no-003-2023-Institui-Comissao-Eleitoral-Diretor-ILMD-bienio-2021-2025.pdf\" target=\"_blank\" rel=\"noopener\">Resolu\u00e7\u00e3o N. 003\/2023 \u25ba Designa Comiss\u00e3o respons\u00e1vel pela condu\u00e7\u00e3o do processo eleitoral<\/a><\/p>\n<p>3. <a href=\"https:\/\/amazonia.fiocruz.br\/wp-content\/uploads\/2023\/10\/Resolucao-no-004-2023-Designa-Grupo-Tecnico-em-TI-para-Assessoramento-a-Comissao-Eleitoral-Eleicao-Diretor-ILMD-bienio-2023-2025-1.pdf\" target=\"_blank\" rel=\"noopener\">Resolu\u00e7\u00e3o N. 004\/2023 \u25ba Designa o Grupo T\u00e9cnico em Tecnologia da Informa\u00e7\u00e3o para assessoramento \u00e0 Comiss\u00e3o Eleitoral<\/a><\/p>\n<p>4. <a href=\"https:\/\/amazonia.fiocruz.br\/wp-content\/uploads\/2023\/10\/Formulario-ELEICAO-PARA-DIRETOR.pdf\" target=\"_blank\" rel=\"noopener\">Formul\u00e1rio de Inscri\u00e7\u00e3o<\/a><\/p>\n<p><em>Ascom-ILMD\/Fiocruz Amaz\u00f4nia<\/em><\/p>\n<\/div><\/section><br \/>\n<div  style=' margin-top:10px; margin-bottom:10px;'  class='hr hr-custom hr-center hr-icon-yes   avia-builder-el-6  el_after_av_textblock  el_before_av_textblock '><span class='hr-inner  inner-border-av-border-fat' style=' width:800px; max-width:45%;' ><span class='hr-inner-style'><\/span><\/span><span class='av-seperator-icon'  aria-hidden='true' data-av_icon='\ue823' data-av_iconfont='entypo-fontello'><\/span><span class='hr-inner  inner-border-av-border-fat' style=' width:800px; max-width:45%;' ><span class='hr-inner-style'><\/span><\/span><\/div><br \/>\n<section class=\"av_textblock_section \"  itemscope=\"itemscope\" itemtype=\"https:\/\/schema.org\/CreativeWork\" ><div class='avia_textblock  '  style='font-size:15px; '  itemprop=\"text\" ><p><strong>Comiss\u00e3o Eleitoral da Fiocruz Amaz\u00f4nia divulga nome de candidata inscrita para o cargo de Diretora<\/strong><\/p>\n<p>A Comiss\u00e3o Eleitoral institu\u00edda para organizar e coordenar os trabalhos relativos \u00e0 elei\u00e7\u00e3o para o cargo de Diretor(a) do Instituto Le\u00f4nidas &#038; Maria Deane (ILMD\/Fiocruz Amaz\u00f4nia), para o bi\u00eanio 2023-2025, em cumprimento ao Calend\u00e1rio Eleitoral,\u00a0 divulga a inscri\u00e7\u00e3o da candidata <a href=\"https:\/\/buscatextual.cnpq.br\/buscatextual\/visualizacv.do?id=K4168832Z0&#038;tokenCaptchar=03AFcWeA5zLEh7g_beojPFMA6Uh9kAkzlhbNVY5sBjW069N5VFqEgEigRORP1KsGvGgFUQLo78TO-aYwTy6SMK4EaBWgvnewhULC5SRstDwv0EcXKeZnTy2dZxHkZ7_BxKj-O-3rIbh4uTyd7K4j4fd_9lfUJwNQ2kdgrEinUGcCRIEPG4lDUXRbT2snrcd2xHyEGgsunzOtXhSyKbqMA3bUhHATHeirtewCmwT9QccMxpk-biP4ppdhaQzxKJkSQS1nLbyWOjOVqb86tPirlSJYzXlBCWW04X21EY0hcS9SePA72SuVdfU4U3FZsWWYhdyZ6BHb6omsNhbO-Q8ww51xSgpY8Iii3znpB614gQQLPolaENo7oqo6F7pv3NtR7P5OcleEC0gtWwFFB5UDjPBXosvibB9RksBfiOsXAIx2xlHVh1vSqnePJqaArCOA6MlAedBW_nmHbR5TFQ5L6D7W00br-kaMIhSB4nCHs0I_98mDqpzp_JX16sXxMwAae-LC9RgzZhZ2Gs2kYdjH6yYI7VfPCEg1B6aE1qQqsFYA-nKVUCwx-R1qJ1vQA7oFzRGkIRxpF3nRzO9JvcRiqPOxGU_h-EOtL9Ow\" target=\"_blank\" rel=\"noopener\">Stefanie\u00a0 Costa Pinto Lopes<\/a>.<\/p>\n<p>A homologa\u00e7\u00e3o da inscri\u00e7\u00e3o foi feita pelo Conselho Diretivo da Unidade (CD-ILMD\/Fiocruz Amaz\u00f4nia) ontem, 26\/10. As inscri\u00e7\u00f5es ocorreram no per\u00edodo de 17 a 25 de outubro. O prazo para impugna\u00e7\u00e3o ser\u00e1 at\u00e9 30\/10 de 2023.<\/p>\n<p>A an\u00e1lise dos recursos ocorrer\u00e1 entre os dias 31\/10 e 1\/11. O resultado dos recursos ser\u00e1 divulgado ainda no dia 1\/11.<\/p>\n<p><a href=\"https:\/\/amazonia.fiocruz.br\/wp-content\/uploads\/2023\/10\/Edital-de-Convocacao-e-Regulamento-Eleitoral-para-Diretor-2023-2025-APROVADO-CD-05-10-2023-1.pdf\" target=\"_blank\" rel=\"noopener\">Confira aqui o calend\u00e1rio<\/a>.<\/p>\n<p>Para mais informa\u00e7\u00f5es sobre o processo eleitoral da Unidade da Fiocruz no Amazonas acesse:<\/p>\n<p><a href=\"https:\/\/amazonia.fiocruz.br\/?page_id=40214\" target=\"_blank\" rel=\"noopener\">https:\/\/amazonia.fiocruz.br\/?page_id=40214<\/a><\/p>\n<\/div><\/section><br \/>\n<div  style=' margin-top:10px; margin-bottom:10px;'  class='hr hr-custom hr-center hr-icon-yes   avia-builder-el-8  el_after_av_textblock  el_before_av_textblock '><span class='hr-inner  inner-border-av-border-fat' style=' width:800px; max-width:45%;' ><span class='hr-inner-style'><\/span><\/span><span class='av-seperator-icon'  aria-hidden='true' data-av_icon='\ue823' data-av_iconfont='entypo-fontello'><\/span><span class='hr-inner  inner-border-av-border-fat' style=' width:800px; max-width:45%;' ><span class='hr-inner-style'><\/span><\/span><\/div><br \/>\n<section class=\"av_textblock_section \"  itemscope=\"itemscope\" itemtype=\"https:\/\/schema.org\/CreativeWork\" ><div class='avia_textblock  '  style='font-size:15px; '  itemprop=\"text\" ><p><strong>Inscri\u00e7\u00e3o Homologada<\/strong><\/p>\n<p><img decoding=\"async\" class=\"aligncenter size-full wp-image-40457\" src=\"https:\/\/amazonia.fiocruz.br\/wp-content\/uploads\/2023\/10\/Dra.-Stefanie-Lopes_Foto-Ingrid-Anne_Fiocruz-Amazonia-9.jpg\" alt=\"\" width=\"2500\" height=\"1667\" srcset=\"https:\/\/amazonia.fiocruz.br\/wp-content\/uploads\/2023\/10\/Dra.-Stefanie-Lopes_Foto-Ingrid-Anne_Fiocruz-Amazonia-9.jpg 2500w, https:\/\/amazonia.fiocruz.br\/wp-content\/uploads\/2023\/10\/Dra.-Stefanie-Lopes_Foto-Ingrid-Anne_Fiocruz-Amazonia-9-300x200.jpg 300w, https:\/\/amazonia.fiocruz.br\/wp-content\/uploads\/2023\/10\/Dra.-Stefanie-Lopes_Foto-Ingrid-Anne_Fiocruz-Amazonia-9-1030x687.jpg 1030w, https:\/\/amazonia.fiocruz.br\/wp-content\/uploads\/2023\/10\/Dra.-Stefanie-Lopes_Foto-Ingrid-Anne_Fiocruz-Amazonia-9-768x512.jpg 768w, https:\/\/amazonia.fiocruz.br\/wp-content\/uploads\/2023\/10\/Dra.-Stefanie-Lopes_Foto-Ingrid-Anne_Fiocruz-Amazonia-9-1536x1024.jpg 1536w, https:\/\/amazonia.fiocruz.br\/wp-content\/uploads\/2023\/10\/Dra.-Stefanie-Lopes_Foto-Ingrid-Anne_Fiocruz-Amazonia-9-2048x1366.jpg 2048w, https:\/\/amazonia.fiocruz.br\/wp-content\/uploads\/2023\/10\/Dra.-Stefanie-Lopes_Foto-Ingrid-Anne_Fiocruz-Amazonia-9-1500x1000.jpg 1500w, https:\/\/amazonia.fiocruz.br\/wp-content\/uploads\/2023\/10\/Dra.-Stefanie-Lopes_Foto-Ingrid-Anne_Fiocruz-Amazonia-9-705x470.jpg 705w\" sizes=\"(max-width: 2500px) 100vw, 2500px\" \/><\/p>\n<p>A Comiss\u00e3o Eleitoral em atendimento ao Calend\u00e1rio Eleitoral Bi\u00eanio 2023-2025, divulga homologa\u00e7\u00e3o realizada pelo Conselho Deliberativo-ILMD, em 26\/10\/2023, referente \u00e0 inscri\u00e7\u00e3o da candidata ao cargo de Diretora do ILMD\/Fiocruz Amaz\u00f4nia, Stefanie Costa Pinto Lopes, conforme documentos anexos.<\/p>\n<p><a href=\"https:\/\/amazonia.fiocruz.br\/wp-content\/uploads\/2023\/10\/Formulario-ELEICAO-PARA-DIRETOR_assinado-1.pdf\" target=\"_blank\" rel=\"noopener\">Formul\u00e1rio de Inscri\u00e7\u00e3o<\/a>.<\/p>\n<p><a href=\"https:\/\/amazonia.fiocruz.br\/wp-content\/uploads\/2023\/10\/MEMORIAL-STEFANIE-LOPES.pdf\" target=\"_blank\" rel=\"noopener\">Memorial da Candidata<\/a>.<\/p>\n<\/div><\/section><\/p><\/div>\n","protected":false},"excerpt":{"rendered":"","protected":false},"author":56,"featured_media":0,"parent":0,"menu_order":0,"comment_status":"closed","ping_status":"closed","template":"","meta":{"footnotes":""},"class_list":["post-40214","page","type-page","status-publish","hentry"],"_links":{"self":[{"href":"https:\/\/amazonia.fiocruz.br\/index.php?rest_route=\/wp\/v2\/pages\/40214","targetHints":{"allow":["GET"]}}],"collection":[{"href":"https:\/\/amazonia.fiocruz.br\/index.php?rest_route=\/wp\/v2\/pages"}],"about":[{"href":"https:\/\/amazonia.fiocruz.br\/index.php?rest_route=\/wp\/v2\/types\/page"}],"author":[{"embeddable":true,"href":"https:\/\/amazonia.fiocruz.br\/index.php?rest_route=\/wp\/v2\/users\/56"}],"replies":[{"embeddable":true,"href":"https:\/\/amazonia.fiocruz.br\/index.php?rest_route=%2Fwp%2Fv2%2Fcomments&post=40214"}],"version-history":[{"count":38,"href":"https:\/\/amazonia.fiocruz.br\/index.php?rest_route=\/wp\/v2\/pages\/40214\/revisions"}],"predecessor-version":[{"id":40461,"href":"https:\/\/amazonia.fiocruz.br\/index.php?rest_route=\/wp\/v2\/pages\/40214\/revisions\/40461"}],"wp:attachment":[{"href":"https:\/\/amazonia.fiocruz.br\/index.php?rest_route=%2Fwp%2Fv2%2Fmedia&parent=40214"}],"curies":[{"name":"wp","href":"https:\/\/api.w.org\/{rel}","templated":true}]}}