{"id":40197,"date":"2023-10-18T14:18:38","date_gmt":"2023-10-18T18:18:38","guid":{"rendered":"https:\/\/amazonia.fiocruz.br\/?page_id=40197"},"modified":"2025-02-26T14:18:53","modified_gmt":"2025-02-26T18:18:53","slug":"biblioteca-dr-antonio-levino-3-2","status":"publish","type":"page","link":"https:\/\/amazonia.fiocruz.br\/?page_id=40197","title":{"rendered":"Comiss\u00e3o Eleitoral"},"content":{"rendered":"<div id='av_section_1'  class='avia-section main_color avia-section-default avia-no-shadow  avia-full-contain avia-bg-style-scroll  avia-builder-el-0  el_before_av_one_full  avia-builder-el-first   av-minimum-height av-minimum-height-custom  container_wrap sidebar_right' style='background-color: #ffffff; background-repeat: no-repeat; background-image: url(https:\/\/amazonia.fiocruz.br\/wp-content\/uploads\/2023\/10\/cabecalho-pagina_principal.jpg);background-attachment: scroll; background-position: top center;  '  data-section-bg-repeat='contain'><div class='container' style='height:321px'><main  role=\"main\" itemprop=\"mainContentOfPage\"  class='template-page content  av-content-small alpha units'><div class='post-entry post-entry-type-page post-entry-40197'><div class='entry-content-wrapper clearfix'><\/div><\/div><\/main><!-- close content main element --><\/div><\/div><div id='after_section_1'  class='main_color av_default_container_wrap container_wrap sidebar_right' style=' '  ><div class='container' ><div class='template-page content  av-content-small alpha units'><div class='post-entry post-entry-type-page post-entry-40197'><div class='entry-content-wrapper clearfix'>\n<div class=\"flex_column av_one_full  flex_column_div first  avia-builder-el-1  el_after_av_section  el_before_av_one_full  avia-builder-el-first  \" ><div  style='padding-bottom:10px; font-size:55px;' class='av-special-heading av-special-heading-h3  blockquote modern-quote modern-centered  avia-builder-el-2  avia-builder-el-no-sibling  av-thin-font av-inherit-size '><h3 class='av-special-heading-tag '  itemprop=\"headline\"  ><strong><b>ELEI\u00c7\u00d5ES FIOCRUZ <\/b><\/strong><\/h3><div class='special-heading-border'><div class='special-heading-inner-border' ><\/div><\/div><\/div><\/div>\n<div class=\"flex_column av_one_full  flex_column_div av-zero-column-padding first  avia-builder-el-3  el_after_av_one_full  avia-builder-el-last  column-top-margin\" style='border-radius:0px; '><section class=\"av_textblock_section \"  itemscope=\"itemscope\" itemtype=\"https:\/\/schema.org\/CreativeWork\" ><div class='avia_textblock  '  style='font-size:15px; '  itemprop=\"text\" ><p><a href=\"https:\/\/amazonia.fiocruz.br\/?page_id=53350\">ILMD (FIOCRUZ\/AMAZONIA) <strong>ELEI\u00c7\u00c3O DIRETOR(A) QUADRI\u00caNIO 2025-2029<\/strong><\/a><\/p>\n<p><a href=\"https:\/\/amazonia.fiocruz.br\/?page_id=42227\" rel=\"noopener\">ILMD (FIOCRUZ\/AMAZONIA) <strong>Elei\u00e7\u00e3o para Representantes dos Servidores no CD-ILMD\/Fiocruz Amaz\u00f4nia BI\u00caNIO 2024-2026<\/strong><\/a><\/p>\n<p><a href=\"https:\/\/amazonia.fiocruz.br\/?page_id=40214\">ILMD (FIOCRUZ\/AMAZONIA) <strong>ELEI\u00c7\u00c3O DIRETOR(A) BI\u00caNIO 2023-2025<\/strong><\/a><\/p>\n<p><a href=\"https:\/\/amazonia.fiocruz.br\/?page_id=33870\">ILMD (FIOCRUZ\/AMAZONIA) <strong>ELEI\u00c7\u00c3O DIRETOR(A) QUADRI\u00caNIO 2021-2025<\/strong><\/a><\/p>\n<p><em>Ascom-ILMD\/Fiocruz Amaz\u00f4nia<\/em><\/p>\n<\/div><\/section><\/div>\n","protected":false},"excerpt":{"rendered":"","protected":false},"author":56,"featured_media":0,"parent":0,"menu_order":0,"comment_status":"closed","ping_status":"closed","template":"","meta":{"footnotes":""},"class_list":["post-40197","page","type-page","status-publish","hentry"],"_links":{"self":[{"href":"https:\/\/amazonia.fiocruz.br\/index.php?rest_route=\/wp\/v2\/pages\/40197","targetHints":{"allow":["GET"]}}],"collection":[{"href":"https:\/\/amazonia.fiocruz.br\/index.php?rest_route=\/wp\/v2\/pages"}],"about":[{"href":"https:\/\/amazonia.fiocruz.br\/index.php?rest_route=\/wp\/v2\/types\/page"}],"author":[{"embeddable":true,"href":"https:\/\/amazonia.fiocruz.br\/index.php?rest_route=\/wp\/v2\/users\/56"}],"replies":[{"embeddable":true,"href":"https:\/\/amazonia.fiocruz.br\/index.php?rest_route=%2Fwp%2Fv2%2Fcomments&post=40197"}],"version-history":[{"count":22,"href":"https:\/\/amazonia.fiocruz.br\/index.php?rest_route=\/wp\/v2\/pages\/40197\/revisions"}],"predecessor-version":[{"id":53353,"href":"https:\/\/amazonia.fiocruz.br\/index.php?rest_route=\/wp\/v2\/pages\/40197\/revisions\/53353"}],"wp:attachment":[{"href":"https:\/\/amazonia.fiocruz.br\/index.php?rest_route=%2Fwp%2Fv2%2Fmedia&parent=40197"}],"curies":[{"name":"wp","href":"https:\/\/api.w.org\/{rel}","templated":true}]}}