{"id":37173,"date":"2022-07-14T09:26:16","date_gmt":"2022-07-14T13:26:16","guid":{"rendered":"https:\/\/amazonia.fiocruz.br\/?page_id=37173"},"modified":"2022-07-27T12:12:38","modified_gmt":"2022-07-27T16:12:38","slug":"chamada-publica-no-006-2022-posdoc-daspam","status":"publish","type":"page","link":"https:\/\/amazonia.fiocruz.br\/?page_id=37173","title":{"rendered":"Chamada P\u00fablica n\u00ba 006\/2022 &#8211; POSDOC DASPAM"},"content":{"rendered":"<div id='av_section_1'  class='avia-section main_color avia-section-default avia-no-shadow  avia-full-stretch avia-bg-style-scroll  avia-builder-el-0  el_before_av_one_full  avia-builder-el-first   av-minimum-height av-minimum-height-50  container_wrap sidebar_right' style='background-repeat: no-repeat; background-image: url(https:\/\/amazonia.fiocruz.br\/wp-content\/uploads\/2016\/07\/chamadapublica.jpg);background-attachment: scroll; background-position: top left;  '  data-section-bg-repeat='stretch' data-av_minimum_height_pc='50'><div class='container' ><main  role=\"main\" itemprop=\"mainContentOfPage\"  class='template-page content  av-content-small alpha units'><div class='post-entry post-entry-type-page post-entry-37173'><div class='entry-content-wrapper clearfix'>\n<div class=\"flex_column av_one_half  flex_column_div av-zero-column-padding first  avia-builder-el-1  avia-builder-el-no-sibling  \" style='border-radius:0px; '><div  style='padding-bottom:10px; color:#ffffff;font-size:30px;' class='av-special-heading av-special-heading-h3 custom-color-heading blockquote modern-quote  avia-builder-el-2  avia-builder-el-no-sibling  av-inherit-size '><h3 class='av-special-heading-tag '  itemprop=\"headline\"  >CHAMADAS P\u00daBLICAS<\/h3><div class ='av-subheading av-subheading_below av_custom_color ' style='font-size:18px;'><p>ILMD\/Fiocruz Amaz\u00f4nia<\/p>\n<\/div><div class='special-heading-border'><div class='special-heading-inner-border' style='border-color:#ffffff'><\/div><\/div><\/div><\/div>\n<\/div><\/div><\/main><!-- close content main element --><\/div><\/div><div id='after_section_1'  class='main_color av_default_container_wrap container_wrap sidebar_right' style=' '  ><div class='container' ><div class='template-page content  av-content-small alpha units'><div class='post-entry post-entry-type-page post-entry-37173'><div class='entry-content-wrapper clearfix'>\n<div class='flex_column_table av-equal-height-column-flextable -flextable' ><div class=\"flex_column av_one_full  av-animated-generic top-to-bottom  no_margin flex_column_table_cell av-equal-height-column av-align-top first  avia-builder-el-3  el_after_av_section  el_before_av_hr  avia-builder-el-first  \" style='padding:30px; background-color:rgba(255,255,255,0.33); border-radius:0px; '><div  style='padding-bottom:10px; font-size:30px;' class='av-special-heading av-special-heading-h5  blockquote modern-quote modern-centered  avia-builder-el-4  avia-builder-el-no-sibling  av-thin-font av-inherit-size '><h5 class='av-special-heading-tag '  itemprop=\"headline\"  ><strong><b>Sele\u00e7\u00e3o de bolsista de P\u00f3s-Doutorado<br \/><\/b>PDPG &#8211; Amaz\u00f4nia Legal<\/strong> <\/h5><div class ='av-subheading av-subheading_below  ' style='font-size:15px;'><p>DASPAM &#8211; Doutorado em Sa\u00fade P\u00fablica na Amaz\u00f4nia (ILMD\/UFAM\/UEA)<\/p>\n<\/div><div class='special-heading-border'><div class='special-heading-inner-border' ><\/div><\/div><\/div><\/div><\/div><!--close column table wrapper. Autoclose: 1 -->\n<div  style=' margin-top:5px; margin-bottom:30px;'  class='hr hr-custom hr-center hr-icon-yes   avia-builder-el-5  el_after_av_one_full  el_before_av_one_half '><span class='hr-inner  inner-border-av-border-thin' style=' width:600px; border-color:#83a846; max-width:45%;' ><span class='hr-inner-style'><\/span><\/span><span class='av-seperator-icon'  aria-hidden='true' data-av_icon='\ue812' data-av_iconfont='entypo-fontello'><\/span><span class='hr-inner  inner-border-av-border-thin' style=' width:600px; border-color:#83a846; max-width:45%;' ><span class='hr-inner-style'><\/span><\/span><\/div>\n<div class='flex_column_table av-equal-height-column-flextable -flextable' ><div class=\"flex_column av_one_half  av-animated-generic top-to-bottom  no_margin flex_column_table_cell av-equal-height-column av-align-top first  avia-builder-el-6  el_after_av_hr  el_before_av_one_half  \" style='padding:30px; background-color:rgba(255,255,255,0.33); border-radius:0px; '><p><span  class=\"av_font_icon avia_animate_when_visible avia-icon-animate  av-icon-style-border  av-no-color avia-icon-pos-center \" style=\"\"><a href='https:\/\/amazonia.fiocruz.br\/wp-content\/uploads\/2022\/07\/Ata-POSDOC_DASPAM2022.pdf'  target=\"_blank\"  rel=\"noopener noreferrer\"  class='av-icon-char' style='font-size:40px;line-height:40px;width:40px;' aria-hidden='true' data-av_icon='\ue84d' data-av_iconfont='entypo-fontello' data-avia-icon-tooltip=\"&lt;br \/&gt;\nVisualizar documento&lt;br \/&gt;\n\"><\/a><\/span><br \/>\n<div  style='padding-bottom:10px; font-size:30px;' class='av-special-heading av-special-heading-h5  blockquote modern-quote modern-centered  avia-builder-el-8  el_after_av_font_icon  avia-builder-el-last  av-thin-font av-inherit-size '><h5 class='av-special-heading-tag '  itemprop=\"headline\"  ><strong><b>Ata do Resultado<\/b><\/strong> <\/h5><div class ='av-subheading av-subheading_below  ' style='font-size:15px;'><p>Ata da reuni\u00e3o da Comiss\u00e3o de Sele\u00e7\u00e3o<\/p>\n<\/div><div class='special-heading-border'><div class='special-heading-inner-border' ><\/div><\/div><\/div><\/p><\/div><div class=\"flex_column av_one_half  av-animated-generic top-to-bottom  no_margin flex_column_table_cell av-equal-height-column av-align-top   avia-builder-el-9  el_after_av_one_half  el_before_av_one_full  \" style='padding:30px; background-color:rgba(255,255,255,0.33); border-radius:0px; '><p><span  class=\"av_font_icon avia_animate_when_visible avia-icon-animate  av-icon-style-border  av-no-color avia-icon-pos-center \" style=\"\"><a href='https:\/\/amazonia.fiocruz.br\/wp-content\/uploads\/2022\/07\/posdocDASPAM_comunicado001.pdf'  target=\"_blank\"  rel=\"noopener noreferrer\"  class='av-icon-char' style='font-size:40px;line-height:40px;width:40px;' aria-hidden='true' data-av_icon='\ue84d' data-av_iconfont='entypo-fontello' data-avia-icon-tooltip=\"&lt;br \/&gt;\nVisualizar documento&lt;br \/&gt;\n\"><\/a><\/span><br \/>\n<div  style='padding-bottom:10px; font-size:30px;' class='av-special-heading av-special-heading-h5  blockquote modern-quote modern-centered  avia-builder-el-11  el_after_av_font_icon  avia-builder-el-last  av-thin-font av-inherit-size '><h5 class='av-special-heading-tag '  itemprop=\"headline\"  ><strong><b>Comunicado n\u00ba 001\/2022<\/b><\/strong> <\/h5><div class ='av-subheading av-subheading_below  ' style='font-size:15px;'><p>Resultado do Processo Seletivo de Bolsista de P\u00f3s-Doutorado DASPAM 2022<\/p>\n<\/div><div class='special-heading-border'><div class='special-heading-inner-border' ><\/div><\/div><\/div><\/p><\/div><\/div><!--close column table wrapper. Autoclose: 1 --><\/p>\n<div class='flex_column_table av-equal-height-column-flextable -flextable' ><div class=\"flex_column av_one_full  av-animated-generic top-to-bottom  no_margin flex_column_table_cell av-equal-height-column av-align-top first  avia-builder-el-12  el_after_av_one_half  el_before_av_hr  column-top-margin\" style='padding:30px; background-color:rgba(255,255,255,0.33); border-radius:0px; '><p><span  class=\"av_font_icon avia_animate_when_visible avia-icon-animate  av-icon-style-border  av-no-color avia-icon-pos-center \" style=\"\"><a href='https:\/\/amazonia.fiocruz.br\/wp-content\/uploads\/2022\/07\/CP006-2022_Posdoc_DASPAM2022_PDPG.pdf'  target=\"_blank\"  rel=\"noopener noreferrer\"  class='av-icon-char' style='font-size:40px;line-height:40px;width:40px;' aria-hidden='true' data-av_icon='\ue84d' data-av_iconfont='entypo-fontello' data-avia-icon-tooltip=\"&lt;br \/&gt;\nVisualizar chamada&lt;br \/&gt;\n\"><\/a><\/span><br \/>\n<div  style='padding-bottom:10px; font-size:30px;' class='av-special-heading av-special-heading-h5  blockquote modern-quote modern-centered  avia-builder-el-14  el_after_av_font_icon  avia-builder-el-last  av-thin-font av-inherit-size '><h5 class='av-special-heading-tag '  itemprop=\"headline\"  ><strong><b>Chamada p\u00fablica n\u00ba 006\/2022<\/b><\/strong> <\/h5><div class ='av-subheading av-subheading_below  ' style='font-size:15px;'><p>Sele\u00e7\u00e3o de de bolsista de p\u00f3s-doutorado no \u00e2mbito do Programa de Desenvolvimento da P\u00f3s-Gradua\u00e7\u00e3o (PDPG &#8211; Amaz\u00f4nia Legal)<\/p>\n<\/div><div class='special-heading-border'><div class='special-heading-inner-border' ><\/div><\/div><\/div><\/p><\/div><\/div><!--close column table wrapper. Autoclose: 1 -->\n<div  style=' margin-top:5px; margin-bottom:30px;'  class='hr hr-custom hr-center hr-icon-yes   avia-builder-el-15  el_after_av_one_full  el_before_av_heading '><span class='hr-inner  inner-border-av-border-thin' style=' width:600px; border-color:#83a846; max-width:45%;' ><span class='hr-inner-style'><\/span><\/span><span class='av-seperator-icon'  aria-hidden='true' data-av_icon='\ue812' data-av_iconfont='entypo-fontello'><\/span><span class='hr-inner  inner-border-av-border-thin' style=' width:600px; border-color:#83a846; max-width:45%;' ><span class='hr-inner-style'><\/span><\/span><\/div>\n<div  style='padding-bottom:10px; font-size:30px;' class='av-special-heading av-special-heading-h5  blockquote modern-quote modern-centered  avia-builder-el-16  el_after_av_hr  el_before_av_one_half  av-thin-font av-inherit-size '><h5 class='av-special-heading-tag '  itemprop=\"headline\"  ><strong><b>ANEXOS<\/b> <\/strong> <\/h5><div class='special-heading-border'><div class='special-heading-inner-border' ><\/div><\/div><\/div>\n<div class='flex_column_table av-equal-height-column-flextable -flextable' ><div class=\"flex_column av_one_half  av-animated-generic top-to-bottom  no_margin flex_column_table_cell av-equal-height-column av-align-top first  avia-builder-el-17  el_after_av_heading  el_before_av_one_half  \" style='padding:30px; background-color:rgba(255,255,255,0.33); border-radius:0px; '><p><span  class=\"av_font_icon avia_animate_when_visible avia-icon-animate  av-icon-style-border  av-no-color avia-icon-pos-center \" style=\"\"><a href='https:\/\/amazonia.fiocruz.br\/wp-content\/uploads\/2022\/07\/CP006-2022_AnexoII.docx'  target=\"_blank\"  rel=\"noopener noreferrer\"  class='av-icon-char' style='font-size:40px;line-height:40px;width:40px;' aria-hidden='true' data-av_icon='\ue823' data-av_iconfont='entypo-fontello' data-avia-icon-tooltip=\"&lt;br \/&gt;\nDownload do anexo&lt;br \/&gt;\n\"><\/a><\/span><br \/>\n<div  style='padding-bottom:10px; font-size:30px;' class='av-special-heading av-special-heading-h5  blockquote modern-quote modern-centered  avia-builder-el-19  el_after_av_font_icon  avia-builder-el-last  av-thin-font av-inherit-size '><h5 class='av-special-heading-tag '  itemprop=\"headline\"  ><strong><b>Anexo II<\/b><\/strong> <\/h5><div class ='av-subheading av-subheading_below  ' style='font-size:15px;'><p>Tabela de pontua\u00e7\u00e3o do curr\u00edculo<\/p>\n<\/div><div class='special-heading-border'><div class='special-heading-inner-border' ><\/div><\/div><\/div><\/p><\/div>\n<div class=\"flex_column av_one_half  av-animated-generic top-to-bottom  no_margin flex_column_table_cell av-equal-height-column av-align-top   avia-builder-el-20  el_after_av_one_half  avia-builder-el-last  \" style='padding:30px; background-color:rgba(255,255,255,0.33); border-radius:0px; '><p><span  class=\"av_font_icon avia_animate_when_visible avia-icon-animate  av-icon-style-border  av-no-color avia-icon-pos-center \" style=\"\"><a href='https:\/\/amazonia.fiocruz.br\/wp-content\/uploads\/2022\/07\/CP006-2022_AnexoIII.docx'  target=\"_blank\"  rel=\"noopener noreferrer\"  class='av-icon-char' style='font-size:40px;line-height:40px;width:40px;' aria-hidden='true' data-av_icon='\ue823' data-av_iconfont='entypo-fontello' data-avia-icon-tooltip=\"&lt;br \/&gt;\nDownload do anexo&lt;br \/&gt;\n\"><\/a><\/span><br \/>\n<div  style='padding-bottom:10px; font-size:30px;' class='av-special-heading av-special-heading-h5  blockquote modern-quote modern-centered  avia-builder-el-22  el_after_av_font_icon  avia-builder-el-last  av-thin-font av-inherit-size '><h5 class='av-special-heading-tag '  itemprop=\"headline\"  ><strong><b>Anexo III<\/b><\/strong> <\/h5><div class ='av-subheading av-subheading_below  ' style='font-size:15px;'><p>Formul\u00e1rio de inscri\u00e7\u00e3o<\/p>\n<\/div><div class='special-heading-border'><div class='special-heading-inner-border' ><\/div><\/div><\/div><\/p><\/div><\/div><!--close column table wrapper. Autoclose: 1 -->\n","protected":false},"excerpt":{"rendered":"","protected":false},"author":49,"featured_media":0,"parent":0,"menu_order":0,"comment_status":"closed","ping_status":"closed","template":"","meta":{"footnotes":""},"class_list":["post-37173","page","type-page","status-publish","hentry"],"_links":{"self":[{"href":"https:\/\/amazonia.fiocruz.br\/index.php?rest_route=\/wp\/v2\/pages\/37173","targetHints":{"allow":["GET"]}}],"collection":[{"href":"https:\/\/amazonia.fiocruz.br\/index.php?rest_route=\/wp\/v2\/pages"}],"about":[{"href":"https:\/\/amazonia.fiocruz.br\/index.php?rest_route=\/wp\/v2\/types\/page"}],"author":[{"embeddable":true,"href":"https:\/\/amazonia.fiocruz.br\/index.php?rest_route=\/wp\/v2\/users\/49"}],"replies":[{"embeddable":true,"href":"https:\/\/amazonia.fiocruz.br\/index.php?rest_route=%2Fwp%2Fv2%2Fcomments&post=37173"}],"version-history":[{"count":4,"href":"https:\/\/amazonia.fiocruz.br\/index.php?rest_route=\/wp\/v2\/pages\/37173\/revisions"}],"predecessor-version":[{"id":37246,"href":"https:\/\/amazonia.fiocruz.br\/index.php?rest_route=\/wp\/v2\/pages\/37173\/revisions\/37246"}],"wp:attachment":[{"href":"https:\/\/amazonia.fiocruz.br\/index.php?rest_route=%2Fwp%2Fv2%2Fmedia&parent=37173"}],"curies":[{"name":"wp","href":"https:\/\/api.w.org\/{rel}","templated":true}]}}