{"id":36499,"date":"2022-03-31T15:43:09","date_gmt":"2022-03-31T19:43:09","guid":{"rendered":"https:\/\/amazonia.fiocruz.br\/?page_id=36499"},"modified":"2024-07-22T13:25:22","modified_gmt":"2024-07-22T17:25:22","slug":"ppgbio-eventos-cientificos-2022-chamada-publica-no-004-2022","status":"publish","type":"page","link":"https:\/\/amazonia.fiocruz.br\/?page_id=36499","title":{"rendered":"PPGBIO-Intera\u00e7\u00e3o &#8211; Eventos Cient\u00edficos 2022 &#8211; Chamada P\u00fablica n\u00ba 004\/2022"},"content":{"rendered":"<div id='av_section_1'  class='avia-section main_color avia-section-default avia-no-shadow  avia-full-stretch avia-bg-style-scroll  avia-builder-el-0  el_before_av_one_full  avia-builder-el-first   av-minimum-height av-minimum-height-50  container_wrap sidebar_right' style='background-repeat: no-repeat; background-image: url(https:\/\/amazonia.fiocruz.br\/wp-content\/uploads\/2016\/07\/chamadapublica.jpg);background-attachment: scroll; background-position: top left;  '  data-section-bg-repeat='stretch' data-av_minimum_height_pc='50'><div class='container' ><main  role=\"main\" itemprop=\"mainContentOfPage\"  class='template-page content  av-content-small alpha units'><div class='post-entry post-entry-type-page post-entry-36499'><div class='entry-content-wrapper clearfix'>\n<div class=\"flex_column av_one_half  flex_column_div av-zero-column-padding first  avia-builder-el-1  avia-builder-el-no-sibling  \" style='border-radius:0px; '><div  style='padding-bottom:10px; color:#ffffff;font-size:30px;' class='av-special-heading av-special-heading-h3 custom-color-heading blockquote modern-quote  avia-builder-el-2  avia-builder-el-no-sibling  av-inherit-size '><h3 class='av-special-heading-tag '  itemprop=\"headline\"  >CHAMADAS P\u00daBLICAS<\/h3><div class ='av-subheading av-subheading_below av_custom_color ' style='font-size:18px;'><p>ILMD\/Fiocruz Amaz\u00f4nia<\/p>\n<\/div><div class='special-heading-border'><div class='special-heading-inner-border' style='border-color:#ffffff'><\/div><\/div><\/div><\/div>\n<\/div><\/div><\/main><!-- close content main element --><\/div><\/div><div id='after_section_1'  class='main_color av_default_container_wrap container_wrap sidebar_right' style=' '  ><div class='container' ><div class='template-page content  av-content-small alpha units'><div class='post-entry post-entry-type-page post-entry-36499'><div class='entry-content-wrapper clearfix'>\n<div class='flex_column_table av-equal-height-column-flextable -flextable' ><div class=\"flex_column av_one_full  av-animated-generic top-to-bottom  no_margin flex_column_table_cell av-equal-height-column av-align-top first  avia-builder-el-3  el_after_av_section  el_before_av_hr  avia-builder-el-first  \" style='padding:30px; background-color:rgba(255,255,255,0.33); border-radius:0px; '><div  style='padding-bottom:10px; font-size:30px;' class='av-special-heading av-special-heading-h5  blockquote modern-quote  avia-builder-el-4  avia-builder-el-no-sibling  av-inherit-size '><h5 class='av-special-heading-tag '  itemprop=\"headline\"  ><b>Eventos Cient\u00edficos 2022<br \/>PPGBIO-Intera\u00e7\u00e3o<\/b><\/h5><div class ='av-subheading av-subheading_below  ' style='font-size:15px;'><p>Chamada P\u00fablica n\u00ba 004\/2022<\/p>\n<\/div><div class='special-heading-border'><div class='special-heading-inner-border' ><\/div><\/div><\/div><\/div><\/div><!--close column table wrapper. Autoclose: 1 --><div  style=' margin-top:5px; margin-bottom:30px;'  class='hr hr-custom hr-center hr-icon-yes   avia-builder-el-5  el_after_av_one_full  el_before_av_one_half '><span class='hr-inner  inner-border-av-border-thin' style=' width:600px; border-color:#83a846; max-width:45%;' ><span class='hr-inner-style'><\/span><\/span><span class='av-seperator-icon'  aria-hidden='true' data-av_icon='\ue812' data-av_iconfont='entypo-fontello'><\/span><span class='hr-inner  inner-border-av-border-thin' style=' width:600px; border-color:#83a846; max-width:45%;' ><span class='hr-inner-style'><\/span><\/span><\/div><\/p>\n<div class='flex_column_table av-equal-height-column-flextable -flextable' ><div class=\"flex_column av_one_half  av-animated-generic top-to-bottom  no_margin flex_column_table_cell av-equal-height-column av-align-top first  avia-builder-el-6  el_after_av_hr  avia-builder-el-last  \" style='padding:30px; background-color:rgba(255,255,255,0.33); border-radius:0px; '><div  class='avia-icon-list-container   avia-builder-el-7  avia-builder-el-no-sibling '><ul class='avia-icon-list avia-icon-list-left av-iconlist-big avia_animate_when_almost_visible avia-iconlist-animate'>\n<li><div  class='iconlist_icon  avia-font-entypo-fontello'><span class='iconlist-char ' aria-hidden='true' data-av_icon='\ue84d' data-av_iconfont='entypo-fontello'><\/span><\/div><article class=\"article-icon-entry \"  itemscope=\"itemscope\" itemtype=\"https:\/\/schema.org\/CreativeWork\" ><div class='iconlist_content_wrap'><header class=\"entry-content-header\"><h4 class='av_iconlist_title iconlist_title   '  itemprop=\"headline\"  ><a href='https:\/\/amazonia.fiocruz.br\/wp-content\/uploads\/2022\/03\/CP004-2022_PPGBIO_eventos_cientificos.pdf' title='Chamada P\u00fablica n\u00ba 004\/2022'>Chamada P\u00fablica n\u00ba 004\/2022<\/a><\/h4><\/header><div class='iconlist_content  '  itemprop=\"text\"  ><p>PPGBIO-Intera\u00e7\u00e3o &#8211; Eventos Cient\u00edficos 2022<\/p>\n<\/div><\/div><footer class=\"entry-footer\"><\/footer><\/article><div class='iconlist-timeline'><\/div><\/li>\n<li><div  class='iconlist_icon  avia-font-entypo-fontello'><span class='iconlist-char ' aria-hidden='true' data-av_icon='\ue823' data-av_iconfont='entypo-fontello'><\/span><\/div><article class=\"article-icon-entry \"  itemscope=\"itemscope\" itemtype=\"https:\/\/schema.org\/CreativeWork\" ><div class='iconlist_content_wrap'><header class=\"entry-content-header\"><h4 class='av_iconlist_title iconlist_title   '  itemprop=\"headline\"  ><a href='https:\/\/amazonia.fiocruz.br\/wp-content\/uploads\/2022\/03\/CP004-2022_anexoI_PPGBIO_eventos_cientificos.docx' title='Anexo I'>Anexo I<\/a><\/h4><\/header><div class='iconlist_content  '  itemprop=\"text\"  ><p>Formul\u00e1rio<\/p>\n<\/div><\/div><footer class=\"entry-footer\"><\/footer><\/article><div class='iconlist-timeline'><\/div><\/li>\n<\/ul><\/div><\/div><\/div><!--close column table wrapper. Autoclose: 1 -->\n","protected":false},"excerpt":{"rendered":"","protected":false},"author":49,"featured_media":0,"parent":0,"menu_order":0,"comment_status":"closed","ping_status":"closed","template":"","meta":{"footnotes":""},"class_list":["post-36499","page","type-page","status-publish","hentry"],"_links":{"self":[{"href":"https:\/\/amazonia.fiocruz.br\/index.php?rest_route=\/wp\/v2\/pages\/36499","targetHints":{"allow":["GET"]}}],"collection":[{"href":"https:\/\/amazonia.fiocruz.br\/index.php?rest_route=\/wp\/v2\/pages"}],"about":[{"href":"https:\/\/amazonia.fiocruz.br\/index.php?rest_route=\/wp\/v2\/types\/page"}],"author":[{"embeddable":true,"href":"https:\/\/amazonia.fiocruz.br\/index.php?rest_route=\/wp\/v2\/users\/49"}],"replies":[{"embeddable":true,"href":"https:\/\/amazonia.fiocruz.br\/index.php?rest_route=%2Fwp%2Fv2%2Fcomments&post=36499"}],"version-history":[{"count":3,"href":"https:\/\/amazonia.fiocruz.br\/index.php?rest_route=\/wp\/v2\/pages\/36499\/revisions"}],"predecessor-version":[{"id":47052,"href":"https:\/\/amazonia.fiocruz.br\/index.php?rest_route=\/wp\/v2\/pages\/36499\/revisions\/47052"}],"wp:attachment":[{"href":"https:\/\/amazonia.fiocruz.br\/index.php?rest_route=%2Fwp%2Fv2%2Fmedia&parent=36499"}],"curies":[{"name":"wp","href":"https:\/\/api.w.org\/{rel}","templated":true}]}}