{"id":35293,"date":"2021-10-22T11:17:28","date_gmt":"2021-10-22T15:17:28","guid":{"rendered":"https:\/\/amazonia.fiocruz.br\/?page_id=35293"},"modified":"2021-10-25T14:59:20","modified_gmt":"2021-10-25T18:59:20","slug":"acesso-a-informacao-2","status":"publish","type":"page","link":"https:\/\/amazonia.fiocruz.br\/?page_id=35293","title":{"rendered":"Congresso Interno"},"content":{"rendered":"<div id='av_section_1'  class='avia-section main_color avia-section-default avia-no-shadow  avia-full-stretch avia-bg-style-scroll  avia-builder-el-0  el_before_av_section  avia-builder-el-first   av-minimum-height av-minimum-height-custom  container_wrap sidebar_right' style='background-repeat: no-repeat; background-image: url(https:\/\/amazonia.fiocruz.br\/wp-content\/uploads\/2021\/10\/topo_pagina_congresso_interno-3-1500x475.jpg);background-attachment: scroll; background-position: top left;  '  data-section-bg-repeat='stretch'><div class='container' style='height:500px'><main  role=\"main\" itemprop=\"mainContentOfPage\"  class='template-page content  av-content-small alpha units'><div class='post-entry post-entry-type-page post-entry-35293'><div class='entry-content-wrapper clearfix'>\n<div class=\"flex_column av_one_half  flex_column_div av-zero-column-padding first  avia-builder-el-1  avia-builder-el-no-sibling  \" style='border-radius:0px; '><div  style='padding-bottom:10px; color:#000000;font-size:30px;' class='av-special-heading av-special-heading-h3 custom-color-heading blockquote modern-quote  avia-builder-el-2  avia-builder-el-no-sibling  av-inherit-size '><h3 class='av-special-heading-tag '  itemprop=\"headline\"  >CONGRESSO INTERNO<\/h3><div class ='av-subheading av-subheading_below av_custom_color ' style='font-size:18px;'><p>ILMD\/Fiocruz Amaz\u00f4nia<\/p>\n<\/div><div class='special-heading-border'><div class='special-heading-inner-border' style='border-color:#000000'><\/div><\/div><\/div><\/div>\n\n<\/div><\/div><\/main><!-- close content main element --><\/div><\/div><div id='linhaspesquisas'  class='avia-section alternate_color avia-section-default avia-no-border-styling  avia-bg-style-scroll  avia-builder-el-3  el_after_av_section  el_before_av_section   av-minimum-height av-minimum-height-50  container_wrap sidebar_right' style=' '   data-av_minimum_height_pc='50'><div class='container' ><div class='template-page content  av-content-small alpha units'><div class='post-entry post-entry-type-page post-entry-35293'><div class='entry-content-wrapper clearfix'>\n<div  style='height:40px' class='hr hr-invisible   avia-builder-el-4  el_before_av_one_full  avia-builder-el-first '><span class='hr-inner ' ><span class='hr-inner-style'><\/span><\/span><\/div>\n<div class=\"flex_column av_one_full  flex_column_div first  avia-builder-el-5  el_after_av_hr  el_before_av_one_full  \" ><div  style='padding-bottom:10px; font-size:55px;' class='av-special-heading av-special-heading-h4  blockquote modern-quote modern-centered  avia-builder-el-6  avia-builder-el-no-sibling  av-thin-font av-inherit-size '><h4 class='av-special-heading-tag '  itemprop=\"headline\"  ><strong>Movimento Preparat\u00f3rio Fiocruz Amaz\u00f4nia para o IX Congresso Interno da Fiocruz 2021<\/strong><\/h4><div class='special-heading-border'><div class='special-heading-inner-border' ><\/div><\/div><\/div><\/div><div class=\"flex_column av_one_full  flex_column_div av-zero-column-padding first  avia-builder-el-7  el_after_av_one_full  avia-builder-el-last  column-top-margin\" style='border-radius:0px; '><section class=\"av_textblock_section \"  itemscope=\"itemscope\" itemtype=\"https:\/\/schema.org\/CreativeWork\" ><div class='avia_textblock  '  style='font-size:22px; '  itemprop=\"text\" ><p style=\"text-align: justify;\">A cada quatro anos, temos o Congresso Interno Fiocruz. No dia 05 de outubro de 2021 temos o in\u00edcio do Movimento Preparat\u00f3rio da Participa\u00e7\u00e3o do ILMD\/Fiocruz Amaz\u00f4nia no IX Congresso Interno da Fiocruz 2021.<\/p>\n<p style=\"text-align: justify;\">Com o lema \u201cDesenvolvimento sustent\u00e1vel com equidade, sa\u00fade e democracia: a Fiocruz e os desafios para o SUS e a sa\u00fade global\u201d, essa edi\u00e7\u00e3o do Congresso Interno ocorrer\u00e1 nos dias 08, 09 e 10 de novembro de 2021 e ser\u00e1 presidido pela Dra. N\u00edsia Trindade, presidente da Fiocruz com a participa\u00e7\u00e3o dos delegados eleitos pelas unidades, em n\u00famero proporcional aos de seus servidores.<\/p>\n<p style=\"text-align: justify;\">O Congresso Interno \u00e9 o \u00f3rg\u00e3o m\u00e1ximo de representa\u00e7\u00e3o da comunidade da Funda\u00e7\u00e3o Oswaldo Cruz.\u00a0 A ele compete deliberar sobre assuntos estrat\u00e9gicos relacionados ao macroprojeto institucional, sobre o regimento interno e propostas de altera\u00e7\u00e3o do estatuto, bem como sobre mat\u00e9rias de import\u00e2ncia estrat\u00e9gica para os rumos da institui\u00e7\u00e3o. As compet\u00eancias desse \u00f3rg\u00e3o colegiado est\u00e3o explicitadas no Estatuto da Fiocruz (Documento de Refer\u00eancia do IX Congresso Interno da Fiocruz).<\/p>\n<p style=\"text-align: justify;\">A partir das teses e diretrizes propostas pelo Conselho Deliberativo para o IX Congresso devemos iniciar, de forma mais direta, a an\u00e1lise cr\u00edtica de cen\u00e1rios, a reflex\u00e3o e o debate. O olhar e a contribui\u00e7\u00e3o de todos \u00e9 imprescind\u00edvel para a constru\u00e7\u00e3o de compromissos da Institui\u00e7\u00e3o com a popula\u00e7\u00e3o brasileira.<\/p>\n<p style=\"text-align: justify;\">Enfatizamos a import\u00e2ncia da participa\u00e7\u00e3o de todos (as). As contribui\u00e7\u00f5es devem ser para o e-mail <a>congresso.ilmd@fiocruz.br<\/a><\/p>\n<p style=\"text-align: justify;\">Contamos com a participa\u00e7\u00e3o da Comunidade do ILMD\/Fiocruz Amaz\u00f4nia!<\/p>\n<p style=\"text-align: justify;\">\n<p style=\"text-align: center;\" align=\"center\"><b>Adele Schwartz Benzaken<\/b><\/br>Diretora<\/br>Instituto Le\u00f4nidas &amp; Maria Deane &#8211; ILMD\/Fiocruz Amaz\u00f4nia<\/p>\n<\/div><\/section><\/div>\n","protected":false},"excerpt":{"rendered":"","protected":false},"author":29,"featured_media":0,"parent":0,"menu_order":0,"comment_status":"closed","ping_status":"closed","template":"","meta":{"footnotes":""},"class_list":["post-35293","page","type-page","status-publish","hentry"],"_links":{"self":[{"href":"https:\/\/amazonia.fiocruz.br\/index.php?rest_route=\/wp\/v2\/pages\/35293","targetHints":{"allow":["GET"]}}],"collection":[{"href":"https:\/\/amazonia.fiocruz.br\/index.php?rest_route=\/wp\/v2\/pages"}],"about":[{"href":"https:\/\/amazonia.fiocruz.br\/index.php?rest_route=\/wp\/v2\/types\/page"}],"author":[{"embeddable":true,"href":"https:\/\/amazonia.fiocruz.br\/index.php?rest_route=\/wp\/v2\/users\/29"}],"replies":[{"embeddable":true,"href":"https:\/\/amazonia.fiocruz.br\/index.php?rest_route=%2Fwp%2Fv2%2Fcomments&post=35293"}],"version-history":[{"count":8,"href":"https:\/\/amazonia.fiocruz.br\/index.php?rest_route=\/wp\/v2\/pages\/35293\/revisions"}],"predecessor-version":[{"id":35324,"href":"https:\/\/amazonia.fiocruz.br\/index.php?rest_route=\/wp\/v2\/pages\/35293\/revisions\/35324"}],"wp:attachment":[{"href":"https:\/\/amazonia.fiocruz.br\/index.php?rest_route=%2Fwp%2Fv2%2Fmedia&parent=35293"}],"curies":[{"name":"wp","href":"https:\/\/api.w.org\/{rel}","templated":true}]}}