{"id":33870,"date":"2021-03-31T14:02:33","date_gmt":"2021-03-31T18:02:33","guid":{"rendered":"https:\/\/amazonia.fiocruz.br\/?page_id=33870"},"modified":"2023-10-19T10:20:01","modified_gmt":"2023-10-19T14:20:01","slug":"biblioteca-dr-antonio-levino-3","status":"publish","type":"page","link":"https:\/\/amazonia.fiocruz.br\/?page_id=33870","title":{"rendered":"ILMD (FIOCRUZ\/AMAZONIA) ELEI\u00c7\u00c3O DIRETOR(A) QUADRI\u00caNIO 2021-2025"},"content":{"rendered":"<div id='av_section_1'  class='avia-section main_color avia-section-default avia-no-shadow  avia-full-contain avia-bg-style-scroll  avia-builder-el-0  el_before_av_one_full  avia-builder-el-first   av-minimum-height av-minimum-height-custom  container_wrap sidebar_right' style='background-color: #ffffff; background-repeat: no-repeat; background-image: url(https:\/\/amazonia.fiocruz.br\/wp-content\/uploads\/2023\/10\/Cabecalho_2021-2025_1920x321.jpg);background-attachment: scroll; background-position: top center;  '  data-section-bg-repeat='contain'><div class='container' style='height:321px'><main  role=\"main\" itemprop=\"mainContentOfPage\"  class='template-page content  av-content-small alpha units'><div class='post-entry post-entry-type-page post-entry-33870'><div class='entry-content-wrapper clearfix'><\/div><\/div><\/main><!-- close content main element --><\/div><\/div><div id='after_section_1'  class='main_color av_default_container_wrap container_wrap sidebar_right' style=' '  ><div class='container' ><div class='template-page content  av-content-small alpha units'><div class='post-entry post-entry-type-page post-entry-33870'><div class='entry-content-wrapper clearfix'>\n<div class=\"flex_column av_one_full  flex_column_div first  avia-builder-el-1  el_after_av_section  el_before_av_section  avia-builder-el-no-sibling  \" ><div  style='padding-bottom:10px; font-size:55px;' class='av-special-heading av-special-heading-h3  blockquote modern-quote modern-centered  avia-builder-el-2  avia-builder-el-no-sibling  av-thin-font av-inherit-size '><h3 class='av-special-heading-tag '  itemprop=\"headline\"  ><strong><b>Comiss\u00e3o Eleitoral para Elei\u00e7\u00e3o de Diretor 2021\/2025<\/b><\/strong><\/h3><div class='special-heading-border'><div class='special-heading-inner-border' ><\/div><\/div><\/div><\/div>\n<\/div><\/div><\/div><!-- close content main div --><\/div><\/div><div id='av_section_2'  class='avia-section main_color avia-section-default avia-no-border-styling  avia-bg-style-scroll  avia-builder-el-3  el_after_av_one_full  el_before_av_one_full   container_wrap sidebar_right' style='background-color: #f2f2f2;  '  ><div class='container' ><div class='template-page content  av-content-small alpha units'><div class='post-entry post-entry-type-page post-entry-33870'><div class='entry-content-wrapper clearfix'>\n<div class=\"flex_column av_one_third  flex_column_div av-zero-column-padding first  avia-builder-el-4  el_before_av_one_third  avia-builder-el-first  \" style='border-radius:0px; '><section class=\"av_textblock_section \"  itemscope=\"itemscope\" itemtype=\"https:\/\/schema.org\/CreativeWork\" ><div class='avia_textblock  '  style='font-size:15px; '  itemprop=\"text\" ><h3 class=\"x_MsoNormal\" style=\"text-align: left;\">Ato da Zer\u00e9sima &#8211; Elei\u00e7\u00e3o ILMD\/ Fiocruz Amaz\u00f4nia<\/h3>\n<\/div><\/section><br \/>\n<div  class='avia-video avia-video-custom   avia-video-lightbox av-lazyload-video-embed  avia-video-external-service  ' style='padding-bottom:56.25%;'  itemprop=\"video\" itemtype=\"https:\/\/schema.org\/VideoObject\"  data-original_url='https:\/\/www.youtube.com\/watch?v=Ukmbbt3rt5Q&autoplay=1' ><script type='text\/html' class='av-video-tmpl'><a href='https:\/\/www.youtube.com\/watch?v=Ukmbbt3rt5Q&autoplay=1' class='mfp-iframe lightbox-link'><\/a><\/script><div class='av-click-to-play-overlay play-lightbox'><div class=\"avia_playpause_icon\"><\/div><\/div><\/div><\/p><\/div><div class=\"flex_column av_one_third  flex_column_div av-zero-column-padding   avia-builder-el-7  el_after_av_one_third  el_before_av_one_third  \" style='border-radius:10px; '><section class=\"av_textblock_section \"  itemscope=\"itemscope\" itemtype=\"https:\/\/schema.org\/CreativeWork\" ><div class='avia_textblock  '  style='font-size:15px; '  itemprop=\"text\" ><h3 class=\"x_MsoNormal\" style=\"text-align: left;\">1\u00ba Debate Eleitoral &#8211; Elei\u00e7\u00e3o ILMD\/ Fiocruz Amaz\u00f4nia<\/h3>\n<\/div><\/section><br \/>\n<div  class='avia-video avia-video-custom   avia-video-lightbox av-lazyload-video-embed  avia-video-external-service  ' style='background-image:url(\"https:\/\/amazonia.fiocruz.br\/wp-content\/uploads\/2021\/04\/1.png\");padding-bottom:56.25%;'  itemprop=\"video\" itemtype=\"https:\/\/schema.org\/VideoObject\"  data-original_url='https:\/\/www.youtube.com\/watch?v=Wzylax9HtR4&t=330s&autoplay=1' ><script type='text\/html' class='av-video-tmpl'><a href='https:\/\/www.youtube.com\/watch?v=Wzylax9HtR4&t=330s&autoplay=1' class='mfp-iframe lightbox-link'><\/a><\/script><div class='av-click-to-play-overlay play-lightbox'><div class=\"avia_playpause_icon\"><\/div><\/div><\/div><\/p><\/div><div class=\"flex_column av_one_third  flex_column_div av-zero-column-padding   avia-builder-el-10  el_after_av_one_third  avia-builder-el-last  \" style='border-radius:10px; '><section class=\"av_textblock_section \"  itemscope=\"itemscope\" itemtype=\"https:\/\/schema.org\/CreativeWork\" ><div class='avia_textblock  '  style='font-size:15px; '  itemprop=\"text\" ><h3 class=\"x_MsoNormal\" style=\"text-align: left;\">2\u00ba Debate Eleitoral &#8211; Elei\u00e7\u00e3o ILMD\/ Fiocruz Amaz\u00f4nia<\/h3>\n<\/div><\/section><br \/>\n<div  class='avia-video avia-video-custom   avia-video-lightbox av-lazyload-video-embed  avia-video-external-service  ' style='background-image:url(\"https:\/\/amazonia.fiocruz.br\/wp-content\/uploads\/2021\/04\/1.png\");padding-bottom:56.25%;'  itemprop=\"video\" itemtype=\"https:\/\/schema.org\/VideoObject\"  data-original_url='https:\/\/www.youtube.com\/watch?v=mtTCQqne4rA&autoplay=1' ><script type='text\/html' class='av-video-tmpl'><a href='https:\/\/www.youtube.com\/watch?v=mtTCQqne4rA&autoplay=1' class='mfp-iframe lightbox-link'><\/a><\/script><div class='av-click-to-play-overlay play-lightbox'><div class=\"avia_playpause_icon\"><\/div><\/div><\/div><\/p><\/div><\/div><\/div><\/div><!-- close content main div --><\/div><\/div><div id='after_section_2'  class='main_color av_default_container_wrap container_wrap sidebar_right' style=' '  ><div class='container' ><div class='template-page content  av-content-small alpha units'><div class='post-entry post-entry-type-page post-entry-33870'><div class='entry-content-wrapper clearfix'><div class=\"flex_column av_one_full  flex_column_div av-zero-column-padding first  avia-builder-el-13  el_after_av_section  avia-builder-el-no-sibling  \" style='border-radius:0px; '><section class=\"av_textblock_section \"  itemscope=\"itemscope\" itemtype=\"https:\/\/schema.org\/CreativeWork\" ><div class='avia_textblock  '  style='font-size:15px; '  itemprop=\"text\" ><p class=\"x_MsoNormal\" style=\"text-align: left;\">Manual de Instru\u00e7\u00e3o &#8211; Como Votar!<\/p>\n<\/div><\/section><br \/>\n<div  class='avia-button-wrap avia-button-left  avia-builder-el-15  el_after_av_textblock  el_before_av_hr ' ><a href='https:\/\/amazonia.fiocruz.br\/wp-content\/uploads\/2021\/04\/como_votar.pdf'  class='avia-button av-icon-on-hover avia-color-blue   avia-icon_select-yes-left-icon avia-size-medium avia-position-left '  target=\"_blank\"  rel=\"noopener noreferrer\"  ><span class='avia_button_icon avia_button_icon_left ' aria-hidden='true' data-av_icon='\ue82d' data-av_iconfont='entypo-fontello'><\/span><span class='avia_iconbox_title' >Download da Ata<\/span><\/a><\/div><br \/>\n<div  style=' margin-top:10px; margin-bottom:10px;'  class='hr hr-custom hr-center hr-icon-yes   avia-builder-el-16  el_after_av_button  el_before_av_textblock '><span class='hr-inner  inner-border-av-border-fat' style=' width:800px; max-width:45%;' ><span class='hr-inner-style'><\/span><\/span><span class='av-seperator-icon'  aria-hidden='true' data-av_icon='\ue823' data-av_iconfont='entypo-fontello'><\/span><span class='hr-inner  inner-border-av-border-fat' style=' width:800px; max-width:45%;' ><span class='hr-inner-style'><\/span><\/span><\/div><br \/>\n<section class=\"av_textblock_section \"  itemscope=\"itemscope\" itemtype=\"https:\/\/schema.org\/CreativeWork\" ><div class='avia_textblock  '  style='font-size:15px; '  itemprop=\"text\" ><p class=\"x_MsoNormal\">Inscri\u00e7\u00e3o homologada pelo CD\/ILMD &#8211; Fiocruz Amaz\u00f4nia, da candidata <a href=\"http:\/\/lattes.cnpq.br\/5458052030678047\" target=\"_blank\" rel=\"noopener\">ADELE SCHWARTZ BENZAKEN<\/a>, conforme Ata do CD\/ILMD do dia 12\/04\/2021.<\/p>\n<\/div><\/section><br \/>\n<div  class='avia-button-wrap avia-button-left  avia-builder-el-18  el_after_av_textblock  el_before_av_hr ' ><a href='https:\/\/amazonia.fiocruz.br\/wp-content\/uploads\/2021\/04\/Ata-CD-Extraordinario-de-12.04.2021.pdf'  class='avia-button av-icon-on-hover avia-color-theme-color   avia-icon_select-yes-left-icon avia-size-medium avia-position-left '  target=\"_blank\"  rel=\"noopener noreferrer\"  ><span class='avia_button_icon avia_button_icon_left ' aria-hidden='true' data-av_icon='\ue82d' data-av_iconfont='entypo-fontello'><\/span><span class='avia_iconbox_title' >Download da Ata<\/span><\/a><\/div><br \/>\n<div  style=' margin-top:10px; margin-bottom:10px;'  class='hr hr-custom hr-center hr-icon-yes   avia-builder-el-19  el_after_av_button  el_before_av_textblock '><span class='hr-inner  inner-border-av-border-fat' style=' width:800px; max-width:45%;' ><span class='hr-inner-style'><\/span><\/span><span class='av-seperator-icon'  aria-hidden='true' data-av_icon='\ue823' data-av_iconfont='entypo-fontello'><\/span><span class='hr-inner  inner-border-av-border-fat' style=' width:800px; max-width:45%;' ><span class='hr-inner-style'><\/span><\/span><\/div><br \/>\n<section class=\"av_textblock_section \"  itemscope=\"itemscope\" itemtype=\"https:\/\/schema.org\/CreativeWork\" ><div class='avia_textblock  '  style='font-size:15px; '  itemprop=\"text\" ><p class=\"x_MsoNormal\">A Comiss\u00e3o Eleitoral institu\u00edda para organizar e coordenar os trabalhos relativos \u00e0 elei\u00e7\u00e3o para o cargo de Diretor do Instituto Le\u00f4nidas &#038; Maria Deane (ILMD\/Fiocruz Amaz\u00f4nia), para o quadri\u00eanio 2021-2025, em cumprimento ao Calend\u00e1rio Eleitoral 2021,\u00a0 divulga a inscri\u00e7\u00e3o da candidata\u00a0<a href=\"http:\/\/lattes.cnpq.br\/5458052030678047\" target=\"_blank\" rel=\"noopener noreferrer\" data-auth=\"NotApplicable\" data-linkindex=\"0\">Adele Schwartz Benzaken<\/a>.<\/p>\n<p class=\"x_MsoNormal\">A homologa\u00e7\u00e3o da inscri\u00e7\u00e3o foi feita pelo Conselho Diretivo da Unidade\u00a0 (CD-ILMD\/Fiocruz Amaz\u00f4nia) ontem, 12\/4. As inscri\u00e7\u00f5es ocorreram no per\u00edodo de 5 a 9 de abril. O prazo para impugna\u00e7\u00e3o ser\u00e1 amanh\u00e3, 14\/4.\u00a0<a href=\"https:\/\/amazonia.fiocruz.br\/wp-content\/uploads\/2021\/03\/1.-EDITAL-DE-CONVOCACAO-Eleicao-do-Diretor-do-ILMD-Quadrienio-2021-a-2025.pdf\" target=\"_blank\" rel=\"noopener noreferrer\" data-auth=\"NotApplicable\" data-linkindex=\"1\">Confira\u00a0 aqui o calend\u00e1rio<\/a>.<\/p>\n<div>A Comiss\u00e3o Eleitoral &#8211; ILMD\/Fiocruz Amaz\u00f4nia divulga a candidatura recebida no prazo regulamentar e homologada pelo CD-ILMD\/Fiocruz Amaz\u00f4nia, para concorrer ao cargo de Diretor(a) do Instituto Le\u00f4nidas &#038; Maria Deane,\u00a0 no quadri\u00eanio 2021-2025, e cumpridas todas as fases recursais,\u00a0 a candidata:<\/div>\n<div>\u00a0&#8211; Adele Schwartz Benzaken. \u00a0<a href=\"https:\/\/amazonia.fiocruz.br\/wp-content\/uploads\/2021\/03\/1.-EDITAL-DE-CONVOCACAO-Eleicao-do-Diretor-do-ILMD-Quadrienio-2021-a-2025.pdf\" target=\"_blank\" rel=\"noopener noreferrer\" data-auth=\"NotApplicable\" data-linkindex=\"1\">Confira\u00a0 aqui o calend\u00e1rio<\/a>.<\/div>\n<\/div><\/section><br \/>\n<div  style=' margin-top:10px; margin-bottom:10px;'  class='hr hr-custom hr-center hr-icon-yes   avia-builder-el-21  el_after_av_textblock  el_before_av_textblock '><span class='hr-inner  inner-border-av-border-fat' style=' width:800px; max-width:45%;' ><span class='hr-inner-style'><\/span><\/span><span class='av-seperator-icon'  aria-hidden='true' data-av_icon='\ue823' data-av_iconfont='entypo-fontello'><\/span><span class='hr-inner  inner-border-av-border-fat' style=' width:800px; max-width:45%;' ><span class='hr-inner-style'><\/span><\/span><\/div><br \/>\n<section class=\"av_textblock_section \"  itemscope=\"itemscope\" itemtype=\"https:\/\/schema.org\/CreativeWork\" ><div class='avia_textblock  '  style='font-size:15px; '  itemprop=\"text\" ><p>A Comiss\u00e3o Eleitoral, institu\u00edda pela Resolu\u00e7\u00e3o n\u00ba 003\/2021 \u2013 GAB\/ILMD\/Fiocruz Amaz\u00f4nia, para organizar e coordenar os trabalhos relativos \u00e0 elei\u00e7\u00e3o para o Cargo de Diretor para o quadri\u00eanio 2021-2025, disponibiliza formul\u00e1rios para inscri\u00e7\u00e3o dos candidatos.<\/p>\n<p>Confira os documentos do processo eleitoral e clique em cima do documento para fazer download:<\/p>\n<p>1. <a href=\"https:\/\/amazonia.fiocruz.br\/wp-content\/uploads\/2021\/03\/1.-EDITAL-DE-CONVOCACAO-Eleicao-do-Diretor-do-ILMD-Quadrienio-2021-a-2025.pdf\" target=\"_blank\" rel=\"noopener\">Edital de Convoca\u00e7\u00e3o<\/a><\/p>\n<p>2. <a href=\"https:\/\/amazonia.fiocruz.br\/wp-content\/uploads\/2021\/03\/2.-REGULAMENTO-Eleicao-do-Diretor-do-ILMD-Quadrienio-2021-a-2025-Copia.pdf\" target=\"_blank\" rel=\"noopener\">Regulamento Eleitoral<\/a><\/p>\n<p>3. <a href=\"https:\/\/amazonia.fiocruz.br\/wp-content\/uploads\/2021\/03\/Resolucao-no-002_2021-Aprova-Regulamento-Eleitoral-Eleicao-Diretor-do-LMD-quadrienio-2021-2025.pdf\" target=\"_blank\" rel=\"noopener\">Resolu\u00e7\u00e3o N. 002\/2021 \u25ba Aprova Regulamento Eleitoral<\/a><\/p>\n<p>4. <a href=\"https:\/\/amazonia.fiocruz.br\/wp-content\/uploads\/2021\/03\/Resolucao-no-003_2021-Designa-Comissao-responsavel-pela-conducao-do-processo-Eleitoral-Diretor-ILMD-quadrienio-2021-2025.pdf\" target=\"_blank\" rel=\"noopener\">Resolu\u00e7\u00e3o N. 003\/2021 \u25ba Designa Comiss\u00e3o respons\u00e1vel pela condu\u00e7\u00e3o do processo eleitoral<\/a><\/p>\n<p>5. <a href=\"https:\/\/amazonia.fiocruz.br\/wp-content\/uploads\/2021\/03\/Resolucao-no-004_2021-Designa-Grupo-Tecnico-em-TI-para-Assessoramento-a-Comissao-Eleitoral-Eleicao-Diretor-ILMD-quadrienio-2021-2025.pdf\">Resolu\u00e7\u00e3o N. 004\/2021 \u25ba Designa Grupo T\u00e9cnico em TI para assessoramento da Comiss\u00e3o Eleitoral<\/a><\/p>\n<p>6. <a href=\"https:\/\/www.amazonia.fiocruz.br\/doc\/form_insc.docx\">Formul\u00e1rio de Inscri\u00e7\u00e3o<\/a><\/p>\n<p>7. <a href=\"https:\/\/amazonia.fiocruz.br\/wp-content\/uploads\/2021\/04\/Boletim-Eletronico.pdf\">Boletim Eletr\u00f4nico &#8211; Candidata Adele Schwartz Benzaken<\/a><\/p>\n<p><em>Ascom-ILMD\/Fiocruz Amaz\u00f4nia<\/em><\/p>\n<\/div><\/section><\/p><\/div><\/p>\n","protected":false},"excerpt":{"rendered":"","protected":false},"author":29,"featured_media":0,"parent":0,"menu_order":0,"comment_status":"closed","ping_status":"closed","template":"","meta":{"footnotes":""},"class_list":["post-33870","page","type-page","status-publish","hentry"],"_links":{"self":[{"href":"https:\/\/amazonia.fiocruz.br\/index.php?rest_route=\/wp\/v2\/pages\/33870","targetHints":{"allow":["GET"]}}],"collection":[{"href":"https:\/\/amazonia.fiocruz.br\/index.php?rest_route=\/wp\/v2\/pages"}],"about":[{"href":"https:\/\/amazonia.fiocruz.br\/index.php?rest_route=\/wp\/v2\/types\/page"}],"author":[{"embeddable":true,"href":"https:\/\/amazonia.fiocruz.br\/index.php?rest_route=\/wp\/v2\/users\/29"}],"replies":[{"embeddable":true,"href":"https:\/\/amazonia.fiocruz.br\/index.php?rest_route=%2Fwp%2Fv2%2Fcomments&post=33870"}],"version-history":[{"count":60,"href":"https:\/\/amazonia.fiocruz.br\/index.php?rest_route=\/wp\/v2\/pages\/33870\/revisions"}],"predecessor-version":[{"id":40456,"href":"https:\/\/amazonia.fiocruz.br\/index.php?rest_route=\/wp\/v2\/pages\/33870\/revisions\/40456"}],"wp:attachment":[{"href":"https:\/\/amazonia.fiocruz.br\/index.php?rest_route=%2Fwp%2Fv2%2Fmedia&parent=33870"}],"curies":[{"name":"wp","href":"https:\/\/api.w.org\/{rel}","templated":true}]}}