{"id":33675,"date":"2021-03-11T12:49:16","date_gmt":"2021-03-11T16:49:16","guid":{"rendered":"https:\/\/amazonia.fiocruz.br\/?page_id=33675"},"modified":"2024-12-27T19:14:36","modified_gmt":"2024-12-27T23:14:36","slug":"gestao-das-organizacoes-publicas-de-saude-projeto-qualificasus","status":"publish","type":"page","link":"https:\/\/amazonia.fiocruz.br\/?page_id=33675","title":{"rendered":"Gest\u00e3o das Organiza\u00e7\u00f5es P\u00fablicas de Sa\u00fade &#8211; Projeto QualificaSUS"},"content":{"rendered":"<div id='av_section_1'  class='avia-section main_color avia-section-default avia-no-shadow  avia-full-stretch avia-bg-style-scroll  avia-builder-el-0  el_before_av_submenu  avia-builder-el-first   av-minimum-height av-minimum-height-50  container_wrap sidebar_right' style='background-repeat: no-repeat; background-image: url(https:\/\/amazonia.fiocruz.br\/wp-content\/uploads\/2024\/04\/scv-wevwd-4.png);background-attachment: scroll; background-position: top left;  '  data-section-bg-repeat='stretch' data-av_minimum_height_pc='50'><div class='container' ><main  role=\"main\" itemprop=\"mainContentOfPage\"  class='template-page content  av-content-small alpha units'><div class='post-entry post-entry-type-page post-entry-33675'><div class='entry-content-wrapper clearfix'>\n<div class=\"flex_column av_one_half  flex_column_div av-zero-column-padding first  avia-builder-el-1  avia-builder-el-no-sibling  \" style='border-radius:0px; '><div  style='padding-bottom:10px; color:#ffffff;font-size:30px;' class='av-special-heading av-special-heading-h3 custom-color-heading blockquote modern-quote  avia-builder-el-2  avia-builder-el-no-sibling  av-inherit-size '><h3 class='av-special-heading-tag '  itemprop=\"headline\"  >Gest\u00e3o das Organiza\u00e7\u00f5es P\u00fablicas de Sa\u00fade<\/h3><div class ='av-subheading av-subheading_below av_custom_color ' style='font-size:18px;'><p>Especializa\u00e7\u00e3o<\/p>\n<\/div><div class='special-heading-border'><div class='special-heading-inner-border' style='border-color:#ffffff'><\/div><\/div><\/div><\/div>\n\n<\/div><\/div><\/main><!-- close content main element --><\/div><\/div><div class='clear'><\/div><div id='sub_menu1'  class='av-submenu-container header_color  avia-builder-el-3  el_after_av_section  el_before_av_textblock  av-sticky-submenu  submenu-not-first container_wrap sidebar_right' style='  z-index:301' ><div class='container av-menu-mobile-disabled '><ul id=\"menu-qualifica-sus\" class=\"av-subnav-menu av-submenu-pos-center\"><li id=\"menu-item-46362\" class=\"menu-item menu-item-type-custom menu-item-object-custom menu-item-top-level menu-item-top-level-1\"><a href=\"https:\/\/amazonia.fiocruz.br\/?page_id=43523\" itemprop=\"url\"><span class=\"avia-bullet\"><\/span><span class=\"avia-menu-text\">O Projeto<\/span><span class=\"avia-menu-fx\"><span class=\"avia-arrow-wrap\"><span class=\"avia-arrow\"><\/span><\/span><\/span><\/a><\/li>\n<li id=\"menu-item-46366\" class=\"menu-item menu-item-type-custom menu-item-object-custom menu-item-top-level menu-item-top-level-2\"><a href=\"https:\/\/amazonia.fiocruz.br\/?page_id=46364\" itemprop=\"url\"><span class=\"avia-bullet\"><\/span><span class=\"avia-menu-text\">Qualifica\u00e7\u00f5es<\/span><span class=\"avia-menu-fx\"><span class=\"avia-arrow-wrap\"><span class=\"avia-arrow\"><\/span><\/span><\/span><\/a><\/li>\n<li id=\"menu-item-46370\" class=\"menu-item menu-item-type-custom menu-item-object-custom menu-item-top-level menu-item-top-level-3\"><a href=\"https:\/\/amazonia.fiocruz.br\/?page_id=43551\" itemprop=\"url\"><span class=\"avia-bullet\"><\/span><span class=\"avia-menu-text\">Mestrado<\/span><span class=\"avia-menu-fx\"><span class=\"avia-arrow-wrap\"><span class=\"avia-arrow\"><\/span><\/span><\/span><\/a><\/li>\n<li id=\"menu-item-46371\" class=\"menu-item menu-item-type-custom menu-item-object-custom menu-item-top-level menu-item-top-level-4\"><a href=\"https:\/\/amazonia.fiocruz.br\/?page_id=43584\" itemprop=\"url\"><span class=\"avia-bullet\"><\/span><span class=\"avia-menu-text\">Especializa\u00e7\u00e3o<\/span><span class=\"avia-menu-fx\"><span class=\"avia-arrow-wrap\"><span class=\"avia-arrow\"><\/span><\/span><\/span><\/a><\/li>\n<li id=\"menu-item-46436\" class=\"menu-item menu-item-type-custom menu-item-object-custom menu-item-top-level menu-item-top-level-5\"><a href=\"https:\/\/amazonia.fiocruz.br\/?page_id=46414&amp;preview_id=46414\" itemprop=\"url\"><span class=\"avia-bullet\"><\/span><span class=\"avia-menu-text\">Cursos de Atualiza\u00e7\u00e3o<\/span><span class=\"avia-menu-fx\"><span class=\"avia-arrow-wrap\"><span class=\"avia-arrow\"><\/span><\/span><\/span><\/a><\/li>\n<\/ul><\/div><\/div><div class='sticky_placeholder'><\/div><div id='after_submenu'  class='main_color av_default_container_wrap container_wrap sidebar_right' style=' '  ><div class='container' ><div class='template-page content  av-content-small alpha units'><div class='post-entry post-entry-type-page post-entry-33675'><div class='entry-content-wrapper clearfix'>\n<section class=\"av_textblock_section \"  itemscope=\"itemscope\" itemtype=\"https:\/\/schema.org\/CreativeWork\" ><div class='avia_textblock  '   itemprop=\"text\" ><p>\u2800\u2800\u2800\u2800\u2800\u2800\u2800\u2800\u2800<\/p>\n<\/div><\/section>\n<\/div><\/div><\/div><!-- close content main div --><\/div><\/div><div id='av_section_2'  class='avia-section main_color avia-section-small avia-no-border-styling  avia-bg-style-scroll  avia-builder-el-5  el_after_av_textblock  avia-builder-el-last   container_wrap sidebar_right' style=' '  ><div class='container' ><div class='template-page content  av-content-small alpha units'><div class='post-entry post-entry-type-page post-entry-33675'><div class='entry-content-wrapper clearfix'>\n<div class=\"flex_column av_two_third  flex_column_div av-zero-column-padding first  avia-builder-el-6  el_before_av_one_third  avia-builder-el-first  \" style='border-radius:0px; '><section class=\"av_textblock_section \"  itemscope=\"itemscope\" itemtype=\"https:\/\/schema.org\/CreativeWork\" ><div class='avia_textblock  '   itemprop=\"text\" ><h2><span style=\"color: #000000;\">SOBRE O CURSO<\/h2>\n<hr \/>\n<h2><\/h2>\n<\/div><\/section><br \/>\n<section class=\"av_textblock_section \"  itemscope=\"itemscope\" itemtype=\"https:\/\/schema.org\/CreativeWork\" ><div class='avia_textblock  '   itemprop=\"text\" ><p style=\"text-align: justify;\"><span style=\"color: #808080;\">O curso tem como objetivo o aperfei\u00e7oamento do processo de gest\u00e3o, planejamento e or\u00e7amento p\u00fablico dos sistemas e servi\u00e7os de sa\u00fade em qualquer n\u00edvel de organiza\u00e7\u00e3o uma vez que este exige dos gestores o enfrentamento de novos paradigmas e um esfor\u00e7o de apropria\u00e7\u00e3o de informa\u00e7\u00f5es relevantes para a melhoria do desempenho institucional.<\/p>\n<p style=\"text-align: justify;\"><span style=\"color: #808080;\">Em parceria com o Conselho de Secret\u00e1rios Municipais de Sa\u00fade do Amazonas (Cosems-AM), o curso teve a oferta de 3 turmas nos munic\u00edpios de Itacoatiara e Mau\u00e9s, al\u00e9m da capital Manaus. Possui uma carga hor\u00e1ria total de 400 horas. Aos egressos do curso ser\u00e1 concedido o t\u00edtulo de Especialista em Gest\u00e3o das Organiza\u00e7\u00f5es P\u00fablicas de Sa\u00fade.<\/p>\n<\/div><\/section><br \/>\n<section class=\"av_textblock_section \"  itemscope=\"itemscope\" itemtype=\"https:\/\/schema.org\/CreativeWork\" ><div class='avia_textblock  '   itemprop=\"text\" ><p>\u2800\u2800\u2800\u2800\u2800\u2800\u2800\u2800\u2800<\/p>\n<\/div><\/section><br \/>\n<section class=\"av_textblock_section \"  itemscope=\"itemscope\" itemtype=\"https:\/\/schema.org\/CreativeWork\" ><div class='avia_textblock  '   itemprop=\"text\" ><h2><span style=\"color: #000000;\">P\u00daBLICO-ALVO<\/h2>\n<hr \/>\n<h2><\/h2>\n<\/div><\/section><br \/>\n<section class=\"av_textblock_section \"  itemscope=\"itemscope\" itemtype=\"https:\/\/schema.org\/CreativeWork\" ><div class='avia_textblock  '   itemprop=\"text\" ><p style=\"text-align: justify;\"><span style=\"color: #808080;\">Profissionais com n\u00edvel superior dos munic\u00edpios sede (Itacoatiara, Manaus e Mau\u00e9s) e munic\u00edpios vizinhos que desempenham suas fun\u00e7\u00f5es e\/ou atividades na \u00e1rea de gest\u00e3o da Aten\u00e7\u00e3o B\u00e1sica.<\/p>\n<\/div><\/section><br \/>\n<section class=\"av_textblock_section \"  itemscope=\"itemscope\" itemtype=\"https:\/\/schema.org\/CreativeWork\" ><div class='avia_textblock  '   itemprop=\"text\" ><p>\u2800\u2800\u2800\u2800\u2800\u2800\u2800\u2800\u2800<\/p>\n<\/div><\/section><br \/>\n<section class=\"av_textblock_section \"  itemscope=\"itemscope\" itemtype=\"https:\/\/schema.org\/CreativeWork\" ><div class='avia_textblock  '   itemprop=\"text\" ><h2><span style=\"color: #000000;\">COORDENADOR<\/span><\/h2>\n<hr \/>\n<h2><\/h2>\n<\/div><\/section><br \/>\n<section class=\"av_textblock_section \"  itemscope=\"itemscope\" itemtype=\"https:\/\/schema.org\/CreativeWork\" ><div class='avia_textblock  '   itemprop=\"text\" ><p style=\"text-align: justify;\"><span style=\"color: #808080;\">Riter Lucas Miranda Garcia<\/span><\/p>\n<\/div><\/section><br \/>\n<section class=\"av_textblock_section \"  itemscope=\"itemscope\" itemtype=\"https:\/\/schema.org\/CreativeWork\" ><div class='avia_textblock  '   itemprop=\"text\" ><p>\u2800\u2800\u2800\u2800\u2800\u2800\u2800\u2800\u2800<\/p>\n<\/div><\/section><br \/>\n<section class=\"av_textblock_section \"  itemscope=\"itemscope\" itemtype=\"https:\/\/schema.org\/CreativeWork\" ><div class='avia_textblock  '   itemprop=\"text\" ><h2><span style=\"color: #000000;\">EGRESSO<\/span><\/h2>\n<hr \/>\n<h2><\/h2>\n<\/div><\/section><br \/>\n<div   class=\"togglecontainer   toggle_close_all  avia-builder-el-17  el_after_av_textblock  avia-builder-el-last \" >\n<section class=\"av_toggle_section\"  itemscope=\"itemscope\" itemtype=\"https:\/\/schema.org\/CreativeWork\"  >    <div role=\"tablist\" class=\"single_toggle\" data-tags=\"{Todos} \"  >        <p data-fake-id=\"#toggle-id-1\" class=\"toggler \"  itemprop=\"headline\"    role=\"tab\" tabindex=\"0\" aria-controls=\"toggle-id-1\">Manaus<span class=\"toggle_icon\" >        <span class=\"vert_icon\"><\/span><span class=\"hor_icon\"><\/span><\/span><\/p>        <div id=\"toggle-id-1\" class=\"toggle_wrap \"   >            <div class=\"toggle_content invers-color \"  itemprop=\"text\"   ><table width=\"519\">\n<tbody>\n<tr>\n<td width=\"519\">Adna Regina M. Lopes<\/td>\n<\/tr>\n<tr>\n<td width=\"519\">Aldecy de Alencar Ribeiro<\/td>\n<\/tr>\n<tr>\n<td width=\"519\">Ana Clicia Soares da Costa Gomes<\/td>\n<\/tr>\n<tr>\n<td width=\"519\">Andr\u00e9a de Souza Bezerra<\/td>\n<\/tr>\n<tr>\n<td width=\"519\">Anisia Figueiras Matos<\/td>\n<\/tr>\n<tr>\n<td width=\"519\">Antenor Rodrigues Leda<\/td>\n<\/tr>\n<tr>\n<td width=\"519\">Antonio Jadir Augusto de Souza<\/td>\n<\/tr>\n<tr>\n<td width=\"519\">Benildo Ferreira de Lima<\/td>\n<\/tr>\n<tr>\n<td width=\"519\">Bruno Magalh\u00e3es da Silva Freitas<\/td>\n<\/tr>\n<tr>\n<td width=\"519\">Camila Ara\u00fajo Cruz<\/td>\n<\/tr>\n<tr>\n<td width=\"519\">Cintia da Silva Marques<\/td>\n<\/tr>\n<tr>\n<td width=\"519\">Daniele Santana Ramos<\/td>\n<\/tr>\n<tr>\n<td width=\"519\">Danilo da Cruz Duarte<\/td>\n<\/tr>\n<tr>\n<td width=\"519\">Dany Ellen da Silva Oliveira Brito<\/td>\n<\/tr>\n<tr>\n<td width=\"519\">Danyelle Christene da Costa Soares<\/td>\n<\/tr>\n<tr>\n<td width=\"519\">Dayane Caroline Andrade de Queiroz<\/td>\n<\/tr>\n<tr>\n<td width=\"519\">D\u00e9bora Fortes de Oliveira<\/td>\n<\/tr>\n<tr>\n<td width=\"519\">Elis\u00e2ngela dos Santos Cabral<\/td>\n<\/tr>\n<tr>\n<td width=\"519\">Elyn dos Santos Pessoa<\/td>\n<\/tr>\n<tr>\n<td width=\"519\">Francileny Ketelen Rodrigues Ros\u00e1rio<\/td>\n<\/tr>\n<tr>\n<td width=\"519\">Ilauana Oliveira Paz<\/td>\n<\/tr>\n<tr>\n<td width=\"519\">\u00cdria Cabral Rodriguez de Rufasto<\/td>\n<\/tr>\n<tr>\n<td width=\"519\">Irlane dos Santos Cris\u00f3stomo<\/td>\n<\/tr>\n<tr>\n<td width=\"519\">Janne Maria Freire de Souza<\/td>\n<\/tr>\n<tr>\n<td width=\"519\">Jociane Siqueira Carmeneiro<\/td>\n<\/tr>\n<tr>\n<td width=\"519\">Josiani Nunes do Nascimento<\/td>\n<\/tr>\n<tr>\n<td width=\"519\">Jull\u00ed Janaina da Costa Coelho<\/td>\n<\/tr>\n<tr>\n<td width=\"519\">Jussara Celia Mota dos Santos<\/td>\n<\/tr>\n<tr>\n<td width=\"519\">Liliane Silva do Nascimento<\/td>\n<\/tr>\n<tr>\n<td width=\"519\">Lorena Cleyce Vinhote Ara\u00fajo<\/td>\n<\/tr>\n<tr>\n<td width=\"519\">Lourenzo Am\u00e2ncio Da Senna Silva<\/td>\n<\/tr>\n<tr>\n<td width=\"519\">Maria Adriana Orencio de Souza<\/td>\n<\/tr>\n<tr>\n<td width=\"519\">Maria Luciene de Lima Aguiar<\/td>\n<\/tr>\n<tr>\n<td width=\"519\">Marilene dos Santos Pereira<\/td>\n<\/tr>\n<tr>\n<td width=\"519\">Marizete Vieira Duarte<\/td>\n<\/tr>\n<tr>\n<td width=\"519\">Mexjane Mendes de Souza<\/td>\n<\/tr>\n<tr>\n<td width=\"519\">Monya Evelin Campos Mota<\/td>\n<\/tr>\n<tr>\n<td width=\"519\">Nixia Carla Silva Ferreira<\/td>\n<\/tr>\n<tr>\n<td width=\"519\">Patr\u00edcia Eline Martins de Souza<\/td>\n<\/tr>\n<tr>\n<td width=\"519\">Paulo Sergio Ferreira da Silva Filho<\/td>\n<\/tr>\n<tr>\n<td width=\"519\">Renata Magalh\u00e3es da Silva<\/td>\n<\/tr>\n<tr>\n<td width=\"519\">Rita de C\u00e1ssia Galv\u00e3o Toscano<\/td>\n<\/tr>\n<tr>\n<td width=\"519\">Roberta Pinheiro Gon\u00e7alves<\/td>\n<\/tr>\n<tr>\n<td width=\"519\">Rosinete Lacerda Alves<\/td>\n<\/tr>\n<tr>\n<td width=\"519\">Sidney da Silva Lima<\/td>\n<\/tr>\n<tr>\n<td width=\"519\">Stanny Hagath Maciel Saraiva<\/td>\n<\/tr>\n<tr>\n<td width=\"519\">Taianne Carneiro Reis<\/td>\n<\/tr>\n<tr>\n<td width=\"519\">Tancredo Augusto Gonzaga Lima<\/td>\n<\/tr>\n<tr>\n<td width=\"519\">Thaissa Lis Brito Seixas<\/td>\n<\/tr>\n<tr>\n<td width=\"519\">Thalyta Melo Serra<\/td>\n<\/tr>\n<\/tbody>\n<\/table>\n            <\/div>        <\/div>    <\/div><\/section>\n<section class=\"av_toggle_section\"  itemscope=\"itemscope\" itemtype=\"https:\/\/schema.org\/CreativeWork\"  >    <div role=\"tablist\" class=\"single_toggle\" data-tags=\"{Todos} \"  >        <p data-fake-id=\"#toggle-id-2\" class=\"toggler \"  itemprop=\"headline\"    role=\"tab\" tabindex=\"0\" aria-controls=\"toggle-id-2\">Itacoatiara<span class=\"toggle_icon\" >        <span class=\"vert_icon\"><\/span><span class=\"hor_icon\"><\/span><\/span><\/p>        <div id=\"toggle-id-2\" class=\"toggle_wrap \"   >            <div class=\"toggle_content invers-color \"  itemprop=\"text\"   ><table width=\"519\">\n<tbody>\n<tr>\n<td width=\"519\">Adriane Farias Valentin<\/td>\n<\/tr>\n<tr>\n<td width=\"519\">Adri\u00e3o Cavalcante Rocha Neto<\/td>\n<\/tr>\n<tr>\n<td width=\"519\">Ariciane Farias Matos<\/td>\n<\/tr>\n<tr>\n<td width=\"519\">Carmem Rute de Souza Cruz<\/td>\n<\/tr>\n<tr>\n<td width=\"519\">Elinilma Maria Martins da Costa<\/td>\n<\/tr>\n<tr>\n<td width=\"519\">Fabiana Rodrigues Costa<\/td>\n<\/tr>\n<tr>\n<td width=\"519\">Fabr\u00edcia Fons\u00eaca da Silva<\/td>\n<\/tr>\n<tr>\n<td width=\"519\">Gemille Fernandes de Oliveira<\/td>\n<\/tr>\n<tr>\n<td width=\"519\">Ivan Antonildo Souza Muller<\/td>\n<\/tr>\n<tr>\n<td width=\"519\">Jonathan Chagas Gonzales Junior<\/td>\n<\/tr>\n<tr>\n<td width=\"519\">Julia Xavier do Nascimento<\/td>\n<\/tr>\n<tr>\n<td width=\"519\">Julianni Rebelo dos Santos S\u00e1<\/td>\n<\/tr>\n<tr>\n<td width=\"519\">Kailerson Antenor Andrade R\u00eago<\/td>\n<\/tr>\n<tr>\n<td width=\"519\">Marcelo Silva Coelho<\/td>\n<\/tr>\n<tr>\n<td width=\"519\">Margareth Silva da Rocha<\/td>\n<\/tr>\n<tr>\n<td width=\"519\">Marilene Pereira Lima<\/td>\n<\/tr>\n<tr>\n<td width=\"519\">Maurimar Martins Menezes<\/td>\n<\/tr>\n<tr>\n<td width=\"519\">Naiara Soares Cavalcante<\/td>\n<\/tr>\n<tr>\n<td width=\"519\">Raimundo Valentin Freire<\/td>\n<\/tr>\n<tr>\n<td width=\"519\">Regiane Corr\u00eaa da Cruz<\/td>\n<\/tr>\n<tr>\n<td width=\"519\">Rejane Mota Rego<\/td>\n<\/tr>\n<tr>\n<td width=\"519\">Rosana Medeiros de Oliveira<\/td>\n<\/tr>\n<tr>\n<td width=\"519\">Rosicleide Maria Mota R\u00eago<\/td>\n<\/tr>\n<tr>\n<td width=\"519\">Rubens Rudini Souza Ribeiro<\/td>\n<\/tr>\n<tr>\n<td width=\"519\">Rugles Falc\u00e3o Wanderley Xavier<\/td>\n<\/tr>\n<tr>\n<td width=\"519\">Sabrina do Socorro Silva de Souza<\/td>\n<\/tr>\n<tr>\n<td width=\"519\">Simone de Freitas Lucas<\/td>\n<\/tr>\n<tr>\n<td width=\"519\">Wallace Gomes Azevedo<\/td>\n<\/tr>\n<\/tbody>\n<\/table>\n            <\/div>        <\/div>    <\/div><\/section>\n<section class=\"av_toggle_section\"  itemscope=\"itemscope\" itemtype=\"https:\/\/schema.org\/CreativeWork\"  >    <div role=\"tablist\" class=\"single_toggle\" data-tags=\"{Todos} \"  >        <p data-fake-id=\"#toggle-id-3\" class=\"toggler \"  itemprop=\"headline\"    role=\"tab\" tabindex=\"0\" aria-controls=\"toggle-id-3\">Mau\u00e9s<span class=\"toggle_icon\" >        <span class=\"vert_icon\"><\/span><span class=\"hor_icon\"><\/span><\/span><\/p>        <div id=\"toggle-id-3\" class=\"toggle_wrap \"   >            <div class=\"toggle_content invers-color \"  itemprop=\"text\"   ><table width=\"529\">\n<tbody>\n<tr>\n<td width=\"529\">Aidane Mara de Matos Tavares<\/td>\n<\/tr>\n<tr>\n<td width=\"529\">Cosmicilda Farias Gama Rocha<\/td>\n<\/tr>\n<tr>\n<td width=\"529\">Cristina dos Santos Corr\u00eaa<\/td>\n<\/tr>\n<tr>\n<td width=\"529\">Daniele Menezes Ilmori<\/td>\n<\/tr>\n<tr>\n<td width=\"529\">Edelto de Oliveira Lopes<\/td>\n<\/tr>\n<tr>\n<td width=\"529\">Elane Gon\u00e7alves de Souza<\/td>\n<\/tr>\n<tr>\n<td width=\"529\">Elioinai de Araujo Miller<\/td>\n<\/tr>\n<tr>\n<td width=\"529\">Emerson Alessandro da Silva Quemel<\/td>\n<\/tr>\n<tr>\n<td width=\"529\">Francisca Lima Ribeiro<\/td>\n<\/tr>\n<tr>\n<td width=\"529\">Francisca Margareth Pereira de Souza<\/td>\n<\/tr>\n<tr>\n<td width=\"529\">Giovana Brand\u00e3o Farias<\/td>\n<\/tr>\n<tr>\n<td width=\"529\">Hellen Carla Ribeiro Barros<\/td>\n<\/tr>\n<tr>\n<td width=\"529\">Hermes Figueiredo Gl\u00f3ria J\u00fanior<\/td>\n<\/tr>\n<tr>\n<td width=\"529\">Humbernise Pimentel Gondim<\/td>\n<\/tr>\n<tr>\n<td width=\"529\">J\u00f3 Castro Vieira<\/td>\n<\/tr>\n<tr>\n<td width=\"529\">Jos\u00e9 Eduardo Bragan\u00e7a Dos Santos<\/td>\n<\/tr>\n<tr>\n<td width=\"529\">Josiel Souza Da Silva<\/td>\n<\/tr>\n<tr>\n<td width=\"529\">Karinne Martins Soares<\/td>\n<\/tr>\n<tr>\n<td width=\"529\">Katia Regina Almeida Duarte<\/td>\n<\/tr>\n<tr>\n<td width=\"529\">Mabia Brito Pereira<\/td>\n<\/tr>\n<tr>\n<td width=\"529\">Marcos Martins do Santos<\/td>\n<\/tr>\n<tr>\n<td width=\"529\">Maria das Dores Nepomuceno Batanhe<\/td>\n<\/tr>\n<tr>\n<td width=\"529\">Maria de Guadalupe Maia Silva<\/td>\n<\/tr>\n<tr>\n<td width=\"529\">Maria Nazar\u00e9 de Oliveira<\/td>\n<\/tr>\n<tr>\n<td width=\"529\">Meire Jane Alegria Cavalcante<\/td>\n<\/tr>\n<tr>\n<td width=\"529\">Nayra Rosane de Almeida Moreira<\/td>\n<\/tr>\n<tr>\n<td width=\"529\">Neuli Thelli Repolho Vieira<\/td>\n<\/tr>\n<tr>\n<td width=\"529\">N\u00eddia Haaby Silva de Olivera<\/td>\n<\/tr>\n<tr>\n<td width=\"529\">Paulo Darque Viana Dinelli J\u00fanior<\/td>\n<\/tr>\n<tr>\n<td width=\"529\">Raimara Arag\u00e3o Alfaia<\/td>\n<\/tr>\n<tr>\n<td width=\"529\">Rosilene Dutra Gonzaga<\/td>\n<\/tr>\n<tr>\n<td width=\"529\">Roziney Matos Michiles<\/td>\n<\/tr>\n<tr>\n<td width=\"529\">Ruth da Silva Antunes<\/td>\n<\/tr>\n<tr>\n<td width=\"529\">Sara da Silva Pinto De Lima<\/td>\n<\/tr>\n<tr>\n<td width=\"529\">T\u00e2mara Vasconcelos de Oliveira<\/td>\n<\/tr>\n<\/tbody>\n<\/table>\n            <\/div>        <\/div>    <\/div><\/section>\n<\/div><\/p><\/div><div class=\"flex_column av_one_third  flex_column_div av-zero-column-padding   avia-builder-el-18  el_after_av_two_third  el_before_av_one_full  \" style='border-radius:0px; '><p><span  class=\"av_font_icon avia_animate_when_visible avia-icon-animate  av-icon-style-border  av-no-color avia-icon-pos-center \" style=\"\"><a href='https:\/\/amazonia.fiocruz.br\/?page_id=41689\/#documentos'   class='av-icon-char' style='font-size:40px;line-height:40px;width:40px;' aria-hidden='true' data-av_icon='\ue84e' data-av_iconfont='entypo-fontello' ><\/a><span class='av_icon_caption av-special-font'>Manual do Aluno \u2013 Lato Sensu<\/span><\/span><br \/>\n<section class=\"av_textblock_section \"  itemscope=\"itemscope\" itemtype=\"https:\/\/schema.org\/CreativeWork\" ><div class='avia_textblock  '   itemprop=\"text\" ><p>\u2800\u2800\u2800\u2800\u2800\u2800\u2800\u2800\u2800<\/p>\n<\/div><\/section><br \/>\n<span  class=\"av_font_icon avia_animate_when_visible avia-icon-animate  av-icon-style-border  av-no-color avia-icon-pos-center \" style=\"\"><a href='https:\/\/amazonia.fiocruz.br\/?page_id=41689\/#documentos'   class='av-icon-char' style='font-size:40px;line-height:40px;width:40px;' aria-hidden='true' data-av_icon='\ue84b' data-av_iconfont='entypo-fontello' ><\/a><span class='av_icon_caption av-special-font'>Regulamento do TCC<\/span><\/span><br \/>\n<section class=\"av_textblock_section \"  itemscope=\"itemscope\" itemtype=\"https:\/\/schema.org\/CreativeWork\" ><div class='avia_textblock  '   itemprop=\"text\" ><p>\u2800\u2800\u2800\u2800\u2800\u2800\u2800\u2800\u2800<\/p>\n<\/div><\/section><br \/>\n<span  class=\"av_font_icon avia_animate_when_visible avia-icon-animate  av-icon-style-border  av-no-color avia-icon-pos-center \" style=\"\"><a href='http:\/\/www.amazonia.fiocruz.br\/wp-content\/uploads\/2021\/03\/GEOPS_ConteudoProgramatico11.03.21.pdf'   class='av-icon-char' style='font-size:40px;line-height:40px;width:40px;' aria-hidden='true' data-av_icon='\ue8a5' data-av_iconfont='entypo-fontello' ><\/a><span class='av_icon_caption av-special-font'>Matriz Pedag\u00f3gica<\/span><\/span><br \/>\n<section class=\"av_textblock_section \"  itemscope=\"itemscope\" itemtype=\"https:\/\/schema.org\/CreativeWork\" ><div class='avia_textblock  '   itemprop=\"text\" ><p>\u2800\u2800\u2800\u2800\u2800\u2800\u2800\u2800\u2800<\/p>\n<\/div><\/section><br \/>\n<span  class=\"av_font_icon avia_animate_when_visible avia-icon-animate  av-icon-style-border  av-no-color avia-icon-pos-center \" style=\"\"><a href='https:\/\/amazonia.fiocruz.br\/?page_id=41689\/#documentos'   class='av-icon-char' style='font-size:40px;line-height:40px;width:40px;' aria-hidden='true' data-av_icon='\ue838' data-av_iconfont='entypo-fontello' ><\/a><span class='av_icon_caption av-special-font'>Formul\u00e1rios<\/span><\/span><\/p><\/div><div class=\"flex_column av_one_full  flex_column_div av-zero-column-padding first  avia-builder-el-26  el_after_av_one_third  avia-builder-el-last  column-top-margin\" style='border-radius:0px; '><\/div><\/div><\/div><\/div><!-- close content main div --><\/div><\/div><div id='after_section_2'  class='main_color av_default_container_wrap container_wrap sidebar_right' style=' '  ><div class='container' ><div class='template-page content  av-content-small alpha units'><div class='post-entry post-entry-type-page post-entry-33675'><div class='entry-content-wrapper clearfix'>\n","protected":false},"excerpt":{"rendered":"","protected":false},"author":49,"featured_media":0,"parent":0,"menu_order":0,"comment_status":"closed","ping_status":"closed","template":"","meta":{"footnotes":""},"class_list":["post-33675","page","type-page","status-publish","hentry"],"_links":{"self":[{"href":"https:\/\/amazonia.fiocruz.br\/index.php?rest_route=\/wp\/v2\/pages\/33675","targetHints":{"allow":["GET"]}}],"collection":[{"href":"https:\/\/amazonia.fiocruz.br\/index.php?rest_route=\/wp\/v2\/pages"}],"about":[{"href":"https:\/\/amazonia.fiocruz.br\/index.php?rest_route=\/wp\/v2\/types\/page"}],"author":[{"embeddable":true,"href":"https:\/\/amazonia.fiocruz.br\/index.php?rest_route=\/wp\/v2\/users\/49"}],"replies":[{"embeddable":true,"href":"https:\/\/amazonia.fiocruz.br\/index.php?rest_route=%2Fwp%2Fv2%2Fcomments&post=33675"}],"version-history":[{"count":22,"href":"https:\/\/amazonia.fiocruz.br\/index.php?rest_route=\/wp\/v2\/pages\/33675\/revisions"}],"predecessor-version":[{"id":52078,"href":"https:\/\/amazonia.fiocruz.br\/index.php?rest_route=\/wp\/v2\/pages\/33675\/revisions\/52078"}],"wp:attachment":[{"href":"https:\/\/amazonia.fiocruz.br\/index.php?rest_route=%2Fwp%2Fv2%2Fmedia&parent=33675"}],"curies":[{"name":"wp","href":"https:\/\/api.w.org\/{rel}","templated":true}]}}