{"id":33617,"date":"2021-03-10T11:24:31","date_gmt":"2021-03-10T15:24:31","guid":{"rendered":"https:\/\/amazonia.fiocruz.br\/?page_id=33617"},"modified":"2021-03-11T10:09:16","modified_gmt":"2021-03-11T14:09:16","slug":"mestrado-profissional-em-saude-publica-projeto-qualificasus","status":"publish","type":"page","link":"https:\/\/amazonia.fiocruz.br\/?page_id=33617","title":{"rendered":"Mestrado Profissional em Sa\u00fade P\u00fablica &#8211; Projeto QualificaSUS"},"content":{"rendered":"<div id='av_section_1'  class='avia-section main_color avia-section-default avia-no-shadow  avia-full-stretch avia-bg-style-fixed  avia-builder-el-0  el_before_av_section  avia-builder-el-first   av-minimum-height av-minimum-height-50  container_wrap sidebar_right' style='background-repeat: no-repeat; background-image: url(https:\/\/amazonia.fiocruz.br\/wp-content\/uploads\/2019\/02\/Fachada2-1500x630.jpg);background-attachment: fixed; background-position: top left;  '  data-section-bg-repeat='stretch' data-av_minimum_height_pc='50'><div class='container' ><main  role=\"main\" itemprop=\"mainContentOfPage\"  class='template-page content  av-content-small alpha units'><div class='post-entry post-entry-type-page post-entry-33617'><div class='entry-content-wrapper clearfix'>\n<div class=\"flex_column av_one_half  flex_column_div av-zero-column-padding first  avia-builder-el-1  avia-builder-el-no-sibling  \" style='border-radius:0px; '><div  style='padding-bottom:10px; color:#ffffff;font-size:30px;' class='av-special-heading av-special-heading-h3 custom-color-heading blockquote modern-quote  avia-builder-el-2  avia-builder-el-no-sibling  av-inherit-size '><h3 class='av-special-heading-tag '  itemprop=\"headline\"  >MESTRADO PROFISSIONAL EM SA\u00daDE P\u00daBLICA<\/h3><div class ='av-subheading av-subheading_below av_custom_color ' style='font-size:18px;'><p>Stricto sensu<\/p>\n<\/div><div class='special-heading-border'><div class='special-heading-inner-border' style='border-color:#ffffff'><\/div><\/div><\/div><\/div>\n\n<\/div><\/div><\/main><!-- close content main element --><\/div><\/div><div id='av_section_2'  class='avia-section main_color avia-section-default avia-no-border-styling  avia-bg-style-scroll  avia-builder-el-3  el_after_av_section  el_before_av_section   container_wrap sidebar_right' style=' '  ><div class='container' ><div class='template-page content  av-content-small alpha units'><div class='post-entry post-entry-type-page post-entry-33617'><div class='entry-content-wrapper clearfix'>\n<div class=\"flex_column av_one_fifth  flex_column_div av-zero-column-padding first  avia-builder-el-4  el_before_av_three_fifth  avia-builder-el-first  \" style='border-radius:0px; '><\/div><div class=\"flex_column av_three_fifth  flex_column_div av-zero-column-padding   avia-builder-el-5  el_after_av_one_fifth  el_before_av_one_fifth  \" style='border-radius:0px; '><p><div  style='height:30px' class='hr hr-invisible   avia-builder-el-6  el_before_av_heading  avia-builder-el-first '><span class='hr-inner ' ><span class='hr-inner-style'><\/span><\/span><\/div><br \/>\n<div  style='padding-bottom:10px; font-size:50px;' class='av-special-heading av-special-heading-h3  blockquote modern-quote modern-centered  avia-builder-el-7  el_after_av_hr  el_before_av_hr  av-inherit-size '><h3 class='av-special-heading-tag '  itemprop=\"headline\"  >Mestrado Profissional em Sa\u00fade P\u00fablica<\/h3><div class='special-heading-border'><div class='special-heading-inner-border' ><\/div><\/div><\/div><br \/>\n<div  style='height:10px' class='hr hr-invisible   avia-builder-el-8  el_after_av_heading  avia-builder-el-last '><span class='hr-inner ' ><span class='hr-inner-style'><\/span><\/span><\/div><\/p><\/div><div class=\"flex_column av_one_fifth  flex_column_div av-zero-column-padding   avia-builder-el-9  el_after_av_three_fifth  el_before_av_one_full  \" style='border-radius:0px; '><\/div><div class=\"flex_column av_one_full  flex_column_div av-zero-column-padding first  avia-builder-el-10  el_after_av_one_fifth  avia-builder-el-last  column-top-margin\" style='border-radius:0px; '><div  class='avia-image-container  av-styling-    avia-builder-el-11  avia-builder-el-no-sibling  avia-align-center '  itemprop=\"image\" itemscope=\"itemscope\" itemtype=\"https:\/\/schema.org\/ImageObject\"  ><div class='avia-image-container-inner'><div class='avia-image-overlay-wrap'><img decoding=\"async\" class='wp-image-0 avia-img-lazy-loading-not-0 avia_image' src=\"http:\/\/fiocruz2.amaloka.com.br\/wp-content\/uploads\/2016\/06\/bannerscurso9.jpg\" alt='' title=''   itemprop=\"thumbnailUrl\"  \/><\/div><\/div><\/div><\/div>\n\n<\/div><\/div><\/div><!-- close content main div --><\/div><\/div><div id='av_section_3'  class='avia-section main_color avia-section-small avia-no-border-styling  avia-bg-style-scroll  avia-builder-el-12  el_after_av_section  el_before_av_one_half   container_wrap sidebar_right' style=' '  ><div class='container' ><div class='template-page content  av-content-small alpha units'><div class='post-entry post-entry-type-page post-entry-33617'><div class='entry-content-wrapper clearfix'>\n<div class=\"flex_column av_four_fifth  flex_column_div av-zero-column-padding first  avia-builder-el-13  avia-builder-el-no-sibling  \" style='border-radius:0px; '><p><div  style='padding-bottom:10px; font-size:25px;' class='av-special-heading av-special-heading-h3  blockquote modern-quote  avia-builder-el-14  el_before_av_heading  avia-builder-el-first  av-inherit-size '><h3 class='av-special-heading-tag '  itemprop=\"headline\"  >Sobre o curso<\/h3><div class ='av-subheading av-subheading_below  ' style='font-size:15px;'><p>Fruto da parceria entre o Instituto Aggeu Magalh\u00e3es (IAM\/Fiocruz Pernambuco), o Instituto Le\u00f4nidas &#038; Maria Deane (ILMD\/Fiocruz Amaz\u00f4nia) e o Conselho de Secret\u00e1rios Municipais de Sa\u00fade do Amazonas (Cosems-AM), o curso de Mestrado Profissional em Sa\u00fade P\u00fablica \u00e9 parte integrante do pacote de a\u00e7\u00f5es educacionais do Projeto QualificaSUS. Tem como principal objetivo preparar profissionais para atuar como formadores e indutores de processos de mudan\u00e7a em seus espa\u00e7os de trabalho, mediante a ado\u00e7\u00e3o de novos conceitos e pr\u00e1ticas, desenvolvendo produtos de alta aplicabilidade ao desenvolvimento do Sistema \u00danico de Sa\u00fade (SUS). O curso iniciou suas atividades acad\u00eamicas em dezembro de 2019 e disp\u00f4s, inicialmente, de 20 vagas.<\/p>\n<\/div><div class='special-heading-border'><div class='special-heading-inner-border' ><\/div><\/div><\/div><br \/>\n<div  style='padding-bottom:10px; font-size:25px;' class='av-special-heading av-special-heading-h3  blockquote modern-quote  avia-builder-el-15  el_after_av_heading  el_before_av_heading  av-inherit-size '><h3 class='av-special-heading-tag '  itemprop=\"headline\"  >P\u00fablico-alvo<\/h3><div class ='av-subheading av-subheading_below  ' style='font-size:15px;'><p>Profissionais de n\u00edvel superior, com diploma de gradua\u00e7\u00e3o, que atuem em Secretarias Municipais de Sa\u00fade do Estado do Amazonas e servidores do Instituto Le\u00f4nidas &#038; Maria Deane (ILMD\/Fiocruz Amaz\u00f4nia), cuja participa\u00e7\u00e3o conte com o apoio institucional, a partir de suas contribui\u00e7\u00f5es para inova\u00e7\u00f5es na institui\u00e7\u00e3o de origem.<\/p>\n<\/div><div class='special-heading-border'><div class='special-heading-inner-border' ><\/div><\/div><\/div><br \/>\n<div  style='padding-bottom:10px; font-size:25px;' class='av-special-heading av-special-heading-h3  blockquote modern-quote  avia-builder-el-16  el_after_av_heading  el_before_av_heading  av-inherit-size '><h3 class='av-special-heading-tag '  itemprop=\"headline\"  >Coordenadores<\/h3><div class ='av-subheading av-subheading_below  ' style='font-size:15px;'><p>Prof\u00aa Dr\u00aa Id\u00ea Gomes Dantas Gurgel (IAM\/Fiocruz Pernambuco)<br \/>\nProf. Dr. Pedro Miguel dos Santos Neto (IAM\/Fiocruz Pernambuco)<\/p>\n<\/div><div class='special-heading-border'><div class='special-heading-inner-border' ><\/div><\/div><\/div><br \/>\n<div  style='padding-bottom:10px; font-size:25px;' class='av-special-heading av-special-heading-h3  blockquote modern-quote  avia-builder-el-17  el_after_av_heading  avia-builder-el-last  av-inherit-size '><h3 class='av-special-heading-tag '  itemprop=\"headline\"  >\u00c1rea de concentra\u00e7\u00e3o e linhas de pesquisa<\/h3><div class ='av-subheading av-subheading_below  ' style='font-size:15px;'><p>\u00c1rea de Concentra\u00e7\u00e3o: Gest\u00e3o em Sa\u00fade P\u00fablica<br \/>\nLinhas de Pesquisa:<br \/>\na) Pol\u00edtica de Sa\u00fade, Gest\u00e3o, Planejamento, Governan\u00e7a e Avalia\u00e7\u00e3o dos Servi\u00e7os de Sa\u00fade P\u00fablica<br \/>\nb) Epidemiologia, Vigil\u00e2ncia e Controle de Doen\u00e7as e Agravos em Sa\u00fade<\/p>\n<\/div><div class='special-heading-border'><div class='special-heading-inner-border' ><\/div><\/div><\/div><\/p><\/div><\/div><\/div><\/div><!-- close content main div --><\/div><\/div><div id='after_section_3'  class='main_color av_default_container_wrap container_wrap sidebar_right' style=' '  ><div class='container' ><div class='template-page content  av-content-small alpha units'><div class='post-entry post-entry-type-page post-entry-33617'><div class='entry-content-wrapper clearfix'><div class=\"flex_column av_one_half  flex_column_div av-zero-column-padding first  avia-builder-el-18  el_after_av_section  el_before_av_one_half  avia-builder-el-first  \" style='border-radius:0px; '><span  class=\"av_font_icon avia_animate_when_visible avia-icon-animate  av-icon-style-border  av-no-color avia-icon-pos-center \" style=\"\"><a href='https:\/\/www.cpqam.fiocruz.br\/ensino\/strictosensuiam\/spmp'   class='av-icon-char' style='font-size:40px;line-height:40px;width:40px;' aria-hidden='true' data-av_icon='\ue835' data-av_iconfont='entypo-fontello' ><\/a><span class='av_icon_caption av-special-font'>Site do Programa<\/span><\/span><\/div><div class=\"flex_column av_one_half  flex_column_div av-zero-column-padding   avia-builder-el-20  el_after_av_one_half  avia-builder-el-last  \" style='border-radius:0px; '><span  class=\"av_font_icon avia_animate_when_visible avia-icon-animate  av-icon-style-border  av-no-color avia-icon-pos-center \" style=\"\"><a href='http:\/\/www.amazonia.fiocruz.br\/wp-content\/uploads\/2021\/03\/MPSP_MatrizPedagogica11.03.21.pdf'   class='av-icon-char' style='font-size:40px;line-height:40px;width:40px;' aria-hidden='true' data-av_icon='\ue8a5' data-av_iconfont='entypo-fontello' ><\/a><span class='av_icon_caption av-special-font'>Matriz Pedag\u00f3gica<\/span><\/span><\/div><\/p>\n","protected":false},"excerpt":{"rendered":"","protected":false},"author":49,"featured_media":0,"parent":0,"menu_order":0,"comment_status":"closed","ping_status":"closed","template":"","meta":{"footnotes":""},"class_list":["post-33617","page","type-page","status-publish","hentry"],"_links":{"self":[{"href":"https:\/\/amazonia.fiocruz.br\/index.php?rest_route=\/wp\/v2\/pages\/33617","targetHints":{"allow":["GET"]}}],"collection":[{"href":"https:\/\/amazonia.fiocruz.br\/index.php?rest_route=\/wp\/v2\/pages"}],"about":[{"href":"https:\/\/amazonia.fiocruz.br\/index.php?rest_route=\/wp\/v2\/types\/page"}],"author":[{"embeddable":true,"href":"https:\/\/amazonia.fiocruz.br\/index.php?rest_route=\/wp\/v2\/users\/49"}],"replies":[{"embeddable":true,"href":"https:\/\/amazonia.fiocruz.br\/index.php?rest_route=%2Fwp%2Fv2%2Fcomments&post=33617"}],"version-history":[{"count":17,"href":"https:\/\/amazonia.fiocruz.br\/index.php?rest_route=\/wp\/v2\/pages\/33617\/revisions"}],"predecessor-version":[{"id":33674,"href":"https:\/\/amazonia.fiocruz.br\/index.php?rest_route=\/wp\/v2\/pages\/33617\/revisions\/33674"}],"wp:attachment":[{"href":"https:\/\/amazonia.fiocruz.br\/index.php?rest_route=%2Fwp%2Fv2%2Fmedia&parent=33617"}],"curies":[{"name":"wp","href":"https:\/\/api.w.org\/{rel}","templated":true}]}}