{"id":30951,"date":"2020-02-12T13:46:36","date_gmt":"2020-02-12T17:46:36","guid":{"rendered":"https:\/\/amazonia.fiocruz.br\/?page_id=30951"},"modified":"2024-04-17T01:18:08","modified_gmt":"2024-04-17T05:18:08","slug":"chamada-publica-2-2-3-2-3-5","status":"publish","type":"page","link":"https:\/\/amazonia.fiocruz.br\/?page_id=30951","title":{"rendered":"Chamada Especializa\u00e7\u00e3o em Gest\u00e3o das Organiza\u00e7\u00f5es P\u00fablicas &#8211; Manaus"},"content":{"rendered":"<div id='av_section_1'  class='avia-section main_color avia-section-default avia-no-shadow  avia-full-stretch avia-bg-style-scroll  avia-builder-el-0  el_before_av_one_full  avia-builder-el-first   av-minimum-height av-minimum-height-50  container_wrap sidebar_right' style='background-repeat: no-repeat; background-image: url(https:\/\/amazonia.fiocruz.br\/wp-content\/uploads\/2024\/04\/scv-wevwd-4.png);background-attachment: scroll; background-position: top left;  '  data-section-bg-repeat='stretch' data-av_minimum_height_pc='50'><div class='container' ><main  role=\"main\" itemprop=\"mainContentOfPage\"  class='template-page content  av-content-small alpha units'><div class='post-entry post-entry-type-page post-entry-30951'><div class='entry-content-wrapper clearfix'>\n<div class=\"flex_column av_one_half  flex_column_div av-zero-column-padding first  avia-builder-el-1  avia-builder-el-no-sibling  \" style='border-radius:0px; '><div  style='padding-bottom:10px; color:#ffffff;font-size:30px;' class='av-special-heading av-special-heading-h3 custom-color-heading blockquote modern-quote  avia-builder-el-2  avia-builder-el-no-sibling  av-inherit-size '><h3 class='av-special-heading-tag '  itemprop=\"headline\"  >CHAMADAS P\u00daBLICAS<\/h3><div class ='av-subheading av-subheading_below av_custom_color ' style='font-size:18px;'><p>ILMD\/Fiocruz Amaz\u00f4nia<\/p>\n<\/div><div class='special-heading-border'><div class='special-heading-inner-border' style='border-color:#ffffff'><\/div><\/div><\/div><\/div>\n<\/div><\/div><\/main><!-- close content main element --><\/div><\/div><div id='after_section_1'  class='main_color av_default_container_wrap container_wrap sidebar_right' style=' '  ><div class='container' ><div class='template-page content  av-content-small alpha units'><div class='post-entry post-entry-type-page post-entry-30951'><div class='entry-content-wrapper clearfix'>\n<div class='flex_column_table av-equal-height-column-flextable -flextable' ><div class=\"flex_column av_one_full  av-animated-generic top-to-bottom  no_margin flex_column_table_cell av-equal-height-column av-align-top first  avia-builder-el-3  el_after_av_section  el_before_av_hr  avia-builder-el-first  \" style='padding:30px; background-color:rgba(255,255,255,0.33); border-radius:0px; '><div  style='padding-bottom:10px; font-size:30px;' class='av-special-heading av-special-heading-h5  blockquote modern-quote modern-centered  avia-builder-el-4  avia-builder-el-no-sibling  av-thin-font av-inherit-size '><h5 class='av-special-heading-tag '  itemprop=\"headline\"  ><strong><b>Curso de Especializa\u00e7\u00e3o em Gest\u00e3o das Organiza\u00e7\u00f5es P\u00fablicas de Sa\u00fade, em Manaus<\/b> <\/strong> <\/h5><div class='special-heading-border'><div class='special-heading-inner-border' ><\/div><\/div><\/div><\/div><\/div><!--close column table wrapper. Autoclose: 1 -->\n<div  style=' margin-top:5px; margin-bottom:30px;'  class='hr hr-custom hr-center hr-icon-yes   avia-builder-el-5  el_after_av_one_full  el_before_av_heading '><span class='hr-inner  inner-border-av-border-thin' style=' width:600px; border-color:#83a846; max-width:45%;' ><span class='hr-inner-style'><\/span><\/span><span class='av-seperator-icon'  aria-hidden='true' data-av_icon='\ue812' data-av_iconfont='entypo-fontello'><\/span><span class='hr-inner  inner-border-av-border-thin' style=' width:600px; border-color:#83a846; max-width:45%;' ><span class='hr-inner-style'><\/span><\/span><\/div>\n<div  style='padding-bottom:10px; font-size:30px;' class='av-special-heading av-special-heading-h5  blockquote modern-quote modern-centered  avia-builder-el-6  el_after_av_hr  el_before_av_one_half  av-thin-font av-inherit-size '><h5 class='av-special-heading-tag '  itemprop=\"headline\"  ><strong><b>MATR\u00cdCULA INSTITUCIONAL<\/b> <\/strong> <\/h5><div class='special-heading-border'><div class='special-heading-inner-border' ><\/div><\/div><\/div>\n<div class='flex_column_table av-equal-height-column-flextable -flextable' ><div class=\"flex_column av_one_half  av-animated-generic top-to-bottom  no_margin flex_column_table_cell av-equal-height-column av-align-top first  avia-builder-el-7  el_after_av_heading  el_before_av_one_half  \" style='padding:30px; background-color:rgba(255,255,255,0.33); border-radius:0px; '><p><span  class=\"av_font_icon avia_animate_when_visible avia-icon-animate  av-icon-style-border  av-no-color avia-icon-pos-center \" style=\"\"><a href='https:\/\/amazonia.fiocruz.br\/wp-content\/uploads\/2020\/10\/edital_matricula_gestao_manaus.pdf'  target=\"_blank\"  rel=\"noopener noreferrer\"  class='av-icon-char' style='font-size:40px;line-height:40px;width:40px;' aria-hidden='true' data-av_icon='\ue84b' data-av_iconfont='entypo-fontello' data-avia-icon-tooltip=\"&lt;br \/&gt;\nVisualizar Edital de Matr\u00edcula&lt;br \/&gt;\n\"><\/a><\/span><br \/>\n<div  style='padding-bottom:10px; font-size:30px;' class='av-special-heading av-special-heading-h5  blockquote modern-quote modern-centered  avia-builder-el-9  el_after_av_font_icon  avia-builder-el-last  av-thin-font av-inherit-size '><h5 class='av-special-heading-tag '  itemprop=\"headline\"  ><strong><b>Edital de Matr\u00edcula<\/b><\/strong> <\/h5><div class ='av-subheading av-subheading_below  ' style='font-size:15px;'><p>Edital de Matr\u00edcula Institucional<\/p>\n<\/div><div class='special-heading-border'><div class='special-heading-inner-border' ><\/div><\/div><\/div><\/p><\/div>\n<div class=\"flex_column av_one_half  av-animated-generic top-to-bottom  no_margin flex_column_table_cell av-equal-height-column av-align-top   avia-builder-el-10  el_after_av_one_half  el_before_av_hr  \" style='padding:30px; background-color:rgba(255,255,255,0.33); border-radius:0px; '><p><span  class=\"av_font_icon avia_animate_when_visible avia-icon-animate  av-icon-style-border  av-no-color avia-icon-pos-center \" style=\"\"><a href='https:\/\/amazonia.fiocruz.br\/wp-content\/uploads\/2020\/10\/anexo_i_ficha_matricula_lato.docx'  target=\"_blank\"  rel=\"noopener noreferrer\"  class='av-icon-char' style='font-size:40px;line-height:40px;width:40px;' aria-hidden='true' data-av_icon='\ue84b' data-av_iconfont='entypo-fontello' data-avia-icon-tooltip=\"&lt;br \/&gt;\nVisualizar Anexo I&lt;br \/&gt;\n\"><\/a><\/span><br \/>\n<div  style='padding-bottom:10px; font-size:30px;' class='av-special-heading av-special-heading-h5  blockquote modern-quote modern-centered  avia-builder-el-12  el_after_av_font_icon  avia-builder-el-last  av-thin-font av-inherit-size '><h5 class='av-special-heading-tag '  itemprop=\"headline\"  ><strong><b>ANEXO I<\/b><\/strong> <\/h5><div class ='av-subheading av-subheading_below  ' style='font-size:15px;'><p>Ficha de Matr\u00edcula<\/p>\n<\/div><div class='special-heading-border'><div class='special-heading-inner-border' ><\/div><\/div><\/div><\/p><\/div><\/div><!--close column table wrapper. Autoclose: 1 -->\n<div  style=' margin-top:5px; margin-bottom:30px;'  class='hr hr-custom hr-center hr-icon-yes   avia-builder-el-13  el_after_av_one_half  el_before_av_heading '><span class='hr-inner  inner-border-av-border-thin' style=' width:600px; border-color:#83a846; max-width:45%;' ><span class='hr-inner-style'><\/span><\/span><span class='av-seperator-icon'  aria-hidden='true' data-av_icon='\ue812' data-av_iconfont='entypo-fontello'><\/span><span class='hr-inner  inner-border-av-border-thin' style=' width:600px; border-color:#83a846; max-width:45%;' ><span class='hr-inner-style'><\/span><\/span><\/div>\n<div  style='padding-bottom:10px; font-size:30px;' class='av-special-heading av-special-heading-h5  blockquote modern-quote modern-centered  avia-builder-el-14  el_after_av_hr  el_before_av_one_third  av-thin-font av-inherit-size '><h5 class='av-special-heading-tag '  itemprop=\"headline\"  ><strong><b>1\u00aa ETAPA<\/b> <\/strong> <\/h5><div class='special-heading-border'><div class='special-heading-inner-border' ><\/div><\/div><\/div>\n<div class='flex_column_table av-equal-height-column-flextable -flextable' ><div class=\"flex_column av_one_third  av-animated-generic top-to-bottom  no_margin flex_column_table_cell av-equal-height-column av-align-top first  avia-builder-el-15  el_after_av_heading  el_before_av_one_third  \" style='padding:30px; background-color:rgba(255,255,255,0.33); border-radius:0px; '><p><span  class=\"av_font_icon avia_animate_when_visible avia-icon-animate  av-icon-style-border  av-no-color avia-icon-pos-center \" style=\"\"><a href='https:\/\/amazonia.fiocruz.br\/wp-content\/uploads\/2020\/03\/01623172209_180320123143.pdf'  target=\"_blank\"  rel=\"noopener noreferrer\"  class='av-icon-char' style='font-size:40px;line-height:40px;width:40px;' aria-hidden='true' data-av_icon='\ue84b' data-av_iconfont='entypo-fontello' data-avia-icon-tooltip=\"&lt;br \/&gt;\nVisualizar resultado final&lt;br \/&gt;\n\"><\/a><\/span><br \/>\n<div  style='padding-bottom:10px; font-size:30px;' class='av-special-heading av-special-heading-h5  blockquote modern-quote modern-centered  avia-builder-el-17  el_after_av_font_icon  avia-builder-el-last  av-thin-font av-inherit-size '><h5 class='av-special-heading-tag '  itemprop=\"headline\"  ><strong><b>Resultado Final da Chamada P\u00fablica<\/b><\/strong> <\/h5><div class ='av-subheading av-subheading_below  ' style='font-size:15px;'><p>CHAMADA P\u00daBLICA N\u00ba 004\/2020<\/p>\n<\/div><div class='special-heading-border'><div class='special-heading-inner-border' ><\/div><\/div><\/div><\/p><\/div>\n<div class=\"flex_column av_one_third  av-animated-generic top-to-bottom  no_margin flex_column_table_cell av-equal-height-column av-align-top   avia-builder-el-18  el_after_av_one_third  el_before_av_one_third  \" style='padding:30px; background-color:rgba(255,255,255,0.33); border-radius:0px; '><p><span  class=\"av_font_icon avia_animate_when_visible avia-icon-animate  av-icon-style-border  av-no-color avia-icon-pos-center \" style=\"\"><a href='https:\/\/amazonia.fiocruz.br\/doc\/ata_do_resultado_da_analise_documental.pdf'  target=\"_blank\"  rel=\"noopener noreferrer\"  class='av-icon-char' style='font-size:40px;line-height:40px;width:40px;' aria-hidden='true' data-av_icon='\ue84b' data-av_iconfont='entypo-fontello' data-avia-icon-tooltip=\"&lt;br \/&gt;\nVisualizar documento&lt;br \/&gt;\n\"><\/a><\/span><br \/>\n<div  style='padding-bottom:10px; font-size:30px;' class='av-special-heading av-special-heading-h5  blockquote modern-quote modern-centered  avia-builder-el-20  el_after_av_font_icon  avia-builder-el-last  av-thin-font av-inherit-size '><h5 class='av-special-heading-tag '  itemprop=\"headline\"  ><strong><b>Resultado da An\u00e1lise Documental<\/b><\/strong> <\/h5><div class ='av-subheading av-subheading_below  ' style='font-size:15px;'><p>ATA DE RESULTADO DE AN\u00c1LISE DOCUMENTAL<\/p>\n<\/div><div class='special-heading-border'><div class='special-heading-inner-border' ><\/div><\/div><\/div><\/p><\/div>\n<div class=\"flex_column av_one_third  av-animated-generic top-to-bottom  no_margin flex_column_table_cell av-equal-height-column av-align-top   avia-builder-el-21  el_after_av_one_third  el_before_av_one_third  \" style='padding:30px; background-color:rgba(255,255,255,0.33); border-radius:0px; '><p><span  class=\"av_font_icon avia_animate_when_visible avia-icon-animate  av-icon-style-border  av-no-color avia-icon-pos-center \" style=\"\"><a href='https:\/\/amazonia.fiocruz.br\/doc\/ata_de_recursos_manaus_2020.pdf'  target=\"_blank\"  rel=\"noopener noreferrer\"  class='av-icon-char' style='font-size:40px;line-height:40px;width:40px;' aria-hidden='true' data-av_icon='\ue84b' data-av_iconfont='entypo-fontello' data-avia-icon-tooltip=\"&lt;br \/&gt;\nVisualizar documento&lt;br \/&gt;\n\"><\/a><\/span><br \/>\n<div  style='padding-bottom:10px; font-size:30px;' class='av-special-heading av-special-heading-h5  blockquote modern-quote modern-centered  avia-builder-el-23  el_after_av_font_icon  avia-builder-el-last  av-thin-font av-inherit-size '><h5 class='av-special-heading-tag '  itemprop=\"headline\"  ><strong><b>Ata de Recursos<\/b><\/strong> <\/h5><div class ='av-subheading av-subheading_below  ' style='font-size:15px;'><p>ATA DA AN\u00c1LISE DOS RECURSOS<\/p>\n<\/div><div class='special-heading-border'><div class='special-heading-inner-border' ><\/div><\/div><\/div><\/p><\/div><\/div><!--close column table wrapper. Autoclose: 1 -->\n<div class='flex_column_table av-equal-height-column-flextable -flextable' ><div class=\"flex_column av_one_third  av-animated-generic top-to-bottom  no_margin flex_column_table_cell av-equal-height-column av-align-top first  avia-builder-el-24  el_after_av_one_third  el_before_av_one_third  column-top-margin\" style='padding:30px; background-color:rgba(255,255,255,0.33); border-radius:0px; '><p><span  class=\"av_font_icon avia_animate_when_visible avia-icon-animate  av-icon-style-border  av-no-color avia-icon-pos-center \" style=\"\"><a href='https:\/\/amazonia.fiocruz.br\/wp-content\/uploads\/2020\/03\/Comunicado_Ata.pdf'  target=\"_blank\"  rel=\"noopener noreferrer\"  class='av-icon-char' style='font-size:40px;line-height:40px;width:40px;' aria-hidden='true' data-av_icon='\ue84b' data-av_iconfont='entypo-fontello' data-avia-icon-tooltip=\"&lt;br \/&gt;\nVisualizar comunicado&lt;br \/&gt;\n\"><\/a><\/span><br \/>\n<div  style='padding-bottom:10px; font-size:30px;' class='av-special-heading av-special-heading-h5  blockquote modern-quote modern-centered  avia-builder-el-26  el_after_av_font_icon  avia-builder-el-last  av-thin-font av-inherit-size '><h5 class='av-special-heading-tag '  itemprop=\"headline\"  ><strong><b>Comunicado<\/b><\/strong> <\/h5><div class ='av-subheading av-subheading_below  ' style='font-size:15px;'><p>CORRE\u00c7\u00c3O DA ATA DAS HOMOLOGA\u00c7\u00d5ES<\/p>\n<\/div><div class='special-heading-border'><div class='special-heading-inner-border' ><\/div><\/div><\/div><\/p><\/div>\n<div class=\"flex_column av_one_third  av-animated-generic top-to-bottom  no_margin flex_column_table_cell av-equal-height-column av-align-top   avia-builder-el-27  el_after_av_one_third  el_before_av_one_third  column-top-margin\" style='padding:30px; background-color:rgba(255,255,255,0.33); border-radius:0px; '><p><span  class=\"av_font_icon avia_animate_when_visible avia-icon-animate  av-icon-style-border  av-no-color avia-icon-pos-center \" style=\"\"><a href='https:\/\/www.amazonia.fiocruz.br\/doc\/ata_resultado_gestao_organizacoes_manaus.pdf'  target=\"_blank\"  rel=\"noopener noreferrer\"  class='av-icon-char' style='font-size:40px;line-height:40px;width:40px;' aria-hidden='true' data-av_icon='\ue84b' data-av_iconfont='entypo-fontello' data-avia-icon-tooltip=\"&lt;br \/&gt;\nVisualizar resultado&lt;br \/&gt;\n\"><\/a><\/span><br \/>\n<div  style='padding-bottom:10px; font-size:30px;' class='av-special-heading av-special-heading-h5  blockquote modern-quote modern-centered  avia-builder-el-29  el_after_av_font_icon  avia-builder-el-last  av-thin-font av-inherit-size '><h5 class='av-special-heading-tag '  itemprop=\"headline\"  ><strong><b>Resultado das Inscri\u00e7\u00f5es<\/b><\/strong> <\/h5><div class ='av-subheading av-subheading_below  ' style='font-size:15px;'><p>RESULTADO DAS INSCRI\u00c7\u00d5ES HOMOLOGADAS<\/p>\n<\/div><div class='special-heading-border'><div class='special-heading-inner-border' ><\/div><\/div><\/div><\/p><\/div>\n<div class=\"flex_column av_one_third  av-animated-generic top-to-bottom  no_margin flex_column_table_cell av-equal-height-column av-align-top   avia-builder-el-30  el_after_av_one_third  el_before_av_hr  column-top-margin\" style='padding:30px; background-color:rgba(255,255,255,0.33); border-radius:0px; '><p><span  class=\"av_font_icon avia_animate_when_visible avia-icon-animate  av-icon-style-border  av-no-color avia-icon-pos-center \" style=\"\"><a href='https:\/\/www.amazonia.fiocruz.br\/doc\/chamada_publica_4_2020_assinada.pdf'  target=\"_blank\"  rel=\"noopener noreferrer\"  class='av-icon-char' style='font-size:40px;line-height:40px;width:40px;' aria-hidden='true' data-av_icon='\ue84b' data-av_iconfont='entypo-fontello' data-avia-icon-tooltip=\"&lt;br \/&gt;\nVisualizar documento&lt;br \/&gt;\n\"><\/a><\/span><br \/>\n<div  style='padding-bottom:10px; font-size:30px;' class='av-special-heading av-special-heading-h5  blockquote modern-quote modern-centered  avia-builder-el-32  el_after_av_font_icon  avia-builder-el-last  av-thin-font av-inherit-size '><h5 class='av-special-heading-tag '  itemprop=\"headline\"  ><strong><b>Chamada P\u00fablica<\/b><\/strong> <\/h5><div class ='av-subheading av-subheading_below  ' style='font-size:15px;'><p>CHAMADA DE SELE\u00c7\u00c3O P\u00daBLICA SIMPLIFICADA N\u00ba 004\/2020<\/p>\n<\/div><div class='special-heading-border'><div class='special-heading-inner-border' ><\/div><\/div><\/div><\/p><\/div><\/div><!--close column table wrapper. Autoclose: 1 -->\n<div  style=' margin-top:5px; margin-bottom:30px;'  class='hr hr-custom hr-center hr-icon-yes   avia-builder-el-33  el_after_av_one_third  el_before_av_heading '><span class='hr-inner  inner-border-av-border-thin' style=' width:600px; border-color:#83a846; max-width:45%;' ><span class='hr-inner-style'><\/span><\/span><span class='av-seperator-icon'  aria-hidden='true' data-av_icon='\ue84d' data-av_iconfont='entypo-fontello'><\/span><span class='hr-inner  inner-border-av-border-thin' style=' width:600px; border-color:#83a846; max-width:45%;' ><span class='hr-inner-style'><\/span><\/span><\/div>\n<div  style='padding-bottom:10px; font-size:30px;' class='av-special-heading av-special-heading-h5  blockquote modern-quote modern-centered  avia-builder-el-34  el_after_av_hr  el_before_av_one_third  av-thin-font av-inherit-size '><h5 class='av-special-heading-tag '  itemprop=\"headline\"  ><strong><b>ANEXOS<\/b> <\/strong> <\/h5><div class='special-heading-border'><div class='special-heading-inner-border' ><\/div><\/div><\/div>\n<div class='flex_column_table av-equal-height-column-flextable -flextable' ><div class=\"flex_column av_one_third  av-animated-generic top-to-bottom  no_margin flex_column_table_cell av-equal-height-column av-align-top first  avia-builder-el-35  el_after_av_heading  el_before_av_one_third  \" style='padding:30px; background-color:rgba(255,255,255,0.33); border-radius:0px; '><p><span  class=\"av_font_icon avia_animate_when_visible avia-icon-animate  av-icon-style-border  av-no-color avia-icon-pos-center \" style=\"\"><a href='https:\/\/www.amazonia.fiocruz.br\/doc\/anexo_I_2020.docx'  target=\"_blank\"  rel=\"noopener noreferrer\"  class='av-icon-char' style='font-size:40px;line-height:40px;width:40px;' aria-hidden='true' data-av_icon='\ue82d' data-av_iconfont='entypo-fontello' data-avia-icon-tooltip=\"&lt;br \/&gt;\nVisualizar anexo&lt;br \/&gt;\n\"><\/a><\/span><br \/>\n<div  style='padding-bottom:10px; font-size:30px;' class='av-special-heading av-special-heading-h5  blockquote modern-quote modern-centered  avia-builder-el-37  el_after_av_font_icon  avia-builder-el-last  av-thin-font av-inherit-size '><h5 class='av-special-heading-tag '  itemprop=\"headline\"  ><strong><b>Anexo I<\/b><\/strong> <\/h5><div class ='av-subheading av-subheading_below  ' style='font-size:15px;'><p>FORMUL\u00c1RIO DE INSCRI\u00c7\u00c3O<\/p>\n<\/div><div class='special-heading-border'><div class='special-heading-inner-border' ><\/div><\/div><\/div><\/p><\/div>\n<div class=\"flex_column av_one_third  av-animated-generic top-to-bottom  no_margin flex_column_table_cell av-equal-height-column av-align-top   avia-builder-el-38  el_after_av_one_third  el_before_av_one_third  \" style='padding:30px; background-color:rgba(255,255,255,0.33); border-radius:0px; '><p><span  class=\"av_font_icon avia_animate_when_visible avia-icon-animate  av-icon-style-border  av-no-color avia-icon-pos-center \" style=\"\"><a href='https:\/\/www.amazonia.fiocruz.br\/doc\/anexo_IV_2020.docx'  target=\"_blank\"  rel=\"noopener noreferrer\"  class='av-icon-char' style='font-size:40px;line-height:40px;width:40px;' aria-hidden='true' data-av_icon='\ue82d' data-av_iconfont='entypo-fontello' data-avia-icon-tooltip=\"&lt;br \/&gt;\nVisualizar anexo&lt;br \/&gt;\n\"><\/a><\/span><br \/>\n<div  style='padding-bottom:10px; font-size:30px;' class='av-special-heading av-special-heading-h5  blockquote modern-quote modern-centered  avia-builder-el-40  el_after_av_font_icon  avia-builder-el-last  av-thin-font av-inherit-size '><h5 class='av-special-heading-tag '  itemprop=\"headline\"  ><strong><b>Anexo IV<\/b><\/strong> <\/h5><div class ='av-subheading av-subheading_below  ' style='font-size:15px;'><p>AUTODECLARA\u00c7\u00c3O \u2013 PARTICIPANTE DE VAGA DE COTA: NEGRO (PRETO OU PARDO) OU IND\u00cdGENA<\/p>\n<\/div><div class='special-heading-border'><div class='special-heading-inner-border' ><\/div><\/div><\/div><\/p><\/div>\n<div class=\"flex_column av_one_third  av-animated-generic top-to-bottom  no_margin flex_column_table_cell av-equal-height-column av-align-top   avia-builder-el-41  el_after_av_one_third  avia-builder-el-last  \" style='padding:30px; background-color:rgba(255,255,255,0.33); border-radius:0px; '><p><span  class=\"av_font_icon avia_animate_when_visible avia-icon-animate  av-icon-style-border  av-no-color avia-icon-pos-center \" style=\"\"><a href='https:\/\/www.amazonia.fiocruz.br\/doc\/anexo_V_2020.docx'  target=\"_blank\"  rel=\"noopener noreferrer\"  class='av-icon-char' style='font-size:40px;line-height:40px;width:40px;' aria-hidden='true' data-av_icon='\ue82d' data-av_iconfont='entypo-fontello' data-avia-icon-tooltip=\"&lt;br \/&gt;\nVisualizar anexo&lt;br \/&gt;\n\"><\/a><\/span><br \/>\n<div  style='padding-bottom:10px; font-size:30px;' class='av-special-heading av-special-heading-h5  blockquote modern-quote modern-centered  avia-builder-el-43  el_after_av_font_icon  avia-builder-el-last  av-thin-font av-inherit-size '><h5 class='av-special-heading-tag '  itemprop=\"headline\"  ><strong><b>Anexo V<\/b><\/strong> <\/h5><div class ='av-subheading av-subheading_below  ' style='font-size:15px;'><p>DECLARA\u00c7\u00c3O \u2013 PESSOA COM DEFICI\u00caNCIA<\/p>\n<\/div><div class='special-heading-border'><div class='special-heading-inner-border' ><\/div><\/div><\/div><\/p><\/div><\/div><!--close column table wrapper. Autoclose: 1 -->\n","protected":false},"excerpt":{"rendered":"","protected":false},"author":29,"featured_media":0,"parent":0,"menu_order":0,"comment_status":"closed","ping_status":"closed","template":"","meta":{"footnotes":""},"class_list":["post-30951","page","type-page","status-publish","hentry"],"_links":{"self":[{"href":"https:\/\/amazonia.fiocruz.br\/index.php?rest_route=\/wp\/v2\/pages\/30951","targetHints":{"allow":["GET"]}}],"collection":[{"href":"https:\/\/amazonia.fiocruz.br\/index.php?rest_route=\/wp\/v2\/pages"}],"about":[{"href":"https:\/\/amazonia.fiocruz.br\/index.php?rest_route=\/wp\/v2\/types\/page"}],"author":[{"embeddable":true,"href":"https:\/\/amazonia.fiocruz.br\/index.php?rest_route=\/wp\/v2\/users\/29"}],"replies":[{"embeddable":true,"href":"https:\/\/amazonia.fiocruz.br\/index.php?rest_route=%2Fwp%2Fv2%2Fcomments&post=30951"}],"version-history":[{"count":19,"href":"https:\/\/amazonia.fiocruz.br\/index.php?rest_route=\/wp\/v2\/pages\/30951\/revisions"}],"predecessor-version":[{"id":43619,"href":"https:\/\/amazonia.fiocruz.br\/index.php?rest_route=\/wp\/v2\/pages\/30951\/revisions\/43619"}],"wp:attachment":[{"href":"https:\/\/amazonia.fiocruz.br\/index.php?rest_route=%2Fwp%2Fv2%2Fmedia&parent=30951"}],"curies":[{"name":"wp","href":"https:\/\/api.w.org\/{rel}","templated":true}]}}