{"id":30769,"date":"2020-01-20T13:43:48","date_gmt":"2020-01-20T17:43:48","guid":{"rendered":"https:\/\/amazonia.fiocruz.br\/?page_id=30769"},"modified":"2020-08-31T10:44:21","modified_gmt":"2020-08-31T14:44:21","slug":"chamada-publica-2-2-3-2-3-2","status":"publish","type":"page","link":"https:\/\/amazonia.fiocruz.br\/?page_id=30769","title":{"rendered":"Chamada Aluno Especial 2020 PPGVIDA"},"content":{"rendered":"<div id='av_section_1'  class='avia-section main_color avia-section-default avia-no-shadow  avia-full-stretch avia-bg-style-scroll  avia-builder-el-0  el_before_av_one_full  avia-builder-el-first   av-minimum-height av-minimum-height-50  container_wrap sidebar_right' style='background-repeat: no-repeat; background-image: url(https:\/\/amazonia.fiocruz.br\/wp-content\/uploads\/2016\/07\/chamadapublica.jpg);background-attachment: scroll; background-position: top left;  '  data-section-bg-repeat='stretch' data-av_minimum_height_pc='50'><div class='container' ><main  role=\"main\" itemprop=\"mainContentOfPage\"  class='template-page content  av-content-small alpha units'><div class='post-entry post-entry-type-page post-entry-30769'><div class='entry-content-wrapper clearfix'>\n<div class=\"flex_column av_one_half  flex_column_div av-zero-column-padding first  avia-builder-el-1  avia-builder-el-no-sibling  \" style='border-radius:0px; '><div  style='padding-bottom:10px; color:#ffffff;font-size:30px;' class='av-special-heading av-special-heading-h3 custom-color-heading blockquote modern-quote  avia-builder-el-2  avia-builder-el-no-sibling  av-inherit-size '><h3 class='av-special-heading-tag '  itemprop=\"headline\"  >CHAMADAS P\u00daBLICAS<\/h3><div class ='av-subheading av-subheading_below av_custom_color ' style='font-size:18px;'><p>ILMD\/Fiocruz Amaz\u00f4nia<\/p>\n<\/div><div class='special-heading-border'><div class='special-heading-inner-border' style='border-color:#ffffff'><\/div><\/div><\/div><\/div>\n<\/div><\/div><\/main><!-- close content main element --><\/div><\/div><div id='after_section_1'  class='main_color av_default_container_wrap container_wrap sidebar_right' style=' '  ><div class='container' ><div class='template-page content  av-content-small alpha units'><div class='post-entry post-entry-type-page post-entry-30769'><div class='entry-content-wrapper clearfix'>\n<div class='flex_column_table av-equal-height-column-flextable -flextable' ><div class=\"flex_column av_one_full  av-animated-generic top-to-bottom  no_margin flex_column_table_cell av-equal-height-column av-align-top first  avia-builder-el-3  el_after_av_section  el_before_av_hr  avia-builder-el-first  \" style='padding:30px; background-color:rgba(255,255,255,0.33); border-radius:0px; '><div  style='padding-bottom:10px; font-size:30px;' class='av-special-heading av-special-heading-h5  blockquote modern-quote modern-centered  avia-builder-el-4  avia-builder-el-no-sibling  av-thin-font av-inherit-size '><h5 class='av-special-heading-tag '  itemprop=\"headline\"  ><strong><b>Chamada P\u00fablica Vigente do PPGVIDA<br \/>\n(ALUNO ESPECIAL)<\/b> <\/strong> <\/h5><div class='special-heading-border'><div class='special-heading-inner-border' ><\/div><\/div><\/div><\/div><\/div><!--close column table wrapper. Autoclose: 1 -->\n<div  style=' margin-top:5px; margin-bottom:30px;'  class='hr hr-custom hr-center hr-icon-yes   avia-builder-el-5  el_after_av_one_full  el_before_av_heading '><span class='hr-inner  inner-border-av-border-thin' style=' width:600px; border-color:#83a846; max-width:45%;' ><span class='hr-inner-style'><\/span><\/span><span class='av-seperator-icon'  aria-hidden='true' data-av_icon='\ue812' data-av_iconfont='entypo-fontello'><\/span><span class='hr-inner  inner-border-av-border-thin' style=' width:600px; border-color:#83a846; max-width:45%;' ><span class='hr-inner-style'><\/span><\/span><\/div>\n<div  style='padding-bottom:10px; font-size:30px;' class='av-special-heading av-special-heading-h5  blockquote modern-quote modern-centered  avia-builder-el-6  el_after_av_hr  el_before_av_one_third  av-thin-font av-inherit-size '><h5 class='av-special-heading-tag '  itemprop=\"headline\"  ><strong><b>1\u00aa ETAPA<\/b> <\/strong> <\/h5><div class='special-heading-border'><div class='special-heading-inner-border' ><\/div><\/div><\/div>\n<div class='flex_column_table av-equal-height-column-flextable -flextable' ><div class=\"flex_column av_one_third  av-animated-generic top-to-bottom  no_margin flex_column_table_cell av-equal-height-column av-align-top first  avia-builder-el-7  el_after_av_heading  el_before_av_one_third  \" style='padding:30px; background-color:rgba(255,255,255,0.33); border-radius:0px; '><p><span  class=\"av_font_icon avia_animate_when_visible avia-icon-animate  av-icon-style-border  av-no-color avia-icon-pos-center \" style=\"\"><a href='https:\/\/www.amazonia.fiocruz.br\/doc\/aluno_especial_ppgvida_2020.pdf'  target=\"_blank\"  rel=\"noopener noreferrer\"  class='av-icon-char' style='font-size:40px;line-height:40px;width:40px;' aria-hidden='true' data-av_icon='\ue835' data-av_iconfont='entypo-fontello' data-avia-icon-tooltip=\"&lt;br \/&gt;\nVisualizar resultado&lt;br \/&gt;\n\"><\/a><\/span><br \/>\n<div  style='padding-bottom:10px; font-size:30px;' class='av-special-heading av-special-heading-h5  blockquote modern-quote modern-centered  avia-builder-el-9  el_after_av_font_icon  avia-builder-el-last  av-thin-font av-inherit-size '><h5 class='av-special-heading-tag '  itemprop=\"headline\"  ><strong><b>Resultado do Processo<\/b><\/strong> <\/h5><div class ='av-subheading av-subheading_below  ' style='font-size:15px;'><p>Clique para ter acesso ao resultado do processo seletivo<\/p>\n<\/div><div class='special-heading-border'><div class='special-heading-inner-border' ><\/div><\/div><\/div><\/p><\/div>\n<div class=\"flex_column av_one_third  av-animated-generic top-to-bottom  no_margin flex_column_table_cell av-equal-height-column av-align-top   avia-builder-el-10  el_after_av_one_third  el_before_av_one_third  \" style='padding:30px; background-color:rgba(255,255,255,0.33); border-radius:0px; '><p><span  class=\"av_font_icon avia_animate_when_visible avia-icon-animate  av-icon-style-border  av-no-color avia-icon-pos-center \" style=\"\"><a href='https:\/\/www.amazonia.fiocruz.br\/sistemas\/alunoespecialppgvida'  target=\"_blank\"  rel=\"noopener noreferrer\"  class='av-icon-char' style='font-size:40px;line-height:40px;width:40px;' aria-hidden='true' data-av_icon='\ue835' data-av_iconfont='entypo-fontello' data-avia-icon-tooltip=\"&lt;br \/&gt;\nVisualizar documento&lt;br \/&gt;\n\"><\/a><\/span><br \/>\n<div  style='padding-bottom:10px; font-size:30px;' class='av-special-heading av-special-heading-h5  blockquote modern-quote modern-centered  avia-builder-el-12  el_after_av_font_icon  avia-builder-el-last  av-thin-font av-inherit-size '><h5 class='av-special-heading-tag '  itemprop=\"headline\"  ><strong><b>Inscri\u00e7\u00e3o<\/b><\/strong> <\/h5><div class ='av-subheading av-subheading_below  ' style='font-size:15px;'><p>Clique para ter acesso ao sistema de inscri\u00e7\u00f5es<\/p>\n<\/div><div class='special-heading-border'><div class='special-heading-inner-border' ><\/div><\/div><\/div><\/p><\/div>\n<div class=\"flex_column av_one_third  av-animated-generic top-to-bottom  no_margin flex_column_table_cell av-equal-height-column av-align-top   avia-builder-el-13  el_after_av_one_third  el_before_av_hr  \" style='padding:30px; background-color:rgba(255,255,255,0.33); border-radius:0px; '><p><span  class=\"av_font_icon avia_animate_when_visible avia-icon-animate  av-icon-style-border  av-no-color avia-icon-pos-center \" style=\"\"><a href='https:\/\/amazonia.fiocruz.br\/doc\/ppgvida_alunoespecial_2020.pdf'  target=\"_blank\"  rel=\"noopener noreferrer\"  class='av-icon-char' style='font-size:40px;line-height:40px;width:40px;' aria-hidden='true' data-av_icon='\ue84d' data-av_iconfont='entypo-fontello' data-avia-icon-tooltip=\"&lt;br \/&gt;\nVisualizar documento&lt;br \/&gt;\n\"><\/a><\/span><br \/>\n<div  style='padding-bottom:10px; font-size:30px;' class='av-special-heading av-special-heading-h5  blockquote modern-quote modern-centered  avia-builder-el-15  el_after_av_font_icon  avia-builder-el-last  av-thin-font av-inherit-size '><h5 class='av-special-heading-tag '  itemprop=\"headline\"  ><strong><b>Oferta de Vagas<\/b><\/strong> <\/h5><div class ='av-subheading av-subheading_below  ' style='font-size:15px;'><p>Oferta de vagas para aluno especial em disciplinas per\u00edodo 2020\/2 &#8211; PPGVIDA<\/p>\n<\/div><div class='special-heading-border'><div class='special-heading-inner-border' ><\/div><\/div><\/div><\/p><\/div><\/div><!--close column table wrapper. Autoclose: 1 --><div  style=' margin-top:5px; margin-bottom:30px;'  class='hr hr-custom hr-center hr-icon-yes   avia-builder-el-16  el_after_av_one_third  el_before_av_heading '><span class='hr-inner  inner-border-av-border-thin' style=' width:600px; border-color:#83a846; max-width:45%;' ><span class='hr-inner-style'><\/span><\/span><span class='av-seperator-icon'  aria-hidden='true' data-av_icon='\ue84d' data-av_iconfont='entypo-fontello'><\/span><span class='hr-inner  inner-border-av-border-thin' style=' width:600px; border-color:#83a846; max-width:45%;' ><span class='hr-inner-style'><\/span><\/span><\/div><\/p>\n<div  style='padding-bottom:10px; font-size:30px;' class='av-special-heading av-special-heading-h5  blockquote modern-quote modern-centered  avia-builder-el-17  el_after_av_hr  el_before_av_one_full  av-thin-font av-inherit-size '><h5 class='av-special-heading-tag '  itemprop=\"headline\"  ><strong><b>ANEXOS<\/b> <\/strong> <\/h5><div class='special-heading-border'><div class='special-heading-inner-border' ><\/div><\/div><\/div>\n<div class='flex_column_table av-equal-height-column-flextable -flextable' ><div class=\"flex_column av_one_full  av-animated-generic top-to-bottom  no_margin flex_column_table_cell av-equal-height-column av-align-top first  avia-builder-el-18  el_after_av_heading  avia-builder-el-last  \" style='padding:30px; background-color:rgba(255,255,255,0.33); border-radius:0px; '><p><span  class=\"av_font_icon avia_animate_when_visible avia-icon-animate  av-icon-style-border  av-no-color avia-icon-pos-center \" style=\"\"><a href='https:\/\/www.amazonia.fiocruz.br\/doc\/form_inscricao_aluno_especial_2020_ppgvida.docx'  target=\"_blank\"  rel=\"noopener noreferrer\"  class='av-icon-char' style='font-size:40px;line-height:40px;width:40px;' aria-hidden='true' data-av_icon='\ue82d' data-av_iconfont='entypo-fontello' data-avia-icon-tooltip=\"&lt;br \/&gt;\nVisualizar anexo&lt;br \/&gt;\n\"><\/a><\/span><br \/>\n<div  style='padding-bottom:10px; font-size:30px;' class='av-special-heading av-special-heading-h5  blockquote modern-quote modern-centered  avia-builder-el-20  el_after_av_font_icon  avia-builder-el-last  av-thin-font av-inherit-size '><h5 class='av-special-heading-tag '  itemprop=\"headline\"  ><strong><b>Anexo I<\/b><\/strong> <\/h5><div class ='av-subheading av-subheading_below  ' style='font-size:15px;'><p>FORMUL\u00c1RIO DE INSCRI\u00c7\u00c3O<\/p>\n<\/div><div class='special-heading-border'><div class='special-heading-inner-border' ><\/div><\/div><\/div><\/p><\/div><\/div><!--close column table wrapper. Autoclose: 1 -->\n","protected":false},"excerpt":{"rendered":"","protected":false},"author":29,"featured_media":0,"parent":0,"menu_order":0,"comment_status":"closed","ping_status":"closed","template":"","meta":{"footnotes":""},"class_list":["post-30769","page","type-page","status-publish","hentry"],"_links":{"self":[{"href":"https:\/\/amazonia.fiocruz.br\/index.php?rest_route=\/wp\/v2\/pages\/30769","targetHints":{"allow":["GET"]}}],"collection":[{"href":"https:\/\/amazonia.fiocruz.br\/index.php?rest_route=\/wp\/v2\/pages"}],"about":[{"href":"https:\/\/amazonia.fiocruz.br\/index.php?rest_route=\/wp\/v2\/types\/page"}],"author":[{"embeddable":true,"href":"https:\/\/amazonia.fiocruz.br\/index.php?rest_route=\/wp\/v2\/users\/29"}],"replies":[{"embeddable":true,"href":"https:\/\/amazonia.fiocruz.br\/index.php?rest_route=%2Fwp%2Fv2%2Fcomments&post=30769"}],"version-history":[{"count":8,"href":"https:\/\/amazonia.fiocruz.br\/index.php?rest_route=\/wp\/v2\/pages\/30769\/revisions"}],"predecessor-version":[{"id":32310,"href":"https:\/\/amazonia.fiocruz.br\/index.php?rest_route=\/wp\/v2\/pages\/30769\/revisions\/32310"}],"wp:attachment":[{"href":"https:\/\/amazonia.fiocruz.br\/index.php?rest_route=%2Fwp%2Fv2%2Fmedia&parent=30769"}],"curies":[{"name":"wp","href":"https:\/\/api.w.org\/{rel}","templated":true}]}}