{"id":28313,"date":"2019-06-06T09:31:36","date_gmt":"2019-06-06T13:31:36","guid":{"rendered":"https:\/\/amazonia.fiocruz.br\/?page_id=28313"},"modified":"2023-05-17T16:44:27","modified_gmt":"2023-05-17T20:44:27","slug":"chamada-publica-2-2-2-2-2-3","status":"publish","type":"page","link":"https:\/\/amazonia.fiocruz.br\/?page_id=28313","title":{"rendered":"Chamada P\u00fablica &#8211; Aluno Especial 2019.2"},"content":{"rendered":"<div id='av_section_1'  class='avia-section main_color avia-section-default avia-no-shadow  avia-full-stretch avia-bg-style-scroll  avia-builder-el-0  el_before_av_one_full  avia-builder-el-first   av-minimum-height av-minimum-height-50  container_wrap sidebar_right' style='background-repeat: no-repeat; background-image: url(https:\/\/amazonia.fiocruz.br\/wp-content\/uploads\/2016\/07\/chamadapublica.jpg);background-attachment: scroll; background-position: top left;  '  data-section-bg-repeat='stretch' data-av_minimum_height_pc='50'><div class='container' ><main  role=\"main\" itemprop=\"mainContentOfPage\"  class='template-page content  av-content-small alpha units'><div class='post-entry post-entry-type-page post-entry-28313'><div class='entry-content-wrapper clearfix'>\n<div class=\"flex_column av_one_half  flex_column_div av-zero-column-padding first  avia-builder-el-1  avia-builder-el-no-sibling  \" style='border-radius:0px; '><div  style='padding-bottom:10px; color:#ffffff;font-size:30px;' class='av-special-heading av-special-heading-h3 custom-color-heading blockquote modern-quote  avia-builder-el-2  avia-builder-el-no-sibling  av-inherit-size '><h3 class='av-special-heading-tag '  itemprop=\"headline\"  >CHAMADAS P\u00daBLICAS<\/h3><div class ='av-subheading av-subheading_below av_custom_color ' style='font-size:18px;'><p>ILMD\/Fiocruz Amaz\u00f4nia<\/p>\n<\/div><div class='special-heading-border'><div class='special-heading-inner-border' style='border-color:#ffffff'><\/div><\/div><\/div><\/div>\n<\/div><\/div><\/main><!-- close content main element --><\/div><\/div><div id='after_section_1'  class='main_color av_default_container_wrap container_wrap sidebar_right' style=' '  ><div class='container' ><div class='template-page content  av-content-small alpha units'><div class='post-entry post-entry-type-page post-entry-28313'><div class='entry-content-wrapper clearfix'>\n<div class='flex_column_table av-equal-height-column-flextable -flextable' ><div class=\"flex_column av_one_full  av-animated-generic top-to-bottom  no_margin flex_column_table_cell av-equal-height-column av-align-top first  avia-builder-el-3  el_after_av_section  el_before_av_heading  avia-builder-el-first  \" style='padding:30px; background-color:rgba(255,255,255,0.33); border-radius:0px; '><div  style='padding-bottom:10px; font-size:30px;' class='av-special-heading av-special-heading-h5  blockquote modern-quote modern-centered  avia-builder-el-4  avia-builder-el-no-sibling  av-thin-font av-inherit-size '><h5 class='av-special-heading-tag '  itemprop=\"headline\"  ><strong><b>CHAMADAS P\u00daBLICAS VIGENTES<\/b><\/strong> <\/h5><div class ='av-subheading av-subheading_below  ' style='font-size:15px;'><p><strong><b>Aluno Especial PPGVIDA e PPGBIO<\/b><\/strong><\/p>\n<\/div><div class='special-heading-border'><div class='special-heading-inner-border' ><\/div><\/div><\/div><\/div><\/div><!--close column table wrapper. Autoclose: 1 -->\n<div  style='padding-bottom:10px; color:#999999;font-size:30px;' class='av-special-heading av-special-heading-h5 custom-color-heading blockquote modern-quote modern-centered  avia-builder-el-5  el_after_av_one_full  el_before_av_one_half  av-thin-font av-inherit-size '><h5 class='av-special-heading-tag '  itemprop=\"headline\"  ><strong><b>2\u00aa ETAPA<\/b><\/strong> <\/h5><div class='special-heading-border'><div class='special-heading-inner-border' style='border-color:#999999'><\/div><\/div><\/div>\n<div class='flex_column_table av-equal-height-column-flextable -flextable' ><div class=\"flex_column av_one_half  av-animated-generic top-to-bottom  no_margin flex_column_table_cell av-equal-height-column av-align-top first  avia-builder-el-6  el_after_av_heading  el_before_av_one_half  \" style='padding:30px; background-color:rgba(255,255,255,0.33); border-radius:0px; '><p><span  class=\"av_font_icon avia_animate_when_visible avia-icon-animate  av-icon-style-border  av-no-color avia-icon-pos-center \" style=\"\"><a href='https:\/\/amazonia.fiocruz.br\/doc\/resultado_aluno_especial_ppgvida2019.pdf'  target=\"_blank\"  rel=\"noopener noreferrer\"  class='av-icon-char' style='font-size:40px;line-height:40px;width:40px;' aria-hidden='true' data-av_icon='\ue84d' data-av_iconfont='entypo-fontello' ><\/a><\/span><br \/>\n<div  style='padding-bottom:10px; font-size:30px;' class='av-special-heading av-special-heading-h5  blockquote modern-quote modern-centered  avia-builder-el-8  el_after_av_font_icon  avia-builder-el-last  av-thin-font av-inherit-size '><h5 class='av-special-heading-tag '  itemprop=\"headline\"  ><strong><b>Resultado PPGVIDA<\/b><\/strong> <\/h5><div class ='av-subheading av-subheading_below  ' style='font-size:15px;'><p>Resultado do Aluno Especial do PPGVIDA<\/p>\n<\/div><div class='special-heading-border'><div class='special-heading-inner-border' ><\/div><\/div><\/div><\/p><\/div>\n<div class=\"flex_column av_one_half  av-animated-generic top-to-bottom  no_margin flex_column_table_cell av-equal-height-column av-align-top   avia-builder-el-9  el_after_av_one_half  el_before_av_hr  \" style='padding:30px; background-color:rgba(255,255,255,0.33); border-radius:0px; '><p><span  class=\"av_font_icon avia_animate_when_visible avia-icon-animate  av-icon-style-border  av-no-color avia-icon-pos-center \" style=\"\"><a href='https:\/\/amazonia.fiocruz.br\/doc\/resultado_alunoespecial_ppgbio2019.pdf'  target=\"_blank\"  rel=\"noopener noreferrer\"  class='av-icon-char' style='font-size:40px;line-height:40px;width:40px;' aria-hidden='true' data-av_icon='\ue84d' data-av_iconfont='entypo-fontello' ><\/a><\/span><br \/>\n<div  style='padding-bottom:10px; font-size:30px;' class='av-special-heading av-special-heading-h5  blockquote modern-quote modern-centered  avia-builder-el-11  el_after_av_font_icon  avia-builder-el-last  av-thin-font av-inherit-size '><h5 class='av-special-heading-tag '  itemprop=\"headline\"  ><strong><b>Resultado PPGBIO<\/b><\/strong> <\/h5><div class ='av-subheading av-subheading_below  ' style='font-size:15px;'><p>Resultado do Aluno Especial do PPGBIO<\/p>\n<\/div><div class='special-heading-border'><div class='special-heading-inner-border' ><\/div><\/div><\/div><\/p><\/div><\/div><!--close column table wrapper. Autoclose: 1 --><div  style=' margin-top:30px; margin-bottom:30px;'  class='hr hr-custom hr-center hr-icon-yes   avia-builder-el-12  el_after_av_one_half  el_before_av_heading '><span class='hr-inner  inner-border-av-border-fat' style=' width:550px; border-color:#83a846; max-width:45%;' ><span class='hr-inner-style'><\/span><\/span><span class='av-seperator-icon'  aria-hidden='true' data-av_icon='\ue836' data-av_iconfont='entypo-fontello'><\/span><span class='hr-inner  inner-border-av-border-fat' style=' width:550px; border-color:#83a846; max-width:45%;' ><span class='hr-inner-style'><\/span><\/span><\/div><\/p>\n<div  style='padding-bottom:10px; color:#999999;font-size:30px;' class='av-special-heading av-special-heading-h5 custom-color-heading blockquote modern-quote modern-centered  avia-builder-el-13  el_after_av_hr  el_before_av_one_third  av-thin-font av-inherit-size '><h5 class='av-special-heading-tag '  itemprop=\"headline\"  ><strong><b>1\u00aa ETAPA<\/b><\/strong> <\/h5><div class='special-heading-border'><div class='special-heading-inner-border' style='border-color:#999999'><\/div><\/div><\/div>\n<div class='flex_column_table av-equal-height-column-flextable -flextable' ><div class=\"flex_column av_one_third  av-animated-generic top-to-bottom  no_margin flex_column_table_cell av-equal-height-column av-align-top first  avia-builder-el-14  el_after_av_heading  el_before_av_one_third  \" style='padding:30px; background-color:rgba(255,255,255,0.33); border-radius:0px; '><p><span  class=\"av_font_icon avia_animate_when_visible avia-icon-animate  av-icon-style-border  av-no-color avia-icon-pos-center \" style=\"\"><a href='https:\/\/amazonia.fiocruz.br\/wp-content\/uploads\/2019\/06\/2republicacao_alunoespecial_ppgbio.pdf'  target=\"_blank\"  rel=\"noopener noreferrer\"  class='av-icon-char' style='font-size:40px;line-height:40px;width:40px;' aria-hidden='true' data-av_icon='\ue823' data-av_iconfont='entypo-fontello' ><\/a><\/span><br \/>\n<div  style='padding-bottom:10px; font-size:30px;' class='av-special-heading av-special-heading-h5  blockquote modern-quote modern-centered  avia-builder-el-16  el_after_av_font_icon  avia-builder-el-last  av-thin-font av-inherit-size '><h5 class='av-special-heading-tag '  itemprop=\"headline\"  ><strong><b>2\u00aa Republica\u00e7\u00e3o &#8211; Oferta de Vagas<\/b><\/strong> <\/h5><div class ='av-subheading av-subheading_below  ' style='font-size:15px;'><p>2\u00aa Republica\u00e7\u00e3o de Oferta para Aluno Especial 2019.2 do Programa PPGBIO<\/p>\n<\/div><div class='special-heading-border'><div class='special-heading-inner-border' ><\/div><\/div><\/div><\/p><\/div>\n<div class=\"flex_column av_one_third  av-animated-generic top-to-bottom  no_margin flex_column_table_cell av-equal-height-column av-align-top   avia-builder-el-17  el_after_av_one_third  el_before_av_one_third  \" style='padding:30px; background-color:rgba(255,255,255,0.33); border-radius:0px; '><p><span  class=\"av_font_icon avia_animate_when_visible avia-icon-animate  av-icon-style-border  av-no-color avia-icon-pos-center \" style=\"\"><a href='https:\/\/amazonia.fiocruz.br\/wp-content\/uploads\/2019\/06\/2republicacao_alunoespecial_ppgvida.pdf'  target=\"_blank\"  rel=\"noopener noreferrer\"  class='av-icon-char' style='font-size:40px;line-height:40px;width:40px;' aria-hidden='true' data-av_icon='\ue823' data-av_iconfont='entypo-fontello' ><\/a><\/span><br \/>\n<div  style='padding-bottom:10px; font-size:30px;' class='av-special-heading av-special-heading-h5  blockquote modern-quote modern-centered  avia-builder-el-19  el_after_av_font_icon  avia-builder-el-last  av-thin-font av-inherit-size '><h5 class='av-special-heading-tag '  itemprop=\"headline\"  ><strong><b>Republica\u00e7\u00e3o &#8211; Oferta de Vagas<\/b><\/strong> <\/h5><div class ='av-subheading av-subheading_below  ' style='font-size:15px;'><p>2\u00aa Republica\u00e7\u00e3o de Oferta para Aluno Especial 2019.2 do Programa PPGVIDA.<\/p>\n<\/div><div class='special-heading-border'><div class='special-heading-inner-border' ><\/div><\/div><\/div><\/p><\/div>\n<div class=\"flex_column av_one_third  av-animated-generic top-to-bottom  no_margin flex_column_table_cell av-equal-height-column av-align-top   avia-builder-el-20  el_after_av_one_third  el_before_av_one_third  \" style='padding:30px; background-color:rgba(255,255,255,0.33); border-radius:0px; '><p><span  class=\"av_font_icon avia_animate_when_visible avia-icon-animate  av-icon-style-border  av-no-color avia-icon-pos-center \" style=\"\"><a href='https:\/\/amazonia.fiocruz.br\/wp-content\/uploads\/2019\/06\/ppgvida_fichadeinscricaosiga_alunoespecial.docx'  target=\"_blank\"  rel=\"noopener noreferrer\"  class='av-icon-char' style='font-size:40px;line-height:40px;width:40px;' aria-hidden='true' data-av_icon='\ue823' data-av_iconfont='entypo-fontello' ><\/a><\/span><br \/>\n<div  style='padding-bottom:10px; font-size:30px;' class='av-special-heading av-special-heading-h5  blockquote modern-quote modern-centered  avia-builder-el-22  el_after_av_font_icon  avia-builder-el-last  av-thin-font av-inherit-size '><h5 class='av-special-heading-tag '  itemprop=\"headline\"  ><strong><b>Formul\u00e1rio de Inscri\u00e7\u00e3o do SIGA<\/b><\/strong> <\/h5><div class ='av-subheading av-subheading_below  ' style='font-size:15px;'><p>Formul\u00e1rio de Inscri\u00e7\u00e3o do SIGA (obrigat\u00f3rio) para o PPGVIDA,<\/p>\n<\/div><div class='special-heading-border'><div class='special-heading-inner-border' ><\/div><\/div><\/div><\/p><\/div><\/div><!--close column table wrapper. Autoclose: 1 -->\n<div class='flex_column_table av-equal-height-column-flextable -flextable' ><div class=\"flex_column av_one_third  av-animated-generic top-to-bottom  no_margin flex_column_table_cell av-equal-height-column av-align-top first  avia-builder-el-23  el_after_av_one_third  el_before_av_one_third  column-top-margin\" style='padding:30px; background-color:rgba(255,255,255,0.33); border-radius:0px; '><p><span  class=\"av_font_icon avia_animate_when_visible avia-icon-animate  av-icon-style-border  av-no-color avia-icon-pos-center \" style=\"\"><a href='https:\/\/www.amazonia.fiocruz.br\/doc\/alunoespecialppgbio_2019.pdf'  target=\"_blank\"  rel=\"noopener noreferrer\"  class='av-icon-char' style='font-size:40px;line-height:40px;width:40px;' aria-hidden='true' data-av_icon='\ue823' data-av_iconfont='entypo-fontello' ><\/a><\/span><br \/>\n<div  style='padding-bottom:10px; font-size:30px;' class='av-special-heading av-special-heading-h5  blockquote modern-quote modern-centered  avia-builder-el-25  el_after_av_font_icon  avia-builder-el-last  av-thin-font av-inherit-size '><h5 class='av-special-heading-tag '  itemprop=\"headline\"  ><strong><b>Oferta de Vagas<\/b><\/strong> <\/h5><div class ='av-subheading av-subheading_below  ' style='font-size:15px;'><p>PPGBIO<\/p>\n<\/div><div class='special-heading-border'><div class='special-heading-inner-border' ><\/div><\/div><\/div><\/p><\/div>\n<div class=\"flex_column av_one_third  av-animated-generic top-to-bottom  no_margin flex_column_table_cell av-equal-height-column av-align-top   avia-builder-el-26  el_after_av_one_third  el_before_av_one_third  column-top-margin\" style='padding:30px; background-color:rgba(255,255,255,0.33); border-radius:0px; '><p><span  class=\"av_font_icon avia_animate_when_visible avia-icon-animate  av-icon-style-border  av-no-color avia-icon-pos-center \" style=\"\"><a href='https:\/\/www.amazonia.fiocruz.br\/doc\/alunoespecialppgvida_2019.pdf'  target=\"_blank\"  rel=\"noopener noreferrer\"  class='av-icon-char' style='font-size:40px;line-height:40px;width:40px;' aria-hidden='true' data-av_icon='\ue823' data-av_iconfont='entypo-fontello' ><\/a><\/span><br \/>\n<div  style='padding-bottom:10px; font-size:30px;' class='av-special-heading av-special-heading-h5  blockquote modern-quote modern-centered  avia-builder-el-28  el_after_av_font_icon  avia-builder-el-last  av-thin-font av-inherit-size '><h5 class='av-special-heading-tag '  itemprop=\"headline\"  ><strong><b>Oferta de Vagas<\/b><\/strong> <\/h5><div class ='av-subheading av-subheading_below  ' style='font-size:15px;'><p>PPGVIDA<\/p>\n<\/div><div class='special-heading-border'><div class='special-heading-inner-border' ><\/div><\/div><\/div><\/p><\/div>\n<div class=\"flex_column av_one_third  av-animated-generic top-to-bottom  no_margin flex_column_table_cell av-equal-height-column av-align-top   avia-builder-el-29  el_after_av_one_third  avia-builder-el-last  column-top-margin\" style='padding:30px; background-color:rgba(255,255,255,0.33); border-radius:0px; '><p><span  class=\"av_font_icon avia_animate_when_visible avia-icon-animate  av-icon-style-border  av-no-color avia-icon-pos-center \" style=\"\"><a href='https:\/\/amazonia.fiocruz.br\/wp-content\/uploads\/2019\/06\/republicacao_ppgbio.pdf'  target=\"_blank\"  rel=\"noopener noreferrer\"  class='av-icon-char' style='font-size:40px;line-height:40px;width:40px;' aria-hidden='true' data-av_icon='\ue823' data-av_iconfont='entypo-fontello' ><\/a><\/span><br \/>\n<div  style='padding-bottom:10px; font-size:30px;' class='av-special-heading av-special-heading-h5  blockquote modern-quote modern-centered  avia-builder-el-31  el_after_av_font_icon  avia-builder-el-last  av-thin-font av-inherit-size '><h5 class='av-special-heading-tag '  itemprop=\"headline\"  ><strong><b>Republica\u00e7\u00e3o &#8211; Oferta de Vagas<\/b><\/strong> <\/h5><div class ='av-subheading av-subheading_below  ' style='font-size:15px;'><p>Republica\u00e7\u00e3o de Oferta para Aluno Especial 2019.2 do Programa PPGBIO.<\/p>\n<\/div><div class='special-heading-border'><div class='special-heading-inner-border' ><\/div><\/div><\/div><\/p><\/div><\/div><!--close column table wrapper. Autoclose: 1 -->\n","protected":false},"excerpt":{"rendered":"","protected":false},"author":29,"featured_media":0,"parent":0,"menu_order":0,"comment_status":"closed","ping_status":"closed","template":"","meta":{"footnotes":""},"class_list":["post-28313","page","type-page","status-publish","hentry"],"_links":{"self":[{"href":"https:\/\/amazonia.fiocruz.br\/index.php?rest_route=\/wp\/v2\/pages\/28313","targetHints":{"allow":["GET"]}}],"collection":[{"href":"https:\/\/amazonia.fiocruz.br\/index.php?rest_route=\/wp\/v2\/pages"}],"about":[{"href":"https:\/\/amazonia.fiocruz.br\/index.php?rest_route=\/wp\/v2\/types\/page"}],"author":[{"embeddable":true,"href":"https:\/\/amazonia.fiocruz.br\/index.php?rest_route=\/wp\/v2\/users\/29"}],"replies":[{"embeddable":true,"href":"https:\/\/amazonia.fiocruz.br\/index.php?rest_route=%2Fwp%2Fv2%2Fcomments&post=28313"}],"version-history":[{"count":11,"href":"https:\/\/amazonia.fiocruz.br\/index.php?rest_route=\/wp\/v2\/pages\/28313\/revisions"}],"predecessor-version":[{"id":38830,"href":"https:\/\/amazonia.fiocruz.br\/index.php?rest_route=\/wp\/v2\/pages\/28313\/revisions\/38830"}],"wp:attachment":[{"href":"https:\/\/amazonia.fiocruz.br\/index.php?rest_route=%2Fwp%2Fv2%2Fmedia&parent=28313"}],"curies":[{"name":"wp","href":"https:\/\/api.w.org\/{rel}","templated":true}]}}