{"id":26316,"date":"2018-11-05T09:06:15","date_gmt":"2018-11-05T13:06:15","guid":{"rendered":"https:\/\/amazonia.fiocruz.br\/?page_id=26316"},"modified":"2018-11-05T09:20:26","modified_gmt":"2018-11-05T13:20:26","slug":"nit-2","status":"publish","type":"page","link":"https:\/\/amazonia.fiocruz.br\/?page_id=26316","title":{"rendered":"NAP"},"content":{"rendered":"<div id='av_section_1'  class='avia-section main_color avia-section-default avia-no-border-styling  avia-full-stretch avia-bg-style-scroll  avia-builder-el-0  el_before_av_one_half  avia-builder-el-first   av-minimum-height av-minimum-height-50  container_wrap sidebar_right' style='background-repeat: no-repeat; background-image: url(https:\/\/amazonia.fiocruz.br\/wp-content\/uploads\/2018\/11\/NAP5.png);background-attachment: scroll; background-position: top left;  '  data-section-bg-repeat='stretch' data-av_minimum_height_pc='50'><div class='container' ><main  role=\"main\" itemprop=\"mainContentOfPage\"  class='template-page content  av-content-small alpha units'><div class='post-entry post-entry-type-page post-entry-26316'><div class='entry-content-wrapper clearfix'>\n<div class=\"flex_column av_one_fifth  flex_column_div first  avia-builder-el-1  el_before_av_three_fifth  avia-builder-el-first  \" style='padding:110px 0 0 0 ; border-radius:0px; '><div  class='avia-image-container  av-styling-circle    avia-builder-el-2  avia-builder-el-no-sibling  avia-align-right '  itemprop=\"image\" itemscope=\"itemscope\" itemtype=\"https:\/\/schema.org\/ImageObject\"  ><div class='avia-image-container-inner'><div class='avia-image-overlay-wrap'><img decoding=\"async\" class='wp-image-26317 avia-img-lazy-loading-not-26317 avia_image' src=\"https:\/\/amazonia.fiocruz.br\/wp-content\/uploads\/2018\/11\/MARCA-NAP.png\" alt='' title='MARCA-NAP' height=\"111\" width=\"212\"  itemprop=\"thumbnailUrl\"  \/><\/div><\/div><\/div><\/div><div class=\"flex_column av_three_fifth  flex_column_div   avia-builder-el-3  el_after_av_one_fifth  avia-builder-el-last  \" style='padding:110px 0px 0px 0px ; border-radius:0px; '><div  style='padding-bottom:10px; color:#ffffff;font-size:30px;' class='av-special-heading av-special-heading-h4 custom-color-heading blockquote modern-quote  avia-builder-el-4  avia-builder-el-no-sibling  av-inherit-size '><h4 class='av-special-heading-tag '  itemprop=\"headline\"  ><\/p>\n<p>N\u00daCLEO DE<br \/>\nAPOIO<br \/>\n\u00c0 PESQUISA<\/h4><div class='special-heading-border'><div class='special-heading-inner-border' style='border-color:#ffffff'><\/div><\/div><\/div><\/div>\n<\/div><\/div><\/main><!-- close content main element --><\/div><\/div><div id='after_section_1'  class='main_color av_default_container_wrap container_wrap sidebar_right' style=' '  ><div class='container' ><div class='template-page content  av-content-small alpha units'><div class='post-entry post-entry-type-page post-entry-26316'><div class='entry-content-wrapper clearfix'>\n<div class=\"flex_column av_one_half  flex_column_div first  avia-builder-el-5  el_after_av_section  el_before_av_one_half  avia-builder-el-first  \" ><p><section class=\"av_textblock_section \"  itemscope=\"itemscope\" itemtype=\"https:\/\/schema.org\/CreativeWork\" ><div class='avia_textblock  '  style='font-size:15px; '  itemprop=\"text\" ><p>O N\u00facleo de Apoio \u00e0 Pesquisa, subordinado \u00e0 Vice-Diretoria de Pesquisa e Inova\u00e7\u00e3o, \u00e9 uma forma de organiza\u00e7\u00e3o que atua em \u00e1reas tem\u00e1ticas espec\u00edficas e tem a finalidade de atender \u00e0s necessidades institucionais com o apoio instrumental em suas \u00e1reas de atua\u00e7\u00e3o.<\/p>\n<\/div><\/section><br \/>\n<div  class='avia-image-container  av-styling-    avia-builder-el-7  el_after_av_textblock  avia-builder-el-last  avia-align-left '  itemprop=\"image\" itemscope=\"itemscope\" itemtype=\"https:\/\/schema.org\/ImageObject\"  ><div class='avia-image-container-inner'><div class='avia-image-overlay-wrap'><img decoding=\"async\" class='wp-image-26327 avia-img-lazy-loading-not-26327 avia_image' src=\"https:\/\/amazonia.fiocruz.br\/wp-content\/uploads\/2018\/11\/MARCA-NAP-1.png\" alt='' title='MARCA-NAP' height=\"111\" width=\"212\"  itemprop=\"thumbnailUrl\"  \/><\/div><\/div><\/div><\/p><\/div><div class=\"flex_column av_one_half  flex_column_div av-zero-column-padding   avia-builder-el-8  el_after_av_one_half  avia-builder-el-last  \" style='border-radius:0px; '><section class=\"av_textblock_section \"  itemscope=\"itemscope\" itemtype=\"https:\/\/schema.org\/CreativeWork\" ><div class='avia_textblock  '  style='font-size:15px; '  itemprop=\"text\" ><p><strong>Compete ao N\u00facleo de Apoio \u00e0 Pesquisa:<\/strong><\/p>\n<p>I \u2013 Dar apoio instrumental \u00e0s demandas institucionais, em fun\u00e7\u00e3o dos seus projetos e programa;<br \/>\nII &#8211; Implementar as decis\u00f5es do Conselho Deliberativo no que diz respeito ao desenvolvimento de programa cient\u00edfico e\/ou de apoio instrumental;<br \/>\nIII &#8211; Cumprir e fazer cumprir as normas, instru\u00e7\u00f5es e legisla\u00e7\u00e3o relativas \u00e0 \u00e1rea de sua compet\u00eancia; e<br \/>\nIV &#8211; Desenvolver outras compet\u00eancias n\u00e3o especificadas neste Regimento, mas inerentes ao N\u00facleo de Apoio \u00e0 Pesquisa, de acordo com a legisla\u00e7\u00e3o vigente.<\/p>\n<\/div><\/section><\/div><\/p>\n","protected":false},"excerpt":{"rendered":"","protected":false},"author":29,"featured_media":0,"parent":0,"menu_order":0,"comment_status":"closed","ping_status":"closed","template":"","meta":{"footnotes":""},"class_list":["post-26316","page","type-page","status-publish","hentry"],"_links":{"self":[{"href":"https:\/\/amazonia.fiocruz.br\/index.php?rest_route=\/wp\/v2\/pages\/26316","targetHints":{"allow":["GET"]}}],"collection":[{"href":"https:\/\/amazonia.fiocruz.br\/index.php?rest_route=\/wp\/v2\/pages"}],"about":[{"href":"https:\/\/amazonia.fiocruz.br\/index.php?rest_route=\/wp\/v2\/types\/page"}],"author":[{"embeddable":true,"href":"https:\/\/amazonia.fiocruz.br\/index.php?rest_route=\/wp\/v2\/users\/29"}],"replies":[{"embeddable":true,"href":"https:\/\/amazonia.fiocruz.br\/index.php?rest_route=%2Fwp%2Fv2%2Fcomments&post=26316"}],"version-history":[{"count":10,"href":"https:\/\/amazonia.fiocruz.br\/index.php?rest_route=\/wp\/v2\/pages\/26316\/revisions"}],"predecessor-version":[{"id":26330,"href":"https:\/\/amazonia.fiocruz.br\/index.php?rest_route=\/wp\/v2\/pages\/26316\/revisions\/26330"}],"wp:attachment":[{"href":"https:\/\/amazonia.fiocruz.br\/index.php?rest_route=%2Fwp%2Fv2%2Fmedia&parent=26316"}],"curies":[{"name":"wp","href":"https:\/\/api.w.org\/{rel}","templated":true}]}}