{"id":25455,"date":"2018-06-13T16:00:39","date_gmt":"2018-06-13T20:00:39","guid":{"rendered":"https:\/\/amazonia.fiocruz.br\/?page_id=25455"},"modified":"2025-09-04T10:38:25","modified_gmt":"2025-09-04T14:38:25","slug":"intranet-2","status":"publish","type":"page","link":"https:\/\/amazonia.fiocruz.br\/?page_id=25455","title":{"rendered":"Intranet"},"content":{"rendered":"<div id='av_section_1'  class='avia-section main_color avia-section-default avia-no-shadow  avia-full-stretch avia-bg-style-scroll  avia-builder-el-0  el_before_av_section  avia-builder-el-first   av-minimum-height av-minimum-height-50  container_wrap sidebar_right' style='background-color: #648436; background-repeat: no-repeat; background-image: url(https:\/\/amazonia.fiocruz.br\/wp-content\/uploads\/2017\/02\/SEINFO.jpg);background-attachment: scroll; background-position: top left;  '  data-section-bg-repeat='stretch' data-av_minimum_height_pc='50'><div class='container' ><main  role=\"main\" itemprop=\"mainContentOfPage\"  class='template-page content  av-content-small alpha units'><div class='post-entry post-entry-type-page post-entry-25455'><div class='entry-content-wrapper clearfix'>\n<div class=\"flex_column av_three_fifth  flex_column_div av-zero-column-padding first  avia-builder-el-1  avia-builder-el-no-sibling  \" style='border-radius:0px; '><div  class='avia-image-container  av-styling-    avia-builder-el-2  avia-builder-el-no-sibling  avia-align-center '  itemprop=\"image\" itemscope=\"itemscope\" itemtype=\"https:\/\/schema.org\/ImageObject\"  ><div class='avia-image-container-inner'><div class='avia-image-overlay-wrap'><img decoding=\"async\" class='wp-image-25553 avia-img-lazy-loading-not-25553 avia_image' src=\"https:\/\/amazonia.fiocruz.br\/wp-content\/uploads\/2018\/06\/marca-Intranet-1.png\" alt='' title='marca-Intranet' height=\"193\" width=\"589\"  itemprop=\"thumbnailUrl\" srcset=\"https:\/\/amazonia.fiocruz.br\/wp-content\/uploads\/2018\/06\/marca-Intranet-1.png 589w, https:\/\/amazonia.fiocruz.br\/wp-content\/uploads\/2018\/06\/marca-Intranet-1-300x98.png 300w, https:\/\/amazonia.fiocruz.br\/wp-content\/uploads\/2018\/06\/marca-Intranet-1-450x147.png 450w\" sizes=\"(max-width: 589px) 100vw, 589px\" \/><\/div><\/div><\/div><\/div>\n\n<\/div><\/div><\/main><!-- close content main element --><\/div><\/div><div id='linhaspesquisas'  class='avia-section alternate_color avia-section-default avia-no-border-styling  avia-bg-style-scroll  avia-builder-el-3  el_after_av_section  avia-builder-el-last   av-minimum-height av-minimum-height-50  container_wrap sidebar_right' style=' '   data-av_minimum_height_pc='50'><div class='container' ><div class='template-page content  av-content-small alpha units'><div class='post-entry post-entry-type-page post-entry-25455'><div class='entry-content-wrapper clearfix'>\n<div class=\"flex_column av_one_third  av-animated-generic top-to-bottom  flex_column_div first  avia-builder-el-4  el_before_av_one_third  avia-builder-el-first  \" style='padding:40px; background-color:#14b0cc; border-radius:0px; '><p><span  class=\"av_font_icon avia_animate_when_visible avia-icon-animate  av-icon-style-border  avia-icon-pos-center \" style=\"color:#ffffff; border-color:#ffffff;\"><a href=' https:\/\/amazonia.fiocruz.br\/?page_id=29455'  target=\"_blank\"  rel=\"noopener noreferrer\"  class='av-icon-char' style='font-size:40px;line-height:40px;width:40px;' aria-hidden='true' data-av_icon='\ue80e' data-av_iconfont='fontello' ><\/a><\/span><br \/>\n<div  style='padding-bottom:10px; color:#ffffff;font-size:25px;' class='av-special-heading av-special-heading-h4 custom-color-heading blockquote modern-quote modern-centered  avia-builder-el-6  el_after_av_font_icon  avia-builder-el-last  av-thin-font av-inherit-size '><h4 class='av-special-heading-tag '  itemprop=\"headline\"  ><strong>Chamados<br \/> (SEGTI)<\/strong><\/h4><div class='special-heading-border'><div class='special-heading-inner-border' style='border-color:#ffffff'><\/div><\/div><\/div><\/p><\/div><div class=\"flex_column av_one_third  av-animated-generic top-to-bottom  flex_column_div   avia-builder-el-7  el_after_av_one_third  el_before_av_one_third  \" style='padding:40px; background-color:#14b0cc; border-radius:0px; '><p><span  class=\"av_font_icon avia_animate_when_visible avia-icon-animate  av-icon-style-border  avia-icon-pos-center \" style=\"color:#ffffff; border-color:#ffffff;\"><a href='https:\/\/seinfra.amazonia.fiocruz.br'  target=\"_blank\"  rel=\"noopener noreferrer\"  class='av-icon-char' style='font-size:40px;line-height:40px;width:40px;' aria-hidden='true' data-av_icon='\ue856' data-av_iconfont='entypo-fontello' ><\/a><\/span><br \/>\n<div  style='padding-bottom:10px; color:#ffffff;font-size:25px;' class='av-special-heading av-special-heading-h4 custom-color-heading blockquote modern-quote modern-centered  avia-builder-el-9  el_after_av_font_icon  avia-builder-el-last  av-thin-font av-inherit-size '><h4 class='av-special-heading-tag '  itemprop=\"headline\"  ><strong>Chamados<br \/>(SEINFRA)<\/strong><\/h4><div class='special-heading-border'><div class='special-heading-inner-border' style='border-color:#ffffff'><\/div><\/div><\/div><\/p><\/div><div class=\"flex_column av_one_third  av-animated-generic top-to-bottom  flex_column_div   avia-builder-el-10  el_after_av_one_third  el_before_av_one_third  \" style='padding:40px; background-color:#14b0cc; border-radius:0px; '><p><span  class=\"av_font_icon avia_animate_when_visible avia-icon-animate  av-icon-style-border  avia-icon-pos-center \" style=\"color:#ffffff; border-color:#ffffff;\"><a href='https:\/\/amazonia.fiocruz.br\/sistemas\/chm_nap\/'  target=\"_blank\"  rel=\"noopener noreferrer\"  class='av-icon-char' style='font-size:40px;line-height:40px;width:40px;' aria-hidden='true' data-av_icon='\ue8c6' data-av_iconfont='entypo-fontello' ><\/a><\/span><br \/>\n<div  style='padding-bottom:10px; color:#ffffff;font-size:25px;' class='av-special-heading av-special-heading-h4 custom-color-heading blockquote modern-quote modern-centered  avia-builder-el-12  el_after_av_font_icon  avia-builder-el-last  av-thin-font av-inherit-size '><h4 class='av-special-heading-tag '  itemprop=\"headline\"  ><strong>Chamados<br \/>(NAP)<\/strong><\/h4><div class='special-heading-border'><div class='special-heading-inner-border' style='border-color:#ffffff'><\/div><\/div><\/div><\/p><\/div><div class=\"flex_column av_one_third  av-animated-generic top-to-bottom  flex_column_div first  avia-builder-el-13  el_after_av_one_third  el_before_av_one_third  column-top-margin\" style='padding:40px; background-color:#83a846; border-radius:0px; '><p><span  class=\"av_font_icon avia_animate_when_visible avia-icon-animate  av-icon-style-border  avia-icon-pos-center \" style=\"color:#ffffff; border-color:#ffffff;\"><a href='https:\/\/salas.amazonia.fiocruz.br\/'  target=\"_blank\"  rel=\"noopener noreferrer\"  class='av-icon-char' style='font-size:40px;line-height:40px;width:40px;' aria-hidden='true' data-av_icon='\ue8d2' data-av_iconfont='fontello' ><\/a><\/span><br \/>\n<div  style='padding-bottom:10px; color:#ffffff;font-size:25px;' class='av-special-heading av-special-heading-h4 custom-color-heading blockquote modern-quote modern-centered  avia-builder-el-15  el_after_av_font_icon  avia-builder-el-last  av-thin-font av-inherit-size '><h4 class='av-special-heading-tag '  itemprop=\"headline\"  ><strong>Sistema de Controle de Salas <br \/> (SISCS)<\/strong><\/h4><div class='special-heading-border'><div class='special-heading-inner-border' style='border-color:#ffffff'><\/div><\/div><\/div><\/p><\/div><div class=\"flex_column av_one_third  av-animated-generic top-to-bottom  flex_column_div   avia-builder-el-16  el_after_av_one_third  el_before_av_one_third  column-top-margin\" style='padding:40px; background-color:#83a846; border-radius:0px; '><p><span  class=\"av_font_icon avia_animate_when_visible avia-icon-animate  av-icon-style-border  avia-icon-pos-center \" style=\"color:#ffffff; border-color:#ffffff;\"><a href='https:\/\/veiculos.amazonia.fiocruz.br'  target=\"_blank\"  rel=\"noopener noreferrer\"  class='av-icon-char' style='font-size:40px;line-height:40px;width:40px;' aria-hidden='true' data-av_icon='\ue937' data-av_iconfont='fontello' ><\/a><\/span><br \/>\n<div  style='padding-bottom:10px; color:#ffffff;font-size:25px;' class='av-special-heading av-special-heading-h4 custom-color-heading blockquote modern-quote modern-centered  avia-builder-el-18  el_after_av_font_icon  avia-builder-el-last  av-thin-font av-inherit-size '><h4 class='av-special-heading-tag '  itemprop=\"headline\"  ><strong>Sistema de Controle de Ve\u00edculos <br \/> (SISCV)<\/strong><\/h4><div class='special-heading-border'><div class='special-heading-inner-border' style='border-color:#ffffff'><\/div><\/div><\/div><\/p><\/div><div class=\"flex_column av_one_third  av-animated-generic top-to-bottom  flex_column_div   avia-builder-el-19  el_after_av_one_third  el_before_av_one_third  column-top-margin\" style='padding:40px; background-color:#83a846; border-radius:0px; '><p><span  class=\"av_font_icon avia_animate_when_visible avia-icon-animate  av-icon-style-border  avia-icon-pos-center \" style=\"color:#ffffff; border-color:#ffffff;\"><a href='https:\/\/amazonia.fiocruz.br\/sistemas\/ctrl_equipamentos\/index.php'  target=\"_blank\"  rel=\"noopener noreferrer\"  class='av-icon-char' style='font-size:40px;line-height:40px;width:40px;' aria-hidden='true' data-av_icon='\ue8be' data-av_iconfont='fontello' ><\/a><\/span><br \/>\n<div  style='padding-bottom:10px; color:#ffffff;font-size:25px;' class='av-special-heading av-special-heading-h4 custom-color-heading blockquote modern-quote modern-centered  avia-builder-el-21  el_after_av_font_icon  avia-builder-el-last  av-thin-font av-inherit-size '><h4 class='av-special-heading-tag '  itemprop=\"headline\"  ><strong>Sistema de Controle de Equipamentos <br \/>(SISCEQ) <\/strong><\/h4><div class='special-heading-border'><div class='special-heading-inner-border' style='border-color:#ffffff'><\/div><\/div><\/div><\/p><\/div><div class=\"flex_column av_one_third  av-animated-generic top-to-bottom  flex_column_div first  avia-builder-el-22  el_after_av_one_third  el_before_av_one_third  column-top-margin\" style='padding:40px; background-color:#14b0cc; border-radius:0px; '><p><span  class=\"av_font_icon avia_animate_when_visible avia-icon-animate  av-icon-style-border  avia-icon-pos-center \" style=\"color:#ffffff; border-color:#ffffff;\"><a href='http:\/\/pedmat.fiocruz.br\/hpedmatlogin.aspx  ' target=\"_blank\" rel=\"noopener noreferrer\" class='av-icon-char' style='font-size:40px;line-height:40px;width:40px;' aria-hidden='true' data-av_icon='\ue85a' data-av_iconfont='entypo-fontello'><\/a><\/span><br \/>\n<div  style='padding-bottom:10px; color:#ffffff;font-size:25px;' class='av-special-heading av-special-heading-h4 custom-color-heading blockquote modern-quote modern-centered  avia-builder-el-24  el_after_av_font_icon  avia-builder-el-last  av-thin-font av-inherit-size '><h4 class='av-special-heading-tag '  itemprop=\"headline\"  ><strong>Sistema de Controle de Materiais <br \/>(SISCM)<\/strong><\/h4><div class='special-heading-border'><div class='special-heading-inner-border' style='border-color:#ffffff'><\/div><\/div><\/div><\/p><\/div><div class=\"flex_column av_one_third  av-animated-generic top-to-bottom  flex_column_div   avia-builder-el-25  el_after_av_one_third  el_before_av_one_third  column-top-margin\" style='padding:40px; background-color:#14b0cc; border-radius:0px; '><p><span  class=\"av_font_icon avia_animate_when_visible avia-icon-animate  av-icon-style-border  avia-icon-pos-center \" style=\"color:#ffffff; border-color:#ffffff;\"><a href='http:\/\/www.amazonia.fiocruz.br\/login_documentacao'  target=\"_blank\"  rel=\"noopener noreferrer\"  class='av-icon-char' style='font-size:40px;line-height:40px;width:40px;' aria-hidden='true' data-av_icon='\ue850' data-av_iconfont='entypo-fontello' ><\/a><\/span><br \/>\n<div  style='padding-bottom:10px; color:#ffffff;font-size:25px;' class='av-special-heading av-special-heading-h4 custom-color-heading blockquote modern-quote modern-centered  avia-builder-el-27  el_after_av_font_icon  avia-builder-el-last  av-thin-font av-inherit-size '><h4 class='av-special-heading-tag '  itemprop=\"headline\"  ><strong>Sistema de Gest\u00e3o de Documentos<br \/> (SISGED)<\/strong><\/h4><div class='special-heading-border'><div class='special-heading-inner-border' style='border-color:#ffffff'><\/div><\/div><\/div><\/p><\/div><div class=\"flex_column av_one_third  av-animated-generic top-to-bottom  flex_column_div   avia-builder-el-28  el_after_av_one_third  el_before_av_one_third  column-top-margin\" style='padding:40px; background-color:#14b0cc; border-radius:0px; '><p><span  class=\"av_font_icon avia_animate_when_visible avia-icon-animate  av-icon-style-border  avia-icon-pos-center \" style=\"color:#ffffff; border-color:#ffffff;\"><a href='https:\/\/amazonia.fiocruz.br\/sistemas\/redcap\/'  target=\"_blank\"  rel=\"noopener noreferrer\"  class='av-icon-char' style='font-size:40px;line-height:40px;width:40px;' aria-hidden='true' data-av_icon='\ue8b1' data-av_iconfont='entypo-fontello' ><\/a><\/span><br \/>\n<div  style='padding-bottom:10px; color:#ffffff;font-size:25px;' class='av-special-heading av-special-heading-h4 custom-color-heading blockquote modern-quote modern-centered  avia-builder-el-30  el_after_av_font_icon  avia-builder-el-last  av-thin-font av-inherit-size '><h4 class='av-special-heading-tag '  itemprop=\"headline\"  ><strong>Constru\u00e7\u00e3o e Gest\u00e3o de pesquisas <br \/> (REDCAP)<\/strong><\/h4><div class='special-heading-border'><div class='special-heading-inner-border' style='border-color:#ffffff'><\/div><\/div><\/div><\/p><\/div><div class=\"flex_column av_one_third  av-animated-generic top-to-bottom  flex_column_div first  avia-builder-el-31  el_after_av_one_third  el_before_av_one_third  column-top-margin\" style='padding:40px; background-color:#83a846; border-radius:0px; '><p><span  class=\"av_font_icon avia_animate_when_visible avia-icon-animate  av-icon-style-border  avia-icon-pos-center \" style=\"color:#ffffff; border-color:#ffffff;\"><a href='https:\/\/www.amazonia.fiocruz.br\/login_sisbc'  target=\"_blank\"  rel=\"noopener noreferrer\"  class='av-icon-char' style='font-size:40px;line-height:40px;width:40px;' aria-hidden='true' data-av_icon='\ue84e' data-av_iconfont='entypo-fontello' ><\/a><\/span><br \/>\n<div  style='padding-bottom:10px; color:#ffffff;font-size:25px;' class='av-special-heading av-special-heading-h4 custom-color-heading blockquote modern-quote modern-centered  avia-builder-el-33  el_after_av_font_icon  avia-builder-el-last  av-thin-font av-inherit-size '><h4 class='av-special-heading-tag '  itemprop=\"headline\"  ><strong>Sistema de Banco de Curr\u00edculos <br \/>(SISBC)<\/strong><\/h4><div class='special-heading-border'><div class='special-heading-inner-border' style='border-color:#ffffff'><\/div><\/div><\/div><\/p><\/div><div class=\"flex_column av_one_third  av-animated-generic top-to-bottom  flex_column_div   avia-builder-el-34  el_after_av_one_third  el_before_av_one_third  column-top-margin\" style='padding:40px; background-color:#83a846; border-radius:0px; '><p><span  class=\"av_font_icon avia_animate_when_visible avia-icon-animate  av-icon-style-border  avia-icon-pos-center \" style=\"color:#ffffff; border-color:#ffffff;\"><a href='https:\/\/amazonia.fiocruz.br\/login_sisof'  target=\"_blank\"  rel=\"noopener noreferrer\"  class='av-icon-char' style='font-size:40px;line-height:40px;width:40px;' aria-hidden='true' data-av_icon='\ue8b4' data-av_iconfont='fontello' ><\/a><\/span><br \/>\n<div  style='padding-bottom:10px; color:#ffffff;font-size:25px;' class='av-special-heading av-special-heading-h4 custom-color-heading blockquote modern-quote modern-centered  avia-builder-el-36  el_after_av_font_icon  avia-builder-el-last  av-thin-font av-inherit-size '><h4 class='av-special-heading-tag '  itemprop=\"headline\"  ><strong>Sistema de Or\u00e7amento e Finan\u00e7as (SISOF)<\/strong><\/h4><div class='special-heading-border'><div class='special-heading-inner-border' style='border-color:#ffffff'><\/div><\/div><\/div><\/p><\/div><div class=\"flex_column av_one_third  av-animated-generic top-to-bottom  flex_column_div   avia-builder-el-37  el_after_av_one_third  el_before_av_one_third  column-top-margin\" style='padding:40px; background-color:#83a846; border-radius:0px; '><p><span  class=\"av_font_icon avia_animate_when_visible avia-icon-animate  av-icon-style-border  avia-icon-pos-center \" style=\"color:#ffffff; border-color:#ffffff;\"><a href='https:\/\/amazonia.fiocruz.br\/login_agenda'  target=\"_blank\"  rel=\"noopener noreferrer\"  class='av-icon-char' style='font-size:40px;line-height:40px;width:40px;' aria-hidden='true' data-av_icon='\ue85b' data-av_iconfont='entypo-fontello' ><\/a><\/span><br \/>\n<div  style='padding-bottom:10px; color:#ffffff;font-size:25px;' class='av-special-heading av-special-heading-h4 custom-color-heading blockquote modern-quote modern-centered  avia-builder-el-39  el_after_av_font_icon  avia-builder-el-last  av-thin-font av-inherit-size '><h4 class='av-special-heading-tag '  itemprop=\"headline\"  ><strong>Sistema de Controle de Tarefas<br \/> (SISCT)<\/strong><\/h4><div class='special-heading-border'><div class='special-heading-inner-border' style='border-color:#ffffff'><\/div><\/div><\/div><\/p><\/div><div class=\"flex_column av_one_third  av-animated-generic top-to-bottom  flex_column_div first  avia-builder-el-40  el_after_av_one_third  el_before_av_one_third  column-top-margin\" style='padding:40px; background-color:#14b0cc; border-radius:0px; '><p><span  class=\"av_font_icon avia_animate_when_visible avia-icon-animate  av-icon-style-border  avia-icon-pos-center \" style=\"color:#ffffff; border-color:#ffffff;\"><a href='http:\/\/10.92.200.105\/home' target=\"_blank\" rel=\"noopener noreferrer\" class='av-icon-char' style='font-size:40px;line-height:40px;width:40px;' aria-hidden='true' data-av_icon='\ue8ab' data-av_iconfont='entypo-fontello'><\/a><\/span><br \/>\n<div  style='padding-bottom:10px; color:#ffffff;font-size:25px;' class='av-special-heading av-special-heading-h4 custom-color-heading blockquote modern-quote modern-centered  avia-builder-el-42  el_after_av_font_icon  avia-builder-el-last  av-thin-font av-inherit-size '><h4 class='av-special-heading-tag '  itemprop=\"headline\"  ><strong>Website<br \/> Antigo<BR> (ILMD)<\/strong><\/h4><div class='special-heading-border'><div class='special-heading-inner-border' style='border-color:#ffffff'><\/div><\/div><\/div><\/p><\/div><div class=\"flex_column av_one_third  av-animated-generic top-to-bottom  flex_column_div   avia-builder-el-43  el_after_av_one_third  el_before_av_one_third  column-top-margin\" style='padding:40px; background-color:#14b0cc; border-radius:0px; '><p><span  class=\"av_font_icon avia_animate_when_visible avia-icon-animate  av-icon-style-border  avia-icon-pos-center \" style=\"color:#ffffff; border-color:#ffffff;\"><a href='https:\/\/www.amazonia.fiocruz.br\/sistemas\/sisged\/admin_sis_gestao'  target=\"_blank\"  rel=\"noopener noreferrer\"  class='av-icon-char' style='font-size:40px;line-height:40px;width:40px;' aria-hidden='true' data-av_icon='\ue850' data-av_iconfont='entypo-fontello' ><\/a><\/span><br \/>\n<div  style='padding-bottom:10px; color:#ffffff;font-size:25px;' class='av-special-heading av-special-heading-h4 custom-color-heading blockquote modern-quote modern-centered  avia-builder-el-45  el_after_av_font_icon  avia-builder-el-last  av-thin-font av-inherit-size '><h4 class='av-special-heading-tag '  itemprop=\"headline\"  ><strong>Novo Sistema de Gest\u00e3o de Documentos <br \/> (SISGED)<\/strong><\/h4><div class='special-heading-border'><div class='special-heading-inner-border' style='border-color:#ffffff'><\/div><\/div><\/div><\/p><\/div><div class=\"flex_column av_one_third  av-animated-generic top-to-bottom  flex_column_div   avia-builder-el-46  el_after_av_one_third  el_before_av_one_full  column-top-margin\" style='padding:40px; background-color:#14b0cc; border-radius:0px; '><p><span  class=\"av_font_icon avia_animate_when_visible avia-icon-animate  av-icon-style-border  avia-icon-pos-center \" style=\"color:#ffffff; border-color:#ffffff;\"><a href='http:\/\/192.168.240.13\/sistemas\/sgp' target=\"_blank\" rel=\"noopener noreferrer\" class='av-icon-char' style='font-size:40px;line-height:40px;width:40px;' aria-hidden='true' data-av_icon='\ue840' data-av_iconfont='entypo-fontello'><\/a><\/span><br \/>\n<div  style='padding-bottom:10px; color:#ffffff;font-size:25px;' class='av-special-heading av-special-heading-h4 custom-color-heading blockquote modern-quote modern-centered  avia-builder-el-48  el_after_av_font_icon  avia-builder-el-last  av-thin-font av-inherit-size '><h4 class='av-special-heading-tag '  itemprop=\"headline\"  ><strong>Sistema de Gest\u00e3o de Projetos <br \/> (SGP)<\/strong><\/h4><div class='special-heading-border'><div class='special-heading-inner-border' style='border-color:#ffffff'><\/div><\/div><\/div><\/p><\/div><div class=\"flex_column av_one_full  av-animated-generic top-to-bottom  flex_column_div first  avia-builder-el-49  el_after_av_one_third  avia-builder-el-last  column-top-margin\" style='padding:40px; background-color:#83a846; border-radius:0px; '><p><span  class=\"av_font_icon avia_animate_when_visible avia-icon-animate  av-icon-style-border  avia-icon-pos-center \" style=\"color:#ffffff; border-color:#ffffff;\"><a href='https:\/\/amazonia.fiocruz.br\/?page_id=28887'  target=\"_blank\"  rel=\"noopener noreferrer\"  class='av-icon-char' style='font-size:40px;line-height:40px;width:40px;' aria-hidden='true' data-av_icon='\ue8c9' data-av_iconfont='entypo-fontello' ><\/a><\/span><br \/>\n<div  style='padding-bottom:10px; color:#ffffff;font-size:25px;' class='av-special-heading av-special-heading-h4 custom-color-heading blockquote modern-quote modern-centered  avia-builder-el-51  el_after_av_font_icon  avia-builder-el-last  av-thin-font av-inherit-size '><h4 class='av-special-heading-tag '  itemprop=\"headline\"  ><strong>Sistema de Inscri\u00e7\u00e3o para Processos Seletivos da P\u00f3s-gradua\u00e7\u00e3o<br \/> (SISGRAD)  <\/strong><\/h4><div class='special-heading-border'><div class='special-heading-inner-border' style='border-color:#ffffff'><\/div><\/div><\/div><\/p><\/div><\/div><\/div><\/div><!-- close content main div --><\/div><\/div><div id='after_section_2'  class='main_color av_default_container_wrap container_wrap sidebar_right' style=' '  ><div class='container' ><div class='template-page content  av-content-small alpha units'><div class='post-entry post-entry-type-page post-entry-25455'><div class='entry-content-wrapper clearfix'>\n","protected":false},"excerpt":{"rendered":"","protected":false},"author":29,"featured_media":0,"parent":0,"menu_order":0,"comment_status":"closed","ping_status":"closed","template":"","meta":{"footnotes":""},"class_list":["post-25455","page","type-page","status-publish","hentry"],"_links":{"self":[{"href":"https:\/\/amazonia.fiocruz.br\/index.php?rest_route=\/wp\/v2\/pages\/25455","targetHints":{"allow":["GET"]}}],"collection":[{"href":"https:\/\/amazonia.fiocruz.br\/index.php?rest_route=\/wp\/v2\/pages"}],"about":[{"href":"https:\/\/amazonia.fiocruz.br\/index.php?rest_route=\/wp\/v2\/types\/page"}],"author":[{"embeddable":true,"href":"https:\/\/amazonia.fiocruz.br\/index.php?rest_route=\/wp\/v2\/users\/29"}],"replies":[{"embeddable":true,"href":"https:\/\/amazonia.fiocruz.br\/index.php?rest_route=%2Fwp%2Fv2%2Fcomments&post=25455"}],"version-history":[{"count":160,"href":"https:\/\/amazonia.fiocruz.br\/index.php?rest_route=\/wp\/v2\/pages\/25455\/revisions"}],"predecessor-version":[{"id":55859,"href":"https:\/\/amazonia.fiocruz.br\/index.php?rest_route=\/wp\/v2\/pages\/25455\/revisions\/55859"}],"wp:attachment":[{"href":"https:\/\/amazonia.fiocruz.br\/index.php?rest_route=%2Fwp%2Fv2%2Fmedia&parent=25455"}],"curies":[{"name":"wp","href":"https:\/\/api.w.org\/{rel}","templated":true}]}}