{"id":24719,"date":"2018-04-19T15:29:43","date_gmt":"2018-04-19T19:29:43","guid":{"rendered":"https:\/\/amazonia.fiocruz.br\/?page_id=24719"},"modified":"2022-07-15T09:06:39","modified_gmt":"2022-07-15T13:06:39","slug":"noticias-2","status":"publish","type":"page","link":"https:\/\/amazonia.fiocruz.br\/?page_id=24719","title":{"rendered":"Contato com a ASCOM"},"content":{"rendered":"<div id='av_section_1'  class='avia-section main_color avia-section-default avia-no-shadow  avia-full-stretch avia-bg-style-scroll  avia-builder-el-0  el_before_av_one_full  avia-builder-el-first   av-minimum-height av-minimum-height-50  container_wrap sidebar_right' style='background-color: #83a846; background-repeat: no-repeat; background-image: url(https:\/\/amazonia.fiocruz.br\/wp-content\/uploads\/2022\/02\/capa-pagina-ascom_Prancheta-1-1.jpg);background-attachment: scroll; background-position: top left;  '  data-section-bg-repeat='stretch' data-av_minimum_height_pc='50'><div class='container' ><main  role=\"main\" itemprop=\"mainContentOfPage\"  class='template-page content  av-content-small alpha units'><div class='post-entry post-entry-type-page post-entry-24719'><div class='entry-content-wrapper clearfix'>\n<div class=\"flex_column av_one_half  flex_column_div av-zero-column-padding first  avia-builder-el-1  avia-builder-el-no-sibling  \" style='border-radius:0px; '><div  style='padding-bottom:10px; color:#ffffff;font-size:30px;' class='av-special-heading av-special-heading-h3 custom-color-heading blockquote modern-quote  avia-builder-el-2  avia-builder-el-no-sibling  av-inherit-size '><h3 class='av-special-heading-tag '  itemprop=\"headline\"  >ASCOM<\/h3><div class ='av-subheading av-subheading_below av_custom_color ' style='font-size:18px;'><p>ILMD\/Fiocruz Amaz\u00f4nia<\/p>\n<\/div><div class='special-heading-border'><div class='special-heading-inner-border' style='border-color:#ffffff'><\/div><\/div><\/div><\/div>\n<\/div><\/div><\/main><!-- close content main element --><\/div><\/div><div id='after_section_1'  class='main_color av_default_container_wrap container_wrap sidebar_right' style=' '  ><div class='container' ><div class='template-page content  av-content-small alpha units'><div class='post-entry post-entry-type-page post-entry-24719'><div class='entry-content-wrapper clearfix'>\n<div class=\"flex_column av_one_full  no_margin flex_column_div av-zero-column-padding first  avia-builder-el-3  el_after_av_section  el_before_av_layout_row  avia-builder-el-no-sibling  \" style='border-radius:0px; '><div  style='padding-bottom:10px; font-size:55px;' class='av-special-heading av-special-heading-h3  blockquote modern-quote modern-centered  avia-builder-el-4  avia-builder-el-no-sibling  av-thin-font av-inherit-size '><h3 class='av-special-heading-tag '  itemprop=\"headline\"  ><strong>Contato<\/strong><\/h3><div class='special-heading-border'><div class='special-heading-inner-border' ><\/div><\/div><\/div><\/div>\n<\/div><\/div><\/div><!-- close content main div --><\/div><\/div><div id='av-layout-grid-1'  class='av-layout-grid-container entry-content-wrapper main_color av-flex-cells     avia-builder-el-5  el_after_av_one_full  el_before_av_hr  submenu-not-first container_wrap sidebar_right' style=' '  >\n<div class=\"flex_cell no_margin av_one_third  avia-builder-el-6  el_before_av_cell_one_third  avia-builder-el-first   \"  style='vertical-align:top; padding:30px; background-color:#99b74d; ' ><div class='flex_cell_inner' ><div  style='padding-bottom:10px; color:#ffffff;' class='av-special-heading av-special-heading-h3 custom-color-heading blockquote modern-quote  avia-builder-el-7  avia-builder-el-no-sibling  '><h3 class='av-special-heading-tag '  itemprop=\"headline\"  >Assessoria<\/h3><div class ='av-subheading av-subheading_below av_custom_color ' style='font-size:14px;'><p>A Assessoria de Comunica\u00e7\u00e3o Social do Instituto Le\u00f4nidas &#038; Maria Deane (ILMD \/ Fiocruz Amaz\u00f4nia) \u00e9 o espa\u00e7o na estrutura organizacional que responde pelas atividades de comunica\u00e7\u00e3o interna e externa.<\/p>\n<\/div><div class='special-heading-border'><div class='special-heading-inner-border' style='border-color:#ffffff'><\/div><\/div><\/div>\n<\/div><\/div><div class=\"flex_cell no_margin av_one_third  avia-builder-el-8  el_after_av_cell_one_third  el_before_av_cell_one_third   \"  style='vertical-align:top; padding:30px; background-color:#1ebfdb; ' ><div class='flex_cell_inner' ><div  style='padding-bottom:10px; color:#ffffff;' class='av-special-heading av-special-heading-h3 custom-color-heading blockquote modern-quote  avia-builder-el-9  avia-builder-el-no-sibling  '><h3 class='av-special-heading-tag '  itemprop=\"headline\"  >Equipe<\/h3><div class ='av-subheading av-subheading_below av_custom_color ' style='font-size:14px;'><p>ascom.ilmd@fiocruz.br<br \/>\nTel.: (92) 3621-2383<\/p>\n<hr>\n<p>J\u00falio Pedrosa (Assessor)<br \/>\njulio.oliveira@fiocruz.br<br \/>\nTel.: (92) 3621-2383<\/p>\n<p>Carlos Eduardo Gomes (Jornalista)<br \/>\ncarlos.gomes@fiocruz.br<br \/>\nTel.: (92) 3621-2430<\/p>\n<\/div><div class='special-heading-border'><div class='special-heading-inner-border' style='border-color:#ffffff'><\/div><\/div><\/div>\n<\/div><\/div><div class=\"flex_cell no_margin av_one_third  avia-builder-el-10  el_after_av_cell_one_third  avia-builder-el-last   \"  style='vertical-align:top; padding:30px; background-color:#aad358; ' ><div class='flex_cell_inner' >\n<\/div><\/div><\/div><div id='after_submenu_1'  class='main_color av_default_container_wrap container_wrap sidebar_right' style=' '  ><div class='container' ><div class='template-page content  av-content-small alpha units'><div class='post-entry post-entry-type-page post-entry-24719'><div class='entry-content-wrapper clearfix'><div  style=' margin-top:30px; margin-bottom:30px;'  class='hr hr-custom hr-center hr-icon-yes   avia-builder-el-12  el_after_av_layout_row  avia-builder-el-no-sibling '><span class='hr-inner  inner-border-av-border-thin' style=' width:50px; max-width:45%;' ><span class='hr-inner-style'><\/span><\/span><span class='av-seperator-icon'  aria-hidden='true' data-av_icon='\ue808' data-av_iconfont='entypo-fontello'><\/span><span class='hr-inner  inner-border-av-border-thin' style=' width:50px; max-width:45%;' ><span class='hr-inner-style'><\/span><\/span><\/div><\/p>\n","protected":false},"excerpt":{"rendered":"","protected":false},"author":68,"featured_media":0,"parent":0,"menu_order":0,"comment_status":"closed","ping_status":"closed","template":"","meta":{"footnotes":""},"class_list":["post-24719","page","type-page","status-publish","hentry"],"_links":{"self":[{"href":"https:\/\/amazonia.fiocruz.br\/index.php?rest_route=\/wp\/v2\/pages\/24719","targetHints":{"allow":["GET"]}}],"collection":[{"href":"https:\/\/amazonia.fiocruz.br\/index.php?rest_route=\/wp\/v2\/pages"}],"about":[{"href":"https:\/\/amazonia.fiocruz.br\/index.php?rest_route=\/wp\/v2\/types\/page"}],"author":[{"embeddable":true,"href":"https:\/\/amazonia.fiocruz.br\/index.php?rest_route=\/wp\/v2\/users\/68"}],"replies":[{"embeddable":true,"href":"https:\/\/amazonia.fiocruz.br\/index.php?rest_route=%2Fwp%2Fv2%2Fcomments&post=24719"}],"version-history":[{"count":11,"href":"https:\/\/amazonia.fiocruz.br\/index.php?rest_route=\/wp\/v2\/pages\/24719\/revisions"}],"predecessor-version":[{"id":37200,"href":"https:\/\/amazonia.fiocruz.br\/index.php?rest_route=\/wp\/v2\/pages\/24719\/revisions\/37200"}],"wp:attachment":[{"href":"https:\/\/amazonia.fiocruz.br\/index.php?rest_route=%2Fwp%2Fv2%2Fmedia&parent=24719"}],"curies":[{"name":"wp","href":"https:\/\/api.w.org\/{rel}","templated":true}]}}