{"id":22411,"date":"2017-11-27T20:26:54","date_gmt":"2017-11-27T20:26:54","guid":{"rendered":"https:\/\/amazonia.fiocruz.br\/?page_id=22411"},"modified":"2025-01-13T18:21:05","modified_gmt":"2025-01-13T22:21:05","slug":"doutorado-em-saude-publica","status":"publish","type":"page","link":"https:\/\/amazonia.fiocruz.br\/?page_id=22411","title":{"rendered":"Doutorado em Sa\u00fade P\u00fablica"},"content":{"rendered":"<div id='av_section_1'  class='avia-section main_color avia-section-default avia-no-shadow  avia-full-stretch avia-bg-style-scroll  avia-builder-el-0  el_before_av_submenu  avia-builder-el-first   av-minimum-height av-minimum-height-50  container_wrap sidebar_right' style='background-repeat: no-repeat; background-image: url(https:\/\/amazonia.fiocruz.br\/wp-content\/uploads\/2024\/12\/CURSOS-DOUTORADOS.jpg);background-attachment: scroll; background-position: top left;  '  data-section-bg-repeat='stretch' data-av_minimum_height_pc='50'><div class='container' ><main  role=\"main\" itemprop=\"mainContentOfPage\"  class='template-page content  av-content-small alpha units'><div class='post-entry post-entry-type-page post-entry-22411'><div class='entry-content-wrapper clearfix'>\n<div class=\"flex_column av_one_half  flex_column_div av-zero-column-padding first  avia-builder-el-1  avia-builder-el-no-sibling  \" style='border-radius:0px; '><div  style='padding-bottom:10px; color:#ffffff;font-size:30px;' class='av-special-heading av-special-heading-h3 custom-color-heading blockquote modern-quote  avia-builder-el-2  avia-builder-el-no-sibling  av-inherit-size '><h3 class='av-special-heading-tag '  itemprop=\"headline\"  >DOUTORADO EM <br \/>SA\u00daDE P\u00daBLICA<\/h3><div class ='av-subheading av-subheading_below av_custom_color ' style='font-size:18px;'><p>ILMD\/Fiocruz Amaz\u00f4nia<\/p>\n<\/div><div class='special-heading-border'><div class='special-heading-inner-border' style='border-color:#ffffff'><\/div><\/div><\/div><\/div>\n\n<\/div><\/div><\/main><!-- close content main element --><\/div><\/div><div class='clear'><\/div><div id='sub_menu1'  class='av-submenu-container header_color  avia-builder-el-3  el_after_av_section  el_before_av_section  av-sticky-submenu  submenu-not-first container_wrap sidebar_right' style='  z-index:301' ><div class='container av-menu-mobile-disabled '><ul id=\"menu-educacao\" class=\"av-subnav-menu av-submenu-pos-center\"><li id=\"menu-item-49955\" class=\"menu-item menu-item-type-custom menu-item-object-custom menu-item-top-level menu-item-top-level-1\"><a href=\"https:\/\/amazonia.fiocruz.br\/?page_id=15858\" itemprop=\"url\"><span class=\"avia-bullet\"><\/span><span class=\"avia-menu-text\">In\u00edcio<\/span><span class=\"avia-menu-fx\"><span class=\"avia-arrow-wrap\"><span class=\"avia-arrow\"><\/span><\/span><\/span><\/a><\/li>\n<li id=\"menu-item-49953\" class=\"menu-item menu-item-type-custom menu-item-object-custom menu-item-has-children menu-item-top-level menu-item-top-level-2\"><a href=\"https:\/\/amazonia.fiocruz.br\/?page_id=49950\" itemprop=\"url\"><span class=\"avia-bullet\"><\/span><span class=\"avia-menu-text\">Apresenta\u00e7\u00e3o<\/span><span class=\"avia-menu-fx\"><span class=\"avia-arrow-wrap\"><span class=\"avia-arrow\"><\/span><\/span><\/span><\/a>\n\n\n<ul class=\"sub-menu\">\n\t<li id=\"menu-item-49989\" class=\"menu-item menu-item-type-custom menu-item-object-custom\"><a href=\"https:\/\/amazonia.fiocruz.br\/?page_id=49987\" itemprop=\"url\"><span class=\"avia-bullet\"><\/span><span class=\"avia-menu-text\">Estrutura Administrativa e Or\u00e7amento<\/span><\/a><\/li>\n\t<li id=\"menu-item-52299\" class=\"menu-item menu-item-type-custom menu-item-object-custom\"><a href=\"https:\/\/amazonia.fiocruz.br\/?page_id=52297\" itemprop=\"url\"><span class=\"avia-bullet\"><\/span><span class=\"avia-menu-text\">Planos e Manuais<\/span><\/a><\/li>\n\t<li id=\"menu-item-50009\" class=\"menu-item menu-item-type-custom menu-item-object-custom\"><a href=\"https:\/\/amazonia.fiocruz.br\/?page_id=50007\" itemprop=\"url\"><span class=\"avia-bullet\"><\/span><span class=\"avia-menu-text\">Regimentos, Regulamentos e Resolu\u00e7\u00f5es<\/span><\/a><\/li>\n\t<li id=\"menu-item-50017\" class=\"menu-item menu-item-type-custom menu-item-object-custom\"><a href=\"https:\/\/amazonia.fiocruz.br\/?page_id=50015\" itemprop=\"url\"><span class=\"avia-bullet\"><\/span><span class=\"avia-menu-text\">Relat\u00f3rios e Revistas<\/span><\/a><\/li>\n<\/ul>\n<\/li>\n<li id=\"menu-item-49967\" class=\"menu-item menu-item-type-custom menu-item-object-custom menu-item-has-children menu-item-top-level menu-item-top-level-3\"><a href=\"https:\/\/amazonia.fiocruz.br\/?page_id=50359\" itemprop=\"url\"><span class=\"avia-bullet\"><\/span><span class=\"avia-menu-text\">\u00c1rea do Discente<\/span><span class=\"avia-menu-fx\"><span class=\"avia-arrow-wrap\"><span class=\"avia-arrow\"><\/span><\/span><\/span><\/a>\n\n\n<ul class=\"sub-menu\">\n\t<li id=\"menu-item-50114\" class=\"menu-item menu-item-type-custom menu-item-object-custom\"><a href=\"https:\/\/amazonia.fiocruz.br\/?page_id=41689\" itemprop=\"url\"><span class=\"avia-bullet\"><\/span><span class=\"avia-menu-text\">Secretaria Acad\u00eamica &#8211; SECA<\/span><\/a><\/li>\n\t<li id=\"menu-item-50115\" class=\"menu-item menu-item-type-custom menu-item-object-custom\"><a href=\"https:\/\/amazonia.fiocruz.br\/?page_id=41734\" itemprop=\"url\"><span class=\"avia-bullet\"><\/span><span class=\"avia-menu-text\">Servi\u00e7o de P\u00f3s-gradua\u00e7\u00e3o -POSGRAD<\/span><\/a><\/li>\n\t<li id=\"menu-item-50116\" class=\"menu-item menu-item-type-custom menu-item-object-custom\"><a href=\"https:\/\/amazonia.fiocruz.br\/?page_id=41333\" itemprop=\"url\"><span class=\"avia-bullet\"><\/span><span class=\"avia-menu-text\">Biblioteca<\/span><\/a><\/li>\n\t<li id=\"menu-item-50840\" class=\"menu-item menu-item-type-custom menu-item-object-custom\"><a href=\"https:\/\/amazonia.fiocruz.br\/?page_id=43883\" itemprop=\"url\"><span class=\"avia-bullet\"><\/span><span class=\"avia-menu-text\">Calend\u00e1rio Acad\u00eamico<\/span><\/a><\/li>\n\t<li id=\"menu-item-50142\" class=\"menu-item menu-item-type-custom menu-item-object-custom\"><a href=\"https:\/\/amazonia.fiocruz.br\/?page_id=27035\" itemprop=\"url\"><span class=\"avia-bullet\"><\/span><span class=\"avia-menu-text\">Defesas e Qualifica\u00e7\u00f5es<\/span><\/a><\/li>\n\t<li id=\"menu-item-50118\" class=\"menu-item menu-item-type-custom menu-item-object-custom\"><a href=\"https:\/\/amazonia.fiocruz.br\/?page_id=41689#regulamentos\" itemprop=\"url\"><span class=\"avia-bullet\"><\/span><span class=\"avia-menu-text\">Regulamentos dos Cursos<\/span><\/a><\/li>\n\t<li id=\"menu-item-51889\" class=\"menu-item menu-item-type-custom menu-item-object-custom\"><a href=\"https:\/\/amazonia.fiocruz.br\/?page_id=51882\" itemprop=\"url\"><span class=\"avia-bullet\"><\/span><span class=\"avia-menu-text\">Apoio ao Estudante<\/span><\/a><\/li>\n\t<li id=\"menu-item-52253\" class=\"menu-item menu-item-type-custom menu-item-object-custom\"><a href=\"https:\/\/amazonia.fiocruz.br\/?page_id=52239\" itemprop=\"url\"><span class=\"avia-bullet\"><\/span><span class=\"avia-menu-text\">Manual do Aluno<\/span><\/a><\/li>\n\t<li id=\"menu-item-50143\" class=\"menu-item menu-item-type-custom menu-item-object-custom\"><a href=\"https:\/\/amazonia.fiocruz.br\/?page_id=42865\" itemprop=\"url\"><span class=\"avia-bullet\"><\/span><span class=\"avia-menu-text\">Perguntas Frequentes<\/span><\/a><\/li>\n<\/ul>\n<\/li>\n<li id=\"menu-item-49958\" class=\"menu-item menu-item-type-custom menu-item-object-custom menu-item-has-children menu-item-top-level menu-item-top-level-4\"><a href=\"https:\/\/amazonia.fiocruz.br\/?page_id=49956\" itemprop=\"url\"><span class=\"avia-bullet\"><\/span><span class=\"avia-menu-text\">Cursos<\/span><span class=\"avia-menu-fx\"><span class=\"avia-arrow-wrap\"><span class=\"avia-arrow\"><\/span><\/span><\/span><\/a>\n\n\n<ul class=\"sub-menu\">\n\t<li id=\"menu-item-50158\" class=\"menu-item menu-item-type-custom menu-item-object-custom menu-item-has-children\"><a href=\"https:\/\/amazonia.fiocruz.br\/?page_id=15915\" itemprop=\"url\"><span class=\"avia-bullet\"><\/span><span class=\"avia-menu-text\">Doutorado<\/span><\/a>\n\t<ul class=\"sub-menu\">\n\t\t<li id=\"menu-item-50161\" class=\"menu-item menu-item-type-custom menu-item-object-custom\"><a href=\"https:\/\/amazonia.fiocruz.br\/?page_id=46033\" itemprop=\"url\"><span class=\"avia-bullet\"><\/span><span class=\"avia-menu-text\">Sa\u00fade P\u00fablica na Amaz\u00f4nia \u2013 DASPAM<\/span><\/a><\/li>\n\t\t<li id=\"menu-item-50162\" class=\"menu-item menu-item-type-custom menu-item-object-custom\"><a href=\"https:\/\/amazonia.fiocruz.br\/?page_id=44273\" itemprop=\"url\"><span class=\"avia-bullet\"><\/span><span class=\"avia-menu-text\">Biologia da Intera\u00e7\u00e3o Pat\u00f3geno Hospedeiro &#8211; PPGBIO-Intera\u00e7\u00e3o<\/span><\/a><\/li>\n\t\t<li id=\"menu-item-50159\" class=\"menu-item menu-item-type-custom menu-item-object-custom\"><a href=\"https:\/\/amazonia.fiocruz.br\/?page_id=22404\" itemprop=\"url\"><span class=\"avia-bullet\"><\/span><span class=\"avia-menu-text\">Ci\u00eancia (Encerrado)<\/span><\/a><\/li>\n\t\t<li id=\"menu-item-50160\" class=\"menu-item menu-item-type-custom menu-item-object-custom\"><a href=\"https:\/\/amazonia.fiocruz.br\/?page_id=22411\" itemprop=\"url\"><span class=\"avia-bullet\"><\/span><span class=\"avia-menu-text\">Sa\u00fade P\u00fablica (Encerrado)<\/span><\/a><\/li>\n\t<\/ul>\n<\/li>\n\t<li id=\"menu-item-50163\" class=\"menu-item menu-item-type-custom menu-item-object-custom menu-item-has-children\"><a href=\"https:\/\/amazonia.fiocruz.br\/?page_id=20466\" itemprop=\"url\"><span class=\"avia-bullet\"><\/span><span class=\"avia-menu-text\">Mestrado<\/span><\/a>\n\t<ul class=\"sub-menu\">\n\t\t<li id=\"menu-item-50164\" class=\"menu-item menu-item-type-custom menu-item-object-custom\"><a href=\"https:\/\/amazonia.fiocruz.br\/?page_id=47536\" itemprop=\"url\"><span class=\"avia-bullet\"><\/span><span class=\"avia-menu-text\">Profissional em Sa\u00fade da Fam\u00edlia &#8211; PROFSA\u00daDE<\/span><\/a><\/li>\n\t\t<li id=\"menu-item-50165\" class=\"menu-item menu-item-type-custom menu-item-object-custom\"><a href=\"https:\/\/amazonia.fiocruz.br\/?page_id=46054\" itemprop=\"url\"><span class=\"avia-bullet\"><\/span><span class=\"avia-menu-text\">Acad\u00eamico em Condi\u00e7\u00f5es de Vida e Situa\u00e7\u00f5es de Sa\u00fade na Amaz\u00f4nia &#8211; PPGVIDA<\/span><\/a><\/li>\n\t\t<li id=\"menu-item-50026\" class=\"menu-item menu-item-type-custom menu-item-object-custom\"><a href=\"https:\/\/amazonia.fiocruz.br\/?page_id=50553\" itemprop=\"url\"><span class=\"avia-bullet\"><\/span><span class=\"avia-menu-text\">Acad\u00eamico em Condi\u00e7\u00f5es de Vida e Situa\u00e7\u00f5es de Sa\u00fade na Amaz\u00f4nia &#8211; PPGVIDA: Sanitarista Ind\u00edgena<\/span><\/a><\/li>\n\t\t<li id=\"menu-item-50326\" class=\"menu-item menu-item-type-custom menu-item-object-custom\"><a href=\"https:\/\/amazonia.fiocruz.br\/?page_id=50555\" itemprop=\"url\"><span class=\"avia-bullet\"><\/span><span class=\"avia-menu-text\">Acad\u00eamico em Condi\u00e7\u00f5es de Vida e Situa\u00e7\u00f5es de Sa\u00fade na Amaz\u00f4nia &#8211; PPGVIDA: VIGIFRONTEIRAS<\/span><\/a><\/li>\n\t\t<li id=\"menu-item-50166\" class=\"menu-item menu-item-type-custom menu-item-object-custom\"><a href=\"https:\/\/amazonia.fiocruz.br\/?page_id=44273\" itemprop=\"url\"><span class=\"avia-bullet\"><\/span><span class=\"avia-menu-text\">Acad\u00eamico em Biologia da Intera\u00e7\u00e3o Pat\u00f3geno Hospedeiro &#8211; PPGBIO-Intera\u00e7\u00e3o<\/span><\/a><\/li>\n\t<\/ul>\n<\/li>\n\t<li id=\"menu-item-50066\" class=\"menu-item menu-item-type-custom menu-item-object-custom\"><a href=\"https:\/\/amazonia.fiocruz.br\/?page_id=50061\" itemprop=\"url\"><span class=\"avia-bullet\"><\/span><span class=\"avia-menu-text\">Est\u00e1gio P\u00f3s Doutoral<\/span><\/a><\/li>\n\t<li id=\"menu-item-50167\" class=\"menu-item menu-item-type-custom menu-item-object-custom\"><a href=\"https:\/\/amazonia.fiocruz.br\/?page_id=15875\" itemprop=\"url\"><span class=\"avia-bullet\"><\/span><span class=\"avia-menu-text\">Especializa\u00e7\u00e3o Lato Sensu<\/span><\/a><\/li>\n\t<li id=\"menu-item-50049\" class=\"menu-item menu-item-type-custom menu-item-object-custom\"><a href=\"https:\/\/amazonia.fiocruz.br\/?page_id=50047\" itemprop=\"url\"><span class=\"avia-bullet\"><\/span><span class=\"avia-menu-text\">Qualifica\u00e7\u00e3o Profissional<\/span><\/a><\/li>\n\t<li id=\"menu-item-50038\" class=\"menu-item menu-item-type-custom menu-item-object-custom\"><a href=\"https:\/\/amazonia.fiocruz.br\/?page_id=43523\" itemprop=\"url\"><span class=\"avia-bullet\"><\/span><span class=\"avia-menu-text\">Projeto QUALIFICASUS<\/span><\/a><\/li>\n<\/ul>\n<\/li>\n<li id=\"menu-item-49961\" class=\"menu-item menu-item-type-custom menu-item-object-custom menu-item-top-level menu-item-top-level-5\"><a href=\"https:\/\/amazonia.fiocruz.br\/?page_id=37110\" itemprop=\"url\"><span class=\"avia-bullet\"><\/span><span class=\"avia-menu-text\">Planejamento Estrat\u00e9gico e Autoavalia\u00e7\u00e3o<\/span><span class=\"avia-menu-fx\"><span class=\"avia-arrow-wrap\"><span class=\"avia-arrow\"><\/span><\/span><\/span><\/a><\/li>\n<li id=\"menu-item-49964\" class=\"menu-item menu-item-type-custom menu-item-object-custom menu-item-top-level menu-item-top-level-6\"><a href=\"https:\/\/amazonia.fiocruz.br\/?page_id=16314\" itemprop=\"url\"><span class=\"avia-bullet\"><\/span><span class=\"avia-menu-text\">Chamadas P\u00fablicas<\/span><span class=\"avia-menu-fx\"><span class=\"avia-arrow-wrap\"><span class=\"avia-arrow\"><\/span><\/span><\/span><\/a><\/li>\n<li id=\"menu-item-50105\" class=\"menu-item menu-item-type-custom menu-item-object-custom menu-item-top-level menu-item-top-level-7\"><a href=\"https:\/\/amazonia.fiocruz.br\/?page_id=50103\" itemprop=\"url\"><span class=\"avia-bullet\"><\/span><span class=\"avia-menu-text\">Acompanhamento de Egressos<\/span><span class=\"avia-menu-fx\"><span class=\"avia-arrow-wrap\"><span class=\"avia-arrow\"><\/span><\/span><\/span><\/a><\/li>\n<li id=\"menu-item-49970\" class=\"menu-item menu-item-type-custom menu-item-object-custom menu-item-top-level menu-item-top-level-8\"><a href=\"https:\/\/amazonia.fiocruz.br\/?page_id=49968\" itemprop=\"url\"><span class=\"avia-bullet\"><\/span><span class=\"avia-menu-text\">Fale Conosco<\/span><span class=\"avia-menu-fx\"><span class=\"avia-arrow-wrap\"><span class=\"avia-arrow\"><\/span><\/span><\/span><\/a><\/li>\n<\/ul><\/div><\/div><div class='sticky_placeholder'><\/div>\n<div id='pos'  class='avia-section main_color avia-section-default avia-no-border-styling  av-section-color-overlay-active avia-bg-style-fixed  avia-builder-el-4  el_after_av_submenu  el_before_av_one_full   container_wrap sidebar_right' style=' '  ><div class='av-section-color-overlay-wrap'><div class='av-section-color-overlay' style='opacity: 0.5; '><\/div><div class='container' ><div class='template-page content  av-content-small alpha units'><div class='post-entry post-entry-type-page post-entry-22411'><div class='entry-content-wrapper clearfix'>\n<div  style='padding-bottom:10px; font-size:40px;' class='av-special-heading av-special-heading-h4  blockquote modern-quote modern-centered  avia-builder-el-5  el_before_av_hr  avia-builder-el-first  av-thin-font av-inherit-size '><h4 class='av-special-heading-tag '  itemprop=\"headline\"  ><strong>Doutorado em Sa\u00fade P\u00fablica<br \/>(encerrado)<\/strong><\/h4><div class='special-heading-border'><div class='special-heading-inner-border' ><\/div><\/div><\/div>\n<div   class='hr hr-short hr-center   avia-builder-el-6  el_after_av_heading  el_before_av_one_half '><span class='hr-inner ' ><span class='hr-inner-style'><\/span><\/span><\/div>\n<div class=\"flex_column av_one_half  flex_column_div first  avia-builder-el-7  el_after_av_hr  el_before_av_one_half  \" ><section class=\"av_textblock_section \"  itemscope=\"itemscope\" itemtype=\"https:\/\/schema.org\/CreativeWork\" ><div class='avia_textblock  '  style='font-size:15px; '  itemprop=\"text\" ><p><b>Objetivo:<\/b><\/p>\n<p>Formar doutores e docentes comprometidos com uma vis\u00e3o contempor\u00e2nea da tem\u00e1tica regional, nacional e internacional na \u00e1rea da sa\u00fade coletiva.<\/p>\n<p class=\"av-special-heading-tag\"><b>P\u00fablico-Alvo:<\/b><\/p>\n<div class=\"av-subheading av-subheading_below \">\n<p>Pesquisadores de institui\u00e7\u00f5es locais que tenham potencialidade para ofertarem, futuramente, programas de p\u00f3s-gradua\u00e7\u00e3o, provendo sustentabilidade \u00e0 forma\u00e7\u00e3o de pesquisadores-doutores na regi\u00e3o.<\/p>\n<\/div>\n<div class=\"av-subheading av-subheading_below \"><\/div>\n<\/div><\/section><\/div><div class=\"flex_column av_one_half  flex_column_div av-zero-column-padding   avia-builder-el-9  el_after_av_one_half  avia-builder-el-last  \" style='border-radius:0px; '><section class=\"av_textblock_section \"  itemscope=\"itemscope\" itemtype=\"https:\/\/schema.org\/CreativeWork\" ><div class='avia_textblock  '  style='font-size:15px; '  itemprop=\"text\" ><p><strong>Apoio:<\/strong><\/p>\n<div class=\"av-subheading av-subheading_below \">\n<p>O curso \u00e9 fruto de uma parceria do ILMD com cinco programas de p\u00f3s-gradua\u00e7\u00e3o de tr\u00eas diferentes unidades da Fiocruz:<\/p>\n<p>Sa\u00fade P\u00fablica, Epidemiologia em Sa\u00fade P\u00fablica e Meio Ambiente, da Escola Nacional de Sa\u00fade P\u00fablica S\u00e9rgio Arouca (Ensp\/Fiocruz Rio de Janeiro);<\/p>\n<p>Sa\u00fade P\u00fablica, do Centro de Pesquisa Aggeu Magalh\u00e3es (CPqAM\/Fiocruz Pernambuco);<\/p>\n<p>Sa\u00fade da Crian\u00e7a e da Mulher, do Instituto Fernandes Figueira (IFF\/Fiocruz Rio de Janeiro.<\/p>\n<p>A primeira experi\u00eancia do curso em Manaus foi iniciada em 2005 e produziu excelentes resultados.<\/p>\n<p>A abertura da segunda turma, em 2010, teve o apoio da Funda\u00e7\u00e3o de Amparo \u00e0 Pesquisa do Estado do Amazonas (Fapeam).<\/p>\n<\/div>\n<div class=\"av-subheading av-subheading_below \"><\/div>\n<div class=\"av-subheading av-subheading_below \"><\/div>\n<\/div><\/section><\/div>\n<\/div><\/div><\/div><!-- close content main div --><\/div><\/div><\/div><div id='after_section_2'  class='main_color av_default_container_wrap container_wrap sidebar_right' style=' '  ><div class='container' ><div class='template-page content  av-content-small alpha units'><div class='post-entry post-entry-type-page post-entry-22411'><div class='entry-content-wrapper clearfix'>\n<div class=\"flex_column av_one_full  flex_column_div first  avia-builder-el-11  el_after_av_section  avia-builder-el-no-sibling  \" ><p><div  style='padding-bottom:10px; font-size:30px;' class='av-special-heading av-special-heading-h4  blockquote modern-quote modern-centered  avia-builder-el-12  el_before_av_testimonials  avia-builder-el-first  av-thin-font av-inherit-size '><h4 class='av-special-heading-tag '  itemprop=\"headline\"  ><strong>Coordena\u00e7\u00e3o do Curso<\/strong><\/h4><div class='special-heading-border'><div class='special-heading-inner-border' ><\/div><\/div><\/div><br \/>\n<div   data-autoplay='1'  data-interval='5'  data-animation='fade'  data-hoverpause='1'  class='avia-testimonial-wrapper avia-grid-testimonials avia-grid-1-testimonials avia_animate_when_almost_visible   '>\n<section class ='avia-testimonial-row'><div class='avia-testimonial av_one_full flex_column no_margin avia-testimonial-row-1 avia-first-testimonialavia-last-testimonial' ><div class='avia-testimonial_inner'  itemscope=\"itemscope\" itemtype=\"https:\/\/schema.org\/CreativeWork\" ><div class='avia-testimonial-image'  itemprop=\"image\"  style='background-image:url(https:\/\/amazonia.fiocruz.br\/wp-content\/uploads\/2017\/11\/julio.png);'><\/div><div class='avia-testimonial-content '  ><div class='avia-testimonial-markup-entry-content'  itemprop=\"text\" ><\/div><\/div><div class='avia-testimonial-meta'><div class='avia-testimonial-arrow-wrap'><div class='avia-arrow'><\/div><\/div><div class='avia-testimonial-meta-mini'  itemprop=\"author\" itemscope=\"itemscope\" itemtype=\"https:\/\/schema.org\/Person\" ><strong  class='avia-testimonial-name'    itemprop=\"name\" >Coordenador<\/strong><span  class='avia-testimonial-subtitle '    itemprop=\"jobTitle\" >J\u00falio Cesar Schweickardt (ILMD\/Fiocruz).<\/span><\/div><\/div><\/div><\/div><\/section>\n<\/div><\/p><\/div>\n","protected":false},"excerpt":{"rendered":"","protected":false},"author":26,"featured_media":0,"parent":0,"menu_order":0,"comment_status":"closed","ping_status":"closed","template":"","meta":{"footnotes":""},"class_list":["post-22411","page","type-page","status-publish","hentry"],"_links":{"self":[{"href":"https:\/\/amazonia.fiocruz.br\/index.php?rest_route=\/wp\/v2\/pages\/22411","targetHints":{"allow":["GET"]}}],"collection":[{"href":"https:\/\/amazonia.fiocruz.br\/index.php?rest_route=\/wp\/v2\/pages"}],"about":[{"href":"https:\/\/amazonia.fiocruz.br\/index.php?rest_route=\/wp\/v2\/types\/page"}],"author":[{"embeddable":true,"href":"https:\/\/amazonia.fiocruz.br\/index.php?rest_route=\/wp\/v2\/users\/26"}],"replies":[{"embeddable":true,"href":"https:\/\/amazonia.fiocruz.br\/index.php?rest_route=%2Fwp%2Fv2%2Fcomments&post=22411"}],"version-history":[{"count":7,"href":"https:\/\/amazonia.fiocruz.br\/index.php?rest_route=\/wp\/v2\/pages\/22411\/revisions"}],"predecessor-version":[{"id":52330,"href":"https:\/\/amazonia.fiocruz.br\/index.php?rest_route=\/wp\/v2\/pages\/22411\/revisions\/52330"}],"wp:attachment":[{"href":"https:\/\/amazonia.fiocruz.br\/index.php?rest_route=%2Fwp%2Fv2%2Fmedia&parent=22411"}],"curies":[{"name":"wp","href":"https:\/\/api.w.org\/{rel}","templated":true}]}}