{"id":20466,"date":"2018-04-17T12:35:39","date_gmt":"2018-04-17T12:35:39","guid":{"rendered":"https:\/\/amazonia.fiocruz.br\/?page_id=20466"},"modified":"2024-12-23T00:29:30","modified_gmt":"2024-12-23T04:29:30","slug":"mestrado-2","status":"publish","type":"page","link":"https:\/\/amazonia.fiocruz.br\/?page_id=20466","title":{"rendered":"Mestrado"},"content":{"rendered":"<div id='av_section_1'  class='avia-section main_color avia-section-default avia-no-shadow  avia-full-stretch avia-bg-style-scroll  avia-builder-el-0  el_before_av_section  avia-builder-el-first   av-minimum-height av-minimum-height-50  container_wrap sidebar_right' style='background-repeat: no-repeat; background-image: url(https:\/\/amazonia.fiocruz.br\/wp-content\/uploads\/2024\/12\/mestrado-1.jpg);background-attachment: scroll; background-position: top left;  '  data-section-bg-repeat='stretch' data-av_minimum_height_pc='50'><div class='container' ><main  role=\"main\" itemprop=\"mainContentOfPage\"  class='template-page content  av-content-small alpha units'><div class='post-entry post-entry-type-page post-entry-20466'><div class='entry-content-wrapper clearfix'>\n<div class=\"flex_column av_one_half  flex_column_div av-zero-column-padding first  avia-builder-el-1  avia-builder-el-no-sibling  \" style='border-radius:0px; '><div  style='padding-bottom:10px; color:#ffffff;font-size:30px;' class='av-special-heading av-special-heading-h3 custom-color-heading blockquote modern-quote  avia-builder-el-2  avia-builder-el-no-sibling  av-inherit-size '><h3 class='av-special-heading-tag '  itemprop=\"headline\"  >MESTRADO<\/h3><div class ='av-subheading av-subheading_below av_custom_color ' style='font-size:18px;'><p>Educa\u00e7\u00e3o &#8211; ILMD\/Fiocruz Amaz\u00f4nia<\/p>\n<\/div><div class='special-heading-border'><div class='special-heading-inner-border' style='border-color:#ffffff'><\/div><\/div><\/div><\/div><\/div><\/div><\/main><!-- close content main element --><\/div><\/div><div id='cursos'  class='avia-section alternate_color avia-section-default avia-no-border-styling  avia-bg-style-scroll  avia-builder-el-3  el_after_av_section  avia-builder-el-last   av-minimum-height av-minimum-height-50  container_wrap sidebar_right' style=' '   data-av_minimum_height_pc='50'><div class='container' ><div class='template-page content  av-content-small alpha units'><div class='post-entry post-entry-type-page post-entry-20466'><div class='entry-content-wrapper clearfix'>\n<div class=\"flex_column av_one_full  flex_column_div first  avia-builder-el-4  el_before_av_one_fourth  avia-builder-el-first  \" ><section class=\"av_textblock_section \"  itemscope=\"itemscope\" itemtype=\"https:\/\/schema.org\/CreativeWork\" ><div class='avia_textblock  '   itemprop=\"text\" ><h2><span style=\"color: #000000;\">CURSOS DE MESTRADO<\/span><\/h2>\n<p><span style=\"color: #808080;\">Acad\u00eamico e Profissional<\/span><\/p>\n<hr \/>\n<\/div><\/section><\/div><div class=\"flex_column av_one_fourth  flex_column_div av-zero-column-padding first  avia-builder-el-6  el_after_av_one_full  el_before_av_one_fourth  column-top-margin\" style='border-radius:0px; '><p><section class=\"av_textblock_section \"  itemscope=\"itemscope\" itemtype=\"https:\/\/schema.org\/CreativeWork\" ><div class='avia_textblock  '   itemprop=\"text\" ><p><a href=\"https:\/\/amazonia.fiocruz.br\/?page_id=47536\"><img decoding=\"async\" class=\"avia-img-lazy-loading-not-42933 avia_image wp-image-42933 size-medium aligncenter\" title=\"logo-profsaude\" src=\"https:\/\/amazonia.fiocruz.br\/wp-content\/uploads\/2024\/04\/logo-profsaude-300x300.png\" alt=\"\" width=\"300\" height=\"300\" srcset=\"https:\/\/amazonia.fiocruz.br\/wp-content\/uploads\/2024\/04\/logo-profsaude-300x300.png 300w, https:\/\/amazonia.fiocruz.br\/wp-content\/uploads\/2024\/04\/logo-profsaude-1030x1030.png 1030w, https:\/\/amazonia.fiocruz.br\/wp-content\/uploads\/2024\/04\/logo-profsaude-80x80.png 80w, https:\/\/amazonia.fiocruz.br\/wp-content\/uploads\/2024\/04\/logo-profsaude-768x769.png 768w, https:\/\/amazonia.fiocruz.br\/wp-content\/uploads\/2024\/04\/logo-profsaude-36x36.png 36w, https:\/\/amazonia.fiocruz.br\/wp-content\/uploads\/2024\/04\/logo-profsaude-180x180.png 180w, https:\/\/amazonia.fiocruz.br\/wp-content\/uploads\/2024\/04\/logo-profsaude-705x705.png 705w, https:\/\/amazonia.fiocruz.br\/wp-content\/uploads\/2024\/04\/logo-profsaude.png 1095w\" sizes=\"(max-width: 300px) 100vw, 300px\" \/><\/a><\/p>\n<\/div><\/section><br \/>\n<section class=\"av_textblock_section \"  itemscope=\"itemscope\" itemtype=\"https:\/\/schema.org\/CreativeWork\" ><div class='avia_textblock  '   itemprop=\"text\" ><h3 style=\"text-align: center;\"><span style=\"color: #000000;\">Mestrado Profissional em Sa\u00fade da Fam\u00edlia<\/span><\/h3>\n<h5 style=\"text-align: center;\"><span style=\"color: #808080;\">PROFSA\u00daDE<\/span><\/h5>\n<\/div><\/section><\/p><\/div><div class=\"flex_column av_one_fourth  flex_column_div av-zero-column-padding   avia-builder-el-9  el_after_av_one_fourth  el_before_av_one_fourth  column-top-margin\" style='border-radius:0px; '><p><section class=\"av_textblock_section \"  itemscope=\"itemscope\" itemtype=\"https:\/\/schema.org\/CreativeWork\" ><div class='avia_textblock  '   itemprop=\"text\" ><p><a href=\"https:\/\/amazonia.fiocruz.br\/?page_id=46054\"><img decoding=\"async\" class=\"avia-img-lazy-loading-not-42931 avia_image wp-image-42931 size-medium aligncenter\" title=\"Untitled-1\" src=\"https:\/\/amazonia.fiocruz.br\/wp-content\/uploads\/2024\/04\/Untitled-1-1-300x300.png\" alt=\"\" width=\"300\" height=\"300\" srcset=\"https:\/\/amazonia.fiocruz.br\/wp-content\/uploads\/2024\/04\/Untitled-1-1-300x300.png 300w, https:\/\/amazonia.fiocruz.br\/wp-content\/uploads\/2024\/04\/Untitled-1-1-1030x1030.png 1030w, https:\/\/amazonia.fiocruz.br\/wp-content\/uploads\/2024\/04\/Untitled-1-1-80x80.png 80w, https:\/\/amazonia.fiocruz.br\/wp-content\/uploads\/2024\/04\/Untitled-1-1-768x769.png 768w, https:\/\/amazonia.fiocruz.br\/wp-content\/uploads\/2024\/04\/Untitled-1-1-36x36.png 36w, https:\/\/amazonia.fiocruz.br\/wp-content\/uploads\/2024\/04\/Untitled-1-1-180x180.png 180w, https:\/\/amazonia.fiocruz.br\/wp-content\/uploads\/2024\/04\/Untitled-1-1-705x705.png 705w, https:\/\/amazonia.fiocruz.br\/wp-content\/uploads\/2024\/04\/Untitled-1-1.png 1095w\" sizes=\"(max-width: 300px) 100vw, 300px\" \/><\/a><\/p>\n<\/div><\/section><br \/>\n<section class=\"av_textblock_section \"  itemscope=\"itemscope\" itemtype=\"https:\/\/schema.org\/CreativeWork\" ><div class='avia_textblock  '   itemprop=\"text\" ><h3 style=\"text-align: center;\"><span style=\"color: #000000;\">Mestrado Acad\u00eamico em Condi\u00e7\u00f5es de Vida e Situa\u00e7\u00f5es de Sa\u00fade na Amaz\u00f4nia<\/span><\/h3>\n<h5 style=\"text-align: center;\"><span style=\"color: #808080;\">PPGVIDA<\/span><\/h5>\n<\/div><\/section><\/p><\/div><div class=\"flex_column av_one_fourth  flex_column_div av-zero-column-padding   avia-builder-el-12  el_after_av_one_fourth  el_before_av_one_fourth  column-top-margin\" style='border-radius:0px; '><p><section class=\"av_textblock_section \"  itemscope=\"itemscope\" itemtype=\"https:\/\/schema.org\/CreativeWork\" ><div class='avia_textblock  '   itemprop=\"text\" ><p><a href=\"https:\/\/amazonia.fiocruz.br\/?page_id=44273\"><img decoding=\"async\" class=\"avia-img-lazy-loading-not-42928 avia_image wp-image-42928 size-medium aligncenter\" title=\"Sem t\u00edtulo\" src=\"https:\/\/amazonia.fiocruz.br\/wp-content\/uploads\/2024\/04\/Sem-titulo-300x300.jpeg\" alt=\"\" width=\"300\" height=\"300\" srcset=\"https:\/\/amazonia.fiocruz.br\/wp-content\/uploads\/2024\/04\/Sem-titulo-300x300.jpeg 300w, https:\/\/amazonia.fiocruz.br\/wp-content\/uploads\/2024\/04\/Sem-titulo-80x80.jpeg 80w, https:\/\/amazonia.fiocruz.br\/wp-content\/uploads\/2024\/04\/Sem-titulo-768x768.jpeg 768w, https:\/\/amazonia.fiocruz.br\/wp-content\/uploads\/2024\/04\/Sem-titulo-36x36.jpeg 36w, https:\/\/amazonia.fiocruz.br\/wp-content\/uploads\/2024\/04\/Sem-titulo-180x180.jpeg 180w, https:\/\/amazonia.fiocruz.br\/wp-content\/uploads\/2024\/04\/Sem-titulo-705x705.jpeg 705w, https:\/\/amazonia.fiocruz.br\/wp-content\/uploads\/2024\/04\/Sem-titulo.jpeg 842w\" sizes=\"(max-width: 300px) 100vw, 300px\" \/><\/a><\/p>\n<\/div><\/section><br \/>\n<section class=\"av_textblock_section \"  itemscope=\"itemscope\" itemtype=\"https:\/\/schema.org\/CreativeWork\" ><div class='avia_textblock  '   itemprop=\"text\" ><h3 style=\"text-align: center;\"><span style=\"color: #000000;\">Mestrado Acad\u00eamico em Biologia da Intera\u00e7\u00e3o Pat\u00f3geno Hospedeiro<\/span><\/h3>\n<h5 style=\"text-align: center;\"><span style=\"color: #808080;\">PPGBIO-Intera\u00e7\u00e3o<\/span><\/h5>\n<\/div><\/section><\/p><\/div><div class=\"flex_column av_one_fourth  flex_column_div av-zero-column-padding   avia-builder-el-15  el_after_av_one_fourth  avia-builder-el-last  column-top-margin\" style='border-radius:0px; '><\/div>\n<\/div><\/div><\/div><!-- close content main div --><\/div><\/div><div id='after_section_2'  class='main_color av_default_container_wrap container_wrap sidebar_right' style=' '  ><div class='container' ><div class='template-page content  av-content-small alpha units'><div class='post-entry post-entry-type-page post-entry-20466'><div class='entry-content-wrapper clearfix'><\/p>\n","protected":false},"excerpt":{"rendered":"","protected":false},"author":26,"featured_media":0,"parent":0,"menu_order":0,"comment_status":"closed","ping_status":"closed","template":"","meta":{"footnotes":""},"class_list":["post-20466","page","type-page","status-publish","hentry"],"_links":{"self":[{"href":"https:\/\/amazonia.fiocruz.br\/index.php?rest_route=\/wp\/v2\/pages\/20466","targetHints":{"allow":["GET"]}}],"collection":[{"href":"https:\/\/amazonia.fiocruz.br\/index.php?rest_route=\/wp\/v2\/pages"}],"about":[{"href":"https:\/\/amazonia.fiocruz.br\/index.php?rest_route=\/wp\/v2\/types\/page"}],"author":[{"embeddable":true,"href":"https:\/\/amazonia.fiocruz.br\/index.php?rest_route=\/wp\/v2\/users\/26"}],"replies":[{"embeddable":true,"href":"https:\/\/amazonia.fiocruz.br\/index.php?rest_route=%2Fwp%2Fv2%2Fcomments&post=20466"}],"version-history":[{"count":17,"href":"https:\/\/amazonia.fiocruz.br\/index.php?rest_route=\/wp\/v2\/pages\/20466\/revisions"}],"predecessor-version":[{"id":52442,"href":"https:\/\/amazonia.fiocruz.br\/index.php?rest_route=\/wp\/v2\/pages\/20466\/revisions\/52442"}],"wp:attachment":[{"href":"https:\/\/amazonia.fiocruz.br\/index.php?rest_route=%2Fwp%2Fv2%2Fmedia&parent=20466"}],"curies":[{"name":"wp","href":"https:\/\/api.w.org\/{rel}","templated":true}]}}