{"id":17922,"date":"2017-02-08T15:43:55","date_gmt":"2017-02-08T15:43:55","guid":{"rendered":"https:\/\/192.168.240.20\/?page_id=17922"},"modified":"2025-11-13T16:01:38","modified_gmt":"2025-11-13T20:01:38","slug":"linhasdepesquisa","status":"publish","type":"page","link":"https:\/\/amazonia.fiocruz.br\/?page_id=17922","title":{"rendered":"Linhas de Pesquisa"},"content":{"rendered":"<div id='av_section_1'  class='avia-section main_color avia-section-default avia-no-shadow  avia-full-stretch avia-bg-style-scroll  avia-builder-el-0  el_before_av_section  avia-builder-el-first   av-minimum-height av-minimum-height-50  container_wrap sidebar_right' style='background-repeat: no-repeat; background-image: url(https:\/\/amazonia.fiocruz.br\/wp-content\/uploads\/2025\/02\/Testeira-Lab.jpg);background-attachment: scroll; background-position: center left;  '  data-section-bg-repeat='stretch' data-av_minimum_height_pc='50'><div class='container' ><main  role=\"main\" itemprop=\"mainContentOfPage\"  class='template-page content  av-content-small alpha units'><div class='post-entry post-entry-type-page post-entry-17922'><div class='entry-content-wrapper clearfix'>\n<div class=\"flex_column av_two_fifth  flex_column_div av-zero-column-padding first  avia-builder-el-1  avia-builder-el-no-sibling  \" style='border-radius:0px; '><div  style='padding-bottom:10px; color:#ffffff;font-size:30px;' class='av-special-heading av-special-heading-h3 custom-color-heading blockquote modern-quote  avia-builder-el-2  avia-builder-el-no-sibling  av-inherit-size '><h3 class='av-special-heading-tag '  itemprop=\"headline\"  >LINHAS DE PESQUISA<\/h3><div class ='av-subheading av-subheading_below av_custom_color ' style='font-size:18px;'><p>ILMD\/Fiocruz Amaz\u00f4nia<\/p>\n<\/div><div class='special-heading-border'><div class='special-heading-inner-border' style='border-color:#ffffff'><\/div><\/div><\/div><\/div>\n\n<\/div><\/div><\/main><!-- close content main element --><\/div><\/div><div id='linhaspesquisas'  class='avia-section alternate_color avia-section-small avia-no-shadow  avia-bg-style-scroll  avia-builder-el-3  el_after_av_section  avia-builder-el-last   av-minimum-height av-minimum-height-50  container_wrap sidebar_right' style=' '   data-av_minimum_height_pc='50'><div class='container' ><div class='template-page content  av-content-small alpha units'><div class='post-entry post-entry-type-page post-entry-17922'><div class='entry-content-wrapper clearfix'>\n<div class=\"flex_column av_one_fifth  flex_column_div av-zero-column-padding first  avia-builder-el-4  el_before_av_one_half  avia-builder-el-first  \" style='border-radius:0px; '><\/div><div class=\"flex_column av_one_half  flex_column_div av-zero-column-padding   avia-builder-el-5  el_after_av_one_fifth  el_before_av_one_fifth  \" style='border-radius:0px; '><p><div  style='height:30px' class='hr hr-invisible   avia-builder-el-6  el_before_av_heading  avia-builder-el-first '><span class='hr-inner ' ><span class='hr-inner-style'><\/span><\/span><\/div><br \/>\n<div  style='padding-bottom:10px; font-size:50px;' class='av-special-heading av-special-heading-h3  blockquote modern-quote modern-centered  avia-builder-el-7  el_after_av_hr  avia-builder-el-last  av-thin-font av-inherit-size '><h3 class='av-special-heading-tag '  itemprop=\"headline\"  > <strong>Laborat\u00f3rios e Linhas de Pesquisa<\/strong><\/h3><div class='special-heading-border'><div class='special-heading-inner-border' ><\/div><\/div><\/div><\/p><\/div><div class=\"flex_column av_one_fifth  flex_column_div av-zero-column-padding   avia-builder-el-8  el_after_av_one_half  el_before_av_one_half  \" style='border-radius:0px; '><\/div><div class=\"flex_column av_one_half  flex_column_div av-zero-column-padding first  avia-builder-el-9  el_after_av_one_fifth  el_before_av_one_half  column-top-margin\" style='background-color:#ffffff; border-radius:0px; '><p><div   class=\"togglecontainer   toggle_close_all  avia-builder-el-10  el_before_av_hr  avia-builder-el-first \" >\n<section class=\"av_toggle_section\"  itemscope=\"itemscope\" itemtype=\"https:\/\/schema.org\/CreativeWork\"  >    <div role=\"tablist\" class=\"single_toggle\" data-tags=\"{Todos} \"  >        <p data-fake-id=\"#toggle-id-1\" class=\"toggler  hasCustomColor av-inherit-font-color \"  itemprop=\"headline\"  style='color: #6d6d6d; '  role=\"tab\" tabindex=\"0\" aria-controls=\"toggle-id-1\"><b>Laborat\u00f3rio de Diagn\u00f3stico e Controle de Doen\u00e7as Infecciosas na Amaz\u00f4nia - DCDIA<\/b><span class=\"toggle_icon\" style='border-color:#6d6d6d;'>        <span class=\"vert_icon\"><\/span><span class=\"hor_icon\"><\/span><\/span><\/p>        <div id=\"toggle-id-1\" class=\"toggle_wrap \"   >            <div class=\"toggle_content invers-color  av-inherit-font-color \"  itemprop=\"text\"  style='color: #6d6d6d; ' ><ul>\n<li style=\"text-align: justify;\">Biologia celular e molecular de v\u00edrus e a sua intera\u00e7\u00e3o com c\u00e9lulas hospedeiras, drogas antivirais e resist\u00eancia; Imunopatologia e resposta imunol\u00f3gica nas infec\u00e7\u00f5es virais.<\/li>\n<li style=\"text-align: justify;\">Parasitologia: Biologia, bioqu\u00edmica e biologia molecular de parasitos e a sua intera\u00e7\u00e3o com c\u00e9lulas e hospedeiros; Pesquisa de transmiss\u00e3o e preven\u00e7\u00e3o, de novas drogas, alvos terap\u00eauticos e mecanismos de a\u00e7\u00e3o de f\u00e1rmacos, e de resist\u00eancia; Imunopatologia e resposta imunol\u00f3gica nas infec\u00e7\u00f5es parasitol\u00f3gicas.<\/li>\n<li style=\"text-align: justify;\">Imunobiologia e imunorregula\u00e7\u00e3o, imunopatologia das infec\u00e7\u00f5es, das doen\u00e7as cr\u00f4nicas n\u00e3o transmiss\u00edveis e das alergias.<\/li>\n<li style=\"text-align: justify;\">Prote\u00f4mica de microrganismos e parasitos; de organismos eucariotos, e do ser humano; desenvolvimento e acompanhamento de biomarcadores; prote\u00f4mica computacional; Metaboloma, bioqu\u00edmica e mapeamento.<\/li>\n<li style=\"text-align: justify;\">Pesquisa Cl\u00ednica e Ensaios Cl\u00ednicos: Estudos de valida\u00e7\u00e3o cl\u00ednica dos reagentes para diagn\u00f3stico para doen\u00e7as relevantes para a sa\u00fade no Brasil; Estudos de coortes em doen\u00e7as infecciosas ou doen\u00e7as cr\u00f4nicas n\u00e3o transmiss\u00edveis; Biomarcadores de evolu\u00e7\u00e3o cl\u00ednica, progn\u00f3stico terap\u00eautico e prote\u00e7\u00e3o vacinal em doen\u00e7as infecciosas; DST, HIV.<\/li>\n<li style=\"text-align: justify;\">Pesquisa e Desenvolvimento de biof\u00e1rmacos, anticorpos, e outras macromol\u00e9culas terap\u00eauticas; Bioprospec\u00e7\u00e3o e desenvolvimento de bioensaios; Triagem biol\u00f3gica de produtos naturais e subst\u00e2ncias sint\u00e9ticas na busca de novos f\u00e1rmacos.<\/li>\n<li style=\"text-align: justify;\">Pesquisa e Desenvolvimento e aplica\u00e7\u00e3o de metodologias de isolamento de agentes infecciosos, e do diagn\u00f3stico sorol\u00f3gicos e molecular de doen\u00e7as virais e de doen\u00e7as parasit\u00e1rias; Pesquisa, Desenvolvimento de novas tecnologias para diagn\u00f3sticos r\u00e1pidos, miniaturizados, automa\u00e7\u00e3o, moleculares, biossensores, nanotecnologias para diagn\u00f3stico.<\/li>\n<li style=\"text-align: justify;\">Pesquisa e Desenvolvimento de vacinas antiparasit\u00e1rias.<\/li>\n<\/ul>\n            <\/div>        <\/div>    <\/div><\/section>\n<section class=\"av_toggle_section\"  itemscope=\"itemscope\" itemtype=\"https:\/\/schema.org\/CreativeWork\"  >    <div role=\"tablist\" class=\"single_toggle\" data-tags=\"{Todos} \"  >        <p data-fake-id=\"#toggle-id-2\" class=\"toggler  hasCustomColor av-inherit-font-color \"  itemprop=\"headline\"  style='color: #6d6d6d; '  role=\"tab\" tabindex=\"0\" aria-controls=\"toggle-id-2\"><b>Laborat\u00f3rio Diversidade Microbiana da Amaz\u00f4nia com Import\u00e2ncia para a Sa\u00fade - DMAIS<\/b><span class=\"toggle_icon\" style='border-color:#6d6d6d;'>        <span class=\"vert_icon\"><\/span><span class=\"hor_icon\"><\/span><\/span><\/p>        <div id=\"toggle-id-2\" class=\"toggle_wrap \"   >            <div class=\"toggle_content invers-color  av-inherit-font-color \"  itemprop=\"text\"  style='color: #6d6d6d; ' ><ul>\n<li style=\"text-align: justify;\">Microbiologia em Sa\u00fade e Ambiente;<\/li>\n<li style=\"text-align: justify;\">Gen\u00f4mica, Prote\u00f4mica, Biologia de Sistemas, Biologia Sint\u00e9tica, Computa\u00e7\u00e3o Cient\u00edfica;<\/li>\n<li style=\"text-align: justify;\">Parasitologia;<\/li>\n<li style=\"text-align: justify;\">Gen\u00e9tica e Epidemiologia Molecular em Sa\u00fade, farmacogen\u00e9tica;<\/li>\n<li style=\"text-align: justify;\">Pesquisa e Desenvolvimento de f\u00e1rmacos e medicamentos<\/li>\n<\/ul>\n            <\/div>        <\/div>    <\/div><\/section>\n<section class=\"av_toggle_section\"  itemscope=\"itemscope\" itemtype=\"https:\/\/schema.org\/CreativeWork\"  >    <div role=\"tablist\" class=\"single_toggle\" data-tags=\"{Todos} \"  >        <p data-fake-id=\"#toggle-id-3\" class=\"toggler  hasCustomColor av-inherit-font-color \"  itemprop=\"headline\"  style='color: #6d6d6d; '  role=\"tab\" tabindex=\"0\" aria-controls=\"toggle-id-3\"><b>Laborat\u00f3rio Ecologia de Doen\u00e7as Transmiss\u00edveis na Amaz\u00f4nia - EDTA<\/b><span class=\"toggle_icon\" style='border-color:#6d6d6d;'>        <span class=\"vert_icon\"><\/span><span class=\"hor_icon\"><\/span><\/span><\/p>        <div id=\"toggle-id-3\" class=\"toggle_wrap \"   >            <div class=\"toggle_content invers-color  av-inherit-font-color \"  itemprop=\"text\"  style='color: #6d6d6d; ' ><ul>\n<li style=\"text-align: justify;\">Entomologia, Biologia de Vetores e Reservat\u00f3rios de agentes infecciosos;<\/li>\n<li style=\"text-align: justify;\">Parasitologia;<\/li>\n<li style=\"text-align: justify;\">Vigil\u00e2ncia em sa\u00fade;<\/li>\n<li style=\"text-align: justify;\">Virologia e sa\u00fade.<\/li>\n<\/ul>\n            <\/div>        <\/div>    <\/div><\/section>\n<section class=\"av_toggle_section\"  itemscope=\"itemscope\" itemtype=\"https:\/\/schema.org\/CreativeWork\"  >    <div role=\"tablist\" class=\"single_toggle\" data-tags=\"{Todos} \"  >        <p data-fake-id=\"#toggle-id-4\" class=\"toggler  hasCustomColor av-inherit-font-color \"  itemprop=\"headline\"  style='color: #6d6d6d; '  role=\"tab\" tabindex=\"0\" aria-controls=\"toggle-id-4\"><b>Laborat\u00f3rio Instituto de Pesquisa Cl\u00ednica Carlos Borborema \u2013 IPCCB<\/b><span class=\"toggle_icon\" style='border-color:#6d6d6d;'>        <span class=\"vert_icon\"><\/span><span class=\"hor_icon\"><\/span><\/span><\/p>        <div id=\"toggle-id-4\" class=\"toggle_wrap \"   >            <div class=\"toggle_content invers-color  av-inherit-font-color \"  itemprop=\"text\"  style='color: #6d6d6d; ' ><ul>\n<li style=\"text-align: justify;\">Pesquisa Cl\u00ednica e Ensaios Cl\u00ednicos;<\/li>\n<li style=\"text-align: justify;\">Ambiente, Ecologia e Sa\u00fade;<\/li>\n<li style=\"text-align: justify;\">Sa\u00fade e G\u00eanero, Sa\u00fade do Idoso;<\/li>\n<li style=\"text-align: justify;\">\u00a0Sa\u00fade Perinatal, da Crian\u00e7a e do Adolescente;<\/li>\n<li style=\"text-align: justify;\">Epidemiologia, m\u00e9todos estat\u00edsticos e quantitativos.<\/li>\n<\/ul>\n            <\/div>        <\/div>    <\/div><\/section>\n<\/div><br \/>\n<div  style=' margin-top:10px; margin-bottom:10px;'  class='hr hr-custom hr-center hr-icon-no   avia-builder-el-11  el_after_av_toggle_container  avia-builder-el-last '><span class='hr-inner  inner-border-av-border-thin' style=' width:50px; border-color:#ffffff;' ><span class='hr-inner-style'><\/span><\/span><\/div><\/p><\/div><div class=\"flex_column av_one_half  flex_column_div av-zero-column-padding   avia-builder-el-12  el_after_av_one_half  el_before_av_one_third  column-top-margin\" style='border-radius:0px; '><p><div   class=\"togglecontainer   toggle_close_all  avia-builder-el-13  el_before_av_hr  avia-builder-el-first \" >\n<section class=\"av_toggle_section\"  itemscope=\"itemscope\" itemtype=\"https:\/\/schema.org\/CreativeWork\"  >    <div role=\"tablist\" class=\"single_toggle\" data-tags=\"{Todos} \"  >        <p data-fake-id=\"#toggle-id-5\" class=\"toggler  hasCustomColor av-inherit-font-color \"  itemprop=\"headline\"  style='color: #6d6d6d; '  role=\"tab\" tabindex=\"0\" aria-controls=\"toggle-id-5\"><b>Laborat\u00f3rio de Hist\u00f3ria, Pol\u00edticas P\u00fablicas e Sa\u00fade na Amaz\u00f4nia - LAHPSA<\/b><span class=\"toggle_icon\" style='border-color:#6d6d6d;'>        <span class=\"vert_icon\"><\/span><span class=\"hor_icon\"><\/span><\/span><\/p>        <div id=\"toggle-id-5\" class=\"toggle_wrap \"   >            <div class=\"toggle_content invers-color  av-inherit-font-color \"  itemprop=\"text\"  style='color: #6d6d6d; ' ><ul>\n<li style=\"text-align: justify;\">Pol\u00edticas P\u00fablicas, Planejamento e Gest\u00e3o em Sa\u00fade;<\/li>\n<li style=\"text-align: justify;\">Promo\u00e7\u00e3o da Sa\u00fade;<\/li>\n<li style=\"text-align: justify;\">Sociologia, Antropologia, Filosofia e Sa\u00fade, Cultura e Sociedade;<\/li>\n<li style=\"text-align: justify;\">Hist\u00f3ria, Sa\u00fade e Ci\u00eancia;<\/li>\n<li style=\"text-align: justify;\">Educa\u00e7\u00e3o em Ci\u00eancias e Sa\u00fade.<\/li>\n<\/ul>\n            <\/div>        <\/div>    <\/div><\/section>\n<section class=\"av_toggle_section\"  itemscope=\"itemscope\" itemtype=\"https:\/\/schema.org\/CreativeWork\"  >    <div role=\"tablist\" class=\"single_toggle\" data-tags=\"{Todos} \"  >        <p data-fake-id=\"#toggle-id-6\" class=\"toggler  hasCustomColor av-inherit-font-color \"  itemprop=\"headline\"  style='color: #6d6d6d; '  role=\"tab\" tabindex=\"0\" aria-controls=\"toggle-id-6\"><b>Laborat\u00f3rio de Situa\u00e7\u00e3o de Sa\u00fade e Gest\u00e3o do Cuidado de Popula\u00e7\u00f5es Ind\u00edgenas e outros grupos vulner\u00e1veis - SAGESPI<\/b><span class=\"toggle_icon\" style='border-color:#6d6d6d;'>        <span class=\"vert_icon\"><\/span><span class=\"hor_icon\"><\/span><\/span><\/p>        <div id=\"toggle-id-6\" class=\"toggle_wrap \"   >            <div class=\"toggle_content invers-color  av-inherit-font-color \"  itemprop=\"text\"  style='color: #6d6d6d; ' ><ul>\n<li style=\"text-align: justify;\">Pol\u00edticas P\u00fablicas, Planejamento e Gest\u00e3o em Sa\u00fade. Dedica-se ao desenvolvimento de estudos sobre pol\u00edticas, sistemas, programas e servi\u00e7os de sa\u00fade, incluindo interven\u00e7\u00f5es no campo da sa\u00fade e reforma do setor sa\u00fade.<\/li>\n<li style=\"text-align: justify;\">Promo\u00e7\u00e3o da Sa\u00fade. Estuda as pr\u00e1ticas de promo\u00e7\u00e3o e redu\u00e7\u00e3o de agravos \u00e0 sa\u00fade.<\/li>\n<li style=\"text-align: justify;\">Pol\u00edticas P\u00fablicas para Sa\u00fade em Territ\u00f3rios. Dedica-se a estudos e pesquisas que visam a formula\u00e7\u00e3o, implementa\u00e7\u00e3o e avalia\u00e7\u00e3o de pol\u00edticas para sa\u00fade de interesse Intersetorial e territorial.<\/li>\n<\/ul>\n            <\/div>        <\/div>    <\/div><\/section>\n<section class=\"av_toggle_section\"  itemscope=\"itemscope\" itemtype=\"https:\/\/schema.org\/CreativeWork\"  >    <div role=\"tablist\" class=\"single_toggle\" data-tags=\"{Todos} \"  >        <p data-fake-id=\"#toggle-id-7\" class=\"toggler  hasCustomColor av-inherit-font-color \"  itemprop=\"headline\"  style='color: #6d6d6d; '  role=\"tab\" tabindex=\"0\" aria-controls=\"toggle-id-7\"><b>Laborat\u00f3rio de Modelagem em Estat\u00edstica, Geoprocessamento e Epidemiologia - LEGEPI<\/b><span class=\"toggle_icon\" style='border-color:#6d6d6d;'>        <span class=\"vert_icon\"><\/span><span class=\"hor_icon\"><\/span><\/span><\/p>        <div id=\"toggle-id-7\" class=\"toggle_wrap \"   >            <div class=\"toggle_content invers-color  av-inherit-font-color \"  itemprop=\"text\"  style='color: #6d6d6d; ' ><ul>\n<li style=\"text-align: justify;\">Coortes de doen\u00e7as cr\u00f4nicas, infecciosas e outros agravos potenciais a sa\u00fade em gr\u00e1vidas, de pr\u00e9-termos e outros rec\u00e9m-nascidos e em crian\u00e7as e adolescentes;<\/li>\n<li style=\"text-align: justify;\">Ambiente, Ecologia e Sa\u00fade. Exposi\u00e7\u00f5es ambientais e avalia\u00e7\u00e3o dos efeitos no ciclo de vida. Saneamento e sa\u00fade ambiental, inclusive infantil;<\/li>\n<li style=\"text-align: justify;\">Epidemiologia, m\u00e9todos estat\u00edsticos e quantitativos. Modelagem estat\u00edstica, matem\u00e1tica e computacional aplicadas \u00e0 sa\u00fade; Monitoramento de tend\u00eancia e controle de doen\u00e7as end\u00eamicas, emergentes e re-emergentes; Epidemiologia do uso de drogas e da viol\u00eancia.<\/li>\n<\/ul>\n            <\/div>        <\/div>    <\/div><\/section>\n<\/div><br \/>\n<div  style=' margin-top:10px; margin-bottom:10px;'  class='hr hr-custom hr-center hr-icon-no   avia-builder-el-14  el_after_av_toggle_container  avia-builder-el-last '><span class='hr-inner  inner-border-av-border-thin' style=' width:50px; border-color:#ffffff;' ><span class='hr-inner-style'><\/span><\/span><\/div><\/p><\/div><div class=\"flex_column av_one_third  flex_column_div av-zero-column-padding first  avia-builder-el-15  el_after_av_one_half  el_before_av_one_fourth  column-top-margin\" style='border-radius:0px; '><\/div><div class=\"flex_column av_one_fourth  flex_column_div av-zero-column-padding   avia-builder-el-16  el_after_av_one_third  el_before_av_one_third  column-top-margin\" style='border-radius:0px; '><p><div  class='avia-image-container avia_animated_image avia_animate_when_almost_visible av-rotateIn av-styling-no-styling av-hover-grow av-hide-overflow   avia-builder-el-17  el_before_av_heading  avia-builder-el-first  avia-align-center '  itemprop=\"image\" itemscope=\"itemscope\" itemtype=\"https:\/\/schema.org\/ImageObject\"  ><div class='avia-image-container-inner'><div class='avia-image-overlay-wrap'><a href='https:\/\/drive.google.com\/file\/d\/1xF4KOlO-W2tFO4RsrTytrk2VtisXvo_F\/view?usp=sharing' class='avia_image' target=\"_blank\" rel=\"noopener noreferrer\"><img decoding=\"async\" width=\"610\" height=\"805\" class='wp-image-56846 avia-img-lazy-loading-not-56846 avia_image' src=\"https:\/\/amazonia.fiocruz.br\/wp-content\/uploads\/2025\/11\/Captura-de-tela-2025-11-13-150034.png\" alt='' title='Captura de tela 2025-11-13 150034'  itemprop=\"thumbnailUrl\" srcset=\"https:\/\/amazonia.fiocruz.br\/wp-content\/uploads\/2025\/11\/Captura-de-tela-2025-11-13-150034.png 610w, https:\/\/amazonia.fiocruz.br\/wp-content\/uploads\/2025\/11\/Captura-de-tela-2025-11-13-150034-227x300.png 227w, https:\/\/amazonia.fiocruz.br\/wp-content\/uploads\/2025\/11\/Captura-de-tela-2025-11-13-150034-534x705.png 534w\" sizes=\"(max-width: 610px) 100vw, 610px\" \/><\/a><\/div><\/div><\/div><br \/>\n<div  style='padding-bottom:10px; ' class='av-special-heading av-special-heading-h3    avia-builder-el-18  el_after_av_image  avia-builder-el-last  av-thin-font '><h3 class='av-special-heading-tag '  itemprop=\"headline\"  > <strong>Portf\u00f3lio de projetos, compet\u00eancias cient\u00edficas e de inova\u00e7\u00e3o do ILMD\/Fiocruz Amaz\u00f4nia <\/strong><\/h3><div class='special-heading-border'><div class='special-heading-inner-border' ><\/div><\/div><\/div><\/p><\/div><div class=\"flex_column av_one_third  flex_column_div av-zero-column-padding   avia-builder-el-19  el_after_av_one_fourth  avia-builder-el-last  column-top-margin\" style='border-radius:0px; '><\/div><\/div><\/div><\/div><!-- close content main div --><\/div><\/div><div id='after_section_2'  class='main_color av_default_container_wrap container_wrap sidebar_right' style=' '  ><div class='container' ><div class='template-page content  av-content-small alpha units'><div class='post-entry post-entry-type-page post-entry-17922'><div class='entry-content-wrapper clearfix'>\n","protected":false},"excerpt":{"rendered":"","protected":false},"author":26,"featured_media":0,"parent":0,"menu_order":0,"comment_status":"closed","ping_status":"closed","template":"","meta":{"footnotes":""},"class_list":["post-17922","page","type-page","status-publish","hentry"],"_links":{"self":[{"href":"https:\/\/amazonia.fiocruz.br\/index.php?rest_route=\/wp\/v2\/pages\/17922","targetHints":{"allow":["GET"]}}],"collection":[{"href":"https:\/\/amazonia.fiocruz.br\/index.php?rest_route=\/wp\/v2\/pages"}],"about":[{"href":"https:\/\/amazonia.fiocruz.br\/index.php?rest_route=\/wp\/v2\/types\/page"}],"author":[{"embeddable":true,"href":"https:\/\/amazonia.fiocruz.br\/index.php?rest_route=\/wp\/v2\/users\/26"}],"replies":[{"embeddable":true,"href":"https:\/\/amazonia.fiocruz.br\/index.php?rest_route=%2Fwp%2Fv2%2Fcomments&post=17922"}],"version-history":[{"count":35,"href":"https:\/\/amazonia.fiocruz.br\/index.php?rest_route=\/wp\/v2\/pages\/17922\/revisions"}],"predecessor-version":[{"id":56864,"href":"https:\/\/amazonia.fiocruz.br\/index.php?rest_route=\/wp\/v2\/pages\/17922\/revisions\/56864"}],"wp:attachment":[{"href":"https:\/\/amazonia.fiocruz.br\/index.php?rest_route=%2Fwp%2Fv2%2Fmedia&parent=17922"}],"curies":[{"name":"wp","href":"https:\/\/api.w.org\/{rel}","templated":true}]}}