{"id":17329,"date":"2016-09-01T13:36:27","date_gmt":"2016-09-01T13:36:27","guid":{"rendered":"https:\/\/192.168.240.20\/?page_id=17329"},"modified":"2025-11-03T14:22:04","modified_gmt":"2025-11-03T18:22:04","slug":"biosseguranca","status":"publish","type":"page","link":"https:\/\/amazonia.fiocruz.br\/?page_id=17329","title":{"rendered":"Bioseguran\u00e7a"},"content":{"rendered":"<div id='av_section_1'  class='avia-section main_color avia-section-default avia-no-shadow  avia-full-stretch avia-bg-style-scroll  avia-builder-el-0  el_before_av_section  avia-builder-el-first   av-minimum-height av-minimum-height-50  container_wrap sidebar_right' style='background-repeat: no-repeat; background-image: url(https:\/\/amazonia.fiocruz.br\/wp-content\/uploads\/2025\/05\/plat_capa1-1500x516_2.jpg);background-attachment: scroll; background-position: center left;  '  data-section-bg-repeat='stretch' data-av_minimum_height_pc='50'><div class='container' ><main  role=\"main\" itemprop=\"mainContentOfPage\"  class='template-page content  av-content-small alpha units'><div class='post-entry post-entry-type-page post-entry-17329'><div class='entry-content-wrapper clearfix'>\n<div class=\"flex_column av_two_fifth  flex_column_div av-zero-column-padding first  avia-builder-el-1  avia-builder-el-no-sibling  \" style='border-radius:0px; '><div  style='padding-bottom:10px; color:#ffffff;font-size:30px;' class='av-special-heading av-special-heading-h3 custom-color-heading blockquote modern-quote  avia-builder-el-2  avia-builder-el-no-sibling  av-inherit-size '><h3 class='av-special-heading-tag '  itemprop=\"headline\"  >BIOSSEGURAN\u00c7A<\/h3><div class ='av-subheading av-subheading_below av_custom_color ' style='font-size:18px;'><p>ILMD\/Fiocruz Amaz\u00f4nia<\/p>\n<\/div><div class='special-heading-border'><div class='special-heading-inner-border' style='border-color:#ffffff'><\/div><\/div><\/div><\/div>\n\n<\/div><\/div><\/main><!-- close content main element --><\/div><\/div><div id='linhaspesquisas'  class='avia-section alternate_color avia-section-small avia-no-shadow  avia-bg-style-scroll  avia-builder-el-3  el_after_av_section  el_before_av_section   av-minimum-height av-minimum-height-50  container_wrap sidebar_right' style=' '   data-av_minimum_height_pc='50'><div class='container' ><div class='template-page content  av-content-small alpha units'><div class='post-entry post-entry-type-page post-entry-17329'><div class='entry-content-wrapper clearfix'>\n<div class=\"flex_column av_one_fifth  flex_column_div av-zero-column-padding first  avia-builder-el-4  el_before_av_three_fifth  avia-builder-el-first  \" style='border-radius:0px; '><\/div><div class=\"flex_column av_three_fifth  flex_column_div av-zero-column-padding   avia-builder-el-5  el_after_av_one_fifth  el_before_av_one_fifth  \" style='border-radius:0px; '><p><div  style='height:30px' class='hr hr-invisible   avia-builder-el-6  el_before_av_heading  avia-builder-el-first '><span class='hr-inner ' ><span class='hr-inner-style'><\/span><\/span><\/div><br \/>\n<div  style='padding-bottom:10px; font-size:50px;' class='av-special-heading av-special-heading-h3  blockquote modern-quote modern-centered  avia-builder-el-7  el_after_av_hr  avia-builder-el-last  av-thin-font av-inherit-size '><h3 class='av-special-heading-tag '  itemprop=\"headline\"  > <strong>Comiss\u00e3o Institucional de Biosseguran\u00e7a<\/strong><\/h3><div class='special-heading-border'><div class='special-heading-inner-border' ><\/div><\/div><\/div><\/p><\/div><div class=\"flex_column av_one_fifth  flex_column_div av-zero-column-padding   avia-builder-el-8  el_after_av_three_fifth  el_before_av_one_half  \" style='border-radius:0px; '><\/div><div class=\"flex_column av_one_half  flex_column_div first  avia-builder-el-9  el_after_av_one_fifth  el_before_av_one_half  column-top-margin\" ><p><section class=\"av_textblock_section \"  itemscope=\"itemscope\" itemtype=\"https:\/\/schema.org\/CreativeWork\" ><div class='avia_textblock  '  style='font-size:15px; '  itemprop=\"text\" ><p>A biosseguran\u00e7a \u00e9 uma orienta\u00e7\u00e3o priorit\u00e1ria no ILMD\/Fiocruz Amaz\u00f4nia, uma vez que h\u00e1 o desenvolvimento de atividades de pesquisa, desenvolvimento tecnol\u00f3gico e inova\u00e7\u00e3o, realizadas no Laborat\u00f3rio Multiusu\u00e1rios e nas cinco Plataformas Tecnol\u00f3gicas.<\/p>\n<p>Para orientar e incentivar as boas pr\u00e1ticas e a\u00e7\u00f5es de biosseguran\u00e7a foi institu\u00edda a Comiss\u00e3o Interna de Biosseguran\u00e7a do Instituto &#8211; CIBio\/ILMD (Portaria N. 003\/2016-GAB\/ILMD), subordinada \u00e0 vice-diretoria de Pesquisa.<\/p>\n<p>A CIBio\/ILMD vem atuando para oferecer cursos e treinamentos que promovam a capacita\u00e7\u00e3o dos profissionais e a dissemina\u00e7\u00e3o dos princ\u00edpios da biosseguran\u00e7a no Instituto e nas institui\u00e7\u00f5es parceiras.<\/p>\n<p>Essas a\u00e7\u00f5es visam melhor atender as recomenda\u00e7\u00f5es da Ag\u00eancia Nacional de Vigil\u00e2ncia Sanit\u00e1ria \u2013 Anvisa e otimizar um conjunto de a\u00e7\u00f5es para prevenir, controlar, reduzir ou eliminar riscos inerentes \u00e0s atividades que possam comprometer a sa\u00fade humana, animal e o meio ambiente.<\/p>\n<\/div><\/section><br \/>\n<div  style=' margin-top:10px; margin-bottom:10px;'  class='hr hr-custom hr-center hr-icon-no   avia-builder-el-11  el_after_av_textblock  avia-builder-el-last '><span class='hr-inner  inner-border-av-border-thin' style=' width:50px; border-color:#ffffff;' ><span class='hr-inner-style'><\/span><\/span><\/div><\/p><\/div><div class=\"flex_column av_one_half  flex_column_div av-zero-column-padding   avia-builder-el-12  el_after_av_one_half  avia-builder-el-last  column-top-margin\" style='border-radius:0px; '><section class=\"av_textblock_section \"  itemscope=\"itemscope\" itemtype=\"https:\/\/schema.org\/CreativeWork\" ><div class='avia_textblock  '  style='font-size:15px; '  itemprop=\"text\" ><h3 class=\"av-special-heading-tag\">Membros da Comiss\u00e3o Interna de Biosseguran\u00e7a do Instituto \u2013 CIBio\/ILMD<\/h3>\n<ul>\n<li>Pritesh Jaychand Lalwani<\/li>\n<li>Bruna Campos Silva<\/li>\n<li>Keillen Monick Martins Campo<\/li>\n<li>Luciene Pereira de Ara\u00fajo<\/li>\n<li>Giovana Pinheiro da Concei\u00e7\u00e3o<\/li>\n<li>Marcela Pinheiro Cidade<\/li>\n<li>Michele Silva de Jesus<\/li>\n<li>Angela Alves da Silva<\/li>\n<\/ul>\n<\/div><\/section><br \/>\n<div  style=' margin-top:10px; margin-bottom:10px;'  class='hr hr-custom hr-center hr-icon-no   avia-builder-el-14  el_after_av_textblock  avia-builder-el-last '><span class='hr-inner  inner-border-av-border-thin' style=' width:50px; border-color:#ffffff;' ><span class='hr-inner-style'><\/span><\/span><\/div><\/p><\/div><\/div><\/div><\/div><!-- close content main div --><\/div><\/div><div id='linhaspesquisas'  class='avia-section alternate_color avia-section-small avia-no-shadow  avia-bg-style-scroll  avia-builder-el-15  el_after_av_section  el_before_av_section   av-minimum-height av-minimum-height-50  container_wrap sidebar_right' style=' '   data-av_minimum_height_pc='50'><div class='container' ><div class='template-page content  av-content-small alpha units'><div class='post-entry post-entry-type-page post-entry-17329'><div class='entry-content-wrapper clearfix'>\n<div class=\"flex_column av_one_fifth  flex_column_div av-zero-column-padding first  avia-builder-el-16  el_before_av_three_fifth  avia-builder-el-first  \" style='border-radius:0px; '><\/div><div class=\"flex_column av_three_fifth  flex_column_div av-zero-column-padding   avia-builder-el-17  el_after_av_one_fifth  el_before_av_one_fifth  \" style='border-radius:0px; '><div  style='padding-bottom:10px; font-size:50px;' class='av-special-heading av-special-heading-h3  blockquote modern-quote modern-centered  avia-builder-el-18  avia-builder-el-no-sibling  av-thin-font av-inherit-size '><h3 class='av-special-heading-tag '  itemprop=\"headline\"  > <strong>Curso online de Qualidade, Biosseguran\u00e7a e Ambiente (QBA Online)<\/strong><\/h3><div class='special-heading-border'><div class='special-heading-inner-border' ><\/div><\/div><\/div><\/div><div class=\"flex_column av_one_fifth  flex_column_div av-zero-column-padding   avia-builder-el-19  el_after_av_three_fifth  el_before_av_one_fifth  \" style='border-radius:0px; '><\/div><div class=\"flex_column av_one_fifth  flex_column_div av-zero-column-padding first  avia-builder-el-20  el_after_av_one_fifth  el_before_av_three_fifth  column-top-margin\" style='border-radius:0px; '><\/div><div class=\"flex_column av_three_fifth  flex_column_div av-zero-column-padding   avia-builder-el-21  el_after_av_one_fifth  el_before_av_one_fifth  column-top-margin\" style='border-radius:0px; '><section class=\"av_textblock_section \"  itemscope=\"itemscope\" itemtype=\"https:\/\/schema.org\/CreativeWork\" ><div class='avia_textblock  '  style='font-size:15px; '  itemprop=\"text\" ><div align=\"justify\"><span style=\"font-family: Times New Roman,serif; font-size: medium;\">Curso na modalidade EAD, desenvolvido pela Comiss\u00e3o Interna de Biosseguran\u00e7a (CIBio), do IOC\/Fiocruz, com o objetivo\u00a0 de apresentar a pol\u00edtica institucional da Qualidade, Biosseguran\u00e7a e Ambiente.\u00a0<\/span><span style=\"font-family: Times New Roman,serif; font-size: medium;\">O curso \u00e9 obrigat\u00f3rio para a inicia\u00e7\u00e3o cient\u00edfica, alunos, bolsistas, terceirizados e servidores que atuam ou n\u00e3o nos laborat\u00f3rios da Fiocruz Amaz\u00f4nia.\u00a0<\/span><span style=\"font-family: Times New Roman,serif; font-size: medium;\">Acesse\u00a0<a href=\"http:\/\/www.ioc.fiocruz.br\/formularioqba\/\" target=\"_blank\" rel=\"noopener noreferrer\">http:\/\/www.ioc.fiocruz.br\/formularioqba\/<\/a>, para inscri\u00e7\u00e3o. Ap\u00f3s a inscri\u00e7\u00e3o, ser\u00e1 enviado um link para acesso ao curso.\u00a0<\/span><span style=\"font-family: Times New Roman,serif; font-size: medium;\">Aten\u00e7\u00e3o! O certificado do Curso online de Qualidade, Biosseguran\u00e7a e Ambiente (QBA Online) deve ser entregue na Seca-ILMD (PPGBIO e PPGVIDA) e, aos demais, entregar no Seget-ILMD.<\/span><\/div>\n<\/div><\/section><br \/>\n<div  class='avia-button-wrap avia-button-center  avia-builder-el-23  el_after_av_textblock  avia-builder-el-last ' ><a href='http:\/\/www.ioc.fiocruz.br\/formularioqba\/' class='avia-button av-icon-on-hover avia-color-theme-color   avia-icon_select-yes-left-icon avia-size-small avia-position-center ' target=\"_blank\" rel=\"noopener noreferrer\"><span class='avia_button_icon avia_button_icon_left ' aria-hidden='true' data-av_icon='\ue84b' data-av_iconfont='entypo-fontello'><\/span><span class='avia_iconbox_title' >Formul\u00e1rio<\/span><\/a><\/div><\/p><\/div><div class=\"flex_column av_one_fifth  flex_column_div av-zero-column-padding   avia-builder-el-24  el_after_av_three_fifth  avia-builder-el-last  column-top-margin\" style='border-radius:0px; '><\/div>\n<\/p>\n<\/div><\/div><\/div><!-- close content main div --><\/div><\/div><div id='linhaspesquisas'  class='avia-section alternate_color avia-section-small avia-no-shadow  avia-bg-style-scroll  avia-builder-el-25  el_after_av_section  avia-builder-el-last   av-minimum-height av-minimum-height-50  container_wrap sidebar_right' style=' '   data-av_minimum_height_pc='50'><div class='container' ><div class='template-page content  av-content-small alpha units'><div class='post-entry post-entry-type-page post-entry-17329'><div class='entry-content-wrapper clearfix'>\n<div class=\"flex_column av_one_fifth  flex_column_div av-zero-column-padding first  avia-builder-el-26  el_before_av_three_fifth  avia-builder-el-first  \" style='border-radius:0px; '><\/div><div class=\"flex_column av_three_fifth  flex_column_div av-zero-column-padding   avia-builder-el-27  el_after_av_one_fifth  el_before_av_one_fifth  \" style='border-radius:0px; '><div  style='padding-bottom:10px; font-size:50px;' class='av-special-heading av-special-heading-h3  blockquote modern-quote modern-centered  avia-builder-el-28  avia-builder-el-no-sibling  av-thin-font av-inherit-size '><h3 class='av-special-heading-tag '  itemprop=\"headline\"  > <strong>Publica\u00e7\u00f5es Biosseguran\u00e7a de OGMs<\/strong><\/h3><div class='special-heading-border'><div class='special-heading-inner-border' ><\/div><\/div><\/div><\/div><div class=\"flex_column av_one_fifth  flex_column_div av-zero-column-padding   avia-builder-el-29  el_after_av_three_fifth  el_before_av_one_fifth  \" style='border-radius:0px; '><\/div><div class=\"flex_column av_one_fifth  flex_column_div av-zero-column-padding first  avia-builder-el-30  el_after_av_one_fifth  el_before_av_three_fifth  column-top-margin\" style='border-radius:0px; '><\/div><div class=\"flex_column av_three_fifth  flex_column_div av-zero-column-padding   avia-builder-el-31  el_after_av_one_fifth  el_before_av_one_fifth  column-top-margin\" style='border-radius:0px; '><p><section class=\"av_textblock_section \"  itemscope=\"itemscope\" itemtype=\"https:\/\/schema.org\/CreativeWork\" ><div class='avia_textblock  '  style='font-size:15px; '  itemprop=\"text\" ><p>Fruto de projeto aprovado pelo CNPq atrav\u00e9s do edital 026\/2007, o livro aborda os procedimentos que devem ser utilizados para se trabalhar legalmente com organismos geneticamente modificados. A colet\u00e2nea apresentada foi elaborada pelos autores Marco Ant\u00f4nio da Costa e Maria de F\u00e1tima Barrozo a partir das experi\u00eancias, viv\u00eancias e reflex\u00f5es de 35 autores envolvidos com o tema \u201cbiosseguran\u00e7a\u201d, e tem como foco a biosseguran\u00e7a de OGMs.<\/p>\n<\/div><\/section><br \/>\n<div  class='avia-button-wrap avia-button-center  avia-builder-el-33  el_after_av_textblock  avia-builder-el-last ' ><a href='http:\/\/192.168.240.20\/wp-content\/uploads\/2016\/06\/v1bio.pdf' class='avia-button av-icon-on-hover avia-color-theme-color   avia-icon_select-yes-left-icon avia-size-small avia-position-center ' target=\"_blank\" rel=\"noopener noreferrer\"><span class='avia_button_icon avia_button_icon_left ' aria-hidden='true' data-av_icon='\ue82d' data-av_iconfont='entypo-fontello'><\/span><span class='avia_iconbox_title' >Vers\u00e3o completa em PDF<\/span><\/a><\/div><\/p><\/div><div class=\"flex_column av_one_fifth  flex_column_div av-zero-column-padding   avia-builder-el-34  el_after_av_three_fifth  avia-builder-el-last  column-top-margin\" style='border-radius:0px; '><\/div>\n<\/div><\/div><\/div><!-- close content main div --><\/div><\/div><div id='after_section_4'  class='main_color av_default_container_wrap container_wrap sidebar_right' style=' '  ><div class='container' ><div class='template-page content  av-content-small alpha units'><div class='post-entry post-entry-type-page post-entry-17329'><div class='entry-content-wrapper clearfix'>\n","protected":false},"excerpt":{"rendered":"","protected":false},"author":26,"featured_media":0,"parent":0,"menu_order":0,"comment_status":"closed","ping_status":"closed","template":"","meta":{"footnotes":""},"class_list":["post-17329","page","type-page","status-publish","hentry"],"_links":{"self":[{"href":"https:\/\/amazonia.fiocruz.br\/index.php?rest_route=\/wp\/v2\/pages\/17329","targetHints":{"allow":["GET"]}}],"collection":[{"href":"https:\/\/amazonia.fiocruz.br\/index.php?rest_route=\/wp\/v2\/pages"}],"about":[{"href":"https:\/\/amazonia.fiocruz.br\/index.php?rest_route=\/wp\/v2\/types\/page"}],"author":[{"embeddable":true,"href":"https:\/\/amazonia.fiocruz.br\/index.php?rest_route=\/wp\/v2\/users\/26"}],"replies":[{"embeddable":true,"href":"https:\/\/amazonia.fiocruz.br\/index.php?rest_route=%2Fwp%2Fv2%2Fcomments&post=17329"}],"version-history":[{"count":29,"href":"https:\/\/amazonia.fiocruz.br\/index.php?rest_route=\/wp\/v2\/pages\/17329\/revisions"}],"predecessor-version":[{"id":56703,"href":"https:\/\/amazonia.fiocruz.br\/index.php?rest_route=\/wp\/v2\/pages\/17329\/revisions\/56703"}],"wp:attachment":[{"href":"https:\/\/amazonia.fiocruz.br\/index.php?rest_route=%2Fwp%2Fv2%2Fmedia&parent=17329"}],"curies":[{"name":"wp","href":"https:\/\/api.w.org\/{rel}","templated":true}]}}