{"id":16349,"date":"2016-07-06T22:45:29","date_gmt":"2016-07-06T22:45:29","guid":{"rendered":"https:\/\/192.168.240.20\/?page_id=16349"},"modified":"2018-04-17T12:38:22","modified_gmt":"2018-04-17T12:38:22","slug":"nust","status":"publish","type":"page","link":"https:\/\/amazonia.fiocruz.br\/?page_id=16349","title":{"rendered":"NUST"},"content":{"rendered":"<div id='av_section_1'  class='avia-section main_color avia-section-default avia-no-border-styling  avia-full-stretch avia-bg-style-scroll  avia-builder-el-0  el_before_av_section  avia-builder-el-first   av-minimum-height av-minimum-height-50  container_wrap sidebar_right' style='background-repeat: no-repeat; background-image: url(https:\/\/amazonia.fiocruz.br\/wp-content\/uploads\/2016\/07\/NUST-1.png);background-attachment: scroll; background-position: top left;  '  data-section-bg-repeat='stretch' data-av_minimum_height_pc='50'><div class='container' ><main  role=\"main\" itemprop=\"mainContentOfPage\"  class='template-page content  av-content-small alpha units'><div class='post-entry post-entry-type-page post-entry-16349'><div class='entry-content-wrapper clearfix'>\n<div class=\"flex_column av_one_fourth  flex_column_div first  avia-builder-el-1  avia-builder-el-no-sibling  \" style='padding:110px 0px 0px 0px ; border-radius:0px; '><div  class='avia-image-container  av-styling-    avia-builder-el-2  avia-builder-el-no-sibling  avia-align-center '  itemprop=\"image\" itemscope=\"itemscope\" itemtype=\"https:\/\/schema.org\/ImageObject\"  ><div class='avia-image-container-inner'><div class='avia-image-overlay-wrap'><img decoding=\"async\" class='wp-image-0 avia-img-lazy-loading-not-0 avia_image' src=\"http:\/\/fiocruz2.amaloka.com.br\/wp-content\/uploads\/2016\/07\/NUST.png\" alt='' title=''   itemprop=\"thumbnailUrl\"  \/><\/div><\/div><\/div><\/div>\n\n<\/div><\/div><\/main><!-- close content main element --><\/div><\/div><div id='linhaspesquisas'  class='avia-section alternate_color avia-section-default avia-no-shadow  avia-bg-style-scroll  avia-builder-el-3  el_after_av_section  avia-builder-el-last   av-minimum-height av-minimum-height-75  container_wrap sidebar_right' style=' '   data-av_minimum_height_pc='75'><div class='container' ><div class='template-page content  av-content-small alpha units'><div class='post-entry post-entry-type-page post-entry-16349'><div class='entry-content-wrapper clearfix'>\n<div class=\"flex_column av_one_full  flex_column_div first  avia-builder-el-4  avia-builder-el-no-sibling  \" ><p><div  style='padding-bottom:10px; ' class='av-special-heading av-special-heading-h2  blockquote modern-quote modern-centered  avia-builder-el-5  el_before_av_hr  avia-builder-el-first  '><h2 class='av-special-heading-tag '  itemprop=\"headline\"  >N\u00facleo de Sa\u00fade do Trabalhador<\/h2><div class='special-heading-border'><div class='special-heading-inner-border' ><\/div><\/div><\/div><br \/>\n<div   class='hr hr-default   avia-builder-el-6  el_after_av_heading  el_before_av_textblock '><span class='hr-inner ' ><span class='hr-inner-style'><\/span><\/span><\/div><br \/>\n<section class=\"av_textblock_section \"  itemscope=\"itemscope\" itemtype=\"https:\/\/schema.org\/CreativeWork\" ><div class='avia_textblock  '  style='font-size:15px; '  itemprop=\"text\" ><p align=\"justify\">Implantado em novembro de 2009, o N\u00facleo de Sa\u00fade do Trabalhador do Instituto Le\u00f4nidas &amp; Maria Deane (ILMD\/Fiocruz Amaz\u00f4nia) tem como objetivo o desenvolvimento cont\u00ednuo do diagn\u00f3stico das condi\u00e7\u00f5es de sa\u00fade e a implanta\u00e7\u00e3o de interven\u00e7\u00e3o, direcionadas as reais necessidades de todos os trabalhadores do ILMD.<\/p>\n<p align=\"justify\">Neste sentido, as a\u00e7\u00f5es desenvolvidas pelo Nust est\u00e3o baseadas em vigil\u00e2ncia em sa\u00fade, preven\u00e7\u00e3o de agravos e promo\u00e7\u00e3o da sa\u00fade, na perspectiva da Pol\u00edtica de Sa\u00fade do Trabalhador da Fiocruz, Pol\u00edtica Nacional de Sa\u00fade do Trabalhador e da Trabalhadora (Portaria n\u00b01.823), Pol\u00edtica de Aten\u00e7\u00e3o \u00e0 Sa\u00fade do Servidor P\u00fablico Federal, nas Normas Regulamentadoras do Minist\u00e9rio do Trabalho e na busca do desenvolvimento de um marco de sustentabilidade nas rela\u00e7\u00f5es sa\u00fade-trabalho-ambiente.<\/p>\n<p align=\"justify\">Dentre as principais a\u00e7\u00f5es desenvolvidas por esta N\u00facleo est\u00e3o os exames m\u00e9dicos peri\u00f3dicos, an\u00e1lise ergon\u00f4mica dos postos de trabalho, palestras de orienta\u00e7\u00e3o em sa\u00fade, a\u00e7\u00f5es em Biosseguran\u00e7a e Brigada de Inc\u00eandio. Al\u00e9m do mais, o Nust tem estabelecido parcerias e aproxima\u00e7\u00e3o com diversos \u00f3rg\u00e3os p\u00fablicos da regi\u00e3o de Manaus, para a forma\u00e7\u00e3o de uma rede de relacionamento e colabora\u00e7\u00e3o em estudos e interven\u00e7\u00f5es em Sa\u00fade do Trabalhador.<\/p>\n<h4><\/h4>\n<\/div><\/section><br \/>\n<div  id=\"accordion_slider_1\"  class='aviaccordion aviaccordion-title-inactive  ' style='max-height:684px' data-av-maxheight='684' data-autoplay='true' data-interval='5'   itemscope=\"itemscope\" itemtype=\"https:\/\/schema.org\/Blog\" ><ul class='aviaccordion-inner'><li class='aviaccordion-slide aviaccordion-slide-1' style='left:0%' data-av-left='0'  itemscope=\"itemscope\" itemtype=\"https:\/\/schema.org\/CreativeWork\" ><a class='aviaccordion-slide-link noHover' href='' ><div class='aviaccordion-preview  ' style='width:15.1%'><\/div><img decoding=\"async\" width=\"845\" height=\"684\" src=\"https:\/\/amazonia.fiocruz.br\/wp-content\/uploads\/2016\/07\/IMG-20170127-WA0073-845x684.jpg\" class=\"aviaccordion-image\" alt=\"\" srcset=\"https:\/\/amazonia.fiocruz.br\/wp-content\/uploads\/2016\/07\/IMG-20170127-WA0073-845x684.jpg 845w, https:\/\/amazonia.fiocruz.br\/wp-content\/uploads\/2016\/07\/IMG-20170127-WA0073-495x400.jpg 495w\" sizes=\"(max-width: 845px) 100vw, 845px\" \/><\/a><\/li><li class='aviaccordion-slide aviaccordion-slide-2' style='left:14.285714285714%' data-av-left='14.285714285714'  itemscope=\"itemscope\" itemtype=\"https:\/\/schema.org\/CreativeWork\" ><a class='aviaccordion-slide-link noHover' href='' ><div class='aviaccordion-preview  ' style='width:15.1%'><\/div><img decoding=\"async\" width=\"845\" height=\"684\" src=\"https:\/\/amazonia.fiocruz.br\/wp-content\/uploads\/2016\/07\/IMG-20170127-WA0075-845x684.jpg\" class=\"aviaccordion-image\" alt=\"\" srcset=\"https:\/\/amazonia.fiocruz.br\/wp-content\/uploads\/2016\/07\/IMG-20170127-WA0075-845x684.jpg 845w, https:\/\/amazonia.fiocruz.br\/wp-content\/uploads\/2016\/07\/IMG-20170127-WA0075-495x400.jpg 495w\" sizes=\"(max-width: 845px) 100vw, 845px\" \/><\/a><\/li><li class='aviaccordion-slide aviaccordion-slide-3' style='left:28.571428571429%' data-av-left='28.571428571429'  itemscope=\"itemscope\" itemtype=\"https:\/\/schema.org\/CreativeWork\" ><a class='aviaccordion-slide-link noHover' href='' ><div class='aviaccordion-preview  ' style='width:15.1%'><\/div><img decoding=\"async\" width=\"845\" height=\"540\" src=\"https:\/\/amazonia.fiocruz.br\/wp-content\/uploads\/2016\/07\/IMG-20160506-WA0010-1-845x540.jpg\" class=\"aviaccordion-image\" alt=\"\" \/><\/a><\/li><li class='aviaccordion-slide aviaccordion-slide-4' style='left:42.857142857143%' data-av-left='42.857142857143'  itemscope=\"itemscope\" itemtype=\"https:\/\/schema.org\/CreativeWork\" ><a class='aviaccordion-slide-link noHover' href='' ><div class='aviaccordion-preview  ' style='width:15.1%'><\/div><img decoding=\"async\" width=\"845\" height=\"684\" src=\"https:\/\/amazonia.fiocruz.br\/wp-content\/uploads\/2016\/07\/IMG-20170127-WA0069-845x684.jpg\" class=\"aviaccordion-image\" alt=\"\" srcset=\"https:\/\/amazonia.fiocruz.br\/wp-content\/uploads\/2016\/07\/IMG-20170127-WA0069-845x684.jpg 845w, https:\/\/amazonia.fiocruz.br\/wp-content\/uploads\/2016\/07\/IMG-20170127-WA0069-495x400.jpg 495w\" sizes=\"(max-width: 845px) 100vw, 845px\" \/><\/a><\/li><li class='aviaccordion-slide aviaccordion-slide-5' style='left:57.142857142857%' data-av-left='57.142857142857'  itemscope=\"itemscope\" itemtype=\"https:\/\/schema.org\/CreativeWork\" ><a class='aviaccordion-slide-link noHover' href='' ><div class='aviaccordion-preview  ' style='width:15.1%'><\/div><img decoding=\"async\" width=\"845\" height=\"684\" src=\"https:\/\/amazonia.fiocruz.br\/wp-content\/uploads\/2016\/07\/IMG-20170127-WA0074-845x684.jpg\" class=\"aviaccordion-image\" alt=\"\" srcset=\"https:\/\/amazonia.fiocruz.br\/wp-content\/uploads\/2016\/07\/IMG-20170127-WA0074-845x684.jpg 845w, https:\/\/amazonia.fiocruz.br\/wp-content\/uploads\/2016\/07\/IMG-20170127-WA0074-495x400.jpg 495w\" sizes=\"(max-width: 845px) 100vw, 845px\" \/><\/a><\/li><li class='aviaccordion-slide aviaccordion-slide-6' style='left:71.428571428571%' data-av-left='71.428571428571'  itemscope=\"itemscope\" itemtype=\"https:\/\/schema.org\/CreativeWork\" ><a class='aviaccordion-slide-link noHover' href='https:\/\/amazonia.fiocruz.br\/wp-content\/uploads\/2016\/07\/A-1024x558.jpg' ><div class='aviaccordion-preview  ' style='width:15.1%'><\/div><img decoding=\"async\" width=\"845\" height=\"684\" src=\"https:\/\/amazonia.fiocruz.br\/wp-content\/uploads\/2016\/07\/A-845x684.jpg\" class=\"aviaccordion-image\" alt=\"\" srcset=\"https:\/\/amazonia.fiocruz.br\/wp-content\/uploads\/2016\/07\/A-845x684.jpg 845w, https:\/\/amazonia.fiocruz.br\/wp-content\/uploads\/2016\/07\/A-495x400.jpg 495w\" sizes=\"(max-width: 845px) 100vw, 845px\" \/><\/a><\/li><li class='aviaccordion-slide aviaccordion-slide-7' style='left:85.714285714286%' data-av-left='85.714285714286'  itemscope=\"itemscope\" itemtype=\"https:\/\/schema.org\/CreativeWork\" ><a class='aviaccordion-slide-link noHover' href='https:\/\/amazonia.fiocruz.br\/wp-content\/uploads\/2016\/07\/IMG_3895-1024x683.jpg' ><div class='aviaccordion-preview  ' style='width:15.1%'><\/div><img decoding=\"async\" width=\"845\" height=\"684\" src=\"https:\/\/amazonia.fiocruz.br\/wp-content\/uploads\/2016\/07\/IMG_3895-845x684.jpg\" class=\"aviaccordion-image\" alt=\"\" srcset=\"https:\/\/amazonia.fiocruz.br\/wp-content\/uploads\/2016\/07\/IMG_3895-845x684.jpg 845w, https:\/\/amazonia.fiocruz.br\/wp-content\/uploads\/2016\/07\/IMG_3895-495x400.jpg 495w\" sizes=\"(max-width: 845px) 100vw, 845px\" \/><\/a><\/li><\/ul><div class='aviaccordion-spacer' style='padding-bottom:80.94674556213%'><\/div><\/div><\/p><\/div><\/div><\/div><\/div><!-- close content main div --><\/div><\/div><div id='after_section_2'  class='main_color av_default_container_wrap container_wrap sidebar_right' style=' '  ><div class='container' ><div class='template-page content  av-content-small alpha units'><div class='post-entry post-entry-type-page post-entry-16349'><div class='entry-content-wrapper clearfix'>\n","protected":false},"excerpt":{"rendered":"","protected":false},"author":20,"featured_media":0,"parent":0,"menu_order":0,"comment_status":"closed","ping_status":"closed","template":"","meta":{"footnotes":""},"class_list":["post-16349","page","type-page","status-publish","hentry"],"_links":{"self":[{"href":"https:\/\/amazonia.fiocruz.br\/index.php?rest_route=\/wp\/v2\/pages\/16349","targetHints":{"allow":["GET"]}}],"collection":[{"href":"https:\/\/amazonia.fiocruz.br\/index.php?rest_route=\/wp\/v2\/pages"}],"about":[{"href":"https:\/\/amazonia.fiocruz.br\/index.php?rest_route=\/wp\/v2\/types\/page"}],"author":[{"embeddable":true,"href":"https:\/\/amazonia.fiocruz.br\/index.php?rest_route=\/wp\/v2\/users\/20"}],"replies":[{"embeddable":true,"href":"https:\/\/amazonia.fiocruz.br\/index.php?rest_route=%2Fwp%2Fv2%2Fcomments&post=16349"}],"version-history":[{"count":40,"href":"https:\/\/amazonia.fiocruz.br\/index.php?rest_route=\/wp\/v2\/pages\/16349\/revisions"}],"predecessor-version":[{"id":24571,"href":"https:\/\/amazonia.fiocruz.br\/index.php?rest_route=\/wp\/v2\/pages\/16349\/revisions\/24571"}],"wp:attachment":[{"href":"https:\/\/amazonia.fiocruz.br\/index.php?rest_route=%2Fwp%2Fv2%2Fmedia&parent=16349"}],"curies":[{"name":"wp","href":"https:\/\/api.w.org\/{rel}","templated":true}]}}