{"id":16170,"date":"2016-07-04T17:12:31","date_gmt":"2016-07-04T17:12:31","guid":{"rendered":"https:\/\/192.168.240.20\/?page_id=16170"},"modified":"2018-04-17T12:30:52","modified_gmt":"2018-04-17T12:30:52","slug":"acesso-a-informacao","status":"publish","type":"page","link":"https:\/\/amazonia.fiocruz.br\/?page_id=16170","title":{"rendered":"Acesso \u00e0 informa\u00e7\u00e3o"},"content":{"rendered":"<div id='av_section_1'  class='avia-section main_color avia-section-default avia-no-shadow  avia-full-stretch avia-bg-style-scroll  avia-builder-el-0  el_before_av_section  avia-builder-el-first   av-minimum-height av-minimum-height-50  container_wrap sidebar_right' style='background-repeat: no-repeat; background-image: url(https:\/\/amazonia.fiocruz.br\/wp-content\/uploads\/2016\/07\/acessoainformacao.jpg);background-attachment: scroll; background-position: top left;  '  data-section-bg-repeat='stretch' data-av_minimum_height_pc='50'><div class='container' ><main  role=\"main\" itemprop=\"mainContentOfPage\"  class='template-page content  av-content-small alpha units'><div class='post-entry post-entry-type-page post-entry-16170'><div class='entry-content-wrapper clearfix'>\n<div class=\"flex_column av_one_half  flex_column_div av-zero-column-padding first  avia-builder-el-1  avia-builder-el-no-sibling  \" style='border-radius:0px; '><div  style='padding-bottom:10px; color:#ffffff;font-size:30px;' class='av-special-heading av-special-heading-h3 custom-color-heading blockquote modern-quote  avia-builder-el-2  avia-builder-el-no-sibling  av-inherit-size '><h3 class='av-special-heading-tag '  itemprop=\"headline\"  >ACESSO \u00c0 INFORMA\u00c7\u00c3O<\/h3><div class ='av-subheading av-subheading_below av_custom_color ' style='font-size:18px;'><p>ILMD\/Fiocruz Amaz\u00f4nia<\/p>\n<\/div><div class='special-heading-border'><div class='special-heading-inner-border' style='border-color:#ffffff'><\/div><\/div><\/div><\/div>\n\n<\/div><\/div><\/main><!-- close content main element --><\/div><\/div><div id='linhaspesquisas'  class='avia-section alternate_color avia-section-default avia-no-border-styling  avia-bg-style-scroll  avia-builder-el-3  el_after_av_section  el_before_av_section   av-minimum-height av-minimum-height-50  container_wrap sidebar_right' style=' '   data-av_minimum_height_pc='50'><div class='container' ><div class='template-page content  av-content-small alpha units'><div class='post-entry post-entry-type-page post-entry-16170'><div class='entry-content-wrapper clearfix'>\n<div  style='height:40px' class='hr hr-invisible   avia-builder-el-4  el_before_av_one_full  avia-builder-el-first '><span class='hr-inner ' ><span class='hr-inner-style'><\/span><\/span><\/div>\n<div class=\"flex_column av_one_full  flex_column_div first  avia-builder-el-5  el_after_av_hr  el_before_av_one_fifth  \" ><div  style='padding-bottom:10px; font-size:55px;' class='av-special-heading av-special-heading-h3  blockquote modern-quote modern-centered  avia-builder-el-6  avia-builder-el-no-sibling  av-thin-font av-inherit-size '><h3 class='av-special-heading-tag '  itemprop=\"headline\"  ><strong>Acesso \u00e0 informa\u00e7\u00e3o<\/strong><\/h3><div class='special-heading-border'><div class='special-heading-inner-border' ><\/div><\/div><\/div><\/div><div class=\"flex_column av_one_fifth  flex_column_div av-zero-column-padding first  avia-builder-el-7  el_after_av_one_full  el_before_av_three_fifth  column-top-margin\" style='border-radius:0px; '><\/div><div class=\"flex_column av_three_fifth  flex_column_div av-zero-column-padding   avia-builder-el-8  el_after_av_one_fifth  el_before_av_one_fifth  column-top-margin\" style='border-radius:0px; '><section class=\"av_textblock_section \"  itemscope=\"itemscope\" itemtype=\"https:\/\/schema.org\/CreativeWork\" ><div class='avia_textblock  '  style='font-size:22px; '  itemprop=\"text\" ><p style=\"text-align: justify;\">Nesta se\u00e7\u00e3o s\u00e3o divulgadas informa\u00e7\u00f5es institucionais e organizacionais do Instituto Le\u00f4nidas &amp; Maria Deane,\u00a0que s\u00e3o de interesse coletivo ou geral com o objetivo de facilitar o acesso \u00e0 informa\u00e7\u00e3o p\u00fablica, conforme determina a Lei de Acesso \u00e0 Informa\u00e7\u00e3o (<a href=\"http:\/\/www.planalto.gov.br\/ccivil_03\/_Ato2011-2014\/2011\/Lei\/L12527.htm\" target=\"_blank\" rel=\"noopener\">Lei 12.527, de 18\/11\/2011<\/a>), regulamentada em 16 de maio de 2012 pelo\u00a0<a href=\"http:\/\/www.planalto.gov.br\/CCIVIL_03\/_Ato2011-2014\/2012\/Decreto\/D7724.htm\" target=\"_blank\" rel=\"noopener\">Decreto n\u00ba 7.724<\/a>.<\/p>\n<p style=\"text-align: justify;\">Abaixo est\u00e3o dispon\u00edveis a estrutura organizacional, compet\u00eancias, base jur\u00eddica, rela\u00e7\u00e3o de autoridades e seus respectivos contatos, a agenda do presidente e os hor\u00e1rios de atendimento.<\/p>\n<\/div><\/section><\/div><div class=\"flex_column av_one_fifth  flex_column_div av-zero-column-padding   avia-builder-el-10  el_after_av_three_fifth  el_before_av_hr  column-top-margin\" style='border-radius:0px; '><\/div><div  style='height:40px' class='hr hr-invisible   avia-builder-el-11  el_after_av_one_fifth  avia-builder-el-last '><span class='hr-inner ' ><span class='hr-inner-style'><\/span><\/span><\/div>\n<\/div><\/div><\/div><!-- close content main div --><\/div><\/div><div id='linhaspesquisas'  class='avia-section alternate_color avia-section-default avia-no-border-styling  avia-bg-style-scroll  avia-builder-el-12  el_after_av_section  avia-builder-el-last   av-minimum-height av-minimum-height-50  container_wrap sidebar_right' style=' '   data-av_minimum_height_pc='50'><div class='container' ><div class='template-page content  av-content-small alpha units'><div class='post-entry post-entry-type-page post-entry-16170'><div class='entry-content-wrapper clearfix'>\n<div class=\"flex_column av_one_full  flex_column_div av-zero-column-padding first  avia-builder-el-13  avia-builder-el-no-sibling  \" style='border-radius:0px; '><div  class=\"tabcontainer   top_tab   avia-builder-el-14  avia-builder-el-no-sibling \" role=\"tablist\">\n\n<section class=\"av_tab_section\"  itemscope=\"itemscope\" itemtype=\"https:\/\/schema.org\/CreativeWork\" ><div aria-controls=\"tab-id-1-content\" role=\"tab\" tabindex=\"0\" data-fake-id=\"#tab-id-1\" class=\"tab active_tab\"  itemprop=\"headline\" ><\/p>\n<p style=\"font-size: large;\">Compet\u00eancias<\/p>\n<p><\/div>\n<div id=\"tab-id-1-content\" class=\"tab_content active_tab_content\" aria-hidden=\"false\">\n<div class=\"tab_inner_content invers-color\"  itemprop=\"text\" >\n<p style=\"font-size: medium;\">Funda\u00e7\u00e3o Oswaldo Cruz, criada pelo Decreto n\u00ba 66.624, de 22 de maio de 1970, dotada de personalidade jur\u00eddica de direito p\u00fablico, vinculada ao Minist\u00e9rio da Sa\u00fade, com sede na cidade do Rio de Janeiro, com prazo de dura\u00e7\u00e3o indeterminado, tem por finalidade desenvolver atividades no campo da sa\u00fade, da educa\u00e7\u00e3o e do desenvolvimento cient\u00edfico e tecnol\u00f3gico, devendo, em especial:<\/p>\n<p>I &#8211; participar da formula\u00e7\u00e3o e da execu\u00e7\u00e3o da Pol\u00edtica Nacional de Sa\u00fade, da Pol\u00edtica Nacional de Ci\u00eancia e Tecnologia e da Pol\u00edtica Nacional de Educa\u00e7\u00e3o, as duas \u00faltimas na \u00e1rea da sa\u00fade;<br \/>\nII &#8211; promover e realizar pesquisas b\u00e1sicas e aplicadas para as finalidades a que se refere o caput, assim como propor crit\u00e9rios e mecanismos para o desenvolvimento das atividades de pesquisa e tecnologia para a sa\u00fade;<br \/>\nIII &#8211; formar e capacitar recursos humanos para a sa\u00fade e ci\u00eancia e tecnologia;<br \/>\nIV &#8211; desenvolver tecnologias de produ\u00e7\u00e3o, produtos e processos e outras tecnologias de interesse para a sa\u00fade;<br \/>\nV &#8211; desenvolver atividades de refer\u00eancia para a vigil\u00e2ncia e o controle da qualidade em sa\u00fade;<br \/>\nVI &#8211; fabricar produtos biol\u00f3gicos, profil\u00e1ticos, medicamentos, f\u00e1rmacos e outros produtos de interesse para a sa\u00fade;<br \/>\nVIl &#8211; desenvolver atividades assistenciais de refer\u00eancia, em apoio ao Sistema \u00danico de Sa\u00fade, ao desenvolvimento cient\u00edfico e tecnol\u00f3gico e aos projetos de pesquisa;<br \/>\nVIII &#8211; desenvolver atividades de produ\u00e7\u00e3o, capta\u00e7\u00e3o e armazenamento, an\u00e1lise e difus\u00e3o da informa\u00e7\u00e3o para a Sa\u00fade, Ci\u00eancia e Tecnologia;<br \/>\nIX &#8211; desenvolver atividades de presta\u00e7\u00e3o de servi\u00e7os e coopera\u00e7\u00e3o t\u00e9cnica no campo da sa\u00fade, ci\u00eancia e tecnologia;<br \/>\nX &#8211; preservar, valorizar e divulgar o patrim\u00f4nio hist\u00f3rico, cultural e cient\u00edfico da FIOCRUZ e contribuir para a preserva\u00e7\u00e3o da mem\u00f3ria da sa\u00fade e das ci\u00eancias biom\u00e9dicas; e<br \/>\nXI &#8211; promover atividades de pesquisa, ensino, desenvolvimento tecnol\u00f3gico e coopera\u00e7\u00e3o t\u00e9cnica voltada para preserva\u00e7\u00e3o do meio ambiente e da biodiversidade.<\/p>\n\n<\/div>\n<\/div>\n<\/section>\n\n<section class=\"av_tab_section\"  itemscope=\"itemscope\" itemtype=\"https:\/\/schema.org\/CreativeWork\" ><div aria-controls=\"tab-id-2-content\" role=\"tab\" tabindex=\"0\" data-fake-id=\"#tab-id-2\" class=\"tab \"  itemprop=\"headline\" ><\/p>\n<p style=\"font-size: large;\">Base jur\u00eddica<strong><\/div>\n<div id=\"tab-id-2-content\" class=\"tab_content \" aria-hidden=\"true\">\n<div class=\"tab_inner_content invers-color\"  itemprop=\"text\" >\n<p><\/strong><\/p>\n<p style=\"font-size: medium;\">A Funda\u00e7\u00e3o Oswaldo Cruz iniciou suas atividades em 25 de maio de 1900, ainda com o nome de Instituto Soroter\u00e1pico Federal. Em 1966, por meio da<a href=\"http:\/\/www2.camara.gov.br\/legin\/fed\/lei\/1960-1969\/lei-5019-7-junho-1966-364654-publicacaooriginal-1-pl.html\" target=\"_blank\" rel=\"noopener\">Lei n\u00ba 5.019<\/a>, de 07 de junho, foi institu\u00edda\u00a0a Funda\u00e7\u00e3o Ensino Especializado de Sa\u00fade P\u00fablica (FENSP), que tr\u00eas anos mais tarde passou a chamar-se Funda\u00e7\u00e3o de Recursos Humanos para a Sa\u00fade (<strong>Decreto n\u00ba 90.401<\/strong>, de\u00a01\u00ba\u00a0outubro de 1969).<\/p>\n<p>Em 22 de maio de 1970, por meio do <a href=\"http:\/\/iah.iec.pa.gov.br\/iah\/fulltext\/legislacao\/decreto666241970.pdf\" target=\"_blank\" rel=\"noopener\">Decreto n\u00ba 66.624<\/a>, com a finalidade de realizar pesquisas cient\u00edficas nos campos da medicina experimental, da biologia e da patologia; formar e aperfei\u00e7oar pesquisadores em ci\u00eancias biom\u00e9dicas, sanitaristas e demais profissionais de sa\u00fade; elaborar e fabricar produtos biol\u00f3gicos, profil\u00e1ticos e medicamentosos, para as atividades da Funda\u00e7\u00e3o e do Minist\u00e9rio da Sa\u00fade,\u00a0a Funda\u00e7\u00e3o de Recursos Humanos para a Sa\u00fade foi transformada em Funda\u00e7\u00e3o Instituto Oswaldo Cruz, incorporando, inicialmente o ent\u00e3o Instituto Oswaldo Cruz, a Funda\u00e7\u00e3o de Recursos Humanos para a Sa\u00fade (posteriormente denominada\u00a0Escola Nacional de Sa\u00fade Publica &#8211; Ensp) e o Instituto Fernandes Figueira (IFF).\u00a0 Quatro anos mais tarde, a Funda\u00e7\u00e3o passou a denominar-se apenas Funda\u00e7\u00e3o Oswaldo Cruz (<a href=\"http:\/\/www.fiocruz.br\/lai\/media\/decreto_1974.pdf\" target=\"_blank\" rel=\"noopener\">Decreto n\u00ba 74.891<\/a>).<\/p>\n<p>Ap\u00f3s uma longa batalha de toda a comunidade Fiocruz, em 09 de junho de 2003, foi finalmente publicado o <a href=\"http:\/\/www.planalto.gov.br\/ccivil_03\/decreto\/2003\/d4725.htm\" target=\"_blank\" rel=\"noopener\">Decreto n\u00ba 4.725<\/a>, assinado pelo ent\u00e3o presidente Luiz In\u00e1cio Lula da Silva, que aprova o Estatuto da Fiocruz.<\/p>\n<p>Com\u00a0o objetivo de disponilizar medicamentos a baixo custo aos cidad\u00e3os, foi institu\u00edda, em 2004,\u00a0pelo <a href=\"http:\/\/www.fiocruz.br\/lai\/media\/decreto_5090%20Fiocruz.pdf\" target=\"_blank\" rel=\"noopener\">Decreto n\u00ba 5.090<\/a>,\u00a0o programa\u00a0Farm\u00e1cia Popular do Brasil, dentro dos termos\u00a0de universaliza\u00e7\u00e3o do acesso da popula\u00e7\u00e3o aos medicamentos, j\u00e1 previstos na <a href=\"http:\/\/www.fiocruz.br\/lai\/media\/lei_10858_farmacia_popular%20Fiocruz.pdf\" target=\"_blank\" rel=\"noopener\">Lei\u00a0 n\u00ba\u00a010.858<\/a>, de 13 de abril do mesmo ano.<\/p>\n<p>O compromisso da Fiocruz com duas \u00e1reas fundamentais da sa\u00fade p\u00fablica brasileira \u2013 a sa\u00fade da mulher, da crian\u00e7a e do adolescente, e a infectologia \u2013 \u00e9 refor\u00e7ado com a designa\u00e7\u00e3o de duas de suas unidades assistenciais como institutos nacionais \u2013 \u00f3rg\u00e3os auxiliares do Minist\u00e9rio da Sa\u00fade no desenvolvimento, coordena\u00e7\u00e3o e avalia\u00e7\u00e3o das a\u00e7\u00f5es integradas para a sa\u00fade. O Instituto Fernandes Figueira (IFF\/Fiocruz) e o Instituto de Pesquisa Cl\u00ednica Evandro Chagas (Ipec\/Fiocruz), tornam-se, respectivamente, Instituto Nacional de Sa\u00fade da Mulher, da Crian\u00e7a e do Adolescente (<a href=\"http:\/\/www.fiocruz.br\/lai\/media\/Portaria_iff.pdf\" target=\"_blank\" rel=\"noopener\">Portaria n\u00ba 4.159<\/a>) e Instituto Nacional de Infectologia (<a href=\"http:\/\/www.fiocruz.br\/lai\/media\/Portaria_ipec.pdf\" target=\"_blank\" rel=\"noopener\">Portaria n\u00ba 4.160<\/a>). Cada um em sua especialidade, os institutos t\u00eam como objetivos dar suporte no planejamento, organiza\u00e7\u00e3o, coordena\u00e7\u00e3o, supervis\u00e3o e avalia\u00e7\u00e3o de planos, programas, projetos e atividades, em \u00e2mbito nacional, relacionados \u00e0 promo\u00e7\u00e3o, \u00e0 preven\u00e7\u00e3o, ao diagn\u00f3stico, ao tratamento, \u00e0 aten\u00e7\u00e3o e\/ou \u00e0 vigil\u00e2ncia; e gerar e difundir conhecimento para a implanta\u00e7\u00e3o de pol\u00edticas e programas de sa\u00fade inerentes \u00e0s suas atividades, baseados no cen\u00e1rio demogr\u00e1fico e epidemiol\u00f3gico e na melhor evid\u00eancia cient\u00edfica dispon\u00edvel.<\/p>\n\n<\/div>\n<\/div>\n<\/section>\n\n<section class=\"av_tab_section\"  itemscope=\"itemscope\" itemtype=\"https:\/\/schema.org\/CreativeWork\" ><div aria-controls=\"tab-id-3-content\" role=\"tab\" tabindex=\"0\" data-fake-id=\"#tab-id-3\" class=\"tab \"  itemprop=\"headline\" ><\/p>\n<p style=\"font-size: large;\">Principais cargos e respectivos ocupantes<\/div>\n<div id=\"tab-id-3-content\" class=\"tab_content \" aria-hidden=\"true\">\n<div class=\"tab_inner_content invers-color\"  itemprop=\"text\" >\n<h4>Quem \u00e9 quem<\/h4>\n<p style=\"font-size: medium;\">Nesta se\u00e7\u00e3o est\u00e3o relacionados os principais cargos da Funda\u00e7\u00e3o Oswaldo Cruz, bem como os seus respectivos ocupantes e contatos.<br \/>\n\u2022 <a href=\"http:\/\/portal.fiocruz.br\/content\/presid%C3%AAncia-0\" target=\"_self\" rel=\"noopener\">Presid\u00eancia<\/a><br \/>\n\u2022 <a href=\"http:\/\/portal.fiocruz.br\/content\/org%C3%A3os-de-assessoria-direta-%C3%A0-presid%C3%AAncia\" target=\"_self\" rel=\"noopener\">\u00d3rg\u00e3os de Assessoria Direta \u00e0 Presid\u00eancia<\/a><\/p>\n<p><strong>Unidades T\u00e9cnico-Administrativas<\/strong><br \/>\n\u2022 <a href=\"http:\/\/portal.fiocruz.br\/content\/diretoria-de-administra%C3%A7%C3%A3o-do-campus-dirac-0\" target=\"_self\" rel=\"noopener\">Diretoria de Administra\u00e7\u00e3o do Campus (Dirac)<\/a><br \/>\n\u2022 <a href=\"http:\/\/portal.fiocruz.br\/content\/diretoria-de-administra%C3%A7%C3%A3o-dirad-0\" target=\"_self\" rel=\"noopener\">Diretoria de Administra\u00e7\u00e3o (Dirad)<\/a><br \/>\n\u2022 <a href=\"http:\/\/portal.fiocruz.br\/content\/diretoria-de-planejamento-estrat%C3%A9gico-diplan-0\">Diretoria de Planejamento Estrat\u00e9gico (Diplan)<\/a><br \/>\n\u2022 <a href=\"http:\/\/portal.fiocruz.br\/content\/diretoria-de-recursos-humanos-direh-0\" target=\"_self\" rel=\"noopener\">Diretoria de Recursos Humanos (Direh)<\/a><\/p>\n<p><strong>Unidades T\u00e9cnico-Cient\u00edficas<\/strong><br \/>\n\u2022 <a href=\"http:\/\/portal.fiocruz.br\/content\/casa-de-oswaldo-cruz\">Casa de Oswaldo Cruz (COC)<\/a><br \/>\n\u2022 <a href=\"http:\/\/portal.fiocruz.br\/content\/centro-de-pesquisas-aggeu-magalh%C3%A3es-fiocruz-pernambuco\">Centro de Pesquisas Aggeu Magalh\u00e3es (Fiocruz Pernambuco)<\/a><br \/>\n\u2022 <a href=\"http:\/\/portal.fiocruz.br\/content\/centro-de-pesquisas-gon%C3%A7alo-moniz-fiocruz-bahia\">Centro de Pesquisas Gon\u00e7alo Moniz (Fiocruz Bahia)<\/a><br \/>\n\u2022 <a href=\"http:\/\/portal.fiocruz.br\/content\/centro-de-pesquisas-le%C3%B4nidas-e-maria-deane-fiocruz-amaz%C3%B4nia\">Centro de Pesquisas Le\u00f4nidas e Maria Deane (Fiocruz Amaz\u00f4nia)<\/a><br \/>\n\u2022 <a href=\"http:\/\/portal.fiocruz.br\/content\/centro-de-pesquisas-ren%C3%A9-rachou-fiocruz-minas\">Centro de Pesquisas Ren\u00e9 Rachou (Fiocruz Minas)<\/a><br \/>\n\u2022 <a href=\"http:\/\/portal.fiocruz.br\/content\/escola-nacional-de-sa%C3%BAde-p%C3%BAblica-sergio-arouca-ensp-0\">Escola Nacional de Sa\u00fade P\u00fablica Sergio Arouca (Ensp)<\/a><br \/>\n\u2022 <a href=\"http:\/\/portal.fiocruz.br\/content\/escola-polit%C3%A9cnica-de-sa%C3%BAde-joaquim-ven%C3%A2ncio-epsjv-0\">Escola Polit\u00e9cnica de Sa\u00fade Joaquim Ven\u00e2ncio (EPSJV)<\/a><br \/>\n\u2022 <a href=\"http:\/\/portal.fiocruz.br\/content\/instituto-carlos-chagas-icc\">Instituto Carlos Chagas (ICC)<\/a><br \/>\n\u2022 <a href=\"http:\/\/portal.fiocruz.br\/content\/principais-cargos-e-respectivos-ocupantes-do-instituto-de-comunica%C3%A7%C3%A3o-e-informa%C3%A7%C3%A3o\">Instituto de Comunica\u00e7\u00e3o e Informa\u00e7\u00e3o Cient\u00edfica e Tecnol\u00f3gica em Sa\u00fade (Icict)<\/a><br \/>\n\u2022 <a href=\"http:\/\/portal.fiocruz.br\/content\/instituto-nacional-de-infectologia-ipec\">Instituto Nacional de Infectologia (Ipec)<\/a><br \/>\n\u2022 <a href=\"http:\/\/portal.fiocruz.br\/content\/instituto-de-tecnologia-em-f%C3%A1marcos-farmanguinhos\">Instituto de Tecnologia em F\u00e1rmacos (Farmanguinhos)<\/a><br \/>\n\u2022 <a href=\"http:\/\/portal.fiocruz.br\/content\/instituto-de-tecnologia-em-imunobiol%C3%B3gicos-biomanguinhos-0\">Instituto de Tecnologia em Imunobiol\u00f3gicos (Biomanguinhos)<\/a><br \/>\n\u2022 <a href=\"http:\/\/portal.fiocruz.br\/content\/instituto-nacional-de-sa%C3%BAde-da-mulher-da-crian%C3%A7a-e-do-adolescente-fernandes-figueira-iff-0\">Instituto Nacional de Sa\u00fade da Mulher, da Crian\u00e7a e do Adolescente Fernandes Figueira (IFF)<\/a><br \/>\n\u2022 <a href=\"http:\/\/portal.fiocruz.br\/content\/instituto-nacional-de-controle-da-qualidade-em-sa%C3%BAde-incqs\">Instituto Nacional de Controle da Qualidade em Sa\u00fade (INCQS)<\/a><br \/>\n\u2022 <a href=\"http:\/\/portal.fiocruz.br\/content\/instituto-oswaldo-cruz-ioc-0\">Instituto Oswaldo Cruz (IOC)<\/a><\/p>\n<p><strong>Unidade T\u00e9cnica de Apoio<\/strong><br \/>\n\u2022 <a href=\"http:\/\/portal.fiocruz.br\/content\/unidade-t%C3%A9cnica-de-apoio\">Centro de Cria\u00e7\u00e3o de Animais de Laborat\u00f3rio (Cecal)<\/a><\/p>\n<p><a href=\"http:\/\/portal.fiocruz.br\/content\/escrit%C3%B3rios\">Escrit\u00f3rios<\/a><\/p>\n\n<\/div>\n<\/div>\n<\/section>\n\n<section class=\"av_tab_section\"  itemscope=\"itemscope\" itemtype=\"https:\/\/schema.org\/CreativeWork\" ><div aria-controls=\"tab-id-4-content\" role=\"tab\" tabindex=\"0\" data-fake-id=\"#tab-id-4\" class=\"tab \"  itemprop=\"headline\" ><\/p>\n<p style=\"font-size: large;\">Hor\u00e1rios de atendimento<\/div>\n<div id=\"tab-id-4-content\" class=\"tab_content \" aria-hidden=\"true\">\n<div class=\"tab_inner_content invers-color\"  itemprop=\"text\" >\n<p style=\"font-size: medium;\">A Funda\u00e7\u00e3o Oswaldo Cruz funciona de 8h \u00e0s 17h, de segunda a sexta-feira, com exce\u00e7\u00e3o dos servi\u00e7os hospitalares e de emerg\u00eancia que funcionam 24 horas por dia, todos os dias da semana, incluindo feriados.<\/p>\n<p>Na <a href=\"http:\/\/portal.fiocruz.br\/pt-br\/content\/carta-de-servi%C3%A7os-ao-cidad%C3%A3o-0\" target=\"_blank\" rel=\"noopener\"><strong>Carta de Servi\u00e7os<\/strong><\/a>\u00a0est\u00e3o dispon\u00edveis\u00a0ainda informa\u00e7\u00f5es relevantes, de contato (telefones, endere\u00e7o e e-mail) e funcionamento referentes a todos os servi\u00e7os da Fiocruz.<\/p>\n<p>A <strong>Carta de Servi\u00e7os<\/strong>\u00a0segue orienta\u00e7\u00f5es do Programa Nacional de Gest\u00e3o P\u00fablica e Desburocratiza\u00e7\u00e3o (GesP\u00fablica) do Minist\u00e9rio do Planejamento, Or\u00e7amento e Gest\u00e3o para apoiar as institui\u00e7\u00f5es p\u00fablicas na melhoria cont\u00ednua da qualidade, e visa facilitar o acesso aos servi\u00e7os e produtos da Fiocruz, com foco no conjunto de seus cidad\u00e3os-usu\u00e1rios.<\/p>\n\n<\/div>\n<\/div>\n<\/section>\n\n<\/div><\/div>\n<\/div><\/div><\/div><!-- close content main div --><\/div><\/div><div id='after_section_3'  class='main_color av_default_container_wrap container_wrap sidebar_right' style=' '  ><div class='container' ><div class='template-page content  av-content-small alpha units'><div class='post-entry post-entry-type-page post-entry-16170'><div class='entry-content-wrapper clearfix'><\/p>\n","protected":false},"excerpt":{"rendered":"","protected":false},"author":20,"featured_media":0,"parent":0,"menu_order":0,"comment_status":"closed","ping_status":"closed","template":"","meta":{"footnotes":""},"class_list":["post-16170","page","type-page","status-publish","hentry"],"_links":{"self":[{"href":"https:\/\/amazonia.fiocruz.br\/index.php?rest_route=\/wp\/v2\/pages\/16170","targetHints":{"allow":["GET"]}}],"collection":[{"href":"https:\/\/amazonia.fiocruz.br\/index.php?rest_route=\/wp\/v2\/pages"}],"about":[{"href":"https:\/\/amazonia.fiocruz.br\/index.php?rest_route=\/wp\/v2\/types\/page"}],"author":[{"embeddable":true,"href":"https:\/\/amazonia.fiocruz.br\/index.php?rest_route=\/wp\/v2\/users\/20"}],"replies":[{"embeddable":true,"href":"https:\/\/amazonia.fiocruz.br\/index.php?rest_route=%2Fwp%2Fv2%2Fcomments&post=16170"}],"version-history":[{"count":15,"href":"https:\/\/amazonia.fiocruz.br\/index.php?rest_route=\/wp\/v2\/pages\/16170\/revisions"}],"predecessor-version":[{"id":38993,"href":"https:\/\/amazonia.fiocruz.br\/index.php?rest_route=\/wp\/v2\/pages\/16170\/revisions\/38993"}],"wp:attachment":[{"href":"https:\/\/amazonia.fiocruz.br\/index.php?rest_route=%2Fwp%2Fv2%2Fmedia&parent=16170"}],"curies":[{"name":"wp","href":"https:\/\/api.w.org\/{rel}","templated":true}]}}