{"id":16092,"date":"2016-07-04T13:09:51","date_gmt":"2016-07-04T13:09:51","guid":{"rendered":"https:\/\/192.168.240.20\/?page_id=16092"},"modified":"2025-08-11T17:00:12","modified_gmt":"2025-08-11T21:00:12","slug":"gestao","status":"publish","type":"page","link":"https:\/\/amazonia.fiocruz.br\/?page_id=16092","title":{"rendered":"Gest\u00e3o"},"content":{"rendered":"<div id='av_section_1'  class='avia-section main_color avia-section-default avia-no-shadow  avia-full-stretch avia-bg-style-scroll  avia-builder-el-0  el_before_av_section  avia-builder-el-first   av-minimum-height av-minimum-height-50  container_wrap sidebar_right' style='background-repeat: no-repeat; background-image: url(https:\/\/amazonia.fiocruz.br\/wp-content\/uploads\/2024\/02\/TopoPagGestao-1.png);background-attachment: scroll; background-position: top left;  '  data-section-bg-repeat='stretch' data-av_minimum_height_pc='50'><div class='container' ><main  role=\"main\" itemprop=\"mainContentOfPage\"  class='template-page content  av-content-small alpha units'><div class='post-entry post-entry-type-page post-entry-16092'><div class='entry-content-wrapper clearfix'>\n<div class=\"flex_column av_one_half  flex_column_div av-zero-column-padding first  avia-builder-el-1  avia-builder-el-no-sibling  \" style='border-radius:0px; '><div  style='padding-bottom:10px; color:#ffffff;font-size:30px;' class='av-special-heading av-special-heading-h3 custom-color-heading blockquote modern-quote  avia-builder-el-2  avia-builder-el-no-sibling  av-inherit-size '><h3 class='av-special-heading-tag '  itemprop=\"headline\"  >Gest\u00e3o<\/h3><div class ='av-subheading av-subheading_below av_custom_color ' style='font-size:18px;'><p>ILMD\/Fiocruz Amaz\u00f4nia<\/p>\n<\/div><div class='special-heading-border'><div class='special-heading-inner-border' style='border-color:#ffffff'><\/div><\/div><\/div><\/div>\n\n<\/div><\/div><\/main><!-- close content main element --><\/div><\/div><div id='cursos'  class='avia-section alternate_color avia-section-default avia-no-border-styling  avia-bg-style-scroll  avia-builder-el-3  el_after_av_section  el_before_av_section   av-minimum-height av-minimum-height-50  container_wrap sidebar_right' style=' '   data-av_minimum_height_pc='50'><div class='container' ><div class='template-page content  av-content-small alpha units'><div class='post-entry post-entry-type-page post-entry-16092'><div class='entry-content-wrapper clearfix'>\n<div class=\"flex_column av_one_full  flex_column_div first  avia-builder-el-4  el_before_av_one_third  avia-builder-el-first  \" ><p><div  style='padding-bottom:10px; font-size:50px;' class='av-special-heading av-special-heading-h3  blockquote modern-quote modern-centered  avia-builder-el-5  el_before_av_hr  avia-builder-el-first  av-thin-font av-inherit-size '><h3 class='av-special-heading-tag '  itemprop=\"headline\"  ><strong> Gest\u00e3o<\/strong><\/h3><div class='special-heading-border'><div class='special-heading-inner-border' ><\/div><\/div><\/div><br \/>\n<div  style=' margin-top:30px; margin-bottom:30px;'  class='hr hr-custom hr-center hr-icon-yes   avia-builder-el-6  el_after_av_heading  avia-builder-el-last '><span class='hr-inner  inner-border-av-border-thin' style=' width:100px; max-width:45%;' ><span class='hr-inner-style'><\/span><\/span><span class='av-seperator-icon'  aria-hidden='true' data-av_icon='\ue808' data-av_iconfont='entypo-fontello'><\/span><span class='hr-inner  inner-border-av-border-thin' style=' width:100px; max-width:45%;' ><span class='hr-inner-style'><\/span><\/span><\/div><\/p><\/div><div class=\"flex_column av_one_third  flex_column_div av-zero-column-padding first  avia-builder-el-7  el_after_av_one_full  el_before_av_one_third  column-top-margin\" style='border-radius:0px; '><\/div><div class=\"flex_column av_one_third  flex_column_div av-zero-column-padding   avia-builder-el-8  el_after_av_one_third  el_before_av_one_third  column-top-margin\" style='border-radius:0px; '><section  class='avia-team-member   avia-builder-el-9  avia-builder-el-no-sibling '  itemscope=\"itemscope\" itemtype=\"https:\/\/schema.org\/Person\" ><div class='team-img-container'><img decoding=\"async\" width=\"1030\" height=\"687\" class='wp-image-42045 avia-img-lazy-loading-not-42045 avia_image avia_image_team' src=\"https:\/\/amazonia.fiocruz.br\/wp-content\/uploads\/2024\/02\/Dra-Stefanie3_Copia-3-1-1030x687.jpg\" alt='Stefanie Costa Pinto Lopes'  itemprop=\"image\" srcset=\"https:\/\/amazonia.fiocruz.br\/wp-content\/uploads\/2024\/02\/Dra-Stefanie3_Copia-3-1-1030x687.jpg 1030w, https:\/\/amazonia.fiocruz.br\/wp-content\/uploads\/2024\/02\/Dra-Stefanie3_Copia-3-1-300x200.jpg 300w, https:\/\/amazonia.fiocruz.br\/wp-content\/uploads\/2024\/02\/Dra-Stefanie3_Copia-3-1-768x512.jpg 768w, https:\/\/amazonia.fiocruz.br\/wp-content\/uploads\/2024\/02\/Dra-Stefanie3_Copia-3-1-1536x1024.jpg 1536w, https:\/\/amazonia.fiocruz.br\/wp-content\/uploads\/2024\/02\/Dra-Stefanie3_Copia-3-1-2048x1365.jpg 2048w, https:\/\/amazonia.fiocruz.br\/wp-content\/uploads\/2024\/02\/Dra-Stefanie3_Copia-3-1-1500x1000.jpg 1500w, https:\/\/amazonia.fiocruz.br\/wp-content\/uploads\/2024\/02\/Dra-Stefanie3_Copia-3-1-705x470.jpg 705w\" sizes=\"(max-width: 1030px) 100vw, 1030px\" \/><div class='team-social'><div class='team-social-inner'><span class='hidden av_member_url_markup '  itemprop=\"url\" >http:\/\/lattes.cnpq.br\/9573217074348653<\/span><a rel=\"v:url noopener\" data-avia-tooltip=\"Lattes\" target='_blank' class=' avia-team-icon ' href='http:\/\/lattes.cnpq.br\/9573217074348653' aria-hidden='true' data-av_icon='\ue840' data-av_iconfont='entypo-fontello'><\/a><\/div><\/div><\/div><h3 class='team-member-name'    itemprop=\"name\" >Stefanie Costa Pinto Lopes<\/h3><div class='team-member-job-title '   itemprop=\"jobTitle\" >Diretora<\/div><span class='hidden team-member-affiliation'  itemprop=\"affiliation\" >ILMD<\/span><\/section><\/div><div class=\"flex_column av_one_third  flex_column_div av-zero-column-padding   avia-builder-el-10  el_after_av_one_third  el_before_av_one_third  column-top-margin\" style='border-radius:0px; '><\/div><div class='flex_column_table av-equal-height-column-flextable -flextable' ><div class=\"flex_column av_one_third  flex_column_table_cell av-equal-height-column av-align-middle av-zero-column-padding first  avia-builder-el-11  el_after_av_one_third  el_before_av_one_third  column-top-margin\" style='border-radius:0px; '><section  class='avia-team-member   avia-builder-el-12  avia-builder-el-no-sibling '  itemscope=\"itemscope\" itemtype=\"https:\/\/schema.org\/Person\" ><div class='team-img-container'><img decoding=\"async\" width=\"300\" height=\"200\" class='wp-image-42039 avia-img-lazy-loading-not-42039 avia_image avia_image_team' src=\"https:\/\/amazonia.fiocruz.br\/wp-content\/uploads\/2024\/02\/MG_0401_2-300x200.jpg\" alt='Michele Rocha de Ara\u00fajo El Kadri'  itemprop=\"image\" srcset=\"https:\/\/amazonia.fiocruz.br\/wp-content\/uploads\/2024\/02\/MG_0401_2-300x200.jpg 300w, https:\/\/amazonia.fiocruz.br\/wp-content\/uploads\/2024\/02\/MG_0401_2-1030x687.jpg 1030w, https:\/\/amazonia.fiocruz.br\/wp-content\/uploads\/2024\/02\/MG_0401_2-768x512.jpg 768w, https:\/\/amazonia.fiocruz.br\/wp-content\/uploads\/2024\/02\/MG_0401_2-1536x1024.jpg 1536w, https:\/\/amazonia.fiocruz.br\/wp-content\/uploads\/2024\/02\/MG_0401_2-2048x1365.jpg 2048w, https:\/\/amazonia.fiocruz.br\/wp-content\/uploads\/2024\/02\/MG_0401_2-1500x1000.jpg 1500w, https:\/\/amazonia.fiocruz.br\/wp-content\/uploads\/2024\/02\/MG_0401_2-705x470.jpg 705w\" sizes=\"(max-width: 300px) 100vw, 300px\" \/><div class='team-social'><div class='team-social-inner'><span class='hidden av_member_url_markup '  itemprop=\"url\" >http:\/\/lattes.cnpq.br\/9372076932075499<\/span><a rel=\"v:url noopener\" data-avia-tooltip=\"Lattes\" target='_blank' class=' avia-team-icon ' href='http:\/\/lattes.cnpq.br\/9372076932075499' aria-hidden='true' data-av_icon='\ue840' data-av_iconfont='entypo-fontello'><\/a><\/div><\/div><\/div><h3 class='team-member-name'    itemprop=\"name\" >Michele Rocha de Ara\u00fajo El Kadri<\/h3><div class='team-member-job-title '   itemprop=\"jobTitle\" >Vice-Diretora de Pesquisa e Inova\u00e7\u00e3o<\/div><span class='hidden team-member-affiliation'  itemprop=\"affiliation\" >ILMD<\/span><\/section><\/div><div class='av-flex-placeholder'><\/div><div class=\"flex_column av_one_third  flex_column_table_cell av-equal-height-column av-align-middle av-zero-column-padding   avia-builder-el-13  el_after_av_one_third  el_before_av_one_third  column-top-margin\" style='border-radius:0px; '><section  class='avia-team-member   avia-builder-el-14  avia-builder-el-no-sibling '  itemscope=\"itemscope\" itemtype=\"https:\/\/schema.org\/Person\" ><div class='team-img-container'><img decoding=\"async\" width=\"300\" height=\"214\" class='wp-image-38000 avia-img-lazy-loading-not-38000 avia_image avia_image_team' src=\"https:\/\/amazonia.fiocruz.br\/wp-content\/uploads\/2022\/12\/Aldemir-Lima-Maquine-7-scaled-e1671559368902-300x214.jpg\" alt='Aldemir Lima Maquin\u00e9'  itemprop=\"image\" srcset=\"https:\/\/amazonia.fiocruz.br\/wp-content\/uploads\/2022\/12\/Aldemir-Lima-Maquine-7-scaled-e1671559368902-300x214.jpg 300w, https:\/\/amazonia.fiocruz.br\/wp-content\/uploads\/2022\/12\/Aldemir-Lima-Maquine-7-scaled-e1671559368902-1030x735.jpg 1030w, https:\/\/amazonia.fiocruz.br\/wp-content\/uploads\/2022\/12\/Aldemir-Lima-Maquine-7-scaled-e1671559368902-768x548.jpg 768w, https:\/\/amazonia.fiocruz.br\/wp-content\/uploads\/2022\/12\/Aldemir-Lima-Maquine-7-scaled-e1671559368902-1536x1096.jpg 1536w, https:\/\/amazonia.fiocruz.br\/wp-content\/uploads\/2022\/12\/Aldemir-Lima-Maquine-7-scaled-e1671559368902-2048x1461.jpg 2048w, https:\/\/amazonia.fiocruz.br\/wp-content\/uploads\/2022\/12\/Aldemir-Lima-Maquine-7-scaled-e1671559368902-1500x1070.jpg 1500w, https:\/\/amazonia.fiocruz.br\/wp-content\/uploads\/2022\/12\/Aldemir-Lima-Maquine-7-scaled-e1671559368902-260x185.jpg 260w, https:\/\/amazonia.fiocruz.br\/wp-content\/uploads\/2022\/12\/Aldemir-Lima-Maquine-7-scaled-e1671559368902-705x503.jpg 705w\" sizes=\"(max-width: 300px) 100vw, 300px\" \/><div class='team-social'><div class='team-social-inner'><span class='hidden av_member_url_markup '  itemprop=\"url\" >http:\/\/lattes.cnpq.br\/3260021644200077<\/span><a rel=\"v:url noopener\" data-avia-tooltip=\"Lattes\" target='_blank' class=' avia-team-icon ' href='http:\/\/lattes.cnpq.br\/3260021644200077' aria-hidden='true' data-av_icon='\ue840' data-av_iconfont='entypo-fontello'><\/a><\/div><\/div><\/div><h3 class='team-member-name'    itemprop=\"name\" >Aldemir Lima Maquin\u00e9<\/h3><div class='team-member-job-title '   itemprop=\"jobTitle\" >Vice-Diretor de Gest\u00e3o e Desenvolvimento Institucional<\/div><span class='hidden team-member-affiliation'  itemprop=\"affiliation\" >ILMD<\/span><\/section><\/div><div class='av-flex-placeholder'><\/div><div class=\"flex_column av_one_third  flex_column_table_cell av-equal-height-column av-align-middle av-zero-column-padding   avia-builder-el-15  el_after_av_one_third  el_before_av_one_full  column-top-margin\" style='border-radius:0px; '><section  class='avia-team-member   avia-builder-el-16  avia-builder-el-no-sibling '  itemscope=\"itemscope\" itemtype=\"https:\/\/schema.org\/Person\" ><div class='team-img-container'><img decoding=\"async\" width=\"300\" height=\"218\" class='wp-image-55434 avia-img-lazy-loading-not-55434 avia_image avia_image_team' src=\"https:\/\/amazonia.fiocruz.br\/wp-content\/uploads\/2025\/08\/Dr.-Claudio-de-Oliveira-Peixoto_2-3-300x218.jpg\" alt='Cl\u00e1udio de Oliveira Peixoto'  itemprop=\"image\" srcset=\"https:\/\/amazonia.fiocruz.br\/wp-content\/uploads\/2025\/08\/Dr.-Claudio-de-Oliveira-Peixoto_2-3-300x218.jpg 300w, https:\/\/amazonia.fiocruz.br\/wp-content\/uploads\/2025\/08\/Dr.-Claudio-de-Oliveira-Peixoto_2-3-768x557.jpg 768w, https:\/\/amazonia.fiocruz.br\/wp-content\/uploads\/2025\/08\/Dr.-Claudio-de-Oliveira-Peixoto_2-3-705x511.jpg 705w, https:\/\/amazonia.fiocruz.br\/wp-content\/uploads\/2025\/08\/Dr.-Claudio-de-Oliveira-Peixoto_2-3.jpg 986w\" sizes=\"(max-width: 300px) 100vw, 300px\" \/><div class='team-social'><div class='team-social-inner'><span class='hidden av_member_url_markup '  itemprop=\"url\" >http:\/\/lattes.cnpq.br\/3157326710169454<\/span><a rel=\"v:url noopener\" data-avia-tooltip=\"Lattes\" target='_blank' class=' avia-team-icon ' href='http:\/\/lattes.cnpq.br\/3157326710169454' aria-hidden='true' data-av_icon='\ue840' data-av_iconfont='entypo-fontello'><\/a><\/div><\/div><\/div><h3 class='team-member-name'    itemprop=\"name\" >Cl\u00e1udio de Oliveira Peixoto<\/h3><div class='team-member-job-title '   itemprop=\"jobTitle\" >Vice-Diretor de Educa\u00e7\u00e3o, Informa\u00e7\u00e3o e Comunica\u00e7\u00e3o<\/div><span class='hidden team-member-affiliation'  itemprop=\"affiliation\" >ILMD<\/span><\/section><\/div><\/div><!--close column table wrapper. Autoclose: 1 --><div class=\"flex_column av_one_full  flex_column_div av-zero-column-padding first  avia-builder-el-17  el_after_av_one_third  el_before_av_image  column-top-margin\" style='border-radius:0px; '><p><div  style='padding-bottom:10px; font-size:50px;' class='av-special-heading av-special-heading-h3  blockquote modern-quote modern-centered  avia-builder-el-18  el_before_av_hr  avia-builder-el-first  av-thin-font av-inherit-size '><h3 class='av-special-heading-tag '  itemprop=\"headline\"  ><strong>Estrutura organizacional<\/strong><\/h3><div class='special-heading-border'><div class='special-heading-inner-border' ><\/div><\/div><\/div><br \/>\n<div  style=' margin-top:30px; margin-bottom:30px;'  class='hr hr-custom hr-center hr-icon-yes   avia-builder-el-19  el_after_av_heading  el_before_av_image '><span class='hr-inner  inner-border-av-border-thin' style=' width:100px; max-width:45%;' ><span class='hr-inner-style'><\/span><\/span><span class='av-seperator-icon'  aria-hidden='true' data-av_icon='\ue808' data-av_iconfont='entypo-fontello'><\/span><span class='hr-inner  inner-border-av-border-thin' style=' width:100px; max-width:45%;' ><span class='hr-inner-style'><\/span><\/span><\/div><br \/>\n<div  class='avia-image-container  av-styling-    avia-builder-el-20  el_after_av_hr  avia-builder-el-last  avia-align-center '  itemprop=\"image\" itemscope=\"itemscope\" itemtype=\"https:\/\/schema.org\/ImageObject\"  ><div class='avia-image-container-inner'><div class='avia-image-overlay-wrap'><img decoding=\"async\" class='wp-image-55437 avia-img-lazy-loading-not-55437 avia_image' src=\"https:\/\/amazonia.fiocruz.br\/wp-content\/uploads\/2025\/08\/Organograma-2025-01-scaled.jpg\" alt='' title='' height=\"2560\" width=\"2126\"  itemprop=\"thumbnailUrl\" srcset=\"https:\/\/amazonia.fiocruz.br\/wp-content\/uploads\/2025\/08\/Organograma-2025-01-scaled.jpg 2126w, https:\/\/amazonia.fiocruz.br\/wp-content\/uploads\/2025\/08\/Organograma-2025-01-249x300.jpg 249w, https:\/\/amazonia.fiocruz.br\/wp-content\/uploads\/2025\/08\/Organograma-2025-01-1661x2000.jpg 1661w, https:\/\/amazonia.fiocruz.br\/wp-content\/uploads\/2025\/08\/Organograma-2025-01-768x925.jpg 768w, https:\/\/amazonia.fiocruz.br\/wp-content\/uploads\/2025\/08\/Organograma-2025-01-1275x1536.jpg 1275w, https:\/\/amazonia.fiocruz.br\/wp-content\/uploads\/2025\/08\/Organograma-2025-01-1700x2048.jpg 1700w, https:\/\/amazonia.fiocruz.br\/wp-content\/uploads\/2025\/08\/Organograma-2025-01-1245x1500.jpg 1245w, https:\/\/amazonia.fiocruz.br\/wp-content\/uploads\/2025\/08\/Organograma-2025-01-585x705.jpg 585w\" sizes=\"(max-width: 2126px) 100vw, 2126px\" \/><\/div><\/div><\/div><\/p><\/div><div  class='avia-image-container avia_animated_image avia_animate_when_almost_visible top-to-bottom av-styling-    avia-builder-el-21  el_after_av_one_full  avia-builder-el-last  avia-align-center '  itemprop=\"image\" itemscope=\"itemscope\" itemtype=\"https:\/\/schema.org\/ImageObject\"  ><div class='avia-image-container-inner'><div class='avia-image-overlay-wrap'><img decoding=\"async\" class='wp-image-0 avia-img-lazy-loading-not-0 avia_image' src=\"https:\/\/amazonia.fiocruz.br\/wp-content\/uploads\/2022\/01\/Organograma_2021-2025_21012022-1.png\" alt='' title=''   itemprop=\"thumbnailUrl\"  \/><\/div><\/div><\/div>\n<\/div><\/div><\/div><!-- close content main div --><\/div><\/div><div id='av_section_3'  class='avia-section main_color avia-section-default avia-no-shadow  avia-bg-style-scroll  avia-builder-el-22  el_after_av_section  avia-builder-el-last   container_wrap sidebar_right' style='background-color: #31a8e0;  '  ><div class='container' ><div class='template-page content  av-content-small alpha units'><div class='post-entry post-entry-type-page post-entry-16092'><div class='entry-content-wrapper clearfix'>\n<div class=\"flex_column av_one_fourth  flex_column_div first  avia-builder-el-23  el_before_av_one_half  avia-builder-el-first  \" ><\/div><div class=\"flex_column av_one_half  flex_column_div av-zero-column-padding   avia-builder-el-24  el_after_av_one_fourth  el_before_av_one_fourth  \" style='border-radius:0px; '><p><div  style='padding-bottom:40px; color:#ffffff;font-size:50px;' class='av-special-heading av-special-heading-h3 custom-color-heading blockquote modern-quote modern-centered  avia-builder-el-25  el_before_av_font_icon  avia-builder-el-first  av-thin-font av-inherit-size '><h3 class='av-special-heading-tag '  itemprop=\"headline\"  ><strong> Regimento Interno<\/strong><\/h3><div class='special-heading-border'><div class='special-heading-inner-border' style='border-color:#ffffff'><\/div><\/div><\/div><br \/>\n<span  class=\"av_font_icon avia_animate_when_visible avia-icon-animate  av-icon-style-border  avia-icon-pos-center \" style=\"color:#ffffff; border-color:#ffffff;\"><a href='https:\/\/amazonia.fiocruz.br\/wp-content\/uploads\/2017\/11\/regimento_interno_2610.pdf'  target=\"_blank\"  rel=\"noopener noreferrer\"  class='av-icon-char' style='font-size:40px;line-height:40px;width:40px;' aria-hidden='true' data-av_icon='\ue82d' data-av_iconfont='entypo-fontello' ><\/a><\/span><\/p><\/div><div class=\"flex_column av_one_fourth  flex_column_div av-zero-column-padding   avia-builder-el-27  el_after_av_one_half  avia-builder-el-last  \" style='border-radius:0px; '><\/div>\n<\/div><\/div><\/div><!-- close content main div --><\/div><\/div><div id='after_section_3'  class='main_color av_default_container_wrap container_wrap sidebar_right' style=' '  ><div class='container' ><div class='template-page content  av-content-small alpha units'><div class='post-entry post-entry-type-page post-entry-16092'><div class='entry-content-wrapper clearfix'><\/p>\n","protected":false},"excerpt":{"rendered":"","protected":false},"author":20,"featured_media":0,"parent":0,"menu_order":0,"comment_status":"closed","ping_status":"closed","template":"","meta":{"footnotes":""},"class_list":["post-16092","page","type-page","status-publish","hentry"],"_links":{"self":[{"href":"https:\/\/amazonia.fiocruz.br\/index.php?rest_route=\/wp\/v2\/pages\/16092","targetHints":{"allow":["GET"]}}],"collection":[{"href":"https:\/\/amazonia.fiocruz.br\/index.php?rest_route=\/wp\/v2\/pages"}],"about":[{"href":"https:\/\/amazonia.fiocruz.br\/index.php?rest_route=\/wp\/v2\/types\/page"}],"author":[{"embeddable":true,"href":"https:\/\/amazonia.fiocruz.br\/index.php?rest_route=\/wp\/v2\/users\/20"}],"replies":[{"embeddable":true,"href":"https:\/\/amazonia.fiocruz.br\/index.php?rest_route=%2Fwp%2Fv2%2Fcomments&post=16092"}],"version-history":[{"count":146,"href":"https:\/\/amazonia.fiocruz.br\/index.php?rest_route=\/wp\/v2\/pages\/16092\/revisions"}],"predecessor-version":[{"id":56783,"href":"https:\/\/amazonia.fiocruz.br\/index.php?rest_route=\/wp\/v2\/pages\/16092\/revisions\/56783"}],"wp:attachment":[{"href":"https:\/\/amazonia.fiocruz.br\/index.php?rest_route=%2Fwp%2Fv2%2Fmedia&parent=16092"}],"curies":[{"name":"wp","href":"https:\/\/api.w.org\/{rel}","templated":true}]}}