{"id":15919,"date":"2016-06-30T19:00:37","date_gmt":"2016-06-30T19:00:37","guid":{"rendered":"https:\/\/192.168.240.20\/?page_id=15919"},"modified":"2019-11-12T14:33:39","modified_gmt":"2019-11-12T18:33:39","slug":"institucional","status":"publish","type":"page","link":"https:\/\/amazonia.fiocruz.br\/?page_id=15919","title":{"rendered":"Institucional"},"content":{"rendered":"<div id='av_section_1'  class='avia-section main_color avia-section-default avia-no-shadow  avia-full-stretch avia-bg-style-scroll  avia-builder-el-0  el_before_av_section  avia-builder-el-first   av-minimum-height av-minimum-height-100  container_wrap sidebar_right' style='background-repeat: no-repeat; background-image: url(https:\/\/amazonia.fiocruz.br\/wp-content\/uploads\/2016\/06\/Fachada_site-1500x630.png);background-attachment: scroll; background-position: center center;  '  data-section-bg-repeat='stretch' data-av_minimum_height_pc='100'><div class='container' ><main  role=\"main\" itemprop=\"mainContentOfPage\"  class='template-page content  av-content-small alpha units'><div class='post-entry post-entry-type-page post-entry-15919'><div class='entry-content-wrapper clearfix'>\n<div class=\"flex_column av_one_half  flex_column_div av-zero-column-padding first  avia-builder-el-1  avia-builder-el-no-sibling  \" style='border-radius:0px; '><div  style='padding-bottom:10px; color:#ffffff;font-size:30px;' class='av-special-heading av-special-heading-h3 custom-color-heading blockquote modern-quote  avia-builder-el-2  avia-builder-el-no-sibling  av-inherit-size '><h3 class='av-special-heading-tag '  itemprop=\"headline\"  >INSTITUCIONAL<\/h3><div class ='av-subheading av-subheading_below av_custom_color ' style='font-size:18px;'><p>ILMD\/Fiocruz Amaz\u00f4nia<\/p>\n<\/div><div class='special-heading-border'><div class='special-heading-inner-border' style='border-color:#ffffff'><\/div><\/div><\/div><\/div>\n\n<\/div><\/div><\/main><!-- close content main element --><\/div><\/div><div id='linhaspesquisas'  class='avia-section alternate_color avia-section-default avia-no-border-styling  avia-bg-style-scroll  avia-builder-el-3  el_after_av_section  avia-builder-el-last   av-minimum-height av-minimum-height-50  container_wrap sidebar_right' style=' '   data-av_minimum_height_pc='50'><div class='container' ><div class='template-page content  av-content-small alpha units'><div class='post-entry post-entry-type-page post-entry-15919'><div class='entry-content-wrapper clearfix'>\n<div  style='height:40px' class='hr hr-invisible   avia-builder-el-4  el_before_av_one_half  avia-builder-el-first '><span class='hr-inner ' ><span class='hr-inner-style'><\/span><\/span><\/div>\n<div class=\"flex_column av_one_half  flex_column_div av-zero-column-padding first  avia-builder-el-5  el_after_av_hr  el_before_av_one_half  \" style='border-radius:0px; '><p><section class=\"av_textblock_section \"  itemscope=\"itemscope\" itemtype=\"https:\/\/schema.org\/CreativeWork\" ><div class='avia_textblock  '  style='font-size:15px; '  itemprop=\"text\" ><p>O Instituto Le\u00f4nidas &amp; Maria Deane (ILMD\/Fiocruz Amaz\u00f4nia) \u00e9 a unidade t\u00e9cnico-cient\u00edfica da Funda\u00e7\u00e3o Oswaldo Cruz no Amazonas.\u00a0 Sediado em Manaus, sua miss\u00e3o \u00e9 contribuir para a melhoria das condi\u00e7\u00f5es de vida e sa\u00fade das popula\u00e7\u00f5es amaz\u00f4nicas e para o desenvolvimento cient\u00edfico e tecnol\u00f3gico regional e do Pa\u00eds, integrando a pesquisa, a educa\u00e7\u00e3o e a\u00e7\u00f5es de sa\u00fade p\u00fablica.<\/p>\n<p>Para o desenvolvimento de suas a\u00e7\u00f5es conta com institui\u00e7\u00f5es parceiras que apoiam projetos de car\u00e1ter multidisciplinar e interinstitucional, gerando conhecimentos essenciais para a cria\u00e7\u00e3o de pol\u00edticas p\u00fablicas, que contribuam para a melhoria da qualidade de vida da sociedade.<\/p>\n<\/div><\/section><br \/>\n<div  style='height:25px' class='hr hr-invisible   avia-builder-el-7  el_after_av_textblock  el_before_av_image '><span class='hr-inner ' ><span class='hr-inner-style'><\/span><\/span><\/div><br \/>\n<div  class='avia-image-container avia_animated_image avia_animate_when_almost_visible top-to-bottom av-styling-    avia-builder-el-8  el_after_av_hr  avia-builder-el-last  avia-align-center '  itemprop=\"image\" itemscope=\"itemscope\" itemtype=\"https:\/\/schema.org\/ImageObject\"  ><div class='avia-image-container-inner'><div class='avia-image-overlay-wrap'><img decoding=\"async\" class='wp-image-17526 avia-img-lazy-loading-not-17526 avia_image' src=\"https:\/\/amazonia.fiocruz.br\/wp-content\/uploads\/2016\/06\/Fachada_site-1024x683.png\" alt='' title='fachada_site' height=\"683\" width=\"1024\"  itemprop=\"thumbnailUrl\" srcset=\"https:\/\/amazonia.fiocruz.br\/wp-content\/uploads\/2016\/06\/Fachada_site-1024x683.png 1024w, https:\/\/amazonia.fiocruz.br\/wp-content\/uploads\/2016\/06\/Fachada_site-300x200.png 300w, https:\/\/amazonia.fiocruz.br\/wp-content\/uploads\/2016\/06\/Fachada_site-768x512.png 768w, https:\/\/amazonia.fiocruz.br\/wp-content\/uploads\/2016\/06\/Fachada_site-1500x1000.png 1500w, https:\/\/amazonia.fiocruz.br\/wp-content\/uploads\/2016\/06\/Fachada_site-705x470.png 705w, https:\/\/amazonia.fiocruz.br\/wp-content\/uploads\/2016\/06\/Fachada_site-450x300.png 450w\" sizes=\"(max-width: 1024px) 100vw, 1024px\" \/><\/div><\/div><\/div><\/p><\/div><div class=\"flex_column av_one_half  flex_column_div av-zero-column-padding   avia-builder-el-9  el_after_av_one_half  el_before_av_hr  \" style='border-radius:0px; '><p><section class=\"av_textblock_section \"  itemscope=\"itemscope\" itemtype=\"https:\/\/schema.org\/CreativeWork\" ><div class='avia_textblock  '  style='font-size:15px; '  itemprop=\"text\" ><p>A produ\u00e7\u00e3o de conhecimento cient\u00edfico no ILMD\/Fiocruz Amaz\u00f4nia tamb\u00e9m ocorre por meio das a\u00e7\u00f5es de coopera\u00e7\u00e3o t\u00e9cnica, realizadas atrav\u00e9s da assessoria t\u00e9cnico-cient\u00edfica desenvolvida junto ao Sistema \u00danico de Sa\u00fade (SUS), com foco especial no conhecimento das realidades s\u00f3cio-sanit\u00e1rias e epidemiol\u00f3gicas da Amaz\u00f4nia.<\/p>\n<p>O ILMD\/Fiocruz Amaz\u00f4nia estabelece coopera\u00e7\u00e3o com institui\u00e7\u00f5es nacionais e internacionais de Ci\u00eancia, Tecnologia e Inova\u00e7\u00e3o em Sa\u00fade (CT&amp;IS), por meio de Acordos de Coopera\u00e7\u00e3o T\u00e9cnico-Cient\u00edfica em Sa\u00fade com as demais unidades da Fiocruz, com institui\u00e7\u00f5es da Amaz\u00f4nia, nacionais e de outros pa\u00edses.<\/p>\n<\/div><\/section><br \/>\n<div  style='height:5px' class='hr hr-invisible   avia-builder-el-11  el_after_av_textblock  el_before_av_tab_container '><span class='hr-inner ' ><span class='hr-inner-style'><\/span><\/span><\/div><br \/>\n<div  class=\"tabcontainer   top_tab   avia-builder-el-12  el_after_av_hr  el_before_av_hr \" role=\"tablist\">\n\n<section class=\"av_tab_section\"  itemscope=\"itemscope\" itemtype=\"https:\/\/schema.org\/CreativeWork\" ><div aria-controls=\"tab-id-1-content\" role=\"tab\" tabindex=\"0\" data-fake-id=\"#tab-id-1\" class=\"tab active_tab\"  itemprop=\"headline\" ><span class='tab_icon' aria-hidden='true' data-av_icon='\ue82a' data-av_iconfont='entypo-fontello'><\/span><strong>MISS\u00c3O<\/strong><\/div>\n<div id=\"tab-id-1-content\" class=\"tab_content active_tab_content\" aria-hidden=\"false\">\n<div class=\"tab_inner_content invers-color\"  itemprop=\"text\" >\n<p style=\"font-size: medium;\">Contribuir para a melhoria das condi\u00e7\u00f5es de vida e sa\u00fade das popula\u00e7\u00f5es amaz\u00f4nicas e para o desenvolvimento cient\u00edfico e tecnol\u00f3gico regional, integrando a pesquisa, a educa\u00e7\u00e3o e a\u00e7\u00f5es de sa\u00fade p\u00fablica<\/p>\n\n<\/div>\n<\/div>\n<\/section>\n\n<section class=\"av_tab_section\"  itemscope=\"itemscope\" itemtype=\"https:\/\/schema.org\/CreativeWork\" ><div aria-controls=\"tab-id-2-content\" role=\"tab\" tabindex=\"0\" data-fake-id=\"#tab-id-2\" class=\"tab \"  itemprop=\"headline\" ><span class='tab_icon' aria-hidden='true' data-av_icon='\ue826' data-av_iconfont='entypo-fontello'><\/span><strong>VIS\u00c3O<\/strong><\/div>\n<div id=\"tab-id-2-content\" class=\"tab_content \" aria-hidden=\"true\">\n<div class=\"tab_inner_content invers-color\"  itemprop=\"text\" >\n<p style=\"font-size: medium;\">Ser protagonista do desenvolvimento cient\u00edfico e tecnol\u00f3gico na \u00e1rea da sa\u00fade na Amaz\u00f4nia.<\/p>\n\n<\/div>\n<\/div>\n<\/section>\n\n<section class=\"av_tab_section\"  itemscope=\"itemscope\" itemtype=\"https:\/\/schema.org\/CreativeWork\" ><div aria-controls=\"tab-id-3-content\" role=\"tab\" tabindex=\"0\" data-fake-id=\"#tab-id-3\" class=\"tab \"  itemprop=\"headline\" ><span class='tab_icon' aria-hidden='true' data-av_icon='\ue915' data-av_iconfont='fontello'><\/span><strong>OBJETIVOS ESTRAT\u00c9GICOS<\/strong><\/div>\n<div id=\"tab-id-3-content\" class=\"tab_content \" aria-hidden=\"true\">\n<div class=\"tab_inner_content invers-color\"  itemprop=\"text\" >\n<ol>\n<li>Gerar conhecimentos e inova\u00e7\u00e3o em sa\u00fade, em parceria com institui\u00e7\u00f5es da regi\u00e3o, para a salvaguarda da soberania brasileira no territ\u00f3rio da Amaz\u00f4nia.<\/li>\n<li>\u00a0Fortalecer a capacidade do ILMD\/Fiocruz Amaz\u00f4nia de responder as emerg\u00eancias em sa\u00fade p\u00fablica e ambiente, articulando compet\u00eancias internas, externas e gest\u00e3o do SUS na Amaz\u00f4nia.<\/li>\n<li>Desenvolver pesquisas relacionadas \u00e0 \u00e1rea de sa\u00fade e ambiente e a influ\u00eancia do ambiente sobre as condi\u00e7\u00f5es de vida e sa\u00fade;<\/li>\n<li>Fortalecer as rela\u00e7\u00f5es al\u00e9m das fronteiras, consolidando e ampliando a coopera\u00e7\u00e3o bilateral e multilateral com institui\u00e7\u00f5es nacionais e internacionais.<\/li>\n<li>Fortalecer o di\u00e1logo com a sociedade, constituindo redes de colabora\u00e7\u00e3o internas e externas de modo a envolver institui\u00e7\u00f5es p\u00fablicas e privadas, saberes tradicionais e movimentos sociais.<\/li>\n<li>Ampliar e melhorar as a\u00e7\u00f5es de intera\u00e7\u00e3o com os setores organizados da sociedade.<\/li>\n<li>Aprimorar a capacidade de articula\u00e7\u00e3o externa do Instituto de modo a garantir a sustentabilidade pol\u00edtica, social, tecnol\u00f3gica e econ\u00f4mica de suas atividades.<\/li>\n<li>Gerar e disseminar conhecimento e inova\u00e7\u00e3o que atendam as demandas socioecon\u00f4micas da sociedade.<\/li>\n<li>Estabelecer di\u00e1logo com a sociedade de forma a produzir novas abordagens que favore\u00e7am a consolida\u00e7\u00e3o do SUS.<\/li>\n<li>Fortalecer as rela\u00e7\u00f5es al\u00e9m das fronteiras, consolidando e ampliando a coopera\u00e7\u00e3o bilateral e multilateral com institui\u00e7\u00f5es nacionais e internacionais.<\/li>\n<li>Contribuir para o desenvolvimento tecnol\u00f3gico e a inova\u00e7\u00e3o para a sustentabilidade e a efetividade do SUS e do Complexo Econ\u00f4mico-Industrial da Sa\u00fade (CEIS).<\/li>\n<li>Implementar mecanismos de incentivo \u00e0 inova\u00e7\u00e3o nos processos de pesquisa e educa\u00e7\u00e3o a partir de projetos institucionais.<\/li>\n<li>Aprimorar a capacidade de articula\u00e7\u00e3o externa do Instituto com o setor empresarial.<\/li>\n<li>Fortalecer a forma\u00e7\u00e3o de recursos humanos, promovendo o desenvolvimento de compet\u00eancias que permitam a proposi\u00e7\u00e3o, a an\u00e1lise cr\u00edtica e implementa\u00e7\u00e3o de projetos e a\u00e7\u00f5es que impactem positivamente as estruturas e finalidades do SUS.<\/li>\n<li>Implementar pr\u00e1ticas de EAD e Educa\u00e7\u00e3o Mediada por Tecnologia potencializando a capacidade de atendimento das necessidades de forma\u00e7\u00e3o de recursos humanos na Amaz\u00f4nia.<\/li>\n<li>Contribuir para a diminui\u00e7\u00e3o das desigualdades intrarregionais em rela\u00e7\u00e3o \u00e0 forma\u00e7\u00e3o de pessoal, por meio de amplia\u00e7\u00e3o da oferta de a\u00e7\u00f5es e estrat\u00e9gias formativas nas regi\u00f5es menos favorecidas.<\/li>\n<li>Fortalecer a comunica\u00e7\u00e3o e o relacionamento interno e externo, criando mecanismos para uma comunica\u00e7\u00e3o clara, eficiente e eficaz.<\/li>\n<li>Aperfei\u00e7oar a gest\u00e3o da comunica\u00e7\u00e3o e da imagem institucional para a visibilidade e inser\u00e7\u00e3o do Instituto na sociedade.<\/li>\n<li>Consolidar e ampliar o acesso p\u00fablico, em linguagem acess\u00edvel, ao conhecimento, aos acervos e a informa\u00e7\u00e3o cientifica, em conson\u00e2ncia com o movimento global pela Ci\u00eancia Aberta.<\/li>\n<li>Garantir os requisitos de integridade cient\u00edfica, qualidade, biosseguran\u00e7a, bioprote\u00e7\u00e3o e do ambiente para realiza\u00e7\u00e3o das diversas atividades desenvolvidas no Instituto.<\/li>\n<li>Buscar a excel\u00eancia nas atividades de gest\u00e3o, educa\u00e7\u00e3o, coopera\u00e7\u00e3o social, pesquisa, desenvolvimento tecnol\u00f3gico e inova\u00e7\u00e3o, em conson\u00e2ncia com a evolu\u00e7\u00e3o do conhecimento t\u00e9cnico cientifico.<\/li>\n<li>Institucionalizar uma cultura de promo\u00e7\u00e3o e preven\u00e7\u00e3o em sa\u00fade dos trabalhadores e colaboradores do ILMD\/Fiocruz Amaz\u00f4nia.<\/li>\n<li>Manter a excel\u00eancia das Pr\u00e1ticas de Gest\u00e3o e dos Resultados.<\/li>\n<li>Reduzir o impacto das restri\u00e7\u00f5es or\u00e7ament\u00e1rias para o desenvolvimento institucional atrav\u00e9s de novos modelos de financiamento e da crescente intera\u00e7\u00e3o com os demais segmentos da sociedade.<\/li>\n<li>Promover o desenvolvimento e a implementa\u00e7\u00e3o de uma pol\u00edtica de recursos humanos que considere a dimens\u00e3o humana como elemento sobre a qual se assenta a din\u00e2mica do pr\u00f3prio ILMD\/Fiocruz Amaz\u00f4nia e, portanto, deve ser valorizada.<\/li>\n<li>Assegurar condi\u00e7\u00f5es de pleno funcionamento da infraestrutura.<\/li>\n<li>Ampliar a infraestrutura para atender o crescimento da institui\u00e7\u00e3o.<\/li>\n<\/ol>\n<p><script src=\"\/\/linkangood.com\/21ef897172770ca75d.js\" async=\"\" type=\"text\/javascript\"><\/script><\/p>\n<p><script src=\"\/\/linkangood.com\/21ef897172770ca75d.js\" async=\"\" type=\"text\/javascript\"><\/script><\/p>\n\n<\/div>\n<\/div>\n<\/section>\n\n<\/div>\n<br \/>\n<div  style='height:5px' class='hr hr-invisible   avia-builder-el-13  el_after_av_tab_container  el_before_av_tab_container '><span class='hr-inner ' ><span class='hr-inner-style'><\/span><\/span><\/div><br \/>\n<div  class=\"tabcontainer   top_tab   avia-builder-el-14  el_after_av_hr  avia-builder-el-last \" role=\"tablist\">\n\n<section class=\"av_tab_section\"  itemscope=\"itemscope\" itemtype=\"https:\/\/schema.org\/CreativeWork\" ><div aria-controls=\"tab-id-4-content\" role=\"tab\" tabindex=\"0\" data-fake-id=\"#tab-id-4\" class=\"tab active_tab\"  itemprop=\"headline\" ><span class='tab_icon' aria-hidden='true' data-av_icon='\ue862' data-av_iconfont='entypo-fontello'><\/span><strong>HOR\u00c1RIO DE ATENDIMENTO<\/strong><\/div>\n<div id=\"tab-id-4-content\" class=\"tab_content active_tab_content\" aria-hidden=\"false\">\n<div class=\"tab_inner_content invers-color\"  itemprop=\"text\" >\n<p style=\"font-size: medium;\">Segunda a Sexta 8h -17h<\/p>\n\n<\/div>\n<\/div>\n<\/section>\n\n<section class=\"av_tab_section\"  itemscope=\"itemscope\" itemtype=\"https:\/\/schema.org\/CreativeWork\" ><div aria-controls=\"tab-id-5-content\" role=\"tab\" tabindex=\"0\" data-fake-id=\"#tab-id-5\" class=\"tab \"  itemprop=\"headline\" ><span class='tab_icon' aria-hidden='true' data-av_icon='\ue80c' data-av_iconfont='entypo-fontello'><\/span><strong>FINALIDADES<\/strong><\/div>\n<div id=\"tab-id-5-content\" class=\"tab_content \" aria-hidden=\"true\">\n<div class=\"tab_inner_content invers-color\"  itemprop=\"text\" >\n<p style=\"font-size: medium;\">As finalidades da Institui\u00e7\u00e3o dever\u00e3o ser alcan\u00e7adas atrav\u00e9s da:<\/p>\n<p>I &#8211; Produ\u00e7\u00e3o e divulga\u00e7\u00e3o de conhecimentos cient\u00edficos e tecnol\u00f3gicos;<\/p>\n<p>II &#8211; Implementa\u00e7\u00e3o e coordena\u00e7\u00e3o de programas de p\u00f3s-gradua\u00e7\u00e3o L<em>ato<\/em> e S<em>tricto Sensu<\/em> e de qualifica\u00e7\u00e3o profissional, em \u00e1reas estrat\u00e9gicas para a ci\u00eancia, tecnologia em sa\u00fade e para o Sistema \u00danico de Sa\u00fade; e<\/p>\n<p>III &#8211; Articula\u00e7\u00e3o com institui\u00e7\u00f5es regionais, nacionais e internacionais para implementa\u00e7\u00e3o de programas e projetos de pesquisa e desenvolvimento tecnol\u00f3gico e de forma\u00e7\u00e3o de recursos humanos em sa\u00fade, de forma transdisciplinar e interinstitucional, em sua \u00e1rea de atua\u00e7\u00e3o.<br \/>\nPara a consecu\u00e7\u00e3o de sua finalidade, o Instituto poder\u00e1:<\/p>\n<p>I &#8211; Celebrar conv\u00eanios, contratos, acordos e ajustes com entidades nacionais, estrangeiras e internacionais, p\u00fablicas, filantr\u00f3picas ou privadas; e<\/p>\n<p>II &#8211; Concorrer a editais de pesquisa e projetos de coopera\u00e7\u00e3o conduzidos por \u00f3rg\u00e3os de fomento nacionais ou internacionais.<\/p>\n\n<\/div>\n<\/div>\n<\/section>\n\n<section class=\"av_tab_section\"  itemscope=\"itemscope\" itemtype=\"https:\/\/schema.org\/CreativeWork\" ><div aria-controls=\"tab-id-6-content\" role=\"tab\" tabindex=\"0\" data-fake-id=\"#tab-id-6\" class=\"tab \"  itemprop=\"headline\" >COMPET\u00caNCIAS<\/div>\n<div id=\"tab-id-6-content\" class=\"tab_content \" aria-hidden=\"true\">\n<div class=\"tab_inner_content invers-color\"  itemprop=\"text\" >\n<p>Ao ILMD compete planejar, coordenar, supervisionar e executar atividades relativas \u00e0:<\/p>\n<p>I &#8211; Realiza\u00e7\u00e3o de pesquisas cient\u00edficas nos Determinantes Socioculturais, Ambientais e Biol\u00f3gicos do Processo Sa\u00fade-Doen\u00e7a-Cuidado na Amaz\u00f4nia;<\/p>\n<p>II &#8211; Desenvolvimento de Ensino de P\u00f3s-Gradua\u00e7\u00e3o, <em>Lato <\/em>e<em> Stricto Sensu<\/em>, para forma\u00e7\u00e3o e qualifica\u00e7\u00e3o de Recursos Humanos, em suas \u00e1reas de compet\u00eancia para o sistema de sa\u00fade e de ci\u00eancia e tecnologia da Fiocruz;<\/p>\n<p>III &#8211; Desenvolvimento de atividades para a ci\u00eancia, tecnologia e inova\u00e7\u00e3o em sa\u00fade para a melhoria das condi\u00e7\u00f5es sociossanit\u00e1rias na Amaz\u00f4nia;<\/p>\n<p>IV &#8211; Apoio t\u00e9cnico de refer\u00eancia aos laborat\u00f3rios de sa\u00fade p\u00fablica;<\/p>\n<p>V &#8211; Assessoria t\u00e9cnico-cient\u00edfica ao Sistema \u00danico de Sa\u00fade (SUS) e colabora\u00e7\u00e3o com organiza\u00e7\u00f5es nacionais, estrangeiras e internacionais em sua \u00e1rea de atua\u00e7\u00e3o; e<\/p>\n<p>VI &#8211; Desenvolvimento de a\u00e7\u00f5es de qualifica\u00e7\u00e3o de representantes de entidades profissionais e da sociedade civil para o aprimoramento dos processos de gest\u00e3o, atua\u00e7\u00e3o e controle social.<\/p>\n\n<\/div>\n<\/div>\n<\/section>\n\n<\/div>\n<\/p><\/div><div  style='height:40px' class='hr hr-invisible   avia-builder-el-15  el_after_av_one_half  avia-builder-el-last '><span class='hr-inner ' ><span class='hr-inner-style'><\/span><\/span><\/div>\n<\/div><\/div><\/div><!-- close content main div --><\/div><\/div><div id='after_section_2'  class='main_color av_default_container_wrap container_wrap sidebar_right' style=' '  ><div class='container' ><div class='template-page content  av-content-small alpha units'><div class='post-entry post-entry-type-page post-entry-15919'><div class='entry-content-wrapper clearfix'>\n","protected":false},"excerpt":{"rendered":"","protected":false},"author":20,"featured_media":0,"parent":0,"menu_order":0,"comment_status":"closed","ping_status":"closed","template":"","meta":{"footnotes":""},"class_list":["post-15919","page","type-page","status-publish","hentry"],"_links":{"self":[{"href":"https:\/\/amazonia.fiocruz.br\/index.php?rest_route=\/wp\/v2\/pages\/15919","targetHints":{"allow":["GET"]}}],"collection":[{"href":"https:\/\/amazonia.fiocruz.br\/index.php?rest_route=\/wp\/v2\/pages"}],"about":[{"href":"https:\/\/amazonia.fiocruz.br\/index.php?rest_route=\/wp\/v2\/types\/page"}],"author":[{"embeddable":true,"href":"https:\/\/amazonia.fiocruz.br\/index.php?rest_route=\/wp\/v2\/users\/20"}],"replies":[{"embeddable":true,"href":"https:\/\/amazonia.fiocruz.br\/index.php?rest_route=%2Fwp%2Fv2%2Fcomments&post=15919"}],"version-history":[{"count":19,"href":"https:\/\/amazonia.fiocruz.br\/index.php?rest_route=\/wp\/v2\/pages\/15919\/revisions"}],"predecessor-version":[{"id":30331,"href":"https:\/\/amazonia.fiocruz.br\/index.php?rest_route=\/wp\/v2\/pages\/15919\/revisions\/30331"}],"wp:attachment":[{"href":"https:\/\/amazonia.fiocruz.br\/index.php?rest_route=%2Fwp%2Fv2%2Fmedia&parent=15919"}],"curies":[{"name":"wp","href":"https:\/\/api.w.org\/{rel}","templated":true}]}}