{"id":15899,"date":"2016-06-30T15:57:57","date_gmt":"2016-06-30T15:57:57","guid":{"rendered":"https:\/\/192.168.240.20\/?page_id=15899"},"modified":"2018-04-17T12:32:54","modified_gmt":"2018-04-17T12:32:54","slug":"curso-tecnico","status":"publish","type":"page","link":"https:\/\/amazonia.fiocruz.br\/?page_id=15899","title":{"rendered":"Curso T\u00e9cnico"},"content":{"rendered":"<div id='av_section_1'  class='avia-section main_color avia-section-default avia-no-shadow  avia-full-stretch avia-bg-style-scroll  avia-builder-el-0  el_before_av_section  avia-builder-el-first   av-minimum-height av-minimum-height-50  container_wrap sidebar_right' style='background-repeat: no-repeat; background-image: url(https:\/\/amazonia.fiocruz.br\/wp-content\/uploads\/2016\/06\/ft2-2.png);background-attachment: scroll; background-position: top left;  '  data-section-bg-repeat='stretch' data-av_minimum_height_pc='50'><div class='container' ><main  role=\"main\" itemprop=\"mainContentOfPage\"  class='template-page content  av-content-small alpha units'><div class='post-entry post-entry-type-page post-entry-15899'><div class='entry-content-wrapper clearfix'>\n<div class=\"flex_column av_one_half  flex_column_div av-zero-column-padding first  avia-builder-el-1  avia-builder-el-no-sibling  \" style='border-radius:0px; '><div  style='padding-bottom:10px; color:#ffffff;font-size:30px;' class='av-special-heading av-special-heading-h3 custom-color-heading blockquote modern-quote  avia-builder-el-2  avia-builder-el-no-sibling  av-inherit-size '><h3 class='av-special-heading-tag '  itemprop=\"headline\"  >CURSO T\u00c9CNICO<\/h3><div class ='av-subheading av-subheading_below av_custom_color ' style='font-size:18px;'><p>ILMD\/Fiocruz Amaz\u00f4nia<\/p>\n<\/div><div class='special-heading-border'><div class='special-heading-inner-border' style='border-color:#ffffff'><\/div><\/div><\/div><\/div>\n\n<\/div><\/div><\/main><!-- close content main element --><\/div><\/div><div id='cursos'  class='avia-section alternate_color avia-section-default avia-no-border-styling  avia-bg-style-scroll  avia-builder-el-3  el_after_av_section  el_before_av_one_half   av-minimum-height av-minimum-height-50  container_wrap sidebar_right' style=' '   data-av_minimum_height_pc='50'><div class='container' ><div class='template-page content  av-content-small alpha units'><div class='post-entry post-entry-type-page post-entry-15899'><div class='entry-content-wrapper clearfix'>\n<div class=\"flex_column av_one_fifth  flex_column_div first  avia-builder-el-4  el_before_av_three_fifth  avia-builder-el-first  \" ><\/div><div class=\"flex_column av_three_fifth  flex_column_div av-zero-column-padding   avia-builder-el-5  el_after_av_one_fifth  el_before_av_one_fifth  \" style='border-radius:0px; '><div  style='padding-bottom:10px; font-size:50px;' class='av-special-heading av-special-heading-h3  blockquote modern-quote modern-centered  avia-builder-el-6  avia-builder-el-no-sibling  av-thin-font av-inherit-size '><h3 class='av-special-heading-tag '  itemprop=\"headline\"  ><strong>Curso T\u00e9cnico de Agentes Comunit\u00e1rios Ind\u00edgenas de Sa\u00fade<\/strong><\/h3><div class='special-heading-border'><div class='special-heading-inner-border' ><\/div><\/div><\/div><\/div><div class=\"flex_column av_one_fifth  flex_column_div av-zero-column-padding   avia-builder-el-7  el_after_av_three_fifth  avia-builder-el-last  \" style='border-radius:0px; '><\/div>\n<\/div><\/div><\/div><!-- close content main div --><\/div><\/div><div id='after_section_2'  class='main_color av_default_container_wrap container_wrap sidebar_right' style=' '  ><div class='container' ><div class='template-page content  av-content-small alpha units'><div class='post-entry post-entry-type-page post-entry-15899'><div class='entry-content-wrapper clearfix'>\n<div class=\"flex_column av_one_half  flex_column_div av-zero-column-padding first  avia-builder-el-8  el_after_av_section  el_before_av_one_half  avia-builder-el-first  \" style='border-radius:0px; '><div  style='padding-bottom:10px; ' class='av-special-heading av-special-heading-h3  blockquote modern-quote  avia-builder-el-9  avia-builder-el-no-sibling  '><h3 class='av-special-heading-tag '  itemprop=\"headline\"  >Dados do Curso<\/h3><div class ='av-subheading av-subheading_below  ' style='font-size:16px;'><p>Garantir a eleva\u00e7\u00e3o da escolaridade e a forma\u00e7\u00e3o t\u00e9cnica profissional dos Agentes Ind\u00edgenas de Sa\u00fade (AIS), \u00e9 a proposta do Projeto pedag\u00f3gico do curso t\u00e9cnico de Agente Comunit\u00e1rio Ind\u00edgena de Sa\u00fade: Ensino m\u00e9dio ind\u00edgena integrado \u00e0 educa\u00e7\u00e3o profissional t\u00e9cnica de n\u00edvel m\u00e9dio, uma iniciativa do ILMD Fiocruz Amaz\u00f4nia, surgida a partir da necessidade de forma\u00e7\u00e3o 250 Agentes atuantes no Distrito Sanit\u00e1rio Especial Ind\u00edgena (DSEI) do Alto Rio Negro, a fim de assegurar que estes permane\u00e7am trabalhando em suas comunidades. Uma equipe do ILMD e da Escola Polit\u00e9cnica de Sa\u00fade Joaquim Ven\u00e2ncio (EPSJV) Fiocruz Rio de Janeiro, iniciou as primeiras atividades do curso t\u00e9cnico profissionalizante em janeiro de 2009.<\/p>\n<\/div><div class='special-heading-border'><div class='special-heading-inner-border' ><\/div><\/div><\/div><\/div><div class=\"flex_column av_one_half  flex_column_div av-zero-column-padding   avia-builder-el-10  el_after_av_one_half  el_before_av_one_half  \" style='border-radius:0px; '><div  style='padding-bottom:10px; ' class='av-special-heading av-special-heading-h3  blockquote modern-quote  avia-builder-el-11  avia-builder-el-no-sibling  '><h3 class='av-special-heading-tag '  itemprop=\"headline\"  >Dura\u00e7\u00e3o<\/h3><div class ='av-subheading av-subheading_below  ' style='font-size:16px;'><p>O curso completo ter\u00e1 a dura\u00e7\u00e3o de dois anos, cumprindo a carga hor\u00e1ria total de 3240 horas, distribu\u00eddas em 1.800 horas para a conclus\u00e3o do Ensino M\u00e9dio, que est\u00e1 dividido por \u00e1reas do conhecimento: Linguagens e C\u00f3digos e suas tecnologias; Ci\u00eancias da Natureza; Matem\u00e1tica e suas tecnologias; Ci\u00eancias Humanas e suas tecnologias. Para a forma\u00e7\u00e3o profissional ser\u00e3o cumpridas 1.440 horas de aulas te\u00f3ricas e de pr\u00e1tica profissional, divididas em tr\u00eas etapas formativas baseadas nos eixos estruturantes: Cultura, Territ\u00f3rio, Cuidado, Pol\u00edtica e Informa\u00e7\u00e3o, Comunica\u00e7\u00e3o e Planejamento em Sa\u00fade.<\/p>\n<\/div><div class='special-heading-border'><div class='special-heading-inner-border' ><\/div><\/div><\/div><\/div><div class=\"flex_column av_one_half  flex_column_div av-zero-column-padding first  avia-builder-el-12  el_after_av_one_half  el_before_av_one_half  column-top-margin\" style='border-radius:0px; '><div  style='padding-bottom:10px; ' class='av-special-heading av-special-heading-h3  blockquote modern-quote  avia-builder-el-13  avia-builder-el-no-sibling  '><h3 class='av-special-heading-tag '  itemprop=\"headline\"  >Coordenadores<\/h3><div class ='av-subheading av-subheading_below  ' style='font-size:16px;'><p>\u2022 Maria Luiza Garnelo (ILMD\/Fiocruz Amaz\u00f4nia)<br \/>\n\u2022 Ana L\u00facia Moura Pontes (EPSJV\/Fiocruz)<br \/>\n\u2022 Sully Sampaio (ILMD\/Fiocruz Amaz\u00f4nia)<\/p>\n<\/div><div class='special-heading-border'><div class='special-heading-inner-border' ><\/div><\/div><\/div><\/div><\/p>\n<div class=\"flex_column av_one_half  flex_column_div av-zero-column-padding   avia-builder-el-14  el_after_av_one_half  avia-builder-el-last  column-top-margin\" style='border-radius:0px; '><div  style='padding-bottom:10px; ' class='av-special-heading av-special-heading-h3  blockquote modern-quote  avia-builder-el-15  avia-builder-el-no-sibling  '><h3 class='av-special-heading-tag '  itemprop=\"headline\"  >P\u00fablico<\/h3><div class ='av-subheading av-subheading_below  ' style='font-size:16px;'><p>Agentes atuantes no Distrito Sanit\u00e1rio Especial Ind\u00edgena (DSEI) do Alto Rio Negro.<\/p>\n<\/div><div class='special-heading-border'><div class='special-heading-inner-border' ><\/div><\/div><\/div><\/div>\n","protected":false},"excerpt":{"rendered":"","protected":false},"author":20,"featured_media":0,"parent":0,"menu_order":0,"comment_status":"closed","ping_status":"closed","template":"","meta":{"footnotes":""},"class_list":["post-15899","page","type-page","status-publish","hentry"],"_links":{"self":[{"href":"https:\/\/amazonia.fiocruz.br\/index.php?rest_route=\/wp\/v2\/pages\/15899","targetHints":{"allow":["GET"]}}],"collection":[{"href":"https:\/\/amazonia.fiocruz.br\/index.php?rest_route=\/wp\/v2\/pages"}],"about":[{"href":"https:\/\/amazonia.fiocruz.br\/index.php?rest_route=\/wp\/v2\/types\/page"}],"author":[{"embeddable":true,"href":"https:\/\/amazonia.fiocruz.br\/index.php?rest_route=\/wp\/v2\/users\/20"}],"replies":[{"embeddable":true,"href":"https:\/\/amazonia.fiocruz.br\/index.php?rest_route=%2Fwp%2Fv2%2Fcomments&post=15899"}],"version-history":[{"count":44,"href":"https:\/\/amazonia.fiocruz.br\/index.php?rest_route=\/wp\/v2\/pages\/15899\/revisions"}],"predecessor-version":[{"id":22397,"href":"https:\/\/amazonia.fiocruz.br\/index.php?rest_route=\/wp\/v2\/pages\/15899\/revisions\/22397"}],"wp:attachment":[{"href":"https:\/\/amazonia.fiocruz.br\/index.php?rest_route=%2Fwp%2Fv2%2Fmedia&parent=15899"}],"curies":[{"name":"wp","href":"https:\/\/api.w.org\/{rel}","templated":true}]}}