{"id":15792,"date":"2016-06-28T14:29:20","date_gmt":"2016-06-28T14:29:20","guid":{"rendered":"https:\/\/192.168.240.20\/?page_id=15792"},"modified":"2026-03-05T16:58:28","modified_gmt":"2026-03-05T20:58:28","slug":"plataformas-tecnologicas","status":"publish","type":"page","link":"https:\/\/amazonia.fiocruz.br\/?page_id=15792","title":{"rendered":"Plataformas Tecnol\u00f3gicas"},"content":{"rendered":"<div id='av_section_1'  class='avia-section main_color avia-section-default avia-no-shadow  avia-full-stretch avia-bg-style-scroll  avia-builder-el-0  el_before_av_section  avia-builder-el-first   av-minimum-height av-minimum-height-50  container_wrap sidebar_right' style='background-repeat: no-repeat; background-image: url(https:\/\/amazonia.fiocruz.br\/wp-content\/uploads\/2025\/05\/plataformas-tec1_2.jpg);background-attachment: scroll; background-position: top left;  '  data-section-bg-repeat='stretch' data-av_minimum_height_pc='50'><div class='container' ><main  role=\"main\" itemprop=\"mainContentOfPage\"  class='template-page content  av-content-small alpha units'><div class='post-entry post-entry-type-page post-entry-15792'><div class='entry-content-wrapper clearfix'>\n<div class=\"flex_column av_one_half  flex_column_div av-zero-column-padding first  avia-builder-el-1  avia-builder-el-no-sibling  \" style='border-radius:0px; '><div  style='padding-bottom:10px; color:#ffffff;font-size:30px;' class='av-special-heading av-special-heading-h3 custom-color-heading blockquote modern-quote  avia-builder-el-2  avia-builder-el-no-sibling  av-inherit-size '><h3 class='av-special-heading-tag '  itemprop=\"headline\"  >PLATAFORMAS <br \/>TECNOL\u00d3GICAS<\/h3><div class ='av-subheading av-subheading_below av_custom_color ' style='font-size:18px;'><p>ILMD &#8211; Fiocruz\/Amaz\u00f4nia<\/p>\n<\/div><div class='special-heading-border'><div class='special-heading-inner-border' style='border-color:#ffffff'><\/div><\/div><\/div><\/div>\n\n<\/div><\/div><\/main><!-- close content main element --><\/div><\/div><div id='linhaspesquisas'  class='avia-section alternate_color avia-section-small avia-no-shadow  avia-bg-style-scroll  avia-builder-el-3  el_after_av_section  el_before_av_section   av-minimum-height av-minimum-height-50  container_wrap sidebar_right' style=' '   data-av_minimum_height_pc='50'><div class='container' ><div class='template-page content  av-content-small alpha units'><div class='post-entry post-entry-type-page post-entry-15792'><div class='entry-content-wrapper clearfix'>\n<div class=\"flex_column av_one_half  flex_column_div av-zero-column-padding first  avia-builder-el-4  el_before_av_one_half  avia-builder-el-first  \" style='border-width:1px; border-color:#ffffff; border-style:solid; border-radius:0px 0px 0px 0px ; '><p><div  style='height:30px' class='hr hr-invisible   avia-builder-el-5  el_before_av_heading  avia-builder-el-first '><span class='hr-inner ' ><span class='hr-inner-style'><\/span><\/span><\/div><br \/>\n<div  style='padding-bottom:10px; font-size:50px;' class='av-special-heading av-special-heading-h3  blockquote modern-quote  avia-builder-el-6  el_after_av_hr  avia-builder-el-last  av-thin-font av-inherit-size '><div class ='av-subheading av-subheading_above  ' style='font-size:14px;'><p>A Rede de Plataformas Tecnol\u00f3gicas da Fiocruz foi estabelecida em 2004, como uma iniciativa do Programa de Desenvolvimento Tecnol\u00f3gico em Insumos para Sa\u00fade (PDTIS) e com o apoio do Centro de Desenvolvimento Tecnol\u00f3gico em Sa\u00fade (CDTS), para a constru\u00e7\u00e3o de um sistema informatizado de Gest\u00e3o. <\/p>\n<p>Esta rede foi planejada e estruturada como base tecnol\u00f3gica para projetos de desenvolvimento de vacinas, medicamentos, bioinseticidas e insumos para diagn\u00f3stico, al\u00e9m de apoiar a execu\u00e7\u00e3o de projetos de pesquisa em geral na Fiocruz. A Rede atualmente \u00e9 constitu\u00edda por 12 plataformas tecnol\u00f3gicas, distribu\u00eddas em diversas Unidades da Fiocruz. A Portaria 001\/2016-GAB\/ILMD regula o funcionamento das Plataformas Tecnol\u00f3gicas do Instituto Le\u00f4nidas &#038; Maria Deane (ILMD\/Fiocruz Amaz\u00f4nia), e nomeia seus respons\u00e1veis.<\/p>\n<p>Atualmente o gestor \u00e9 o Dr. Felipe Naveca, assessorado por uma Comiss\u00e3o de Usu\u00e1rios, composta por representantes da Casa e do Instituto Nacional de Pesquisa da Amaz\u00f4nia (Inpa).<\/p>\n<\/div><h3 class='av-special-heading-tag '  itemprop=\"headline\"  > <strong><\/strong><\/h3><div class='special-heading-border'><div class='special-heading-inner-border' ><\/div><\/div><\/div><\/p><\/div><div class=\"flex_column av_one_half  flex_column_div av-zero-column-padding   avia-builder-el-7  el_after_av_one_half  avia-builder-el-last  \" style='border-radius:0px; '><p><div  style='height:30px' class='hr hr-invisible   avia-builder-el-8  el_before_av_heading  avia-builder-el-first '><span class='hr-inner ' ><span class='hr-inner-style'><\/span><\/span><\/div><br \/>\n<div  style='padding-bottom:10px; font-size:50px;' class='av-special-heading av-special-heading-h3  blockquote modern-quote  avia-builder-el-9  el_after_av_hr  avia-builder-el-last  av-thin-font av-inherit-size '><div class ='av-subheading av-subheading_above  ' style='font-size:14px;'><p>Cada Plataforma conta com uma equipe composta por um consultor t\u00e9cnico e um respons\u00e1vel t\u00e9cnico, para fins de suporte \u00e0s atividades e responsabilidades especificas, conforme Norma N\u00ba 01\/2015-VPPLR\/FIOCRUZ. <\/p>\n<p>Confira as Plataformas Tecnol\u00f3gicas do ILMD\/Fiocruz Amaz\u00f4nia:<\/p>\n<p>Localizadas no mesmo complexo de salas do Laborat\u00f3rio Multiusu\u00e1rios, as Plataformas Tecnol\u00f3gicas do ILMD\/Fiocruz Amaz\u00f4nia prestam servi\u00e7os para pesquisadores, tecnologistas, t\u00e9cnicos, estudantes de gradua\u00e7\u00e3o e p\u00f3s-gradua\u00e7\u00e3o, bolsistas de inicia\u00e7\u00e3o cient\u00edfica e pesquisadores colaboradores. <\/p>\n<p>Os usu\u00e1rios internos e externos devem ter seu cadastro aprovado pelo Sistema da Rede de Plataforma Tecnol\u00f3gica (http:\/\/plataformas.cdts.fiocruz.br). <\/p>\n<p>As Plataformas do ILMD atendem prioritariamente a projetos FIOCRUZ &#8211; PDTIS\/PDTSP; demais projetos FIOCRUZ; e projetos de institui\u00e7\u00f5es parceiras.<\/p>\n<\/div><h3 class='av-special-heading-tag '  itemprop=\"headline\"  > <strong><\/strong><\/h3><div class='special-heading-border'><div class='special-heading-inner-border' ><\/div><\/div><\/div><\/p><\/div>\n\n<\/div><\/div><\/div><!-- close content main div --><\/div><\/div><div id='linhaspesquisas'  class='avia-section alternate_color avia-section-small avia-no-shadow  avia-bg-style-scroll  avia-builder-el-10  el_after_av_section  el_before_av_one_full   av-minimum-height av-minimum-height-50  container_wrap sidebar_right' style=' '   data-av_minimum_height_pc='50'><div class='container' ><div class='template-page content  av-content-small alpha units'><div class='post-entry post-entry-type-page post-entry-15792'><div class='entry-content-wrapper clearfix'>\n<div class=\"flex_column av_one_fifth  flex_column_div av-zero-column-padding first  avia-builder-el-11  el_before_av_three_fifth  avia-builder-el-first  \" style='border-radius:0px; '><\/div><div class=\"flex_column av_three_fifth  flex_column_div av-zero-column-padding   avia-builder-el-12  el_after_av_one_fifth  el_before_av_one_fifth  \" style='border-radius:0px; '><p><div  style='height:30px' class='hr hr-invisible   avia-builder-el-13  el_before_av_heading  avia-builder-el-first '><span class='hr-inner ' ><span class='hr-inner-style'><\/span><\/span><\/div><br \/>\n<div  style='padding-bottom:10px; font-size:50px;' class='av-special-heading av-special-heading-h3  blockquote modern-quote modern-centered  avia-builder-el-14  el_after_av_hr  avia-builder-el-last  av-thin-font av-inherit-size '><h3 class='av-special-heading-tag '  itemprop=\"headline\"  > <strong>Plataformas Tecnol\u00f3gicas<\/strong><\/h3><div class='special-heading-border'><div class='special-heading-inner-border' ><\/div><\/div><\/div><\/p><\/div><div class=\"flex_column av_one_fifth  flex_column_div av-zero-column-padding   avia-builder-el-15  el_after_av_three_fifth  el_before_av_one_fourth  \" style='border-radius:0px; '><\/div><div class=\"flex_column av_one_fourth  flex_column_div av-zero-column-padding first  avia-builder-el-16  el_after_av_one_fifth  el_before_av_one_fourth  column-top-margin\" style='border-radius:0px; '><p><div  class='avia-image-container avia_animated_image avia_animate_when_almost_visible top-to-bottom av-styling-    avia-builder-el-17  el_before_av_heading  avia-builder-el-first  avia-align-center '  itemprop=\"image\" itemscope=\"itemscope\" itemtype=\"https:\/\/schema.org\/ImageObject\"  ><div class='avia-image-container-inner'><div class='avia-image-overlay-wrap'><a href='https:\/\/plataformas.fiocruz.br\/unidades\/RPT11H' class='avia_image'  ><img decoding=\"async\" width=\"300\" height=\"224\" class='wp-image-58120 avia-img-lazy-loading-not-58120 avia_image' src=\"https:\/\/amazonia.fiocruz.br\/wp-content\/uploads\/2026\/03\/RPT09G-7-1-300x224.png\" alt='' title='RPT09G (7)'  itemprop=\"thumbnailUrl\" srcset=\"https:\/\/amazonia.fiocruz.br\/wp-content\/uploads\/2026\/03\/RPT09G-7-1-300x224.png 300w, https:\/\/amazonia.fiocruz.br\/wp-content\/uploads\/2026\/03\/RPT09G-7-1.png 500w\" sizes=\"(max-width: 300px) 100vw, 300px\" \/><\/a><\/div><\/div><\/div><br \/>\n<div  style='padding-bottom:10px; font-size:25px;' class='av-special-heading av-special-heading-h3  blockquote modern-quote  avia-builder-el-18  el_after_av_image  el_before_av_hr  av-inherit-size '><h3 class='av-special-heading-tag '  itemprop=\"headline\"  >Bioensaios Biotecnol\u00f3gicos (RPT11H)<\/h3><div class ='av-subheading av-subheading_below  ' style='font-size:13px;'><p>Gerente:Patr\u00edcia Puccinelli Orlandi Nogueira<br \/>\nT\u00e9cnico:Ivanildes dos Santos Bastos<\/p>\n<\/div><div class='special-heading-border'><div class='special-heading-inner-border' ><\/div><\/div><\/div><br \/>\n<div  style=' margin-top:10px; margin-bottom:10px;'  class='hr hr-custom hr-center hr-icon-no   avia-builder-el-19  el_after_av_heading  avia-builder-el-last '><span class='hr-inner  inner-border-av-border-thin' style=' width:50px; border-color:#ffffff;' ><span class='hr-inner-style'><\/span><\/span><\/div><\/p><\/div><div class=\"flex_column av_one_fourth  flex_column_div av-zero-column-padding   avia-builder-el-20  el_after_av_one_fourth  el_before_av_one_fourth  column-top-margin\" style='border-radius:0px; '><p><div  class='avia-image-container avia_animated_image avia_animate_when_almost_visible top-to-bottom av-styling-    avia-builder-el-21  el_before_av_heading  avia-builder-el-first  avia-align-center '  itemprop=\"image\" itemscope=\"itemscope\" itemtype=\"https:\/\/schema.org\/ImageObject\"  ><div class='avia-image-container-inner'><div class='avia-image-overlay-wrap'><a href='https:\/\/plataformas.fiocruz.br\/unidades\/RPT10C' class='avia_image'  ><img decoding=\"async\" width=\"300\" height=\"224\" class='wp-image-58121 avia-img-lazy-loading-not-58121 avia_image' src=\"https:\/\/amazonia.fiocruz.br\/wp-content\/uploads\/2026\/03\/RPT09G-6-300x224.png\" alt='' title='RPT09G (6)'  itemprop=\"thumbnailUrl\" srcset=\"https:\/\/amazonia.fiocruz.br\/wp-content\/uploads\/2026\/03\/RPT09G-6-300x224.png 300w, https:\/\/amazonia.fiocruz.br\/wp-content\/uploads\/2026\/03\/RPT09G-6.png 500w\" sizes=\"(max-width: 300px) 100vw, 300px\" \/><\/a><\/div><\/div><\/div><br \/>\n<div  style='padding-bottom:10px; font-size:25px;' class='av-special-heading av-special-heading-h3  blockquote modern-quote  avia-builder-el-22  el_after_av_image  el_before_av_hr  av-inherit-size '><h3 class='av-special-heading-tag '  itemprop=\"headline\"  >Bioprospec\u00e7\u00e3o (RPT10C)<\/h3><div class ='av-subheading av-subheading_below   av-medium-font-size-overwrite av-medium-font-size-13' style='font-size:13px;'><p>Gerente: Ormezinda Celeste Christo Fernandes.<\/p>\n<\/div><div class='special-heading-border'><div class='special-heading-inner-border' ><\/div><\/div><\/div><br \/>\n<div  style=' margin-top:10px; margin-bottom:10px;'  class='hr hr-custom hr-center hr-icon-no   avia-builder-el-23  el_after_av_heading  avia-builder-el-last '><span class='hr-inner  inner-border-av-border-thin' style=' width:50px; border-color:#ffffff;' ><span class='hr-inner-style'><\/span><\/span><\/div><\/p><\/div><div class=\"flex_column av_one_fourth  flex_column_div av-zero-column-padding   avia-builder-el-24  el_after_av_one_fourth  el_before_av_one_fourth  column-top-margin\" style='border-radius:0px; '><p><div  class='avia-image-container avia_animated_image avia_animate_when_almost_visible top-to-bottom av-styling-    avia-builder-el-25  el_before_av_heading  avia-builder-el-first  avia-align-center '  itemprop=\"image\" itemscope=\"itemscope\" itemtype=\"https:\/\/schema.org\/ImageObject\"  ><div class='avia-image-container-inner'><div class='avia-image-overlay-wrap'><a href='https:\/\/plataformas.fiocruz.br\/unidades\/RPT08J' class='avia_image'  ><img decoding=\"async\" width=\"300\" height=\"224\" class='wp-image-58122 avia-img-lazy-loading-not-58122 avia_image' src=\"https:\/\/amazonia.fiocruz.br\/wp-content\/uploads\/2026\/03\/RPT09G-5-300x224.png\" alt='' title='RPT09G (5)'  itemprop=\"thumbnailUrl\" srcset=\"https:\/\/amazonia.fiocruz.br\/wp-content\/uploads\/2026\/03\/RPT09G-5-300x224.png 300w, https:\/\/amazonia.fiocruz.br\/wp-content\/uploads\/2026\/03\/RPT09G-5.png 500w\" sizes=\"(max-width: 300px) 100vw, 300px\" \/><\/a><\/div><\/div><\/div><br \/>\n<div  style='padding-bottom:0px; font-size:25px;' class='av-special-heading av-special-heading-h3  blockquote modern-quote  avia-builder-el-26  el_after_av_image  el_before_av_hr  av-inherit-size '><h3 class='av-special-heading-tag '  itemprop=\"headline\"  >Citometria de Fluxo (RPT08J)<\/h3><div class ='av-subheading av-subheading_below  ' style='font-size:13px;'><p>Gerente: Stefanie Costa Pinto Lopes<br \/>\nT\u00e9cnico: Rebeca de Souza Pinheiro<\/p>\n<\/div><div class='special-heading-border'><div class='special-heading-inner-border' ><\/div><\/div><\/div><br \/>\n<div  style=' margin-top:10px; margin-bottom:10px;'  class='hr hr-custom hr-center hr-icon-no   avia-builder-el-27  el_after_av_heading  avia-builder-el-last '><span class='hr-inner  inner-border-av-border-thin' style=' width:50px; border-color:#ffffff;' ><span class='hr-inner-style'><\/span><\/span><\/div><\/p><\/div><div class=\"flex_column av_one_fourth  flex_column_div av-zero-column-padding   avia-builder-el-28  el_after_av_one_fourth  el_before_av_one_fourth  column-top-margin\" style='border-radius:0px; '><p><div  class='avia-image-container avia_animated_image avia_animate_when_almost_visible top-to-bottom av-styling-    avia-builder-el-29  el_before_av_heading  avia-builder-el-first  avia-align-center '  itemprop=\"image\" itemscope=\"itemscope\" itemtype=\"https:\/\/schema.org\/ImageObject\"  ><div class='avia-image-container-inner'><div class='avia-image-overlay-wrap'><a href='https:\/\/plataformas.fiocruz.br\/unidades\/RPT01H' class='avia_image'  ><img decoding=\"async\" width=\"300\" height=\"225\" class='wp-image-58123 avia-img-lazy-loading-not-58123 avia_image' src=\"https:\/\/amazonia.fiocruz.br\/wp-content\/uploads\/2026\/03\/RPT09G-4-300x225.png\" alt='' title='RPT09G (4)'  itemprop=\"thumbnailUrl\" srcset=\"https:\/\/amazonia.fiocruz.br\/wp-content\/uploads\/2026\/03\/RPT09G-4-300x225.png 300w, https:\/\/amazonia.fiocruz.br\/wp-content\/uploads\/2026\/03\/RPT09G-4.png 500w\" sizes=\"(max-width: 300px) 100vw, 300px\" \/><\/a><\/div><\/div><\/div><br \/>\n<div  style='padding-bottom:10px; font-size:25px;' class='av-special-heading av-special-heading-h3  blockquote modern-quote  avia-builder-el-30  el_after_av_image  el_before_av_hr  av-inherit-size '><h3 class='av-special-heading-tag '  itemprop=\"headline\"  >Sequenciamento AM \u2013 Gen\u00f4mica (RPT01H)<\/h3><div class ='av-subheading av-subheading_below  ' style='font-size:13px;'><p>Gerente: Felipe Gomes Naveca<br \/>\nT\u00e9cnico: Victor Costa de Souza<\/p>\n<\/div><div class='special-heading-border'><div class='special-heading-inner-border' ><\/div><\/div><\/div><br \/>\n<div  style=' margin-top:10px; margin-bottom:10px;'  class='hr hr-custom hr-center hr-icon-no   avia-builder-el-31  el_after_av_heading  avia-builder-el-last '><span class='hr-inner  inner-border-av-border-thin' style=' width:50px; border-color:#ffffff;' ><span class='hr-inner-style'><\/span><\/span><\/div><\/p><\/div><div class=\"flex_column av_one_fourth  flex_column_div av-zero-column-padding first  avia-builder-el-32  el_after_av_one_fourth  el_before_av_one_fourth  column-top-margin\" style='border-radius:0px; '><p><div  class='avia-image-container avia_animated_image avia_animate_when_almost_visible top-to-bottom av-styling-    avia-builder-el-33  el_before_av_heading  avia-builder-el-first  avia-align-center '  itemprop=\"image\" itemscope=\"itemscope\" itemtype=\"https:\/\/schema.org\/ImageObject\"  ><div class='avia-image-container-inner'><div class='avia-image-overlay-wrap'><a href='https:\/\/plataformas.fiocruz.br\/unidades\/RPT09G\/exibe_sub\/58' class='avia_image'  ><img decoding=\"async\" width=\"300\" height=\"223\" class='wp-image-58126 avia-img-lazy-loading-not-58126 avia_image' src=\"https:\/\/amazonia.fiocruz.br\/wp-content\/uploads\/2026\/03\/RPT09G-2-300x223.png\" alt='' title='RPT09G (2)'  itemprop=\"thumbnailUrl\" srcset=\"https:\/\/amazonia.fiocruz.br\/wp-content\/uploads\/2026\/03\/RPT09G-2-300x223.png 300w, https:\/\/amazonia.fiocruz.br\/wp-content\/uploads\/2026\/03\/RPT09G-2.png 500w\" sizes=\"(max-width: 300px) 100vw, 300px\" \/><\/a><\/div><\/div><\/div><br \/>\n<div  style='padding-bottom:10px; font-size:25px;' class='av-special-heading av-special-heading-h3  blockquote modern-quote  avia-builder-el-34  el_after_av_image  el_before_av_hr  av-inherit-size '><h3 class='av-special-heading-tag '  itemprop=\"headline\"  >PCR em Tempo Real (RPT09G)<\/h3><div class ='av-subheading av-subheading_below  ' style='font-size:13px;'><p>Gerente: Felipe Gomes Naveca.<br \/>\nT\u00e9cnica: Valdinete Alves Do Nascimento.<\/p>\n<\/div><div class='special-heading-border'><div class='special-heading-inner-border' ><\/div><\/div><\/div><br \/>\n<div  style=' margin-top:10px; margin-bottom:10px;'  class='hr hr-custom hr-center hr-icon-no   avia-builder-el-35  el_after_av_heading  avia-builder-el-last '><span class='hr-inner  inner-border-av-border-thin' style=' width:50px; border-color:#ffffff;' ><span class='hr-inner-style'><\/span><\/span><\/div><\/p><\/div><div class=\"flex_column av_one_fourth  flex_column_div av-zero-column-padding   avia-builder-el-36  el_after_av_one_fourth  el_before_av_one_fourth  column-top-margin\" style='border-radius:0px; '><p><div  class='avia-image-container avia_animated_image avia_animate_when_almost_visible top-to-bottom av-styling-    avia-builder-el-37  el_before_av_heading  avia-builder-el-first  avia-align-center '  itemprop=\"image\" itemscope=\"itemscope\" itemtype=\"https:\/\/schema.org\/ImageObject\"  ><div class='avia-image-container-inner'><div class='avia-image-overlay-wrap'><a href='https:\/\/plataformas.fiocruz.br\/unidades\/RPT01O' class='avia_image'  ><img decoding=\"async\" width=\"300\" height=\"224\" class='wp-image-58124 avia-img-lazy-loading-not-58124 avia_image' src=\"https:\/\/amazonia.fiocruz.br\/wp-content\/uploads\/2026\/03\/RPT09G-1-300x224.png\" alt='' title='RPT09G (1)'  itemprop=\"thumbnailUrl\" srcset=\"https:\/\/amazonia.fiocruz.br\/wp-content\/uploads\/2026\/03\/RPT09G-1-300x224.png 300w, https:\/\/amazonia.fiocruz.br\/wp-content\/uploads\/2026\/03\/RPT09G-1.png 500w\" sizes=\"(max-width: 300px) 100vw, 300px\" \/><\/a><\/div><\/div><\/div><br \/>\n<div  style='padding-bottom:10px; font-size:25px;' class='av-special-heading av-special-heading-h3  blockquote modern-quote  avia-builder-el-38  el_after_av_image  el_before_av_hr  av-inherit-size '><h3 class='av-special-heading-tag '  itemprop=\"headline\"  >Sequenciamento NGS &#8211; Next Generation Sequencing (RPT01O)<\/h3><div class ='av-subheading av-subheading_below  ' style='font-size:13px;'><p>Gerente: Felipe Gomes Naveca.<br \/>\nT\u00e9cnica: Victor Costa de Souza.<\/p>\n<\/div><div class='special-heading-border'><div class='special-heading-inner-border' ><\/div><\/div><\/div><br \/>\n<div  style=' margin-top:10px; margin-bottom:10px;'  class='hr hr-custom hr-center hr-icon-no   avia-builder-el-39  el_after_av_heading  avia-builder-el-last '><span class='hr-inner  inner-border-av-border-thin' style=' width:50px; border-color:#ffffff;' ><span class='hr-inner-style'><\/span><\/span><\/div><\/p><\/div><div class=\"flex_column av_one_fourth  flex_column_div av-zero-column-padding   avia-builder-el-40  el_after_av_one_fourth  avia-builder-el-last  column-top-margin\" style='border-radius:0px; '><p><div  class='avia-image-container avia_animated_image avia_animate_when_almost_visible top-to-bottom av-styling-    avia-builder-el-41  el_before_av_heading  avia-builder-el-first  avia-align-center '  itemprop=\"image\" itemscope=\"itemscope\" itemtype=\"https:\/\/schema.org\/ImageObject\"  ><div class='avia-image-container-inner'><div class='avia-image-overlay-wrap'><a href='https:\/\/plataformas.fiocruz.br\/unidades\/RPT07H' class='avia_image'  ><img decoding=\"async\" width=\"300\" height=\"226\" class='wp-image-58125 avia-img-lazy-loading-not-58125 avia_image' src=\"https:\/\/amazonia.fiocruz.br\/wp-content\/uploads\/2026\/03\/RPT09G-300x226.png\" alt='' title='RPT09G'  itemprop=\"thumbnailUrl\" srcset=\"https:\/\/amazonia.fiocruz.br\/wp-content\/uploads\/2026\/03\/RPT09G-300x226.png 300w, https:\/\/amazonia.fiocruz.br\/wp-content\/uploads\/2026\/03\/RPT09G.png 500w\" sizes=\"(max-width: 300px) 100vw, 300px\" \/><\/a><\/div><\/div><\/div><br \/>\n<div  style='padding-bottom:10px; font-size:25px;' class='av-special-heading av-special-heading-h3  blockquote modern-quote  avia-builder-el-42  el_after_av_image  el_before_av_hr  av-inherit-size '><h3 class='av-special-heading-tag '  itemprop=\"headline\"  >Microscopia de dissec\u00e7\u00e3o a laser (RPT07H)<\/h3><div class ='av-subheading av-subheading_below  ' style='font-size:13px;'><p>Gerente: James Lee Crainey<br \/>\nT\u00e9cnica: Emanuelle de Souza Farias<\/p>\n<\/div><div class='special-heading-border'><div class='special-heading-inner-border' ><\/div><\/div><\/div><br \/>\n<div  style=' margin-top:10px; margin-bottom:10px;'  class='hr hr-custom hr-center hr-icon-no   avia-builder-el-43  el_after_av_heading  avia-builder-el-last '><span class='hr-inner  inner-border-av-border-thin' style=' width:50px; border-color:#ffffff;' ><span class='hr-inner-style'><\/span><\/span><\/div><\/p><\/div><\/div><\/div><\/div><!-- close content main div --><\/div><\/div><div id='after_section_3'  class='main_color av_default_container_wrap container_wrap sidebar_right' style=' '  ><div class='container' ><div class='template-page content  av-content-small alpha units'><div class='post-entry post-entry-type-page post-entry-15792'><div class='entry-content-wrapper clearfix'><div class=\"flex_column av_one_full  flex_column_div av-zero-column-padding first  avia-builder-el-44  el_after_av_section  avia-builder-el-no-sibling  \" style='border-radius:0px; '><\/div><\/p>\n","protected":false},"excerpt":{"rendered":"","protected":false},"author":20,"featured_media":0,"parent":0,"menu_order":0,"comment_status":"closed","ping_status":"closed","template":"","meta":{"footnotes":""},"class_list":["post-15792","page","type-page","status-publish","hentry"],"_links":{"self":[{"href":"https:\/\/amazonia.fiocruz.br\/index.php?rest_route=\/wp\/v2\/pages\/15792","targetHints":{"allow":["GET"]}}],"collection":[{"href":"https:\/\/amazonia.fiocruz.br\/index.php?rest_route=\/wp\/v2\/pages"}],"about":[{"href":"https:\/\/amazonia.fiocruz.br\/index.php?rest_route=\/wp\/v2\/types\/page"}],"author":[{"embeddable":true,"href":"https:\/\/amazonia.fiocruz.br\/index.php?rest_route=\/wp\/v2\/users\/20"}],"replies":[{"embeddable":true,"href":"https:\/\/amazonia.fiocruz.br\/index.php?rest_route=%2Fwp%2Fv2%2Fcomments&post=15792"}],"version-history":[{"count":55,"href":"https:\/\/amazonia.fiocruz.br\/index.php?rest_route=\/wp\/v2\/pages\/15792\/revisions"}],"predecessor-version":[{"id":58128,"href":"https:\/\/amazonia.fiocruz.br\/index.php?rest_route=\/wp\/v2\/pages\/15792\/revisions\/58128"}],"wp:attachment":[{"href":"https:\/\/amazonia.fiocruz.br\/index.php?rest_route=%2Fwp%2Fv2%2Fmedia&parent=15792"}],"curies":[{"name":"wp","href":"https:\/\/api.w.org\/{rel}","templated":true}]}}