{"id":15652,"date":"2016-06-22T13:05:17","date_gmt":"2016-06-22T13:05:17","guid":{"rendered":"https:\/\/192.168.240.20\/?page_id=15652"},"modified":"2024-04-30T11:31:48","modified_gmt":"2024-04-30T15:31:48","slug":"ppgbio-2","status":"publish","type":"page","link":"https:\/\/amazonia.fiocruz.br\/?page_id=15652","title":{"rendered":"PPGBIO Mestrado"},"content":{"rendered":"<div id='av_section_1'  class='avia-section main_color avia-section-default avia-no-shadow  avia-full-stretch avia-bg-style-scroll  avia-builder-el-0  el_before_av_section  avia-builder-el-first   av-minimum-height av-minimum-height-50  container_wrap sidebar_right' style='background-repeat: no-repeat; background-image: url(https:\/\/amazonia.fiocruz.br\/wp-content\/uploads\/2016\/07\/microbiana.png);background-attachment: scroll; background-position: top left;  '  data-section-bg-repeat='stretch' data-av_minimum_height_pc='50'><div class='container' ><main  role=\"main\" itemprop=\"mainContentOfPage\"  class='template-page content  av-content-small alpha units'><div class='post-entry post-entry-type-page post-entry-15652'><div class='entry-content-wrapper clearfix'>\n<div class=\"flex_column av_one_half  flex_column_div av-zero-column-padding first  avia-builder-el-1  avia-builder-el-no-sibling  \" style='border-radius:0px; '><div  style='padding-bottom:10px; color:#ffffff;font-size:30px;' class='av-special-heading av-special-heading-h3 custom-color-heading blockquote modern-quote  avia-builder-el-2  avia-builder-el-no-sibling  av-inherit-size '><h3 class='av-special-heading-tag '  itemprop=\"headline\"  >PPGBIO &#8211; INTERA\u00c7\u00c3O<\/h3><div class ='av-subheading av-subheading_below av_custom_color ' style='font-size:18px;'><p>ILMD\/Fiocruz Amaz\u00f4nia<\/p>\n<\/div><div class='special-heading-border'><div class='special-heading-inner-border' style='border-color:#ffffff'><\/div><\/div><\/div><\/div>\n\n<\/div><\/div><\/main><!-- close content main element --><\/div><\/div><div id='pos'  class='avia-section main_color avia-section-default avia-no-border-styling  av-section-color-overlay-active avia-bg-style-fixed  avia-builder-el-3  el_after_av_section  el_before_av_one_full   container_wrap sidebar_right' style=' '  ><div class='av-section-color-overlay-wrap'><div class='av-section-color-overlay' style='opacity: 0.5; '><\/div><div class='container' ><div class='template-page content  av-content-small alpha units'><div class='post-entry post-entry-type-page post-entry-15652'><div class='entry-content-wrapper clearfix'>\n<div  style='padding-bottom:10px; font-size:40px;' class='av-special-heading av-special-heading-h4  blockquote modern-quote modern-centered  avia-builder-el-4  el_before_av_hr  avia-builder-el-first  av-thin-font av-inherit-size '><h4 class='av-special-heading-tag '  itemprop=\"headline\"  ><strong>Mestrado em Biologia da Intera\u00e7\u00e3o Pat\u00f3geno Hospedeiro<\/strong><\/h4><div class='special-heading-border'><div class='special-heading-inner-border' ><\/div><\/div><\/div>\n<div   class='hr hr-short hr-center   avia-builder-el-5  el_after_av_heading  el_before_av_one_half '><span class='hr-inner ' ><span class='hr-inner-style'><\/span><\/span><\/div>\n<div class=\"flex_column av_one_half  flex_column_div first  avia-builder-el-6  el_after_av_hr  el_before_av_one_half  \" ><section class=\"av_textblock_section \"  itemscope=\"itemscope\" itemtype=\"https:\/\/schema.org\/CreativeWork\" ><div class='avia_textblock  '  style='font-size:15px; '  itemprop=\"text\" ><p style=\"text-align: justify;\"><b>Dados do Curso:<\/b><\/p>\n<p style=\"text-align: justify;\">O Programa de P\u00f3s-Gradua\u00e7\u00e3o em Biologia da Intera\u00e7\u00e3o Pat\u00f3geno-Hospedeiro (PPGBIO-Intera\u00e7\u00e3o) \u00e9 curso <em>stricto sensu<\/em> tem como ess\u00eancia a din\u00e2mica de transmiss\u00e3o das doen\u00e7as e as intera\u00e7\u00f5es moleculares e celulares da rela\u00e7\u00e3o pat\u00f3geno-hospedeiro no \u00e2mbito da maior biodiversidade mundial.<\/p>\n<p style=\"text-align: justify;\">O PPGBIO-Intera\u00e7\u00e3o se enquadra na grande \u00e1rea em Parasitologia devido a pesquisa e ensino terem \u00eanfase na eco-epidemiologia\u00a0e biodiversidade de micro-organismos e vetores;\u00a0fatores de virul\u00eancia, mecanismos fisiopatol\u00f3gicos e imunol\u00f3gicos associados na intera\u00e7\u00e3o parasito-hospedeiro.<\/p>\n<div class=\"av-subheading av-subheading_below \"><\/div>\n<\/div><\/section><\/div><div class=\"flex_column av_one_half  flex_column_div av-zero-column-padding   avia-builder-el-8  el_after_av_one_half  avia-builder-el-last  \" style='border-radius:0px; '><section class=\"av_textblock_section \"  itemscope=\"itemscope\" itemtype=\"https:\/\/schema.org\/CreativeWork\" ><div class='avia_textblock  av_inherit_color '  style='font-size:15px; '  itemprop=\"text\" ><p style=\"text-align: justify;\">Estes diversos aspectos s\u00e3o os principais delineadores para escolha da \u00e1rea de concentra\u00e7\u00e3o da Ci\u00eancias Biol\u00f3gicas III, por esta ser uma \u00e1rea multidisciplinar e baseada no eixo bioqu\u00edmica, gen\u00e9tica, biol\u00f3gico, celular e molecular. Por \u00faltimo, o corpo discente receber\u00e1 uma forma\u00e7\u00e3o em \u00e1reas estrat\u00e9gicas por sua import\u00e2ncia e que precisam ser desenvolvidas no Estado. A bioinform\u00e1tica, a bioestat\u00edstica e a epidemiologia dar\u00e3o suporte \u00e0s pesquisas acima preenchendo as lacunas pr\u00e9-existentes nas pesquisas no estado. A \u00e1rea de concentra\u00e7\u00e3o \u00fanica do ILMD\/Fiocruz Amaz\u00f4nia ser\u00e1 operacionalizada atrav\u00e9s de\u00a02 (duas)\u00a0linhas de pesquisa que se unem transversalmente.<\/p>\n<div class=\"av-subheading av-subheading_below \"><\/div>\n<div class=\"av-subheading av-subheading_below \"><\/div>\n<\/div><\/section><\/div>\n<\/div><\/div><\/div><!-- close content main div --><\/div><\/div><\/div><div id='after_section_2'  class='main_color av_default_container_wrap container_wrap sidebar_right' style=' '  ><div class='container' ><div class='template-page content  av-content-small alpha units'><div class='post-entry post-entry-type-page post-entry-15652'><div class='entry-content-wrapper clearfix'>\n<div class=\"flex_column av_one_full  flex_column_div first  avia-builder-el-10  el_after_av_section  el_before_av_hr  avia-builder-el-first  \" ><p><div  style='padding-bottom:10px; font-size:30px;' class='av-special-heading av-special-heading-h4  blockquote modern-quote modern-centered  avia-builder-el-11  el_before_av_testimonials  avia-builder-el-first  av-thin-font av-inherit-size '><h4 class='av-special-heading-tag '  itemprop=\"headline\"  ><strong>Coordena\u00e7\u00e3o do Curso<\/strong><\/h4><div class='special-heading-border'><div class='special-heading-inner-border' ><\/div><\/div><\/div><br \/>\n<div   data-autoplay='1'  data-interval='5'  data-animation='fade'  data-hoverpause='1'  class='avia-testimonial-wrapper avia-grid-testimonials avia-grid-3-testimonials avia_animate_when_almost_visible   '>\n<section class ='avia-testimonial-row'><div class='avia-testimonial av_one_third flex_column no_margin avia-testimonial-row-1 avia-first-testimonial' ><div class='avia-testimonial_inner'  itemscope=\"itemscope\" itemtype=\"https:\/\/schema.org\/CreativeWork\" ><div class='avia-testimonial-image'  itemprop=\"image\"  style='background-image:url(https:\/\/amazonia.fiocruz.br\/wp-content\/uploads\/2017\/05\/ste-180x176.png);'><\/div><div class='avia-testimonial-content '  ><div class='avia-testimonial-markup-entry-content'  itemprop=\"text\" ><\/div><\/div><div class='avia-testimonial-meta'><div class='avia-testimonial-arrow-wrap'><div class='avia-arrow'><\/div><\/div><div class='avia-testimonial-meta-mini'  itemprop=\"author\" itemscope=\"itemscope\" itemtype=\"https:\/\/schema.org\/Person\" ><strong  class='avia-testimonial-name'    itemprop=\"name\" >Coordenadora<\/strong><span  class='avia-testimonial-subtitle '    itemprop=\"jobTitle\" >Stefanie Lopes<\/span><\/div><\/div><\/div><\/div>\n<div class='avia-testimonial av_one_third flex_column no_margin avia-testimonial-row-1 ' ><div class='avia-testimonial_inner'  itemscope=\"itemscope\" itemtype=\"https:\/\/schema.org\/CreativeWork\" ><div class='avia-testimonial-image'  itemprop=\"image\"  style='background-image:url(https:\/\/amazonia.fiocruz.br\/wp-content\/uploads\/2017\/05\/aquino-180x180.png);'><\/div><div class='avia-testimonial-content '  ><div class='avia-testimonial-markup-entry-content'  itemprop=\"text\" ><\/div><\/div><div class='avia-testimonial-meta'><div class='avia-testimonial-arrow-wrap'><div class='avia-arrow'><\/div><\/div><div class='avia-testimonial-meta-mini'  itemprop=\"author\" itemscope=\"itemscope\" itemtype=\"https:\/\/schema.org\/Person\" ><strong  class='avia-testimonial-name'    itemprop=\"name\" >Vice Coordenadora<\/strong><span  class='avia-testimonial-subtitle '    itemprop=\"jobTitle\" >Priscila Aquino<\/span><\/div><\/div><\/div><\/div>\n<div class='avia-testimonial av_one_third flex_column no_margin avia-testimonial-row-1 avia-last-testimonial' ><div class='avia-testimonial_inner'  itemscope=\"itemscope\" itemtype=\"https:\/\/schema.org\/CreativeWork\" ><div class='avia-testimonial-image'  itemprop=\"image\"  style='background-image:url(https:\/\/amazonia.fiocruz.br\/wp-content\/uploads\/2017\/05\/CS-179x180.png);'><\/div><div class='avia-testimonial-content '  ><div class='avia-testimonial-markup-entry-content'  itemprop=\"text\" ><\/div><\/div><div class='avia-testimonial-meta'><div class='avia-testimonial-arrow-wrap'><div class='avia-arrow'><\/div><\/div><div class='avia-testimonial-meta-mini'  itemprop=\"author\" itemscope=\"itemscope\" itemtype=\"https:\/\/schema.org\/Person\" ><strong  class='avia-testimonial-name'    itemprop=\"name\" >Membro Titular<\/strong><span  class='avia-testimonial-subtitle '    itemprop=\"jobTitle\" >Cl\u00e1udia Maria Rios Velasquez<\/span><\/div><\/div><\/div><\/div><\/section>\n<section class ='avia-testimonial-row'><div class='avia-testimonial av_one_third flex_column no_margin avia-testimonial-row-2 avia-first-testimonial' ><div class='avia-testimonial_inner'  itemscope=\"itemscope\" itemtype=\"https:\/\/schema.org\/CreativeWork\" ><div class='avia-testimonial-image'  itemprop=\"image\"  style='background-image:url(https:\/\/amazonia.fiocruz.br\/wp-content\/uploads\/2017\/05\/farle.png);'><\/div><div class='avia-testimonial-content '  ><div class='avia-testimonial-markup-entry-content'  itemprop=\"text\" ><\/div><\/div><div class='avia-testimonial-meta'><div class='avia-testimonial-arrow-wrap'><div class='avia-arrow'><\/div><\/div><div class='avia-testimonial-meta-mini'  itemprop=\"author\" itemscope=\"itemscope\" itemtype=\"https:\/\/schema.org\/Person\" ><strong  class='avia-testimonial-name'    itemprop=\"name\" >Membro Titular<\/strong><span  class='avia-testimonial-subtitle '    itemprop=\"jobTitle\" >Felipe Pessoa<\/span><\/div><\/div><\/div><\/div>\n<div class='avia-testimonial av_one_third flex_column no_margin avia-testimonial-row-2 ' ><div class='avia-testimonial_inner'  itemscope=\"itemscope\" itemtype=\"https:\/\/schema.org\/CreativeWork\" ><div class='avia-testimonial-image'  itemprop=\"image\"  style='background-image:url(https:\/\/amazonia.fiocruz.br\/wp-content\/uploads\/2017\/11\/felipe-naveca.png);'><\/div><div class='avia-testimonial-content '  ><div class='avia-testimonial-markup-entry-content'  itemprop=\"text\" ><\/div><\/div><div class='avia-testimonial-meta'><div class='avia-testimonial-arrow-wrap'><div class='avia-arrow'><\/div><\/div><div class='avia-testimonial-meta-mini'  itemprop=\"author\" itemscope=\"itemscope\" itemtype=\"https:\/\/schema.org\/Person\" ><strong  class='avia-testimonial-name'    itemprop=\"name\" >Membro Suplente<\/strong><span  class='avia-testimonial-subtitle '    itemprop=\"jobTitle\" >Felipe Gomes Naveca<\/span><\/div><\/div><\/div><\/div>\n<div class='avia-testimonial av_one_third flex_column no_margin avia-testimonial-row-2 avia-last-testimonial' ><div class='avia-testimonial_inner'  itemscope=\"itemscope\" itemtype=\"https:\/\/schema.org\/CreativeWork\" ><div class='avia-testimonial-image'  itemprop=\"image\"  style='background-image:url(https:\/\/amazonia.fiocruz.br\/wp-content\/uploads\/2017\/11\/mvlacerda-180x180.jpg);'><\/div><div class='avia-testimonial-content '  ><div class='avia-testimonial-markup-entry-content'  itemprop=\"text\" ><\/div><\/div><div class='avia-testimonial-meta'><div class='avia-testimonial-arrow-wrap'><div class='avia-arrow'><\/div><\/div><div class='avia-testimonial-meta-mini'  itemprop=\"author\" itemscope=\"itemscope\" itemtype=\"https:\/\/schema.org\/Person\" ><strong  class='avia-testimonial-name'    itemprop=\"name\" >Membro Suplente<\/strong><span  class='avia-testimonial-subtitle '    itemprop=\"jobTitle\" >Marcus Vinicius Guimar\u00e3es Lacerda<\/span><\/div><\/div><\/div><\/div><\/section>\n<section class ='avia-testimonial-row'><div class='avia-testimonial av_one_third flex_column no_margin avia-testimonial-row-3 avia-first-testimonial' ><div class='avia-testimonial_inner'  itemscope=\"itemscope\" itemtype=\"https:\/\/schema.org\/CreativeWork\" ><div class='avia-testimonial-image'  itemprop=\"image\"  style='background-image:url(https:\/\/amazonia.fiocruz.br\/wp-content\/uploads\/2021\/01\/aasdsd-180x180.png);'><\/div><div class='avia-testimonial-content '  ><div class='avia-testimonial-markup-entry-content'  itemprop=\"text\" ><\/div><\/div><div class='avia-testimonial-meta'><div class='avia-testimonial-arrow-wrap'><div class='avia-arrow'><\/div><\/div><div class='avia-testimonial-meta-mini'  itemprop=\"author\" itemscope=\"itemscope\" itemtype=\"https:\/\/schema.org\/Person\" ><strong  class='avia-testimonial-name'    itemprop=\"name\" >Representante dos Discentes<\/strong><span  class='avia-testimonial-subtitle '    itemprop=\"jobTitle\" >Heliana Christy Matos Belchior<\/span><\/div><\/div><\/div><\/div>\n<div class='avia-testimonial av_one_third flex_column no_margin avia-testimonial-row-3 ' ><div class='avia-testimonial_inner'  itemscope=\"itemscope\" itemtype=\"https:\/\/schema.org\/CreativeWork\" ><div class='avia-testimonial-image'  itemprop=\"image\"  style='background-image:url(https:\/\/amazonia.fiocruz.br\/wp-content\/uploads\/2021\/01\/WhatsApp-Image-2021-01-27-at-13.38.34-1-180x180.jpeg);'><\/div><div class='avia-testimonial-content '  ><div class='avia-testimonial-markup-entry-content'  itemprop=\"text\" ><\/div><\/div><div class='avia-testimonial-meta'><div class='avia-testimonial-arrow-wrap'><div class='avia-arrow'><\/div><\/div><div class='avia-testimonial-meta-mini'  itemprop=\"author\" itemscope=\"itemscope\" itemtype=\"https:\/\/schema.org\/Person\" ><strong  class='avia-testimonial-name'    itemprop=\"name\" >Suplente da Representante dos Discentes<\/strong><span  class='avia-testimonial-subtitle '    itemprop=\"jobTitle\" >Fernanda Oliveira do Nascimento<\/span><\/div><\/div><\/div><\/div>\n<\/section><\/div><\/p><\/div>\n<div   class='hr hr-default   avia-builder-el-13  el_after_av_one_full  el_before_av_one_full '><span class='hr-inner ' ><span class='hr-inner-style'><\/span><\/span><\/div>\n<div class=\"flex_column av_one_full  flex_column_div first  avia-builder-el-14  el_after_av_hr  el_before_av_one_half  \" ><div  style='padding-bottom:10px; font-size:30px;' class='av-special-heading av-special-heading-h4  blockquote modern-quote modern-centered  avia-builder-el-15  avia-builder-el-no-sibling  av-thin-font av-inherit-size '><h4 class='av-special-heading-tag '  itemprop=\"headline\"  ><strong>Linhas de Pesquisa<\/strong><\/h4><div class='special-heading-border'><div class='special-heading-inner-border' ><\/div><\/div><\/div><\/div>\n<div class=\"flex_column av_one_half  flex_column_div av-zero-column-padding first  avia-builder-el-16  el_after_av_one_full  el_before_av_one_half  column-top-margin\" style='border-radius:0px; '><div  style='padding-bottom:13px; color:#000000;' class='av-special-heading av-special-heading-h3 custom-color-heading blockquote modern-quote  avia-builder-el-17  avia-builder-el-no-sibling  '><h3 class='av-special-heading-tag '  itemprop=\"headline\"  ><b><font color=#86B404>1\u00aa Eco-epidemiologia das doen\u00e7as transmiss\u00edveis<\/font color><\/b><\/h3><div class ='av-subheading av-subheading_below av_custom_color ' style='font-size:15px;'><p>Rela\u00e7\u00f5es sa\u00fade-ambiente e epidemiologia de doen\u00e7as transmiss\u00edveis; aprimoramento no diagn\u00f3stico dos agentes patog\u00eanicos, pela taxonomia, sistem\u00e1tica e desenvolvimento de insumos para diagn\u00f3stico molecular ou sorol\u00f3gico compreens\u00e3o da gen\u00e9tica e evolu\u00e7\u00e3o de popula\u00e7\u00f5es de vetores.<\/p>\n<\/div><div class='special-heading-border'><div class='special-heading-inner-border' style='border-color:#000000'><\/div><\/div><\/div><\/div>\n<div class=\"flex_column av_one_half  flex_column_div av-zero-column-padding   avia-builder-el-18  el_after_av_one_half  el_before_av_section  avia-builder-el-last  column-top-margin\" style='border-radius:0px; '><div  style='padding-bottom:13px; color:#000000;' class='av-special-heading av-special-heading-h3 custom-color-heading blockquote modern-quote  avia-builder-el-19  avia-builder-el-no-sibling  '><h3 class='av-special-heading-tag '  itemprop=\"headline\"  ><b><font color=#86B404>2\u00aa Bioqu\u00edmica, biologia celular e molecular de pat\u00f3genos e seus vetores<\/font color><\/b><\/h3><div class ='av-subheading av-subheading_below av_custom_color ' style='font-size:15px;'><p>Intera\u00e7\u00f5es bioqu\u00edmicas, celulares ou moleculares de pat\u00f3genos e seus vetores e a resposta do hospedeiro via imunidade inata, celular e humoral; compreens\u00e3o dos agentes patog\u00eanicos por estudos prote\u00f4micos e gen\u00f4micos aplicados; e por \u00faltimo a bioprospec\u00e7\u00e3o da biodiversidade amaz\u00f4nica para novos compostos antimicrobianos.<\/p>\n<\/div><div class='special-heading-border'><div class='special-heading-inner-border' style='border-color:#000000'><\/div><\/div><\/div><\/div>\n<\/div><\/div><\/div><!-- close content main div --><\/div><\/div><div id='contprogramatico'  class='avia-section main_color avia-section-large avia-no-border-styling  avia-full-stretch av-section-color-overlay-active avia-bg-style-scroll  avia-builder-el-20  el_after_av_one_half  avia-builder-el-last   av-minimum-height av-minimum-height-50  container_wrap sidebar_right' style='background-repeat: no-repeat; background-image: url(https:\/\/amazonia.fiocruz.br\/wp-content\/uploads\/2017\/05\/IMG_0870.jpg);background-attachment: scroll; background-position: top left;  '  data-section-bg-repeat='stretch' data-av_minimum_height_pc='50'><div class='av-section-color-overlay-wrap'><div class='av-section-color-overlay' style='opacity: 0.8; background-color: #ffffff; '><\/div><div class='container' ><div class='template-page content  av-content-small alpha units'><div class='post-entry post-entry-type-page post-entry-15652'><div class='entry-content-wrapper clearfix'>\n<div class=\"flex_column av_one_third  flex_column_div av-zero-column-padding first  \" style='border-radius:0px; '><p><div  style='padding-bottom:13px; color:#67a800;' class='av-special-heading av-special-heading-h3 custom-color-heading blockquote modern-quote modern-centered  '><h3 class='av-special-heading-tag '  itemprop=\"headline\"  ><b><color=#ffffff>Regimento do PPGBIO<\/color><\/b><\/h3><div class='special-heading-border'><div class='special-heading-inner-border' style='border-color:#67a800'><\/div><\/div><\/div><br \/>\n<div  class='avia-button-wrap avia-button-center ' ><a href='https:\/\/www.amazonia.fiocruz.br\/wp-content\/uploads\/2017\/05\/regimentoppgbio.pdf'  class='avia-button av-icon-on-hover avia-color-orange   avia-icon_select-yes-left-icon avia-size-small avia-position-center '  target=\"_blank\"  rel=\"noopener noreferrer\"  ><span class='avia_button_icon avia_button_icon_left ' aria-hidden='true' data-av_icon='\ue82d' data-av_iconfont='entypo-fontello'><\/span><span class='avia_iconbox_title' >Baixar<\/span><\/a><\/div><\/p><\/div><div class=\"flex_column av_one_third  flex_column_div av-zero-column-padding   \" style='border-radius:0px; '><p><div  style='padding-bottom:13px; color:#ffffff;' class='av-special-heading av-special-heading-h3 custom-color-heading blockquote modern-quote modern-centered  '><h3 class='av-special-heading-tag '  itemprop=\"headline\"  ><b>Professores Credenciados<\/b><\/h3><div class='special-heading-border'><div class='special-heading-inner-border' style='border-color:#ffffff'><\/div><\/div><\/div><br \/>\n<div  class='avia-button-wrap avia-button-center ' ><a href='https:\/\/amazonia.fiocruz.br\/?page_id=20049'  class='avia-button av-icon-on-hover avia-color-orange   avia-icon_select-yes-left-icon avia-size-small avia-position-center '  target=\"_blank\"  rel=\"noopener noreferrer\"  ><span class='avia_button_icon avia_button_icon_left ' aria-hidden='true' data-av_icon='\ue82d' data-av_iconfont='entypo-fontello'><\/span><span class='avia_iconbox_title' >Visualizar<\/span><\/a><\/div><\/p><\/div><div class=\"flex_column av_one_third  flex_column_div av-zero-column-padding   \" style='border-radius:0px; '><p><div  style='padding-bottom:13px; color:#ffffff;' class='av-special-heading av-special-heading-h3 custom-color-heading blockquote modern-quote modern-centered  '><h3 class='av-special-heading-tag '  itemprop=\"headline\"  ><b>Calend\u00e1rio Acad\u00eamico<\/b><\/h3><div class='special-heading-border'><div class='special-heading-inner-border' style='border-color:#ffffff'><\/div><\/div><\/div><br \/>\n<div  class='avia-button-wrap avia-button-center ' ><a href='https:\/\/www.amazonia.fiocruz.br\/wp-content\/uploads\/2021\/02\/CALENDARIO-ACADEMICO-2021_10_02_21.pdf'  class='avia-button av-icon-on-hover avia-color-orange   avia-icon_select-yes-left-icon avia-size-small avia-position-center '  target=\"_blank\"  rel=\"noopener noreferrer\"  ><span class='avia_button_icon avia_button_icon_left ' aria-hidden='true' data-av_icon='\ue82d' data-av_iconfont='entypo-fontello'><\/span><span class='avia_iconbox_title' >Baixar<\/span><\/a><\/div><\/p><\/div><\/div><\/div><\/div><!-- close content main div --><\/div><\/div><\/div><div id='after_section_3'  class='main_color av_default_container_wrap container_wrap sidebar_right' style=' '  ><div class='container' ><div class='template-page content  av-content-small alpha units'><div class='post-entry post-entry-type-page post-entry-15652'><div class='entry-content-wrapper clearfix'>\n","protected":false},"excerpt":{"rendered":"","protected":false},"author":26,"featured_media":0,"parent":0,"menu_order":0,"comment_status":"closed","ping_status":"closed","template":"","meta":{"footnotes":""},"class_list":["post-15652","page","type-page","status-publish","hentry"],"_links":{"self":[{"href":"https:\/\/amazonia.fiocruz.br\/index.php?rest_route=\/wp\/v2\/pages\/15652","targetHints":{"allow":["GET"]}}],"collection":[{"href":"https:\/\/amazonia.fiocruz.br\/index.php?rest_route=\/wp\/v2\/pages"}],"about":[{"href":"https:\/\/amazonia.fiocruz.br\/index.php?rest_route=\/wp\/v2\/types\/page"}],"author":[{"embeddable":true,"href":"https:\/\/amazonia.fiocruz.br\/index.php?rest_route=\/wp\/v2\/users\/26"}],"replies":[{"embeddable":true,"href":"https:\/\/amazonia.fiocruz.br\/index.php?rest_route=%2Fwp%2Fv2%2Fcomments&post=15652"}],"version-history":[{"count":131,"href":"https:\/\/amazonia.fiocruz.br\/index.php?rest_route=\/wp\/v2\/pages\/15652\/revisions"}],"predecessor-version":[{"id":33582,"href":"https:\/\/amazonia.fiocruz.br\/index.php?rest_route=\/wp\/v2\/pages\/15652\/revisions\/33582"}],"wp:attachment":[{"href":"https:\/\/amazonia.fiocruz.br\/index.php?rest_route=%2Fwp%2Fv2%2Fmedia&parent=15652"}],"curies":[{"name":"wp","href":"https:\/\/api.w.org\/{rel}","templated":true}]}}